{"id":31845,"date":"2023-02-23T12:04:31","date_gmt":"2023-02-23T11:04:31","guid":{"rendered":"http:\/\/shop.bertsch-holzbau.eu\/aoe\/daten-der-firma\/"},"modified":"2024-04-10T15:41:11","modified_gmt":"2024-04-10T13:41:11","slug":"daten-der-firma","status":"publish","type":"page","link":"https:\/\/shop.bertsch-holzbau.eu\/aoe\/de\/daten-der-firma\/","title":{"rendered":"Impressum"},"content":{"rendered":"\n<h2 class=\"wp-block-heading\">Angaben gem\u00e4\u00df \u00a7 5 TMG<\/h2>\n\n<p>BHB Bertsch Holzbau Sp. z o. o.<br\/>Jana Paw\u0142a II 29<br\/>33-300 Nowy S\u0105cz<\/p>\n\n<p>Vertreten durch:<br\/>Joachim Bertsch<\/p>\n\n<h2 class=\"wp-block-heading\">Kontakt<\/h2>\n\n<p>Telefon: +48 18 444 41 70<br\/>Telefax: +48 18 442 97 92<br\/>E-Mail: <a href=\"mailto:info@bertsch-holzbau.eu\">info@bertsch-holzbau.eu<\/a><\/p>\n\n<h2 class=\"wp-block-heading\">Steuerzahlernummer <\/h2>\n\n<p>Steuerzahlernummer gem\u00e4\u00df \u00a727:<br\/>PL7342834114<\/p>\n\n<h3 class=\"wp-block-heading\">STREITBEILEGUNG<\/h3>\n\n<p>Die Europ\u00e4ische Kommission stellt eine Plattform zur Online-Streitbeilegung (OS) bereit: https:\/\/ec.europa.eu\/consumers\/odr.<br\/>Unsere E-Mail-Adresse finden Sie oben in der Fu\u00dfzeile der Redaktion.<\/p>\n\n<p>Wir sind weder bereit noch verpflichtet, an einem Streitbeilegungsverfahren vor einer Verbraucherschlichtungsstelle teilzunehmen.<\/p>\n\n<h3 class=\"wp-block-heading\">VERANTWORTUNG F\u00dcR DEN INHALT<\/h3>\n\n<p>Als Diensteanbieter sind wir gem\u00e4\u00df \u00a7 7 Abs.1 TMG f\u00fcr eigene Leistungen nach den allgemeinen Gesetzen verantwortlich. TMG f\u00fcr eigene Inhalte auf diesen Seiten nach den allgemeinen Gesetzen verantwortlich. Nach \u00a7\u00a7 8 bis 10 TMG sind wir als Diensteanbieter jedoch nicht verpflichtet, \u00fcbermittelte oder gespeicherte fremde Informationen zu \u00fcberwachen oder nach Umst\u00e4nden zu forschen, die auf eine rechtswidrige T\u00e4tigkeit hinweisen.<\/p>\n\n<p>Als Diensteanbieter sind wir gem\u00e4\u00df \u00a7 7 Abs.1 TMG f\u00fcr eigene Leistungen nach den allgemeinen Gesetzen verantwortlich. TMG f\u00fcr eigene Inhalte auf diesen Seiten nach den allgemeinen Gesetzen verantwortlich. Nach \u00a7\u00a7 8 bis 10 TMG sind wir als Diensteanbieter jedoch nicht verpflichtet, \u00fcbermittelte oder gespeicherte fremde Informationen zu \u00fcberwachen oder nach Umst\u00e4nden zu forschen, die auf eine rechtswidrige T\u00e4tigkeit hinweisen.<\/p>\n\n<h3 class=\"wp-block-heading\">VERANTWORTUNG F\u00dcR LINKS<\/h3>\n\n<p>Unser Angebot enth\u00e4lt Links zu externen Webseiten Dritter, auf deren Inhalte wir keinen Einfluss haben. Deshalb k\u00f6nnen wir f\u00fcr diese fremden Inhalte auch keine Gew\u00e4hr \u00fcbernehmen. F\u00fcr die Inhalte der verlinkten Seiten ist stets der jeweilige Anbieter oder Betreiber der Seiten verantwortlich. Die verlinkten Seiten wurden zum Zeitpunkt der Verlinkung auf m\u00f6gliche Rechtsverst\u00f6\u00dfe \u00fcberpr\u00fcft. Rechtswidrige Inhalte waren zum Zeitpunkt der Verlinkung nicht erkennbar.<\/p>\n\n<p>Eine permanente inhaltliche Kontrolle der verlinkten Seiten ist jedoch ohne konkrete Anhaltspunkte einer Rechtsverletzung nicht zumutbar. Bei Bekanntwerden von Rechtsverletzungen werden wir derartige Links umgehend entfernen.<\/p>\n\n<h3 class=\"wp-block-heading\">COPYRIGHT<\/h3>\n\n<p>Die durch die Seitenbetreiber erstellten Inhalte und Werke auf diesen Seiten unterliegen dem deutschen Urheberrecht. Die Vervielf\u00e4ltigung, Bearbeitung, Verbreitung und jede Art der Verwertung au\u00dferhalb der Grenzen des Urheberrechtes bed\u00fcrfen der schriftlichen Zustimmung des jeweiligen Autors bzw. Erstellers. Downloads und Kopien dieser Seite sind nur f\u00fcr den privaten, nicht kommerziellen Gebrauch gestattet.<\/p>\n\n<p>Soweit die Inhalte auf dieser Seite nicht vom Betreiber erstellt wurden, werden die Urheberrechte Dritter beachtet. Insbesondere werden Inhalte Dritter als solche gekennzeichnet. Sollten Sie trotzdem auf eine Urheberrechtsverletzung aufmerksam werden, bitten wir um einen entsprechenden Hinweis. Bei Bekanntwerden von Rechtsverletzungen werden wir derartige Inhalte umgehend entfernen.<\/p>\n","protected":false},"excerpt":{"rendered":"<p>Angaben gem\u00e4\u00df \u00a7 5 TMG BHB Bertsch Holzbau Sp. z o. o.Jana Paw\u0142a II 2933-300 Nowy S\u0105cz Vertreten durch:Joachim Bertsch Kontakt Telefon: +48 18 444 41 70Telefax: +48 18 442 97 92E-Mail: info@bertsch-holzbau.eu Steuerzahlernummer Steuerzahlernummer gem\u00e4\u00df \u00a727:PL7342834114 STREITBEILEGUNG Die Europ\u00e4ische Kommission stellt eine Plattform zur Online-Streitbeilegung (OS) bereit: https:\/\/ec.europa.eu\/consumers\/odr.Unsere E-Mail-Adresse finden Sie oben in der [&hellip;]<\/p>\n","protected":false},"author":1,"featured_media":0,"parent":0,"menu_order":0,"comment_status":"closed","ping_status":"closed","template":"","meta":{"footnotes":""},"yoast_head":"<!-- This site is optimized with the Yoast SEO plugin v22.5 - https:\/\/yoast.com\/wordpress\/plugins\/seo\/ -->\n<title>Impressum - Bauzentrum Andre + Oestreicher GmbH<\/title>\n<meta name=\"robots\" content=\"index, follow, max-snippet:-1, max-image-preview:large, max-video-preview:-1\" \/>\n<link rel=\"canonical\" href=\"https:\/\/shop.bertsch-holzbau.eu\/aoe\/de\/daten-der-firma\/\" \/>\n<meta property=\"og:locale\" content=\"de_DE\" \/>\n<meta property=\"og:type\" content=\"article\" \/>\n<meta property=\"og:title\" content=\"Impressum - Bauzentrum Andre + Oestreicher GmbH\" \/>\n<meta property=\"og:description\" content=\"Angaben gem\u00e4\u00df \u00a7 5 TMG BHB Bertsch Holzbau Sp. z o. o.Jana Paw\u0142a II 2933-300 Nowy S\u0105cz Vertreten durch:Joachim Bertsch Kontakt Telefon: +48 18 444 41 70Telefax: +48 18 442 97 92E-Mail: info@bertsch-holzbau.eu Steuerzahlernummer Steuerzahlernummer gem\u00e4\u00df \u00a727:PL7342834114 STREITBEILEGUNG Die Europ\u00e4ische Kommission stellt eine Plattform zur Online-Streitbeilegung (OS) bereit: https:\/\/ec.europa.eu\/consumers\/odr.Unsere E-Mail-Adresse finden Sie oben in der [&hellip;]\" \/>\n<meta property=\"og:url\" content=\"https:\/\/shop.bertsch-holzbau.eu\/aoe\/de\/daten-der-firma\/\" \/>\n<meta property=\"og:site_name\" content=\"Bauzentrum Andre + Oestreicher GmbH\" \/>\n<meta property=\"article:modified_time\" content=\"2024-04-10T13:41:11+00:00\" \/>\n<meta name=\"twitter:card\" content=\"summary_large_image\" \/>\n<meta name=\"twitter:label1\" content=\"Gesch\u00e4tzte Lesezeit\" \/>\n\t<meta name=\"twitter:data1\" content=\"2\u00a0Minuten\" \/>\n<script type=\"application\/ld+json\" class=\"yoast-schema-graph\">{\"@context\":\"https:\/\/schema.org\",\"@graph\":[{\"@type\":\"WebPage\",\"@id\":\"https:\/\/shop.bertsch-holzbau.eu\/aoe\/de\/daten-der-firma\/\",\"url\":\"https:\/\/shop.bertsch-holzbau.eu\/aoe\/de\/daten-der-firma\/\",\"name\":\"Impressum - Bauzentrum Andre + Oestreicher GmbH\",\"isPartOf\":{\"@id\":\"https:\/\/shop.bertsch-holzbau.eu\/aoe\/de\/#website\"},\"datePublished\":\"2023-02-23T11:04:31+00:00\",\"dateModified\":\"2024-04-10T13:41:11+00:00\",\"breadcrumb\":{\"@id\":\"https:\/\/shop.bertsch-holzbau.eu\/aoe\/de\/daten-der-firma\/#breadcrumb\"},\"inLanguage\":\"de\",\"potentialAction\":[{\"@type\":\"ReadAction\",\"target\":[\"https:\/\/shop.bertsch-holzbau.eu\/aoe\/de\/daten-der-firma\/\"]}]},{\"@type\":\"BreadcrumbList\",\"@id\":\"https:\/\/shop.bertsch-holzbau.eu\/aoe\/de\/daten-der-firma\/#breadcrumb\",\"itemListElement\":[{\"@type\":\"ListItem\",\"position\":1,\"name\":\"Strona g\u0142\u00f3wna\",\"item\":\"https:\/\/shop.bertsch-holzbau.eu\/aoe\/de\/\"},{\"@type\":\"ListItem\",\"position\":2,\"name\":\"Impressum\"}]},{\"@type\":\"WebSite\",\"@id\":\"https:\/\/shop.bertsch-holzbau.eu\/aoe\/de\/#website\",\"url\":\"https:\/\/shop.bertsch-holzbau.eu\/aoe\/de\/\",\"name\":\"Bauzentrum Andre + Oestreicher GmbH\",\"description\":\"Domy modu\u0142owe, domki z profili, ogrodowe, domy z bali\",\"publisher\":{\"@id\":\"https:\/\/shop.bertsch-holzbau.eu\/aoe\/de\/#organization\"},\"potentialAction\":[{\"@type\":\"SearchAction\",\"target\":{\"@type\":\"EntryPoint\",\"urlTemplate\":\"https:\/\/shop.bertsch-holzbau.eu\/aoe\/de\/?s={search_term_string}\"},\"query-input\":\"required name=search_term_string\"}],\"inLanguage\":\"de\"},{\"@type\":\"Organization\",\"@id\":\"https:\/\/shop.bertsch-holzbau.eu\/aoe\/de\/#organization\",\"name\":\"Bauzentrum Andre + Oestreicher GmbH\",\"url\":\"https:\/\/shop.bertsch-holzbau.eu\/aoe\/de\/\",\"logo\":{\"@type\":\"ImageObject\",\"inLanguage\":\"de\",\"@id\":\"https:\/\/shop.bertsch-holzbau.eu\/aoe\/de\/#\/schema\/logo\/image\/\",\"url\":\"https:\/\/shop.bertsch-holzbau.eu\/aoe\/wp-content\/uploads\/sites\/21\/2022\/07\/logo-pl.png\",\"contentUrl\":\"https:\/\/shop.bertsch-holzbau.eu\/aoe\/wp-content\/uploads\/sites\/21\/2022\/07\/logo-pl.png\",\"width\":2000,\"height\":482,\"caption\":\"Bauzentrum Andre + Oestreicher GmbH\"},\"image\":{\"@id\":\"https:\/\/shop.bertsch-holzbau.eu\/aoe\/de\/#\/schema\/logo\/image\/\"}}]}<\/script>\n<!-- \/ Yoast SEO plugin. -->","yoast_head_json":{"title":"Impressum - Bauzentrum Andre + Oestreicher GmbH","robots":{"index":"index","follow":"follow","max-snippet":"max-snippet:-1","max-image-preview":"max-image-preview:large","max-video-preview":"max-video-preview:-1"},"canonical":"https:\/\/shop.bertsch-holzbau.eu\/aoe\/de\/daten-der-firma\/","og_locale":"de_DE","og_type":"article","og_title":"Impressum - Bauzentrum Andre + Oestreicher GmbH","og_description":"Angaben gem\u00e4\u00df \u00a7 5 TMG BHB Bertsch Holzbau Sp. z o. o.Jana Paw\u0142a II 2933-300 Nowy S\u0105cz Vertreten durch:Joachim Bertsch Kontakt Telefon: +48 18 444 41 70Telefax: +48 18 442 97 92E-Mail: info@bertsch-holzbau.eu Steuerzahlernummer Steuerzahlernummer gem\u00e4\u00df \u00a727:PL7342834114 STREITBEILEGUNG Die Europ\u00e4ische Kommission stellt eine Plattform zur Online-Streitbeilegung (OS) bereit: https:\/\/ec.europa.eu\/consumers\/odr.Unsere E-Mail-Adresse finden Sie oben in der [&hellip;]","og_url":"https:\/\/shop.bertsch-holzbau.eu\/aoe\/de\/daten-der-firma\/","og_site_name":"Bauzentrum Andre + Oestreicher GmbH","article_modified_time":"2024-04-10T13:41:11+00:00","twitter_card":"summary_large_image","twitter_misc":{"Gesch\u00e4tzte Lesezeit":"2\u00a0Minuten"},"schema":{"@context":"https:\/\/schema.org","@graph":[{"@type":"WebPage","@id":"https:\/\/shop.bertsch-holzbau.eu\/aoe\/de\/daten-der-firma\/","url":"https:\/\/shop.bertsch-holzbau.eu\/aoe\/de\/daten-der-firma\/","name":"Impressum - Bauzentrum Andre + Oestreicher GmbH","isPartOf":{"@id":"https:\/\/shop.bertsch-holzbau.eu\/aoe\/de\/#website"},"datePublished":"2023-02-23T11:04:31+00:00","dateModified":"2024-04-10T13:41:11+00:00","breadcrumb":{"@id":"https:\/\/shop.bertsch-holzbau.eu\/aoe\/de\/daten-der-firma\/#breadcrumb"},"inLanguage":"de","potentialAction":[{"@type":"ReadAction","target":["https:\/\/shop.bertsch-holzbau.eu\/aoe\/de\/daten-der-firma\/"]}]},{"@type":"BreadcrumbList","@id":"https:\/\/shop.bertsch-holzbau.eu\/aoe\/de\/daten-der-firma\/#breadcrumb","itemListElement":[{"@type":"ListItem","position":1,"name":"Strona g\u0142\u00f3wna","item":"https:\/\/shop.bertsch-holzbau.eu\/aoe\/de\/"},{"@type":"ListItem","position":2,"name":"Impressum"}]},{"@type":"WebSite","@id":"https:\/\/shop.bertsch-holzbau.eu\/aoe\/de\/#website","url":"https:\/\/shop.bertsch-holzbau.eu\/aoe\/de\/","name":"Bauzentrum Andre + Oestreicher GmbH","description":"Domy modu\u0142owe, domki z profili, ogrodowe, domy z bali","publisher":{"@id":"https:\/\/shop.bertsch-holzbau.eu\/aoe\/de\/#organization"},"potentialAction":[{"@type":"SearchAction","target":{"@type":"EntryPoint","urlTemplate":"https:\/\/shop.bertsch-holzbau.eu\/aoe\/de\/?s={search_term_string}"},"query-input":"required name=search_term_string"}],"inLanguage":"de"},{"@type":"Organization","@id":"https:\/\/shop.bertsch-holzbau.eu\/aoe\/de\/#organization","name":"Bauzentrum Andre + Oestreicher GmbH","url":"https:\/\/shop.bertsch-holzbau.eu\/aoe\/de\/","logo":{"@type":"ImageObject","inLanguage":"de","@id":"https:\/\/shop.bertsch-holzbau.eu\/aoe\/de\/#\/schema\/logo\/image\/","url":"https:\/\/shop.bertsch-holzbau.eu\/aoe\/wp-content\/uploads\/sites\/21\/2022\/07\/logo-pl.png","contentUrl":"https:\/\/shop.bertsch-holzbau.eu\/aoe\/wp-content\/uploads\/sites\/21\/2022\/07\/logo-pl.png","width":2000,"height":482,"caption":"Bauzentrum Andre + Oestreicher GmbH"},"image":{"@id":"https:\/\/shop.bertsch-holzbau.eu\/aoe\/de\/#\/schema\/logo\/image\/"}}]}},"_links":{"self":[{"href":"https:\/\/shop.bertsch-holzbau.eu\/aoe\/de\/wp-json\/wp\/v2\/pages\/31845"}],"collection":[{"href":"https:\/\/shop.bertsch-holzbau.eu\/aoe\/de\/wp-json\/wp\/v2\/pages"}],"about":[{"href":"https:\/\/shop.bertsch-holzbau.eu\/aoe\/de\/wp-json\/wp\/v2\/types\/page"}],"author":[{"embeddable":true,"href":"https:\/\/shop.bertsch-holzbau.eu\/aoe\/de\/wp-json\/wp\/v2\/users\/1"}],"replies":[{"embeddable":true,"href":"https:\/\/shop.bertsch-holzbau.eu\/aoe\/de\/wp-json\/wp\/v2\/comments?post=31845"}],"version-history":[{"count":2,"href":"https:\/\/shop.bertsch-holzbau.eu\/aoe\/de\/wp-json\/wp\/v2\/pages\/31845\/revisions"}],"predecessor-version":[{"id":33843,"href":"https:\/\/shop.bertsch-holzbau.eu\/aoe\/de\/wp-json\/wp\/v2\/pages\/31845\/revisions\/33843"}],"wp:attachment":[{"href":"https:\/\/shop.bertsch-holzbau.eu\/aoe\/de\/wp-json\/wp\/v2\/media?parent=31845"}],"curies":[{"name":"wp","href":"https:\/\/api.w.org\/{rel}","templated":true}]}}