{"id":32063,"date":"2022-08-22T15:34:28","date_gmt":"2022-08-22T13:34:28","guid":{"rendered":"http:\/\/shop.bertsch-holzbau.eu\/brillantblockhaus\/produkt\/h45-3046300fs-dt-et-ef\/"},"modified":"2024-07-05T11:33:03","modified_gmt":"2024-07-05T09:33:03","slug":"h45-3046300fs-dt-et-ef","status":"publish","type":"product","link":"https:\/\/shop.bertsch-holzbau.eu\/brillantblockhaus\/de\/produkt\/h45-3046300fs-dt-et-ef\/","title":{"rendered":"H45-3046+300FS-DT-ET-EF"},"content":{"rendered":"<table class=\"alt\">\n<tbody>\n<tr>\n<td>Bauart<\/td>\n<td>Zuluna \/ Blockhaus<\/td>\n<\/tr>\n<tr>\n<td>Dachform<\/td>\n<td>Satteldach<\/td>\n<\/tr>\n<tr>\n<td>Wandst\u00e4rke<\/td>\n<td>45 mm<\/td>\n<\/tr>\n<tr>\n<td>Wandau\u00dfenma\u00df (B\/T)<\/td>\n<td>300+300 x 460 cm<\/td>\n<\/tr>\n<tr>\n<td>Seitenwandh\u00f6he<\/td>\n<td>217,6 cm<\/td>\n<\/tr>\n<tr>\n<td>Firsth\u00f6he<\/td>\n<td>264,9 cm<\/td>\n<\/tr>\n<tr>\n<td>Dach\u00fcberstand Umlaufend<\/td>\n<td>25 cm<\/td>\n<\/tr>\n<tr>\n<td>Dachneigung<\/td>\n<td>18 \u00b0<\/td>\n<\/tr>\n<tr>\n<td>T\u00fcren<\/td>\n<td>DT 150 x 194, ET 84 x 194 cm<\/td>\n<\/tr>\n<tr>\n<td>Fenster<\/td>\n<td>EF 75 x 92 cm<\/td>\n<\/tr>\n<tr>\n<td>Optionales Zubeh\u00f6r<\/td>\n<td>\n<ul class=\"accessories\">\n<li>Boden\/Fundamentrahmen: FR45-3046<\/li>\n<\/ul>\n<ul class=\"accessories\">\n<li>1 x Dachrinne: L-Form<\/li>\n<\/ul>\n<ul class=\"accessories\">\n<li>14 x Schindelpaket Rechteck<\/li>\n<li>14 x Schindelpaket Biberschwanz<\/li>\n<\/ul>\n<ul class=\"accessories\">\n<li>1 x Pfostenanker h\u00f6henverstellbar: PFA-01<\/li>\n<\/ul>\n<ul class=\"accessories\">\n<li>Terrassendielen L\u00e4rche (m\u00b2): TD-L (9 m\u00b2)<\/li>\n<\/ul>\n<ul class=\"accessories\">\n<li>Pfostenfu\u00dfverblendung: PFV-01<\/li>\n<\/ul>\n<\/td>\n<\/tr>\n<tr>\n<td>Objekt ID<\/td>\n<td>726<\/td>\n<\/tr>\n<tr>\n<td>Varianten Objekt ID<\/td>\n<td>45<\/td>\n<\/tr>\n<\/tbody>\n<\/table>\n<p><strong>Allgemeine Produktbeschreibung<\/strong><br \/>\n&#8211; hochwertige Fachhandelsqualit\u00e4t aus Nordeurop\u00e4ischer Fichte<br \/>\n&#8211; gut sortiertes Holz, alles gesundastig und blank<br \/>\n&#8211; wird als Bausatz, unbehandelt geliefert, ohne evtl. abgebildetes Sonderzubeh\u00f6r \/ Dekoartikel.<br \/>\n&#8211; inkl. Produktionszeichnung und allgemeiner Montageanleitung.<br \/>\n&#8211; massive T\u00fcr(en) (T\u00fcrblatt 42mm) mit Leimholzrahmen, Holzschwellen mit Edelstahlabdeckung und 3 Scharnierb\u00e4ndern (3-dimensional verstellbar)<br \/>\n&#8211; Fenster und T\u00fcren mit Gummidichtung, Echtglasscheiben beidseitig silikoniert.<br \/>\n&#8211; T\u00fcrh\u00f6he (Blendrahmenau\u00dfenma\u00df) betr\u00e4gt 194cm.<br \/>\n&#8211; gerade Giebelbretter, Dachschalung 19mm-Holzbrettern mit Nut u. Feder, aus Nordeurop\u00e4ischer Fichte.<br \/>\n&#8211; Fu\u00dfboden (optional) aus massiven 19-mm-Holzdielen mit Nut u. Feder, aus Nordeurop\u00e4ischer Fichte, mit ausgef\u00e4lzten, ringsum geschlossenen Fundamentrahmen.<br \/>\n&#8211; die angegebenen Grundrissma\u00dfe sind Wandau\u00dfenma\u00dfe.<br \/>\n&#8211; Farbbehandlung T\u00fcren und Fenster (beidseitig, 4-fach) optional.<\/p>\n","protected":false},"excerpt":{"rendered":"<p>Bauart Zuluna \/ Blockhaus Dachform Satteldach Wandst\u00e4rke 45 mm Wandau\u00dfenma\u00df (B\/T) 300+300 x 460 cm Seitenwandh\u00f6he 217,6 cm Firsth\u00f6he 264,9 cm Dach\u00fcberstand Umlaufend 25 cm Dachneigung 18 \u00b0 T\u00fcren DT 150 x 194, ET 84 x 194 cm Fenster EF 75 x 92 cm Optionales Zubeh\u00f6r Boden\/Fundamentrahmen: FR45-3046 1 x Dachrinne: L-Form 14 x Schindelpaket [&hellip;]<\/p>\n","protected":false},"featured_media":38247,"template":"","meta":[],"product_cat":[878,877],"product_tag":[],"yoast_head":"<!-- This site is optimized with the Yoast SEO plugin v22.5 - https:\/\/yoast.com\/wordpress\/plugins\/seo\/ -->\n<title>H45-3046+300FS-DT-ET-EF - Brillant<\/title>\n<meta name=\"robots\" content=\"index, follow, max-snippet:-1, max-image-preview:large, max-video-preview:-1\" \/>\n<link rel=\"canonical\" href=\"https:\/\/shop.bertsch-holzbau.eu\/brillantblockhaus\/de\/produkt\/h45-3046300fs-dt-et-ef\/\" \/>\n<meta property=\"og:locale\" content=\"de_DE\" \/>\n<meta property=\"og:type\" content=\"article\" \/>\n<meta property=\"og:title\" content=\"H45-3046+300FS-DT-ET-EF - Brillant\" \/>\n<meta property=\"og:description\" content=\"Bauart Zuluna \/ Blockhaus Dachform Satteldach Wandst\u00e4rke 45 mm Wandau\u00dfenma\u00df (B\/T) 300+300 x 460 cm Seitenwandh\u00f6he 217,6 cm Firsth\u00f6he 264,9 cm Dach\u00fcberstand Umlaufend 25 cm Dachneigung 18 \u00b0 T\u00fcren DT 150 x 194, ET 84 x 194 cm Fenster EF 75 x 92 cm Optionales Zubeh\u00f6r Boden\/Fundamentrahmen: FR45-3046 1 x Dachrinne: L-Form 14 x Schindelpaket [&hellip;]\" \/>\n<meta property=\"og:url\" content=\"https:\/\/shop.bertsch-holzbau.eu\/brillantblockhaus\/de\/produkt\/h45-3046300fs-dt-et-ef\/\" \/>\n<meta property=\"og:site_name\" content=\"Brillant\" \/>\n<meta property=\"article:modified_time\" content=\"2024-07-05T09:33:03+00:00\" \/>\n<meta property=\"og:image\" content=\"https:\/\/shop.bertsch-holzbau.eu\/brillantblockhaus\/wp-content\/uploads\/sites\/34\/2024\/05\/000045-01-kopia.webp\" \/>\n\t<meta property=\"og:image:width\" content=\"1742\" \/>\n\t<meta property=\"og:image:height\" content=\"1109\" \/>\n\t<meta property=\"og:image:type\" content=\"image\/webp\" \/>\n<meta name=\"twitter:card\" content=\"summary_large_image\" \/>\n<meta name=\"twitter:label1\" content=\"Gesch\u00e4tzte Lesezeit\" \/>\n\t<meta name=\"twitter:data1\" content=\"2\u00a0Minuten\" \/>\n<script type=\"application\/ld+json\" class=\"yoast-schema-graph\">{\"@context\":\"https:\/\/schema.org\",\"@graph\":[{\"@type\":\"WebPage\",\"@id\":\"https:\/\/shop.bertsch-holzbau.eu\/brillantblockhaus\/de\/produkt\/h45-3046300fs-dt-et-ef\/\",\"url\":\"https:\/\/shop.bertsch-holzbau.eu\/brillantblockhaus\/de\/produkt\/h45-3046300fs-dt-et-ef\/\",\"name\":\"H45-3046+300FS-DT-ET-EF - Brillant\",\"isPartOf\":{\"@id\":\"https:\/\/shop.bertsch-holzbau.eu\/brillantblockhaus\/de\/#website\"},\"primaryImageOfPage\":{\"@id\":\"https:\/\/shop.bertsch-holzbau.eu\/brillantblockhaus\/de\/produkt\/h45-3046300fs-dt-et-ef\/#primaryimage\"},\"image\":{\"@id\":\"https:\/\/shop.bertsch-holzbau.eu\/brillantblockhaus\/de\/produkt\/h45-3046300fs-dt-et-ef\/#primaryimage\"},\"thumbnailUrl\":\"https:\/\/shop.bertsch-holzbau.eu\/brillantblockhaus\/wp-content\/uploads\/sites\/34\/2022\/08\/H45-3046300FS-DT-ET-EF_ID726_2.webp\",\"datePublished\":\"2022-08-22T13:34:28+00:00\",\"dateModified\":\"2024-07-05T09:33:03+00:00\",\"breadcrumb\":{\"@id\":\"https:\/\/shop.bertsch-holzbau.eu\/brillantblockhaus\/de\/produkt\/h45-3046300fs-dt-et-ef\/#breadcrumb\"},\"inLanguage\":\"de\",\"potentialAction\":[{\"@type\":\"ReadAction\",\"target\":[\"https:\/\/shop.bertsch-holzbau.eu\/brillantblockhaus\/de\/produkt\/h45-3046300fs-dt-et-ef\/\"]}]},{\"@type\":\"ImageObject\",\"inLanguage\":\"de\",\"@id\":\"https:\/\/shop.bertsch-holzbau.eu\/brillantblockhaus\/de\/produkt\/h45-3046300fs-dt-et-ef\/#primaryimage\",\"url\":\"https:\/\/shop.bertsch-holzbau.eu\/brillantblockhaus\/wp-content\/uploads\/sites\/34\/2022\/08\/H45-3046300FS-DT-ET-EF_ID726_2.webp\",\"contentUrl\":\"https:\/\/shop.bertsch-holzbau.eu\/brillantblockhaus\/wp-content\/uploads\/sites\/34\/2022\/08\/H45-3046300FS-DT-ET-EF_ID726_2.webp\",\"width\":1920,\"height\":1080},{\"@type\":\"BreadcrumbList\",\"@id\":\"https:\/\/shop.bertsch-holzbau.eu\/brillantblockhaus\/de\/produkt\/h45-3046300fs-dt-et-ef\/#breadcrumb\",\"itemListElement\":[{\"@type\":\"ListItem\",\"position\":1,\"name\":\"Strona g\u0142\u00f3wna\",\"item\":\"https:\/\/shop.bertsch-holzbau.eu\/brillantblockhaus\/de\/\"},{\"@type\":\"ListItem\",\"position\":2,\"name\":\"Shop\",\"item\":\"https:\/\/shop.bertsch-holzbau.eu\/brillantblockhaus\/de\/shop\/\"},{\"@type\":\"ListItem\",\"position\":3,\"name\":\"H45-3046+300FS-DT-ET-EF\"}]},{\"@type\":\"WebSite\",\"@id\":\"https:\/\/shop.bertsch-holzbau.eu\/brillantblockhaus\/de\/#website\",\"url\":\"https:\/\/shop.bertsch-holzbau.eu\/brillantblockhaus\/de\/\",\"name\":\"Brillant\",\"description\":\"Domy modu\u0142owe, domki z profili, ogrodowe, domy z bali\",\"publisher\":{\"@id\":\"https:\/\/shop.bertsch-holzbau.eu\/brillantblockhaus\/de\/#organization\"},\"potentialAction\":[{\"@type\":\"SearchAction\",\"target\":{\"@type\":\"EntryPoint\",\"urlTemplate\":\"https:\/\/shop.bertsch-holzbau.eu\/brillantblockhaus\/de\/?s={search_term_string}\"},\"query-input\":\"required name=search_term_string\"}],\"inLanguage\":\"de\"},{\"@type\":\"Organization\",\"@id\":\"https:\/\/shop.bertsch-holzbau.eu\/brillantblockhaus\/de\/#organization\",\"name\":\"Brillant\",\"url\":\"https:\/\/shop.bertsch-holzbau.eu\/brillantblockhaus\/de\/\",\"logo\":{\"@type\":\"ImageObject\",\"inLanguage\":\"de\",\"@id\":\"https:\/\/shop.bertsch-holzbau.eu\/brillantblockhaus\/de\/#\/schema\/logo\/image\/\",\"url\":\"https:\/\/shop.bertsch-holzbau.eu\/brillantblockhaus\/wp-content\/uploads\/sites\/34\/2022\/07\/logo-pl.png\",\"contentUrl\":\"https:\/\/shop.bertsch-holzbau.eu\/brillantblockhaus\/wp-content\/uploads\/sites\/34\/2022\/07\/logo-pl.png\",\"width\":2000,\"height\":482,\"caption\":\"Brillant\"},\"image\":{\"@id\":\"https:\/\/shop.bertsch-holzbau.eu\/brillantblockhaus\/de\/#\/schema\/logo\/image\/\"}}]}<\/script>\n<!-- \/ Yoast SEO plugin. -->","yoast_head_json":{"title":"H45-3046+300FS-DT-ET-EF - Brillant","robots":{"index":"index","follow":"follow","max-snippet":"max-snippet:-1","max-image-preview":"max-image-preview:large","max-video-preview":"max-video-preview:-1"},"canonical":"https:\/\/shop.bertsch-holzbau.eu\/brillantblockhaus\/de\/produkt\/h45-3046300fs-dt-et-ef\/","og_locale":"de_DE","og_type":"article","og_title":"H45-3046+300FS-DT-ET-EF - Brillant","og_description":"Bauart Zuluna \/ Blockhaus Dachform Satteldach Wandst\u00e4rke 45 mm Wandau\u00dfenma\u00df (B\/T) 300+300 x 460 cm Seitenwandh\u00f6he 217,6 cm Firsth\u00f6he 264,9 cm Dach\u00fcberstand Umlaufend 25 cm Dachneigung 18 \u00b0 T\u00fcren DT 150 x 194, ET 84 x 194 cm Fenster EF 75 x 92 cm Optionales Zubeh\u00f6r Boden\/Fundamentrahmen: FR45-3046 1 x Dachrinne: L-Form 14 x Schindelpaket [&hellip;]","og_url":"https:\/\/shop.bertsch-holzbau.eu\/brillantblockhaus\/de\/produkt\/h45-3046300fs-dt-et-ef\/","og_site_name":"Brillant","article_modified_time":"2024-07-05T09:33:03+00:00","og_image":[{"width":1742,"height":1109,"url":"https:\/\/shop.bertsch-holzbau.eu\/brillantblockhaus\/wp-content\/uploads\/sites\/34\/2024\/05\/000045-01-kopia.webp","type":"image\/webp"}],"twitter_card":"summary_large_image","twitter_misc":{"Gesch\u00e4tzte Lesezeit":"2\u00a0Minuten"},"schema":{"@context":"https:\/\/schema.org","@graph":[{"@type":"WebPage","@id":"https:\/\/shop.bertsch-holzbau.eu\/brillantblockhaus\/de\/produkt\/h45-3046300fs-dt-et-ef\/","url":"https:\/\/shop.bertsch-holzbau.eu\/brillantblockhaus\/de\/produkt\/h45-3046300fs-dt-et-ef\/","name":"H45-3046+300FS-DT-ET-EF - Brillant","isPartOf":{"@id":"https:\/\/shop.bertsch-holzbau.eu\/brillantblockhaus\/de\/#website"},"primaryImageOfPage":{"@id":"https:\/\/shop.bertsch-holzbau.eu\/brillantblockhaus\/de\/produkt\/h45-3046300fs-dt-et-ef\/#primaryimage"},"image":{"@id":"https:\/\/shop.bertsch-holzbau.eu\/brillantblockhaus\/de\/produkt\/h45-3046300fs-dt-et-ef\/#primaryimage"},"thumbnailUrl":"https:\/\/shop.bertsch-holzbau.eu\/brillantblockhaus\/wp-content\/uploads\/sites\/34\/2022\/08\/H45-3046300FS-DT-ET-EF_ID726_2.webp","datePublished":"2022-08-22T13:34:28+00:00","dateModified":"2024-07-05T09:33:03+00:00","breadcrumb":{"@id":"https:\/\/shop.bertsch-holzbau.eu\/brillantblockhaus\/de\/produkt\/h45-3046300fs-dt-et-ef\/#breadcrumb"},"inLanguage":"de","potentialAction":[{"@type":"ReadAction","target":["https:\/\/shop.bertsch-holzbau.eu\/brillantblockhaus\/de\/produkt\/h45-3046300fs-dt-et-ef\/"]}]},{"@type":"ImageObject","inLanguage":"de","@id":"https:\/\/shop.bertsch-holzbau.eu\/brillantblockhaus\/de\/produkt\/h45-3046300fs-dt-et-ef\/#primaryimage","url":"https:\/\/shop.bertsch-holzbau.eu\/brillantblockhaus\/wp-content\/uploads\/sites\/34\/2022\/08\/H45-3046300FS-DT-ET-EF_ID726_2.webp","contentUrl":"https:\/\/shop.bertsch-holzbau.eu\/brillantblockhaus\/wp-content\/uploads\/sites\/34\/2022\/08\/H45-3046300FS-DT-ET-EF_ID726_2.webp","width":1920,"height":1080},{"@type":"BreadcrumbList","@id":"https:\/\/shop.bertsch-holzbau.eu\/brillantblockhaus\/de\/produkt\/h45-3046300fs-dt-et-ef\/#breadcrumb","itemListElement":[{"@type":"ListItem","position":1,"name":"Strona g\u0142\u00f3wna","item":"https:\/\/shop.bertsch-holzbau.eu\/brillantblockhaus\/de\/"},{"@type":"ListItem","position":2,"name":"Shop","item":"https:\/\/shop.bertsch-holzbau.eu\/brillantblockhaus\/de\/shop\/"},{"@type":"ListItem","position":3,"name":"H45-3046+300FS-DT-ET-EF"}]},{"@type":"WebSite","@id":"https:\/\/shop.bertsch-holzbau.eu\/brillantblockhaus\/de\/#website","url":"https:\/\/shop.bertsch-holzbau.eu\/brillantblockhaus\/de\/","name":"Brillant","description":"Domy modu\u0142owe, domki z profili, ogrodowe, domy z bali","publisher":{"@id":"https:\/\/shop.bertsch-holzbau.eu\/brillantblockhaus\/de\/#organization"},"potentialAction":[{"@type":"SearchAction","target":{"@type":"EntryPoint","urlTemplate":"https:\/\/shop.bertsch-holzbau.eu\/brillantblockhaus\/de\/?s={search_term_string}"},"query-input":"required name=search_term_string"}],"inLanguage":"de"},{"@type":"Organization","@id":"https:\/\/shop.bertsch-holzbau.eu\/brillantblockhaus\/de\/#organization","name":"Brillant","url":"https:\/\/shop.bertsch-holzbau.eu\/brillantblockhaus\/de\/","logo":{"@type":"ImageObject","inLanguage":"de","@id":"https:\/\/shop.bertsch-holzbau.eu\/brillantblockhaus\/de\/#\/schema\/logo\/image\/","url":"https:\/\/shop.bertsch-holzbau.eu\/brillantblockhaus\/wp-content\/uploads\/sites\/34\/2022\/07\/logo-pl.png","contentUrl":"https:\/\/shop.bertsch-holzbau.eu\/brillantblockhaus\/wp-content\/uploads\/sites\/34\/2022\/07\/logo-pl.png","width":2000,"height":482,"caption":"Brillant"},"image":{"@id":"https:\/\/shop.bertsch-holzbau.eu\/brillantblockhaus\/de\/#\/schema\/logo\/image\/"}}]}},"_links":{"self":[{"href":"https:\/\/shop.bertsch-holzbau.eu\/brillantblockhaus\/de\/wp-json\/wp\/v2\/product\/32063"}],"collection":[{"href":"https:\/\/shop.bertsch-holzbau.eu\/brillantblockhaus\/de\/wp-json\/wp\/v2\/product"}],"about":[{"href":"https:\/\/shop.bertsch-holzbau.eu\/brillantblockhaus\/de\/wp-json\/wp\/v2\/types\/product"}],"wp:featuredmedia":[{"embeddable":true,"href":"https:\/\/shop.bertsch-holzbau.eu\/brillantblockhaus\/de\/wp-json\/wp\/v2\/media\/38247"}],"wp:attachment":[{"href":"https:\/\/shop.bertsch-holzbau.eu\/brillantblockhaus\/de\/wp-json\/wp\/v2\/media?parent=32063"}],"wp:term":[{"taxonomy":"product_cat","embeddable":true,"href":"https:\/\/shop.bertsch-holzbau.eu\/brillantblockhaus\/de\/wp-json\/wp\/v2\/product_cat?post=32063"},{"taxonomy":"product_tag","embeddable":true,"href":"https:\/\/shop.bertsch-holzbau.eu\/brillantblockhaus\/de\/wp-json\/wp\/v2\/product_tag?post=32063"}],"curies":[{"name":"wp","href":"https:\/\/api.w.org\/{rel}","templated":true}]}}