{"id":32104,"date":"2022-08-22T14:15:09","date_gmt":"2022-08-22T12:15:09","guid":{"rendered":"http:\/\/shop.bertsch-holzbau.eu\/brillantblockhaus\/produkt\/h28-3020p-dt\/"},"modified":"2024-07-05T13:46:51","modified_gmt":"2024-07-05T11:46:51","slug":"h28-3020p-dt","status":"publish","type":"product","link":"https:\/\/shop.bertsch-holzbau.eu\/brillantblockhaus\/de\/produkt\/h28-3020p-dt\/","title":{"rendered":"H28-3020P-DT"},"content":{"rendered":"<table class=\"alt\">\n<tbody>\n<tr>\n<td>Bauart<\/td>\n<td>Zuluna \/ Blockhaus<\/td>\n<td>Zuluna \/ Blockhaus<\/td>\n<td>Zuluna \/ Blockhaus<\/td>\n<\/tr>\n<tr>\n<td>Dachform<\/td>\n<td>Pultdach<\/td>\n<td>Pultdach<\/td>\n<td>Pultdach<\/td>\n<\/tr>\n<tr>\n<td>Wandst\u00e4rke<\/td>\n<td>28 mm<\/td>\n<td>28 mm<\/td>\n<td>28 mm<\/td>\n<\/tr>\n<tr>\n<td>Wandau\u00dfenma\u00df (B\/T)<\/td>\n<td>300 x 200 cm<\/td>\n<td>300 x 240 cm<\/td>\n<td>300 x 300 cm<\/td>\n<\/tr>\n<tr>\n<td>Wandh\u00f6he Vorne<\/td>\n<td>234 cm<\/td>\n<td>234 cm<\/td>\n<td>234 cm<\/td>\n<\/tr>\n<tr>\n<td>Wandh\u00f6he Hinten<\/td>\n<td>201 cm<\/td>\n<td>201 cm<\/td>\n<td>201 cm<\/td>\n<\/tr>\n<tr>\n<td>Dachfl\u00e4che<\/td>\n<td>9,4 m\u00b2<\/td>\n<td>11 m\u00b2<\/td>\n<td>13,2 m\u00b2<\/td>\n<\/tr>\n<tr>\n<td>Dach\u00fcberstand Umlaufend<\/td>\n<td>30 cm<\/td>\n<td>30 cm<\/td>\n<td>30 cm<\/td>\n<\/tr>\n<tr>\n<td>Dachneigung<\/td>\n<td>10 \u00b0<\/td>\n<td>8 \u00b0<\/td>\n<td>6 \u00b0<\/td>\n<\/tr>\n<tr>\n<td>T\u00fcren<\/td>\n<td>DT 150 x 184 cm<\/td>\n<td>DT 150 x 184 cm<\/td>\n<td>DT 150 x 184 cm<\/td>\n<\/tr>\n<tr>\n<td>Optionales Zubeh\u00f6r<\/td>\n<td>\n<ul class=\"accessories\">\n<li>Boden\/Fundamentrahmen: FR28-3020<\/li>\n<\/ul>\n<ul class=\"accessories\">\n<li>1 x Dachrinne: 202B<\/li>\n<\/ul>\n<ul class=\"accessories\">\n<li>4 x Schindelpaket Rechteck<\/li>\n<li>4 x Schindelpaket Biberschwanz<\/li>\n<\/ul>\n<\/td>\n<td>\n<ul class=\"accessories\">\n<li>Boden\/Fundamentrahmen: FR28-3024<\/li>\n<\/ul>\n<ul class=\"accessories\">\n<li>1 x Dachrinne: 202B<\/li>\n<\/ul>\n<ul class=\"accessories\">\n<li>5 x Schindelpaket Rechteck<\/li>\n<li>5 x Schindelpaket Biberschwanz<\/li>\n<\/ul>\n<\/td>\n<td>\n<ul class=\"accessories\">\n<li>Boden\/Fundamentrahmen: FR28-3030<\/li>\n<\/ul>\n<ul class=\"accessories\">\n<li>1 x Dachrinne: 202B<\/li>\n<\/ul>\n<ul class=\"accessories\">\n<li>5 x Schindelpaket Rechteck<\/li>\n<li>5 x Schindelpaket Biberschwanz<\/li>\n<\/ul>\n<\/td>\n<\/tr>\n<tr>\n<td>Weitere Infos<\/td>\n<td>Abgebildetes Fenster ist optional.<\/td>\n<td>Abgebildetes Fenster ist als Zubeh\u00f6r erh\u00e4ltlich.<\/td>\n<td>Abgebildetes Fenster ist als Zubeh\u00f6r erh\u00e4ltlich.<\/td>\n<\/tr>\n<tr>\n<td>Objekt ID<\/td>\n<td>90<\/td>\n<td>91<\/td>\n<td>92<\/td>\n<\/tr>\n<tr>\n<td>Objekt-ID-Varianten<\/td>\n<td>91 92<\/td>\n<td>90 92<\/td>\n<td>90 91<\/td>\n<\/tr>\n<\/tbody>\n<\/table>\n<p><strong>Allgemeine Produktbeschreibung<\/strong><br \/>\n&#8211; hochwertige Fachhandelsqualit\u00e4t aus Nordeurop\u00e4ischer Fichte<br \/>\n&#8211; gut sortiertes Holz, alles gesundastig und blank<br \/>\n&#8211; wird als Bausatz, unbehandelt geliefert, ohne evtl. abgebildetes Sonderzubeh\u00f6r \/ Dekoartikel.<br \/>\n&#8211; inkl. Produktionszeichnung und allgemeiner Montageanleitung.<br \/>\n&#8211; massive T\u00fcr(en) (T\u00fcrblatt 42mm) mit Leimholzrahmen, Holzschwellen mit Edelstahlabdeckung und 3 Scharnierb\u00e4ndern (3-dimensional verstellbar)<br \/>\n&#8211; Fenster und T\u00fcren mit Gummidichtung, Echtglasscheiben beidseitig silikoniert.<br \/>\n&#8211; T\u00fcrh\u00f6he (Blendrahmenau\u00dfenma\u00df) betr\u00e4gt 184cm.<br \/>\n&#8211; gerade Giebelbretter, Dachschalung 19mm-Holzbrettern mit Nut u. Feder, aus Nordeurop\u00e4ischer Fichte.<br \/>\n&#8211; Fu\u00dfboden (optional) aus massiven 19-mm-Holzdielen mit Nut u. Feder, aus Nordeurop\u00e4ischer Fichte, mit ausgef\u00e4lzten, ringsum geschlossenen Fundamentrahmen.<br \/>\n&#8211; die angegebenen Grundrissma\u00dfe sind Wandau\u00dfenma\u00dfe.<br \/>\n&#8211; Farbbehandlung T\u00fcren und Fenster optional.<\/p>\n","protected":false},"excerpt":{"rendered":"<p>Bauart Zuluna \/ Blockhaus Zuluna \/ Blockhaus Zuluna \/ Blockhaus Dachform Pultdach Pultdach Pultdach Wandst\u00e4rke 28 mm 28 mm 28 mm Wandau\u00dfenma\u00df (B\/T) 300 x 200 cm 300 x 240 cm 300 x 300 cm Wandh\u00f6he Vorne 234 cm 234 cm 234 cm Wandh\u00f6he Hinten 201 cm 201 cm 201 cm Dachfl\u00e4che 9,4 m\u00b2 11 [&hellip;]<\/p>\n","protected":false},"featured_media":38066,"template":"","meta":[],"product_cat":[878,877],"product_tag":[],"yoast_head":"<!-- This site is optimized with the Yoast SEO plugin v22.5 - https:\/\/yoast.com\/wordpress\/plugins\/seo\/ -->\n<title>H28-3020P-DT - Brillant<\/title>\n<meta name=\"robots\" content=\"index, follow, max-snippet:-1, max-image-preview:large, max-video-preview:-1\" \/>\n<link rel=\"canonical\" href=\"https:\/\/shop.bertsch-holzbau.eu\/brillantblockhaus\/de\/produkt\/h28-3020p-dt\/\" \/>\n<meta property=\"og:locale\" content=\"de_DE\" \/>\n<meta property=\"og:type\" content=\"article\" \/>\n<meta property=\"og:title\" content=\"H28-3020P-DT - Brillant\" \/>\n<meta property=\"og:description\" content=\"Bauart Zuluna \/ Blockhaus Zuluna \/ Blockhaus Zuluna \/ Blockhaus Dachform Pultdach Pultdach Pultdach Wandst\u00e4rke 28 mm 28 mm 28 mm Wandau\u00dfenma\u00df (B\/T) 300 x 200 cm 300 x 240 cm 300 x 300 cm Wandh\u00f6he Vorne 234 cm 234 cm 234 cm Wandh\u00f6he Hinten 201 cm 201 cm 201 cm Dachfl\u00e4che 9,4 m\u00b2 11 [&hellip;]\" \/>\n<meta property=\"og:url\" content=\"https:\/\/shop.bertsch-holzbau.eu\/brillantblockhaus\/de\/produkt\/h28-3020p-dt\/\" \/>\n<meta property=\"og:site_name\" content=\"Brillant\" \/>\n<meta property=\"article:modified_time\" content=\"2024-07-05T11:46:51+00:00\" \/>\n<meta property=\"og:image\" content=\"https:\/\/shop.bertsch-holzbau.eu\/brillantblockhaus\/wp-content\/uploads\/sites\/34\/2024\/05\/000090-01-kopia.webp\" \/>\n\t<meta property=\"og:image:width\" content=\"2103\" \/>\n\t<meta property=\"og:image:height\" content=\"1321\" \/>\n\t<meta property=\"og:image:type\" content=\"image\/webp\" \/>\n<meta name=\"twitter:card\" content=\"summary_large_image\" \/>\n<meta name=\"twitter:label1\" content=\"Gesch\u00e4tzte Lesezeit\" \/>\n\t<meta name=\"twitter:data1\" content=\"2\u00a0Minuten\" \/>\n<script type=\"application\/ld+json\" class=\"yoast-schema-graph\">{\"@context\":\"https:\/\/schema.org\",\"@graph\":[{\"@type\":\"WebPage\",\"@id\":\"https:\/\/shop.bertsch-holzbau.eu\/brillantblockhaus\/de\/produkt\/h28-3020p-dt\/\",\"url\":\"https:\/\/shop.bertsch-holzbau.eu\/brillantblockhaus\/de\/produkt\/h28-3020p-dt\/\",\"name\":\"H28-3020P-DT - Brillant\",\"isPartOf\":{\"@id\":\"https:\/\/shop.bertsch-holzbau.eu\/brillantblockhaus\/de\/#website\"},\"primaryImageOfPage\":{\"@id\":\"https:\/\/shop.bertsch-holzbau.eu\/brillantblockhaus\/de\/produkt\/h28-3020p-dt\/#primaryimage\"},\"image\":{\"@id\":\"https:\/\/shop.bertsch-holzbau.eu\/brillantblockhaus\/de\/produkt\/h28-3020p-dt\/#primaryimage\"},\"thumbnailUrl\":\"https:\/\/shop.bertsch-holzbau.eu\/brillantblockhaus\/wp-content\/uploads\/sites\/34\/2022\/08\/H28-3020P-DT_ID90.webp\",\"datePublished\":\"2022-08-22T12:15:09+00:00\",\"dateModified\":\"2024-07-05T11:46:51+00:00\",\"breadcrumb\":{\"@id\":\"https:\/\/shop.bertsch-holzbau.eu\/brillantblockhaus\/de\/produkt\/h28-3020p-dt\/#breadcrumb\"},\"inLanguage\":\"de\",\"potentialAction\":[{\"@type\":\"ReadAction\",\"target\":[\"https:\/\/shop.bertsch-holzbau.eu\/brillantblockhaus\/de\/produkt\/h28-3020p-dt\/\"]}]},{\"@type\":\"ImageObject\",\"inLanguage\":\"de\",\"@id\":\"https:\/\/shop.bertsch-holzbau.eu\/brillantblockhaus\/de\/produkt\/h28-3020p-dt\/#primaryimage\",\"url\":\"https:\/\/shop.bertsch-holzbau.eu\/brillantblockhaus\/wp-content\/uploads\/sites\/34\/2022\/08\/H28-3020P-DT_ID90.webp\",\"contentUrl\":\"https:\/\/shop.bertsch-holzbau.eu\/brillantblockhaus\/wp-content\/uploads\/sites\/34\/2022\/08\/H28-3020P-DT_ID90.webp\",\"width\":1920,\"height\":1080},{\"@type\":\"BreadcrumbList\",\"@id\":\"https:\/\/shop.bertsch-holzbau.eu\/brillantblockhaus\/de\/produkt\/h28-3020p-dt\/#breadcrumb\",\"itemListElement\":[{\"@type\":\"ListItem\",\"position\":1,\"name\":\"Strona g\u0142\u00f3wna\",\"item\":\"https:\/\/shop.bertsch-holzbau.eu\/brillantblockhaus\/de\/\"},{\"@type\":\"ListItem\",\"position\":2,\"name\":\"Shop\",\"item\":\"https:\/\/shop.bertsch-holzbau.eu\/brillantblockhaus\/de\/shop\/\"},{\"@type\":\"ListItem\",\"position\":3,\"name\":\"H28-3020P-DT\"}]},{\"@type\":\"WebSite\",\"@id\":\"https:\/\/shop.bertsch-holzbau.eu\/brillantblockhaus\/de\/#website\",\"url\":\"https:\/\/shop.bertsch-holzbau.eu\/brillantblockhaus\/de\/\",\"name\":\"Brillant\",\"description\":\"Domy modu\u0142owe, domki z profili, ogrodowe, domy z bali\",\"publisher\":{\"@id\":\"https:\/\/shop.bertsch-holzbau.eu\/brillantblockhaus\/de\/#organization\"},\"potentialAction\":[{\"@type\":\"SearchAction\",\"target\":{\"@type\":\"EntryPoint\",\"urlTemplate\":\"https:\/\/shop.bertsch-holzbau.eu\/brillantblockhaus\/de\/?s={search_term_string}\"},\"query-input\":\"required name=search_term_string\"}],\"inLanguage\":\"de\"},{\"@type\":\"Organization\",\"@id\":\"https:\/\/shop.bertsch-holzbau.eu\/brillantblockhaus\/de\/#organization\",\"name\":\"Brillant\",\"url\":\"https:\/\/shop.bertsch-holzbau.eu\/brillantblockhaus\/de\/\",\"logo\":{\"@type\":\"ImageObject\",\"inLanguage\":\"de\",\"@id\":\"https:\/\/shop.bertsch-holzbau.eu\/brillantblockhaus\/de\/#\/schema\/logo\/image\/\",\"url\":\"https:\/\/shop.bertsch-holzbau.eu\/brillantblockhaus\/wp-content\/uploads\/sites\/34\/2022\/07\/logo-pl.png\",\"contentUrl\":\"https:\/\/shop.bertsch-holzbau.eu\/brillantblockhaus\/wp-content\/uploads\/sites\/34\/2022\/07\/logo-pl.png\",\"width\":2000,\"height\":482,\"caption\":\"Brillant\"},\"image\":{\"@id\":\"https:\/\/shop.bertsch-holzbau.eu\/brillantblockhaus\/de\/#\/schema\/logo\/image\/\"}}]}<\/script>\n<!-- \/ Yoast SEO plugin. -->","yoast_head_json":{"title":"H28-3020P-DT - Brillant","robots":{"index":"index","follow":"follow","max-snippet":"max-snippet:-1","max-image-preview":"max-image-preview:large","max-video-preview":"max-video-preview:-1"},"canonical":"https:\/\/shop.bertsch-holzbau.eu\/brillantblockhaus\/de\/produkt\/h28-3020p-dt\/","og_locale":"de_DE","og_type":"article","og_title":"H28-3020P-DT - Brillant","og_description":"Bauart Zuluna \/ Blockhaus Zuluna \/ Blockhaus Zuluna \/ Blockhaus Dachform Pultdach Pultdach Pultdach Wandst\u00e4rke 28 mm 28 mm 28 mm Wandau\u00dfenma\u00df (B\/T) 300 x 200 cm 300 x 240 cm 300 x 300 cm Wandh\u00f6he Vorne 234 cm 234 cm 234 cm Wandh\u00f6he Hinten 201 cm 201 cm 201 cm Dachfl\u00e4che 9,4 m\u00b2 11 [&hellip;]","og_url":"https:\/\/shop.bertsch-holzbau.eu\/brillantblockhaus\/de\/produkt\/h28-3020p-dt\/","og_site_name":"Brillant","article_modified_time":"2024-07-05T11:46:51+00:00","og_image":[{"width":2103,"height":1321,"url":"https:\/\/shop.bertsch-holzbau.eu\/brillantblockhaus\/wp-content\/uploads\/sites\/34\/2024\/05\/000090-01-kopia.webp","type":"image\/webp"}],"twitter_card":"summary_large_image","twitter_misc":{"Gesch\u00e4tzte Lesezeit":"2\u00a0Minuten"},"schema":{"@context":"https:\/\/schema.org","@graph":[{"@type":"WebPage","@id":"https:\/\/shop.bertsch-holzbau.eu\/brillantblockhaus\/de\/produkt\/h28-3020p-dt\/","url":"https:\/\/shop.bertsch-holzbau.eu\/brillantblockhaus\/de\/produkt\/h28-3020p-dt\/","name":"H28-3020P-DT - Brillant","isPartOf":{"@id":"https:\/\/shop.bertsch-holzbau.eu\/brillantblockhaus\/de\/#website"},"primaryImageOfPage":{"@id":"https:\/\/shop.bertsch-holzbau.eu\/brillantblockhaus\/de\/produkt\/h28-3020p-dt\/#primaryimage"},"image":{"@id":"https:\/\/shop.bertsch-holzbau.eu\/brillantblockhaus\/de\/produkt\/h28-3020p-dt\/#primaryimage"},"thumbnailUrl":"https:\/\/shop.bertsch-holzbau.eu\/brillantblockhaus\/wp-content\/uploads\/sites\/34\/2022\/08\/H28-3020P-DT_ID90.webp","datePublished":"2022-08-22T12:15:09+00:00","dateModified":"2024-07-05T11:46:51+00:00","breadcrumb":{"@id":"https:\/\/shop.bertsch-holzbau.eu\/brillantblockhaus\/de\/produkt\/h28-3020p-dt\/#breadcrumb"},"inLanguage":"de","potentialAction":[{"@type":"ReadAction","target":["https:\/\/shop.bertsch-holzbau.eu\/brillantblockhaus\/de\/produkt\/h28-3020p-dt\/"]}]},{"@type":"ImageObject","inLanguage":"de","@id":"https:\/\/shop.bertsch-holzbau.eu\/brillantblockhaus\/de\/produkt\/h28-3020p-dt\/#primaryimage","url":"https:\/\/shop.bertsch-holzbau.eu\/brillantblockhaus\/wp-content\/uploads\/sites\/34\/2022\/08\/H28-3020P-DT_ID90.webp","contentUrl":"https:\/\/shop.bertsch-holzbau.eu\/brillantblockhaus\/wp-content\/uploads\/sites\/34\/2022\/08\/H28-3020P-DT_ID90.webp","width":1920,"height":1080},{"@type":"BreadcrumbList","@id":"https:\/\/shop.bertsch-holzbau.eu\/brillantblockhaus\/de\/produkt\/h28-3020p-dt\/#breadcrumb","itemListElement":[{"@type":"ListItem","position":1,"name":"Strona g\u0142\u00f3wna","item":"https:\/\/shop.bertsch-holzbau.eu\/brillantblockhaus\/de\/"},{"@type":"ListItem","position":2,"name":"Shop","item":"https:\/\/shop.bertsch-holzbau.eu\/brillantblockhaus\/de\/shop\/"},{"@type":"ListItem","position":3,"name":"H28-3020P-DT"}]},{"@type":"WebSite","@id":"https:\/\/shop.bertsch-holzbau.eu\/brillantblockhaus\/de\/#website","url":"https:\/\/shop.bertsch-holzbau.eu\/brillantblockhaus\/de\/","name":"Brillant","description":"Domy modu\u0142owe, domki z profili, ogrodowe, domy z bali","publisher":{"@id":"https:\/\/shop.bertsch-holzbau.eu\/brillantblockhaus\/de\/#organization"},"potentialAction":[{"@type":"SearchAction","target":{"@type":"EntryPoint","urlTemplate":"https:\/\/shop.bertsch-holzbau.eu\/brillantblockhaus\/de\/?s={search_term_string}"},"query-input":"required name=search_term_string"}],"inLanguage":"de"},{"@type":"Organization","@id":"https:\/\/shop.bertsch-holzbau.eu\/brillantblockhaus\/de\/#organization","name":"Brillant","url":"https:\/\/shop.bertsch-holzbau.eu\/brillantblockhaus\/de\/","logo":{"@type":"ImageObject","inLanguage":"de","@id":"https:\/\/shop.bertsch-holzbau.eu\/brillantblockhaus\/de\/#\/schema\/logo\/image\/","url":"https:\/\/shop.bertsch-holzbau.eu\/brillantblockhaus\/wp-content\/uploads\/sites\/34\/2022\/07\/logo-pl.png","contentUrl":"https:\/\/shop.bertsch-holzbau.eu\/brillantblockhaus\/wp-content\/uploads\/sites\/34\/2022\/07\/logo-pl.png","width":2000,"height":482,"caption":"Brillant"},"image":{"@id":"https:\/\/shop.bertsch-holzbau.eu\/brillantblockhaus\/de\/#\/schema\/logo\/image\/"}}]}},"_links":{"self":[{"href":"https:\/\/shop.bertsch-holzbau.eu\/brillantblockhaus\/de\/wp-json\/wp\/v2\/product\/32104"}],"collection":[{"href":"https:\/\/shop.bertsch-holzbau.eu\/brillantblockhaus\/de\/wp-json\/wp\/v2\/product"}],"about":[{"href":"https:\/\/shop.bertsch-holzbau.eu\/brillantblockhaus\/de\/wp-json\/wp\/v2\/types\/product"}],"wp:featuredmedia":[{"embeddable":true,"href":"https:\/\/shop.bertsch-holzbau.eu\/brillantblockhaus\/de\/wp-json\/wp\/v2\/media\/38066"}],"wp:attachment":[{"href":"https:\/\/shop.bertsch-holzbau.eu\/brillantblockhaus\/de\/wp-json\/wp\/v2\/media?parent=32104"}],"wp:term":[{"taxonomy":"product_cat","embeddable":true,"href":"https:\/\/shop.bertsch-holzbau.eu\/brillantblockhaus\/de\/wp-json\/wp\/v2\/product_cat?post=32104"},{"taxonomy":"product_tag","embeddable":true,"href":"https:\/\/shop.bertsch-holzbau.eu\/brillantblockhaus\/de\/wp-json\/wp\/v2\/product_tag?post=32104"}],"curies":[{"name":"wp","href":"https:\/\/api.w.org\/{rel}","templated":true}]}}