{"id":33019,"date":"2022-08-22T15:22:38","date_gmt":"2022-08-22T13:22:38","guid":{"rendered":"http:\/\/shop.bertsch-holzbau.eu\/brillantblockhaus\/produkt\/hl28a-20\/"},"modified":"2024-07-05T11:49:09","modified_gmt":"2024-07-05T09:49:09","slug":"hl28a-20","status":"publish","type":"product","link":"https:\/\/shop.bertsch-holzbau.eu\/brillantblockhaus\/de\/produkt\/hl28a-20\/","title":{"rendered":"HL28A-20"},"content":{"rendered":"<table class=\"alt\">\n<tbody>\n<tr>\n<td>Bauart<\/td>\n<td>Zuluna \/ Basic<\/td>\n<\/tr>\n<tr>\n<td>Dachform<\/td>\n<td>Pultdach<\/td>\n<\/tr>\n<tr>\n<td>Wandst\u00e4rke<\/td>\n<td>28 mm<\/td>\n<\/tr>\n<tr>\n<td>Wandau\u00dfenma\u00df (B\/T)<\/td>\n<td>120 x 200 cm<\/td>\n<\/tr>\n<tr>\n<td>Optionales Zubeh\u00f6r<\/td>\n<td>\n<ul class=\"accessories\">\n<li>Boden\/Fundamentrahmen: FR28-1220<\/li>\n<\/ul>\n<ul class=\"accessories\">\n<li>1 x Dachrinne: 200B<\/li>\n<\/ul>\n<ul class=\"accessories\">\n<li>2 x Schindelpaket Rechteck<\/li>\n<li>2 x Schindelpaket Biberschwanz<\/li>\n<\/ul>\n<\/td>\n<\/tr>\n<tr>\n<td>Objekt ID<\/td>\n<td>675<\/td>\n<\/tr>\n<tr>\n<td>Varianten Objekt ID<\/td>\n<td>676\u00a0\u00a0677\u00a0\u00a0678<\/td>\n<\/tr>\n<\/tbody>\n<\/table>\n","protected":false},"excerpt":{"rendered":"<p>Bauart Zuluna \/ Basic Dachform Pultdach Wandst\u00e4rke 28 mm Wandau\u00dfenma\u00df (B\/T) 120 x 200 cm Optionales Zubeh\u00f6r Boden\/Fundamentrahmen: FR28-1220 1 x Dachrinne: 200B 2 x Schindelpaket Rechteck 2 x Schindelpaket Biberschwanz Objekt ID 675 Varianten Objekt ID 676\u00a0\u00a0677\u00a0\u00a0678<\/p>\n","protected":false},"featured_media":38679,"template":"","meta":[],"product_cat":[878,877],"product_tag":[],"yoast_head":"<!-- This site is optimized with the Yoast SEO plugin v22.5 - https:\/\/yoast.com\/wordpress\/plugins\/seo\/ -->\n<title>HL28A-20 - Brillant<\/title>\n<meta name=\"robots\" content=\"index, follow, max-snippet:-1, max-image-preview:large, max-video-preview:-1\" \/>\n<link rel=\"canonical\" href=\"https:\/\/shop.bertsch-holzbau.eu\/brillantblockhaus\/de\/produkt\/hl28a-20\/\" \/>\n<meta property=\"og:locale\" content=\"de_DE\" \/>\n<meta property=\"og:type\" content=\"article\" \/>\n<meta property=\"og:title\" content=\"HL28A-20 - Brillant\" \/>\n<meta property=\"og:description\" content=\"Bauart Zuluna \/ Basic Dachform Pultdach Wandst\u00e4rke 28 mm Wandau\u00dfenma\u00df (B\/T) 120 x 200 cm Optionales Zubeh\u00f6r Boden\/Fundamentrahmen: FR28-1220 1 x Dachrinne: 200B 2 x Schindelpaket Rechteck 2 x Schindelpaket Biberschwanz Objekt ID 675 Varianten Objekt ID 676\u00a0\u00a0677\u00a0\u00a0678\" \/>\n<meta property=\"og:url\" content=\"https:\/\/shop.bertsch-holzbau.eu\/brillantblockhaus\/de\/produkt\/hl28a-20\/\" \/>\n<meta property=\"og:site_name\" content=\"Brillant\" \/>\n<meta property=\"article:modified_time\" content=\"2024-07-05T09:49:09+00:00\" \/>\n<meta property=\"og:image\" content=\"https:\/\/shop.bertsch-holzbau.eu\/brillantblockhaus\/wp-content\/uploads\/sites\/34\/2024\/05\/000675-01-1-kopia.webp\" \/>\n\t<meta property=\"og:image:width\" content=\"1350\" \/>\n\t<meta property=\"og:image:height\" content=\"1350\" \/>\n\t<meta property=\"og:image:type\" content=\"image\/webp\" \/>\n<meta name=\"twitter:card\" content=\"summary_large_image\" \/>\n<meta name=\"twitter:label1\" content=\"Gesch\u00e4tzte Lesezeit\" \/>\n\t<meta name=\"twitter:data1\" content=\"1\u00a0Minute\" \/>\n<script type=\"application\/ld+json\" class=\"yoast-schema-graph\">{\"@context\":\"https:\/\/schema.org\",\"@graph\":[{\"@type\":\"WebPage\",\"@id\":\"https:\/\/shop.bertsch-holzbau.eu\/brillantblockhaus\/de\/produkt\/hl28a-20\/\",\"url\":\"https:\/\/shop.bertsch-holzbau.eu\/brillantblockhaus\/de\/produkt\/hl28a-20\/\",\"name\":\"HL28A-20 - Brillant\",\"isPartOf\":{\"@id\":\"https:\/\/shop.bertsch-holzbau.eu\/brillantblockhaus\/de\/#website\"},\"primaryImageOfPage\":{\"@id\":\"https:\/\/shop.bertsch-holzbau.eu\/brillantblockhaus\/de\/produkt\/hl28a-20\/#primaryimage\"},\"image\":{\"@id\":\"https:\/\/shop.bertsch-holzbau.eu\/brillantblockhaus\/de\/produkt\/hl28a-20\/#primaryimage\"},\"thumbnailUrl\":\"https:\/\/shop.bertsch-holzbau.eu\/brillantblockhaus\/wp-content\/uploads\/sites\/34\/2022\/08\/HL28A-20_ID675_2.webp\",\"datePublished\":\"2022-08-22T13:22:38+00:00\",\"dateModified\":\"2024-07-05T09:49:09+00:00\",\"breadcrumb\":{\"@id\":\"https:\/\/shop.bertsch-holzbau.eu\/brillantblockhaus\/de\/produkt\/hl28a-20\/#breadcrumb\"},\"inLanguage\":\"de\",\"potentialAction\":[{\"@type\":\"ReadAction\",\"target\":[\"https:\/\/shop.bertsch-holzbau.eu\/brillantblockhaus\/de\/produkt\/hl28a-20\/\"]}]},{\"@type\":\"ImageObject\",\"inLanguage\":\"de\",\"@id\":\"https:\/\/shop.bertsch-holzbau.eu\/brillantblockhaus\/de\/produkt\/hl28a-20\/#primaryimage\",\"url\":\"https:\/\/shop.bertsch-holzbau.eu\/brillantblockhaus\/wp-content\/uploads\/sites\/34\/2022\/08\/HL28A-20_ID675_2.webp\",\"contentUrl\":\"https:\/\/shop.bertsch-holzbau.eu\/brillantblockhaus\/wp-content\/uploads\/sites\/34\/2022\/08\/HL28A-20_ID675_2.webp\",\"width\":1920,\"height\":1080},{\"@type\":\"BreadcrumbList\",\"@id\":\"https:\/\/shop.bertsch-holzbau.eu\/brillantblockhaus\/de\/produkt\/hl28a-20\/#breadcrumb\",\"itemListElement\":[{\"@type\":\"ListItem\",\"position\":1,\"name\":\"Strona g\u0142\u00f3wna\",\"item\":\"https:\/\/shop.bertsch-holzbau.eu\/brillantblockhaus\/de\/\"},{\"@type\":\"ListItem\",\"position\":2,\"name\":\"Shop\",\"item\":\"https:\/\/shop.bertsch-holzbau.eu\/brillantblockhaus\/de\/shop\/\"},{\"@type\":\"ListItem\",\"position\":3,\"name\":\"HL28A-20\"}]},{\"@type\":\"WebSite\",\"@id\":\"https:\/\/shop.bertsch-holzbau.eu\/brillantblockhaus\/de\/#website\",\"url\":\"https:\/\/shop.bertsch-holzbau.eu\/brillantblockhaus\/de\/\",\"name\":\"Brillant\",\"description\":\"Domy modu\u0142owe, domki z profili, ogrodowe, domy z bali\",\"publisher\":{\"@id\":\"https:\/\/shop.bertsch-holzbau.eu\/brillantblockhaus\/de\/#organization\"},\"potentialAction\":[{\"@type\":\"SearchAction\",\"target\":{\"@type\":\"EntryPoint\",\"urlTemplate\":\"https:\/\/shop.bertsch-holzbau.eu\/brillantblockhaus\/de\/?s={search_term_string}\"},\"query-input\":\"required name=search_term_string\"}],\"inLanguage\":\"de\"},{\"@type\":\"Organization\",\"@id\":\"https:\/\/shop.bertsch-holzbau.eu\/brillantblockhaus\/de\/#organization\",\"name\":\"Brillant\",\"url\":\"https:\/\/shop.bertsch-holzbau.eu\/brillantblockhaus\/de\/\",\"logo\":{\"@type\":\"ImageObject\",\"inLanguage\":\"de\",\"@id\":\"https:\/\/shop.bertsch-holzbau.eu\/brillantblockhaus\/de\/#\/schema\/logo\/image\/\",\"url\":\"https:\/\/shop.bertsch-holzbau.eu\/brillantblockhaus\/wp-content\/uploads\/sites\/34\/2022\/07\/logo-pl.png\",\"contentUrl\":\"https:\/\/shop.bertsch-holzbau.eu\/brillantblockhaus\/wp-content\/uploads\/sites\/34\/2022\/07\/logo-pl.png\",\"width\":2000,\"height\":482,\"caption\":\"Brillant\"},\"image\":{\"@id\":\"https:\/\/shop.bertsch-holzbau.eu\/brillantblockhaus\/de\/#\/schema\/logo\/image\/\"}}]}<\/script>\n<!-- \/ Yoast SEO plugin. -->","yoast_head_json":{"title":"HL28A-20 - Brillant","robots":{"index":"index","follow":"follow","max-snippet":"max-snippet:-1","max-image-preview":"max-image-preview:large","max-video-preview":"max-video-preview:-1"},"canonical":"https:\/\/shop.bertsch-holzbau.eu\/brillantblockhaus\/de\/produkt\/hl28a-20\/","og_locale":"de_DE","og_type":"article","og_title":"HL28A-20 - Brillant","og_description":"Bauart Zuluna \/ Basic Dachform Pultdach Wandst\u00e4rke 28 mm Wandau\u00dfenma\u00df (B\/T) 120 x 200 cm Optionales Zubeh\u00f6r Boden\/Fundamentrahmen: FR28-1220 1 x Dachrinne: 200B 2 x Schindelpaket Rechteck 2 x Schindelpaket Biberschwanz Objekt ID 675 Varianten Objekt ID 676\u00a0\u00a0677\u00a0\u00a0678","og_url":"https:\/\/shop.bertsch-holzbau.eu\/brillantblockhaus\/de\/produkt\/hl28a-20\/","og_site_name":"Brillant","article_modified_time":"2024-07-05T09:49:09+00:00","og_image":[{"width":1350,"height":1350,"url":"https:\/\/shop.bertsch-holzbau.eu\/brillantblockhaus\/wp-content\/uploads\/sites\/34\/2024\/05\/000675-01-1-kopia.webp","type":"image\/webp"}],"twitter_card":"summary_large_image","twitter_misc":{"Gesch\u00e4tzte Lesezeit":"1\u00a0Minute"},"schema":{"@context":"https:\/\/schema.org","@graph":[{"@type":"WebPage","@id":"https:\/\/shop.bertsch-holzbau.eu\/brillantblockhaus\/de\/produkt\/hl28a-20\/","url":"https:\/\/shop.bertsch-holzbau.eu\/brillantblockhaus\/de\/produkt\/hl28a-20\/","name":"HL28A-20 - Brillant","isPartOf":{"@id":"https:\/\/shop.bertsch-holzbau.eu\/brillantblockhaus\/de\/#website"},"primaryImageOfPage":{"@id":"https:\/\/shop.bertsch-holzbau.eu\/brillantblockhaus\/de\/produkt\/hl28a-20\/#primaryimage"},"image":{"@id":"https:\/\/shop.bertsch-holzbau.eu\/brillantblockhaus\/de\/produkt\/hl28a-20\/#primaryimage"},"thumbnailUrl":"https:\/\/shop.bertsch-holzbau.eu\/brillantblockhaus\/wp-content\/uploads\/sites\/34\/2022\/08\/HL28A-20_ID675_2.webp","datePublished":"2022-08-22T13:22:38+00:00","dateModified":"2024-07-05T09:49:09+00:00","breadcrumb":{"@id":"https:\/\/shop.bertsch-holzbau.eu\/brillantblockhaus\/de\/produkt\/hl28a-20\/#breadcrumb"},"inLanguage":"de","potentialAction":[{"@type":"ReadAction","target":["https:\/\/shop.bertsch-holzbau.eu\/brillantblockhaus\/de\/produkt\/hl28a-20\/"]}]},{"@type":"ImageObject","inLanguage":"de","@id":"https:\/\/shop.bertsch-holzbau.eu\/brillantblockhaus\/de\/produkt\/hl28a-20\/#primaryimage","url":"https:\/\/shop.bertsch-holzbau.eu\/brillantblockhaus\/wp-content\/uploads\/sites\/34\/2022\/08\/HL28A-20_ID675_2.webp","contentUrl":"https:\/\/shop.bertsch-holzbau.eu\/brillantblockhaus\/wp-content\/uploads\/sites\/34\/2022\/08\/HL28A-20_ID675_2.webp","width":1920,"height":1080},{"@type":"BreadcrumbList","@id":"https:\/\/shop.bertsch-holzbau.eu\/brillantblockhaus\/de\/produkt\/hl28a-20\/#breadcrumb","itemListElement":[{"@type":"ListItem","position":1,"name":"Strona g\u0142\u00f3wna","item":"https:\/\/shop.bertsch-holzbau.eu\/brillantblockhaus\/de\/"},{"@type":"ListItem","position":2,"name":"Shop","item":"https:\/\/shop.bertsch-holzbau.eu\/brillantblockhaus\/de\/shop\/"},{"@type":"ListItem","position":3,"name":"HL28A-20"}]},{"@type":"WebSite","@id":"https:\/\/shop.bertsch-holzbau.eu\/brillantblockhaus\/de\/#website","url":"https:\/\/shop.bertsch-holzbau.eu\/brillantblockhaus\/de\/","name":"Brillant","description":"Domy modu\u0142owe, domki z profili, ogrodowe, domy z bali","publisher":{"@id":"https:\/\/shop.bertsch-holzbau.eu\/brillantblockhaus\/de\/#organization"},"potentialAction":[{"@type":"SearchAction","target":{"@type":"EntryPoint","urlTemplate":"https:\/\/shop.bertsch-holzbau.eu\/brillantblockhaus\/de\/?s={search_term_string}"},"query-input":"required name=search_term_string"}],"inLanguage":"de"},{"@type":"Organization","@id":"https:\/\/shop.bertsch-holzbau.eu\/brillantblockhaus\/de\/#organization","name":"Brillant","url":"https:\/\/shop.bertsch-holzbau.eu\/brillantblockhaus\/de\/","logo":{"@type":"ImageObject","inLanguage":"de","@id":"https:\/\/shop.bertsch-holzbau.eu\/brillantblockhaus\/de\/#\/schema\/logo\/image\/","url":"https:\/\/shop.bertsch-holzbau.eu\/brillantblockhaus\/wp-content\/uploads\/sites\/34\/2022\/07\/logo-pl.png","contentUrl":"https:\/\/shop.bertsch-holzbau.eu\/brillantblockhaus\/wp-content\/uploads\/sites\/34\/2022\/07\/logo-pl.png","width":2000,"height":482,"caption":"Brillant"},"image":{"@id":"https:\/\/shop.bertsch-holzbau.eu\/brillantblockhaus\/de\/#\/schema\/logo\/image\/"}}]}},"_links":{"self":[{"href":"https:\/\/shop.bertsch-holzbau.eu\/brillantblockhaus\/de\/wp-json\/wp\/v2\/product\/33019"}],"collection":[{"href":"https:\/\/shop.bertsch-holzbau.eu\/brillantblockhaus\/de\/wp-json\/wp\/v2\/product"}],"about":[{"href":"https:\/\/shop.bertsch-holzbau.eu\/brillantblockhaus\/de\/wp-json\/wp\/v2\/types\/product"}],"wp:featuredmedia":[{"embeddable":true,"href":"https:\/\/shop.bertsch-holzbau.eu\/brillantblockhaus\/de\/wp-json\/wp\/v2\/media\/38679"}],"wp:attachment":[{"href":"https:\/\/shop.bertsch-holzbau.eu\/brillantblockhaus\/de\/wp-json\/wp\/v2\/media?parent=33019"}],"wp:term":[{"taxonomy":"product_cat","embeddable":true,"href":"https:\/\/shop.bertsch-holzbau.eu\/brillantblockhaus\/de\/wp-json\/wp\/v2\/product_cat?post=33019"},{"taxonomy":"product_tag","embeddable":true,"href":"https:\/\/shop.bertsch-holzbau.eu\/brillantblockhaus\/de\/wp-json\/wp\/v2\/product_tag?post=33019"}],"curies":[{"name":"wp","href":"https:\/\/api.w.org\/{rel}","templated":true}]}}