{"id":33891,"date":"2024-04-10T22:26:46","date_gmt":"2024-04-10T20:26:46","guid":{"rendered":"http:\/\/shop.bertsch-holzbau.eu\/brillantblockhaus\/produkt\/ts28-dt-gh\/"},"modified":"2024-04-10T22:26:46","modified_gmt":"2024-04-10T20:26:46","slug":"ts28-dt-gh","status":"publish","type":"product","link":"https:\/\/shop.bertsch-holzbau.eu\/brillantblockhaus\/de\/produkt\/ts28-dt-gh\/","title":{"rendered":"TS28-DT-GH"},"content":{"rendered":"<p>&nbsp;<\/p>\n<p>&nbsp;<\/p>\n<table class=\"alt\">\n<tbody>\n<tr>\n<td colspan=\"2\"><strong>TS28-DT-GH<\/strong><\/td>\n<\/tr>\n<tr>\n<td>Wandst\u00e4rke<\/td>\n<td>28 mm<\/td>\n<\/tr>\n<tr>\n<td>Abmessungen<\/td>\n<td>142 x 184 cm<\/td>\n<\/tr>\n<tr>\n<td colspan=\"2\"><strong>TS28+-DT-GH<\/strong><\/td>\n<\/tr>\n<tr>\n<td>Wandst\u00e4rke<\/td>\n<td>28 mm<\/td>\n<\/tr>\n<tr>\n<td>Abmessungen<\/td>\n<td>142 x 194 cm<\/td>\n<\/tr>\n<tr>\n<td colspan=\"2\"><strong>T28-DT-GH<\/strong><\/td>\n<\/tr>\n<tr>\n<td>Wandst\u00e4rke<\/td>\n<td>45 mm<\/td>\n<\/tr>\n<tr>\n<td>Abmessungen<\/td>\n<td>150 x 184 cm<\/td>\n<\/tr>\n<tr>\n<td colspan=\"2\"><strong>T28+-DT-GH<\/strong><\/td>\n<\/tr>\n<tr>\n<td>Wandst\u00e4rke<\/td>\n<td>28 mm<\/td>\n<\/tr>\n<tr>\n<td>Abmessungen<\/td>\n<td>150 x 194 cm<\/td>\n<\/tr>\n<tr>\n<td colspan=\"2\"><strong>T45-DT-GH<\/strong><\/td>\n<\/tr>\n<tr>\n<td>Wandst\u00e4rke<\/td>\n<td>45 mm<\/td>\n<\/tr>\n<tr>\n<td>Abmessungen<\/td>\n<td>150 x 194 cm<\/td>\n<\/tr>\n<\/tbody>\n<\/table>\n<p>&nbsp;<\/p>\n","protected":false},"excerpt":{"rendered":"<p>&nbsp; &nbsp; TS28-DT-GH Wandst\u00e4rke 28 mm Abmessungen 142 x 184 cm TS28+-DT-GH Wandst\u00e4rke 28 mm Abmessungen 142 x 194 cm T28-DT-GH Wandst\u00e4rke 45 mm Abmessungen 150 x 184 cm T28+-DT-GH Wandst\u00e4rke 28 mm Abmessungen 150 x 194 cm T45-DT-GH Wandst\u00e4rke 45 mm Abmessungen 150 x 194 cm &nbsp;<\/p>\n","protected":false},"featured_media":35214,"template":"","meta":[],"product_cat":[892],"product_tag":[],"yoast_head":"<!-- This site is optimized with the Yoast SEO plugin v22.5 - https:\/\/yoast.com\/wordpress\/plugins\/seo\/ -->\n<title>TS28-DT-GH - Brillant<\/title>\n<meta name=\"robots\" content=\"index, follow, max-snippet:-1, max-image-preview:large, max-video-preview:-1\" \/>\n<link rel=\"canonical\" href=\"https:\/\/shop.bertsch-holzbau.eu\/brillantblockhaus\/de\/produkt\/ts28-dt-gh\/\" \/>\n<meta property=\"og:locale\" content=\"de_DE\" \/>\n<meta property=\"og:type\" content=\"article\" \/>\n<meta property=\"og:title\" content=\"TS28-DT-GH - Brillant\" \/>\n<meta property=\"og:description\" content=\"&nbsp; &nbsp; TS28-DT-GH Wandst\u00e4rke 28 mm Abmessungen 142 x 184 cm TS28+-DT-GH Wandst\u00e4rke 28 mm Abmessungen 142 x 194 cm T28-DT-GH Wandst\u00e4rke 45 mm Abmessungen 150 x 184 cm T28+-DT-GH Wandst\u00e4rke 28 mm Abmessungen 150 x 194 cm T45-DT-GH Wandst\u00e4rke 45 mm Abmessungen 150 x 194 cm &nbsp;\" \/>\n<meta property=\"og:url\" content=\"https:\/\/shop.bertsch-holzbau.eu\/brillantblockhaus\/de\/produkt\/ts28-dt-gh\/\" \/>\n<meta property=\"og:site_name\" content=\"Brillant\" \/>\n<meta property=\"og:image\" content=\"https:\/\/shop.bertsch-holzbau.eu\/brillantblockhaus\/wp-content\/uploads\/sites\/34\/2024\/05\/d4.webp\" \/>\n\t<meta property=\"og:image:width\" content=\"768\" \/>\n\t<meta property=\"og:image:height\" content=\"768\" \/>\n\t<meta property=\"og:image:type\" content=\"image\/webp\" \/>\n<meta name=\"twitter:card\" content=\"summary_large_image\" \/>\n<script type=\"application\/ld+json\" class=\"yoast-schema-graph\">{\"@context\":\"https:\/\/schema.org\",\"@graph\":[{\"@type\":\"WebPage\",\"@id\":\"https:\/\/shop.bertsch-holzbau.eu\/brillantblockhaus\/de\/produkt\/ts28-dt-gh\/\",\"url\":\"https:\/\/shop.bertsch-holzbau.eu\/brillantblockhaus\/de\/produkt\/ts28-dt-gh\/\",\"name\":\"TS28-DT-GH - Brillant\",\"isPartOf\":{\"@id\":\"https:\/\/shop.bertsch-holzbau.eu\/brillantblockhaus\/de\/#website\"},\"primaryImageOfPage\":{\"@id\":\"https:\/\/shop.bertsch-holzbau.eu\/brillantblockhaus\/de\/produkt\/ts28-dt-gh\/#primaryimage\"},\"image\":{\"@id\":\"https:\/\/shop.bertsch-holzbau.eu\/brillantblockhaus\/de\/produkt\/ts28-dt-gh\/#primaryimage\"},\"thumbnailUrl\":\"https:\/\/shop.bertsch-holzbau.eu\/brillantblockhaus\/wp-content\/uploads\/sites\/34\/2024\/05\/d4.webp\",\"datePublished\":\"2024-04-10T20:26:46+00:00\",\"dateModified\":\"2024-04-10T20:26:46+00:00\",\"breadcrumb\":{\"@id\":\"https:\/\/shop.bertsch-holzbau.eu\/brillantblockhaus\/de\/produkt\/ts28-dt-gh\/#breadcrumb\"},\"inLanguage\":\"de\",\"potentialAction\":[{\"@type\":\"ReadAction\",\"target\":[\"https:\/\/shop.bertsch-holzbau.eu\/brillantblockhaus\/de\/produkt\/ts28-dt-gh\/\"]}]},{\"@type\":\"ImageObject\",\"inLanguage\":\"de\",\"@id\":\"https:\/\/shop.bertsch-holzbau.eu\/brillantblockhaus\/de\/produkt\/ts28-dt-gh\/#primaryimage\",\"url\":\"https:\/\/shop.bertsch-holzbau.eu\/brillantblockhaus\/wp-content\/uploads\/sites\/34\/2024\/05\/d4.webp\",\"contentUrl\":\"https:\/\/shop.bertsch-holzbau.eu\/brillantblockhaus\/wp-content\/uploads\/sites\/34\/2024\/05\/d4.webp\",\"width\":768,\"height\":768},{\"@type\":\"BreadcrumbList\",\"@id\":\"https:\/\/shop.bertsch-holzbau.eu\/brillantblockhaus\/de\/produkt\/ts28-dt-gh\/#breadcrumb\",\"itemListElement\":[{\"@type\":\"ListItem\",\"position\":1,\"name\":\"Strona g\u0142\u00f3wna\",\"item\":\"https:\/\/shop.bertsch-holzbau.eu\/brillantblockhaus\/de\/\"},{\"@type\":\"ListItem\",\"position\":2,\"name\":\"Shop\",\"item\":\"https:\/\/shop.bertsch-holzbau.eu\/brillantblockhaus\/de\/shop\/\"},{\"@type\":\"ListItem\",\"position\":3,\"name\":\"TS28-DT-GH\"}]},{\"@type\":\"WebSite\",\"@id\":\"https:\/\/shop.bertsch-holzbau.eu\/brillantblockhaus\/de\/#website\",\"url\":\"https:\/\/shop.bertsch-holzbau.eu\/brillantblockhaus\/de\/\",\"name\":\"Brillant\",\"description\":\"Domy modu\u0142owe, domki z profili, ogrodowe, domy z bali\",\"publisher\":{\"@id\":\"https:\/\/shop.bertsch-holzbau.eu\/brillantblockhaus\/de\/#organization\"},\"potentialAction\":[{\"@type\":\"SearchAction\",\"target\":{\"@type\":\"EntryPoint\",\"urlTemplate\":\"https:\/\/shop.bertsch-holzbau.eu\/brillantblockhaus\/de\/?s={search_term_string}\"},\"query-input\":\"required name=search_term_string\"}],\"inLanguage\":\"de\"},{\"@type\":\"Organization\",\"@id\":\"https:\/\/shop.bertsch-holzbau.eu\/brillantblockhaus\/de\/#organization\",\"name\":\"Brillant\",\"url\":\"https:\/\/shop.bertsch-holzbau.eu\/brillantblockhaus\/de\/\",\"logo\":{\"@type\":\"ImageObject\",\"inLanguage\":\"de\",\"@id\":\"https:\/\/shop.bertsch-holzbau.eu\/brillantblockhaus\/de\/#\/schema\/logo\/image\/\",\"url\":\"https:\/\/shop.bertsch-holzbau.eu\/brillantblockhaus\/wp-content\/uploads\/sites\/34\/2022\/07\/logo-pl.png\",\"contentUrl\":\"https:\/\/shop.bertsch-holzbau.eu\/brillantblockhaus\/wp-content\/uploads\/sites\/34\/2022\/07\/logo-pl.png\",\"width\":2000,\"height\":482,\"caption\":\"Brillant\"},\"image\":{\"@id\":\"https:\/\/shop.bertsch-holzbau.eu\/brillantblockhaus\/de\/#\/schema\/logo\/image\/\"}}]}<\/script>\n<!-- \/ Yoast SEO plugin. -->","yoast_head_json":{"title":"TS28-DT-GH - Brillant","robots":{"index":"index","follow":"follow","max-snippet":"max-snippet:-1","max-image-preview":"max-image-preview:large","max-video-preview":"max-video-preview:-1"},"canonical":"https:\/\/shop.bertsch-holzbau.eu\/brillantblockhaus\/de\/produkt\/ts28-dt-gh\/","og_locale":"de_DE","og_type":"article","og_title":"TS28-DT-GH - Brillant","og_description":"&nbsp; &nbsp; TS28-DT-GH Wandst\u00e4rke 28 mm Abmessungen 142 x 184 cm TS28+-DT-GH Wandst\u00e4rke 28 mm Abmessungen 142 x 194 cm T28-DT-GH Wandst\u00e4rke 45 mm Abmessungen 150 x 184 cm T28+-DT-GH Wandst\u00e4rke 28 mm Abmessungen 150 x 194 cm T45-DT-GH Wandst\u00e4rke 45 mm Abmessungen 150 x 194 cm &nbsp;","og_url":"https:\/\/shop.bertsch-holzbau.eu\/brillantblockhaus\/de\/produkt\/ts28-dt-gh\/","og_site_name":"Brillant","og_image":[{"width":768,"height":768,"url":"https:\/\/shop.bertsch-holzbau.eu\/brillantblockhaus\/wp-content\/uploads\/sites\/34\/2024\/05\/d4.webp","type":"image\/webp"}],"twitter_card":"summary_large_image","schema":{"@context":"https:\/\/schema.org","@graph":[{"@type":"WebPage","@id":"https:\/\/shop.bertsch-holzbau.eu\/brillantblockhaus\/de\/produkt\/ts28-dt-gh\/","url":"https:\/\/shop.bertsch-holzbau.eu\/brillantblockhaus\/de\/produkt\/ts28-dt-gh\/","name":"TS28-DT-GH - Brillant","isPartOf":{"@id":"https:\/\/shop.bertsch-holzbau.eu\/brillantblockhaus\/de\/#website"},"primaryImageOfPage":{"@id":"https:\/\/shop.bertsch-holzbau.eu\/brillantblockhaus\/de\/produkt\/ts28-dt-gh\/#primaryimage"},"image":{"@id":"https:\/\/shop.bertsch-holzbau.eu\/brillantblockhaus\/de\/produkt\/ts28-dt-gh\/#primaryimage"},"thumbnailUrl":"https:\/\/shop.bertsch-holzbau.eu\/brillantblockhaus\/wp-content\/uploads\/sites\/34\/2024\/05\/d4.webp","datePublished":"2024-04-10T20:26:46+00:00","dateModified":"2024-04-10T20:26:46+00:00","breadcrumb":{"@id":"https:\/\/shop.bertsch-holzbau.eu\/brillantblockhaus\/de\/produkt\/ts28-dt-gh\/#breadcrumb"},"inLanguage":"de","potentialAction":[{"@type":"ReadAction","target":["https:\/\/shop.bertsch-holzbau.eu\/brillantblockhaus\/de\/produkt\/ts28-dt-gh\/"]}]},{"@type":"ImageObject","inLanguage":"de","@id":"https:\/\/shop.bertsch-holzbau.eu\/brillantblockhaus\/de\/produkt\/ts28-dt-gh\/#primaryimage","url":"https:\/\/shop.bertsch-holzbau.eu\/brillantblockhaus\/wp-content\/uploads\/sites\/34\/2024\/05\/d4.webp","contentUrl":"https:\/\/shop.bertsch-holzbau.eu\/brillantblockhaus\/wp-content\/uploads\/sites\/34\/2024\/05\/d4.webp","width":768,"height":768},{"@type":"BreadcrumbList","@id":"https:\/\/shop.bertsch-holzbau.eu\/brillantblockhaus\/de\/produkt\/ts28-dt-gh\/#breadcrumb","itemListElement":[{"@type":"ListItem","position":1,"name":"Strona g\u0142\u00f3wna","item":"https:\/\/shop.bertsch-holzbau.eu\/brillantblockhaus\/de\/"},{"@type":"ListItem","position":2,"name":"Shop","item":"https:\/\/shop.bertsch-holzbau.eu\/brillantblockhaus\/de\/shop\/"},{"@type":"ListItem","position":3,"name":"TS28-DT-GH"}]},{"@type":"WebSite","@id":"https:\/\/shop.bertsch-holzbau.eu\/brillantblockhaus\/de\/#website","url":"https:\/\/shop.bertsch-holzbau.eu\/brillantblockhaus\/de\/","name":"Brillant","description":"Domy modu\u0142owe, domki z profili, ogrodowe, domy z bali","publisher":{"@id":"https:\/\/shop.bertsch-holzbau.eu\/brillantblockhaus\/de\/#organization"},"potentialAction":[{"@type":"SearchAction","target":{"@type":"EntryPoint","urlTemplate":"https:\/\/shop.bertsch-holzbau.eu\/brillantblockhaus\/de\/?s={search_term_string}"},"query-input":"required name=search_term_string"}],"inLanguage":"de"},{"@type":"Organization","@id":"https:\/\/shop.bertsch-holzbau.eu\/brillantblockhaus\/de\/#organization","name":"Brillant","url":"https:\/\/shop.bertsch-holzbau.eu\/brillantblockhaus\/de\/","logo":{"@type":"ImageObject","inLanguage":"de","@id":"https:\/\/shop.bertsch-holzbau.eu\/brillantblockhaus\/de\/#\/schema\/logo\/image\/","url":"https:\/\/shop.bertsch-holzbau.eu\/brillantblockhaus\/wp-content\/uploads\/sites\/34\/2022\/07\/logo-pl.png","contentUrl":"https:\/\/shop.bertsch-holzbau.eu\/brillantblockhaus\/wp-content\/uploads\/sites\/34\/2022\/07\/logo-pl.png","width":2000,"height":482,"caption":"Brillant"},"image":{"@id":"https:\/\/shop.bertsch-holzbau.eu\/brillantblockhaus\/de\/#\/schema\/logo\/image\/"}}]}},"_links":{"self":[{"href":"https:\/\/shop.bertsch-holzbau.eu\/brillantblockhaus\/de\/wp-json\/wp\/v2\/product\/33891"}],"collection":[{"href":"https:\/\/shop.bertsch-holzbau.eu\/brillantblockhaus\/de\/wp-json\/wp\/v2\/product"}],"about":[{"href":"https:\/\/shop.bertsch-holzbau.eu\/brillantblockhaus\/de\/wp-json\/wp\/v2\/types\/product"}],"wp:featuredmedia":[{"embeddable":true,"href":"https:\/\/shop.bertsch-holzbau.eu\/brillantblockhaus\/de\/wp-json\/wp\/v2\/media\/35214"}],"wp:attachment":[{"href":"https:\/\/shop.bertsch-holzbau.eu\/brillantblockhaus\/de\/wp-json\/wp\/v2\/media?parent=33891"}],"wp:term":[{"taxonomy":"product_cat","embeddable":true,"href":"https:\/\/shop.bertsch-holzbau.eu\/brillantblockhaus\/de\/wp-json\/wp\/v2\/product_cat?post=33891"},{"taxonomy":"product_tag","embeddable":true,"href":"https:\/\/shop.bertsch-holzbau.eu\/brillantblockhaus\/de\/wp-json\/wp\/v2\/product_tag?post=33891"}],"curies":[{"name":"wp","href":"https:\/\/api.w.org\/{rel}","templated":true}]}}