{"id":15425,"date":"2022-08-22T13:05:35","date_gmt":"2022-08-22T11:05:35","guid":{"rendered":"http:\/\/shop.bertsch-holzbau.eu\/brillantblockhaus\/?post_type=product&#038;p=15425"},"modified":"2025-06-10T12:46:30","modified_gmt":"2025-06-10T10:46:30","slug":"ts-h28-3024-dt","status":"publish","type":"product","link":"https:\/\/shop.bertsch-holzbau.eu\/brillantblockhaus\/produkt\/ts-h28-3024-dt\/","title":{"rendered":"TS-H28-3024-DT"},"content":{"rendered":"<table class=\"alt\">\n<tbody>\n<tr>\n<td>Typ Systemu<\/td>\n<td>Zuluna \/ Basic<\/td>\n<\/tr>\n<tr>\n<td>Kszta\u0142t dachu<\/td>\n<td>Dach Dwuspadowy<\/td>\n<\/tr>\n<tr>\n<td>Grubo\u015b\u0107<\/td>\n<td>28 mm<\/td>\n<\/tr>\n<tr>\n<td>Wymiary \u015bciany (Sz\/D)<\/td>\n<td>300 x 240 cm<\/td>\n<\/tr>\n<tr>\n<td>Wysoko\u015b\u0107 \u015bciany bocznej<\/td>\n<td>190 cm<\/td>\n<\/tr>\n<tr>\n<td>Wysoko\u015b\u0107 maksymalna<\/td>\n<td>247 cm<\/td>\n<\/tr>\n<tr>\n<td>Powierzchnia dachu<\/td>\n<td>10,9 m\u00b2<\/td>\n<\/tr>\n<tr>\n<td>Wypust dachu \/ Prz\u00f3d<\/td>\n<td>40 cm<\/td>\n<\/tr>\n<tr>\n<td>Wypust dachu \/ Ty\u0142<\/td>\n<td>20 cm<\/td>\n<\/tr>\n<tr>\n<td>Wypust dachu \/ Lewo<\/td>\n<td>20 cm<\/td>\n<\/tr>\n<tr>\n<td>Wypust dachu \/ Prawo<\/td>\n<td>20 cm<\/td>\n<\/tr>\n<tr>\n<td>K\u0105t dachu<\/td>\n<td>20 \u00b0<\/td>\n<\/tr>\n<tr>\n<td>Drzwi<\/td>\n<td>DT 142 x 184 cm<\/td>\n<\/tr>\n<tr>\n<td>Opcjonalne Akcesoria<\/td>\n<td>\n<ul class=\"accessories\">\n<li>Pod\u0142oga \/ Rama fundamentowa: FR28-3024<\/li>\n<\/ul>\n<ul class=\"accessories\">\n<li>1 x Rynna: 221B<\/li>\n<\/ul>\n<ul class=\"accessories\">\n<li>5 x Gont Prostok\u0105tny<\/li>\n<li>5 x Gont \u0141uska<\/li>\n<\/ul>\n<\/td>\n<\/tr>\n<tr>\n<td>ID Obiektu<\/td>\n<td>66<\/td>\n<\/tr>\n<tr>\n<td>Warianty ID Obiektu<\/td>\n<td>67<\/td>\n<\/tr>\n<\/tbody>\n<\/table>\n","protected":false},"excerpt":{"rendered":"<p>Typ Systemu Zuluna \/ Basic Kszta\u0142t dachu Dach Dwuspadowy Grubo\u015b\u0107 28 mm Wymiary \u015bciany (Sz\/D) 300 x 240 cm Wysoko\u015b\u0107 \u015bciany bocznej 190 cm Wysoko\u015b\u0107 maksymalna 247 cm Powierzchnia dachu 10,9 m\u00b2 Wypust dachu \/ Prz\u00f3d 40 cm Wypust dachu \/ Ty\u0142 20 cm Wypust dachu \/ Lewo 20 cm Wypust dachu \/ Prawo 20 [&hellip;]<\/p>\n","protected":false},"featured_media":38315,"template":"","meta":[],"product_cat":[220,195],"product_tag":[],"yoast_head":"<!-- This site is optimized with the Yoast SEO plugin v22.5 - https:\/\/yoast.com\/wordpress\/plugins\/seo\/ -->\n<title>TS-H28-3024-DT - Brillant<\/title>\n<meta name=\"robots\" content=\"index, follow, max-snippet:-1, max-image-preview:large, max-video-preview:-1\" \/>\n<link rel=\"canonical\" href=\"https:\/\/shop.bertsch-holzbau.eu\/brillantblockhaus\/produkt\/ts-h28-3024-dt\/\" \/>\n<meta property=\"og:locale\" content=\"pl_PL\" \/>\n<meta property=\"og:type\" content=\"article\" \/>\n<meta property=\"og:title\" content=\"TS-H28-3024-DT - Brillant\" \/>\n<meta property=\"og:description\" content=\"Typ Systemu Zuluna \/ Basic Kszta\u0142t dachu Dach Dwuspadowy Grubo\u015b\u0107 28 mm Wymiary \u015bciany (Sz\/D) 300 x 240 cm Wysoko\u015b\u0107 \u015bciany bocznej 190 cm Wysoko\u015b\u0107 maksymalna 247 cm Powierzchnia dachu 10,9 m\u00b2 Wypust dachu \/ Prz\u00f3d 40 cm Wypust dachu \/ Ty\u0142 20 cm Wypust dachu \/ Lewo 20 cm Wypust dachu \/ Prawo 20 [&hellip;]\" \/>\n<meta property=\"og:url\" content=\"https:\/\/shop.bertsch-holzbau.eu\/brillantblockhaus\/produkt\/ts-h28-3024-dt\/\" \/>\n<meta property=\"og:site_name\" content=\"Brillant\" \/>\n<meta property=\"article:modified_time\" content=\"2025-06-10T10:46:30+00:00\" \/>\n<meta property=\"og:image\" content=\"https:\/\/shop.bertsch-holzbau.eu\/brillantblockhaus\/wp-content\/uploads\/sites\/34\/2022\/08\/TS-H28-3024-DT_ID66.webp\" \/>\n\t<meta property=\"og:image:width\" content=\"1920\" \/>\n\t<meta property=\"og:image:height\" content=\"1080\" \/>\n\t<meta property=\"og:image:type\" content=\"image\/webp\" \/>\n<meta name=\"twitter:card\" content=\"summary_large_image\" \/>\n<meta name=\"twitter:label1\" content=\"Szacowany czas czytania\" \/>\n\t<meta name=\"twitter:data1\" content=\"1 minuta\" \/>\n<script type=\"application\/ld+json\" class=\"yoast-schema-graph\">{\"@context\":\"https:\/\/schema.org\",\"@graph\":[{\"@type\":\"WebPage\",\"@id\":\"https:\/\/shop.bertsch-holzbau.eu\/brillantblockhaus\/produkt\/ts-h28-3024-dt\/\",\"url\":\"https:\/\/shop.bertsch-holzbau.eu\/brillantblockhaus\/produkt\/ts-h28-3024-dt\/\",\"name\":\"TS-H28-3024-DT - Brillant\",\"isPartOf\":{\"@id\":\"https:\/\/shop.bertsch-holzbau.eu\/brillantblockhaus\/#website\"},\"primaryImageOfPage\":{\"@id\":\"https:\/\/shop.bertsch-holzbau.eu\/brillantblockhaus\/produkt\/ts-h28-3024-dt\/#primaryimage\"},\"image\":{\"@id\":\"https:\/\/shop.bertsch-holzbau.eu\/brillantblockhaus\/produkt\/ts-h28-3024-dt\/#primaryimage\"},\"thumbnailUrl\":\"https:\/\/shop.bertsch-holzbau.eu\/brillantblockhaus\/wp-content\/uploads\/sites\/34\/2022\/08\/TS-H28-3024-DT_ID66.webp\",\"datePublished\":\"2022-08-22T11:05:35+00:00\",\"dateModified\":\"2025-06-10T10:46:30+00:00\",\"breadcrumb\":{\"@id\":\"https:\/\/shop.bertsch-holzbau.eu\/brillantblockhaus\/produkt\/ts-h28-3024-dt\/#breadcrumb\"},\"inLanguage\":\"pl-PL\",\"potentialAction\":[{\"@type\":\"ReadAction\",\"target\":[\"https:\/\/shop.bertsch-holzbau.eu\/brillantblockhaus\/produkt\/ts-h28-3024-dt\/\"]}]},{\"@type\":\"ImageObject\",\"inLanguage\":\"pl-PL\",\"@id\":\"https:\/\/shop.bertsch-holzbau.eu\/brillantblockhaus\/produkt\/ts-h28-3024-dt\/#primaryimage\",\"url\":\"https:\/\/shop.bertsch-holzbau.eu\/brillantblockhaus\/wp-content\/uploads\/sites\/34\/2022\/08\/TS-H28-3024-DT_ID66.webp\",\"contentUrl\":\"https:\/\/shop.bertsch-holzbau.eu\/brillantblockhaus\/wp-content\/uploads\/sites\/34\/2022\/08\/TS-H28-3024-DT_ID66.webp\",\"width\":1920,\"height\":1080},{\"@type\":\"BreadcrumbList\",\"@id\":\"https:\/\/shop.bertsch-holzbau.eu\/brillantblockhaus\/produkt\/ts-h28-3024-dt\/#breadcrumb\",\"itemListElement\":[{\"@type\":\"ListItem\",\"position\":1,\"name\":\"Strona g\u0142\u00f3wna\",\"item\":\"https:\/\/shop.bertsch-holzbau.eu\/brillantblockhaus\/\"},{\"@type\":\"ListItem\",\"position\":2,\"name\":\"Sklep\",\"item\":\"https:\/\/shop.bertsch-holzbau.eu\/brillantblockhaus\/sklep\/\"},{\"@type\":\"ListItem\",\"position\":3,\"name\":\"TS-H28-3024-DT\"}]},{\"@type\":\"WebSite\",\"@id\":\"https:\/\/shop.bertsch-holzbau.eu\/brillantblockhaus\/#website\",\"url\":\"https:\/\/shop.bertsch-holzbau.eu\/brillantblockhaus\/\",\"name\":\"Brillant\",\"description\":\"Domy modu\u0142owe, domki z profili, ogrodowe, domy z bali\",\"publisher\":{\"@id\":\"https:\/\/shop.bertsch-holzbau.eu\/brillantblockhaus\/#organization\"},\"potentialAction\":[{\"@type\":\"SearchAction\",\"target\":{\"@type\":\"EntryPoint\",\"urlTemplate\":\"https:\/\/shop.bertsch-holzbau.eu\/brillantblockhaus\/?s={search_term_string}\"},\"query-input\":\"required name=search_term_string\"}],\"inLanguage\":\"pl-PL\"},{\"@type\":\"Organization\",\"@id\":\"https:\/\/shop.bertsch-holzbau.eu\/brillantblockhaus\/#organization\",\"name\":\"Brillant\",\"url\":\"https:\/\/shop.bertsch-holzbau.eu\/brillantblockhaus\/\",\"logo\":{\"@type\":\"ImageObject\",\"inLanguage\":\"pl-PL\",\"@id\":\"https:\/\/shop.bertsch-holzbau.eu\/brillantblockhaus\/#\/schema\/logo\/image\/\",\"url\":\"https:\/\/shop.bertsch-holzbau.eu\/brillantblockhaus\/wp-content\/uploads\/sites\/34\/2022\/07\/logo-pl.png\",\"contentUrl\":\"https:\/\/shop.bertsch-holzbau.eu\/brillantblockhaus\/wp-content\/uploads\/sites\/34\/2022\/07\/logo-pl.png\",\"width\":2000,\"height\":482,\"caption\":\"Brillant\"},\"image\":{\"@id\":\"https:\/\/shop.bertsch-holzbau.eu\/brillantblockhaus\/#\/schema\/logo\/image\/\"}}]}<\/script>\n<!-- \/ Yoast SEO plugin. -->","yoast_head_json":{"title":"TS-H28-3024-DT - Brillant","robots":{"index":"index","follow":"follow","max-snippet":"max-snippet:-1","max-image-preview":"max-image-preview:large","max-video-preview":"max-video-preview:-1"},"canonical":"https:\/\/shop.bertsch-holzbau.eu\/brillantblockhaus\/produkt\/ts-h28-3024-dt\/","og_locale":"pl_PL","og_type":"article","og_title":"TS-H28-3024-DT - Brillant","og_description":"Typ Systemu Zuluna \/ Basic Kszta\u0142t dachu Dach Dwuspadowy Grubo\u015b\u0107 28 mm Wymiary \u015bciany (Sz\/D) 300 x 240 cm Wysoko\u015b\u0107 \u015bciany bocznej 190 cm Wysoko\u015b\u0107 maksymalna 247 cm Powierzchnia dachu 10,9 m\u00b2 Wypust dachu \/ Prz\u00f3d 40 cm Wypust dachu \/ Ty\u0142 20 cm Wypust dachu \/ Lewo 20 cm Wypust dachu \/ Prawo 20 [&hellip;]","og_url":"https:\/\/shop.bertsch-holzbau.eu\/brillantblockhaus\/produkt\/ts-h28-3024-dt\/","og_site_name":"Brillant","article_modified_time":"2025-06-10T10:46:30+00:00","og_image":[{"width":1920,"height":1080,"url":"https:\/\/shop.bertsch-holzbau.eu\/brillantblockhaus\/wp-content\/uploads\/sites\/34\/2022\/08\/TS-H28-3024-DT_ID66.webp","type":"image\/webp"}],"twitter_card":"summary_large_image","twitter_misc":{"Szacowany czas czytania":"1 minuta"},"schema":{"@context":"https:\/\/schema.org","@graph":[{"@type":"WebPage","@id":"https:\/\/shop.bertsch-holzbau.eu\/brillantblockhaus\/produkt\/ts-h28-3024-dt\/","url":"https:\/\/shop.bertsch-holzbau.eu\/brillantblockhaus\/produkt\/ts-h28-3024-dt\/","name":"TS-H28-3024-DT - Brillant","isPartOf":{"@id":"https:\/\/shop.bertsch-holzbau.eu\/brillantblockhaus\/#website"},"primaryImageOfPage":{"@id":"https:\/\/shop.bertsch-holzbau.eu\/brillantblockhaus\/produkt\/ts-h28-3024-dt\/#primaryimage"},"image":{"@id":"https:\/\/shop.bertsch-holzbau.eu\/brillantblockhaus\/produkt\/ts-h28-3024-dt\/#primaryimage"},"thumbnailUrl":"https:\/\/shop.bertsch-holzbau.eu\/brillantblockhaus\/wp-content\/uploads\/sites\/34\/2022\/08\/TS-H28-3024-DT_ID66.webp","datePublished":"2022-08-22T11:05:35+00:00","dateModified":"2025-06-10T10:46:30+00:00","breadcrumb":{"@id":"https:\/\/shop.bertsch-holzbau.eu\/brillantblockhaus\/produkt\/ts-h28-3024-dt\/#breadcrumb"},"inLanguage":"pl-PL","potentialAction":[{"@type":"ReadAction","target":["https:\/\/shop.bertsch-holzbau.eu\/brillantblockhaus\/produkt\/ts-h28-3024-dt\/"]}]},{"@type":"ImageObject","inLanguage":"pl-PL","@id":"https:\/\/shop.bertsch-holzbau.eu\/brillantblockhaus\/produkt\/ts-h28-3024-dt\/#primaryimage","url":"https:\/\/shop.bertsch-holzbau.eu\/brillantblockhaus\/wp-content\/uploads\/sites\/34\/2022\/08\/TS-H28-3024-DT_ID66.webp","contentUrl":"https:\/\/shop.bertsch-holzbau.eu\/brillantblockhaus\/wp-content\/uploads\/sites\/34\/2022\/08\/TS-H28-3024-DT_ID66.webp","width":1920,"height":1080},{"@type":"BreadcrumbList","@id":"https:\/\/shop.bertsch-holzbau.eu\/brillantblockhaus\/produkt\/ts-h28-3024-dt\/#breadcrumb","itemListElement":[{"@type":"ListItem","position":1,"name":"Strona g\u0142\u00f3wna","item":"https:\/\/shop.bertsch-holzbau.eu\/brillantblockhaus\/"},{"@type":"ListItem","position":2,"name":"Sklep","item":"https:\/\/shop.bertsch-holzbau.eu\/brillantblockhaus\/sklep\/"},{"@type":"ListItem","position":3,"name":"TS-H28-3024-DT"}]},{"@type":"WebSite","@id":"https:\/\/shop.bertsch-holzbau.eu\/brillantblockhaus\/#website","url":"https:\/\/shop.bertsch-holzbau.eu\/brillantblockhaus\/","name":"Brillant","description":"Domy modu\u0142owe, domki z profili, ogrodowe, domy z bali","publisher":{"@id":"https:\/\/shop.bertsch-holzbau.eu\/brillantblockhaus\/#organization"},"potentialAction":[{"@type":"SearchAction","target":{"@type":"EntryPoint","urlTemplate":"https:\/\/shop.bertsch-holzbau.eu\/brillantblockhaus\/?s={search_term_string}"},"query-input":"required name=search_term_string"}],"inLanguage":"pl-PL"},{"@type":"Organization","@id":"https:\/\/shop.bertsch-holzbau.eu\/brillantblockhaus\/#organization","name":"Brillant","url":"https:\/\/shop.bertsch-holzbau.eu\/brillantblockhaus\/","logo":{"@type":"ImageObject","inLanguage":"pl-PL","@id":"https:\/\/shop.bertsch-holzbau.eu\/brillantblockhaus\/#\/schema\/logo\/image\/","url":"https:\/\/shop.bertsch-holzbau.eu\/brillantblockhaus\/wp-content\/uploads\/sites\/34\/2022\/07\/logo-pl.png","contentUrl":"https:\/\/shop.bertsch-holzbau.eu\/brillantblockhaus\/wp-content\/uploads\/sites\/34\/2022\/07\/logo-pl.png","width":2000,"height":482,"caption":"Brillant"},"image":{"@id":"https:\/\/shop.bertsch-holzbau.eu\/brillantblockhaus\/#\/schema\/logo\/image\/"}}]}},"_links":{"self":[{"href":"https:\/\/shop.bertsch-holzbau.eu\/brillantblockhaus\/wp-json\/wp\/v2\/product\/15425"}],"collection":[{"href":"https:\/\/shop.bertsch-holzbau.eu\/brillantblockhaus\/wp-json\/wp\/v2\/product"}],"about":[{"href":"https:\/\/shop.bertsch-holzbau.eu\/brillantblockhaus\/wp-json\/wp\/v2\/types\/product"}],"wp:featuredmedia":[{"embeddable":true,"href":"https:\/\/shop.bertsch-holzbau.eu\/brillantblockhaus\/wp-json\/wp\/v2\/media\/38315"}],"wp:attachment":[{"href":"https:\/\/shop.bertsch-holzbau.eu\/brillantblockhaus\/wp-json\/wp\/v2\/media?parent=15425"}],"wp:term":[{"taxonomy":"product_cat","embeddable":true,"href":"https:\/\/shop.bertsch-holzbau.eu\/brillantblockhaus\/wp-json\/wp\/v2\/product_cat?post=15425"},{"taxonomy":"product_tag","embeddable":true,"href":"https:\/\/shop.bertsch-holzbau.eu\/brillantblockhaus\/wp-json\/wp\/v2\/product_tag?post=15425"}],"curies":[{"name":"wp","href":"https:\/\/api.w.org\/{rel}","templated":true}]}}