{"id":10,"date":"2023-02-28T09:29:04","date_gmt":"2023-02-28T08:29:04","guid":{"rendered":"http:\/\/shop.bertsch-holzbau.eu\/herkommer\/?page_id=10"},"modified":"2023-03-13T13:08:31","modified_gmt":"2023-03-13T12:08:31","slug":"zwroty","status":"publish","type":"page","link":"https:\/\/shop.bertsch-holzbau.eu\/herkommer\/zwroty\/","title":{"rendered":"Polityka zwrot\u00f3w"},"content":{"rendered":"\n<p><strong>POLITYKA ZWROT\u00d3W SKLEPU INTERNETOWEGO WWW.BERTSCH-HOLZBAU.EU<\/strong><\/p>\n\n\n\n<ol type=\"1\">\n<li>&nbsp;Zgodnie z obowi\u0105zuj\u0105cymi przepisami Klient b\u0119d\u0105cy Konsumentem w oparciu o art. 27 ust. 1 ustawy z dnia 30 maja 2014 roku o prawach konsumenta ma prawo w terminie 14 dni kalendarzowych od dnia dostarczenia zam\u00f3wionego Towaru do odst\u0105pienia od umowy zawartej na odleg\u0142o\u015b\u0107 bez podawania przyczyny i bez ponoszenia koszt\u00f3w, z wyj\u0105tkiem koszt\u00f3w okre\u015blonych w art. 33, art. 34 ust. 2 i art. 35 ustawy o prawach konsumenta.<\/li>\n\n\n\n<li>Prawo odst\u0105pienia od umowy nie przys\u0142uguje w przypadkach okre\u015blonych w art. 38 ustawy o prawach konsumenta, w szczeg\u00f3lno\u015bci w odniesieniu do um\u00f3w:\n\n\n<ol>\n<li>o \u015bwiadczenie us\u0142ug, za kt\u00f3re Konsument jest zobowi\u0105zany do zap\u0142aty ceny, je\u017celi Sprzedawca wykona\u0142 w pe\u0142ni us\u0142ug\u0119 za wyra\u017an\u0105 i uprzedni\u0105 zgod\u0105 konsumenta, kt\u00f3ry zosta\u0142 poinformowany przed rozpocz\u0119ciem \u015bwiadczenia, \u017ce po spe\u0142nieniu \u015bwiadczenia przez Sprzedawc\u0119 utraci prawo odst\u0105pienia od umowy, i przyj\u0105\u0142 to do wiadomo\u015bci;<\/li>\n\n\n\n<li>w kt\u00f3rej cena lub wynagrodzenie zale\u017cy od waha\u0144 na rynku finansowym, nad kt\u00f3rymi Sprzedawca nie sprawuje kontroli, i kt\u00f3re mog\u0105 wyst\u0105pi\u0107 przed up\u0142ywem terminu do odst\u0105pienia od umowy;<\/li>\n\n\n\n<li><strong>w kt\u00f3rej przedmiotem \u015bwiadczenia jest towar nieprefabrykowany, wyprodukowany wed\u0142ug specyfikacji Konsumenta lub s\u0142u\u017c\u0105cy zaspokojeniu jego zindywidualizowanych potrzeb;<\/strong><\/li>\n\n\n\n<li>w kt\u00f3rej przedmiotem \u015bwiadczenia jest Towar ulegaj\u0105cy szybkiemu zepsuciu lub maj\u0105cy kr\u00f3tki termin przydatno\u015bci do u\u017cycia;<\/li>\n\n\n\n<li>w kt\u00f3rej przedmiotem \u015bwiadczenia jest Towar dostarczany w zapiecz\u0119towanym opakowaniu, kt\u00f3rego po otwarciu opakowania nie mo\u017cna zwr\u00f3ci\u0107 ze wzgl\u0119du na ochron\u0119 zdrowia lub ze wzgl\u0119d\u00f3w higienicznych, je\u017celi opakowanie zosta\u0142o otwarte po dostarczeniu;<\/li>\n\n\n\n<li>w kt\u00f3rej przedmiotem \u015bwiadczenia s\u0105 Towary, kt\u00f3re po dostarczeniu, ze wzgl\u0119du na sw\u00f3j charakter, zostaj\u0105 nieroz\u0142\u0105cznie po\u0142\u0105czone z innymi towarami.<\/li>\n<\/ol>\n\n\n\n<ul>\n<li><\/li>\n<\/ul>\n<\/li>\n\n\n\n<li>Klient b\u0119d\u0105cy Konsumentem mo\u017ce odst\u0105pi\u0107 od umowy informuj\u0105c Sprzedawc\u0119 o swojej decyzji o odst\u0105pieniu od Umowy Sprzeda\u017cy w drodze jednoznacznego o\u015bwiadczenia poprzez przes\u0142ania pisma poczt\u0105 na adres: BHB BERTSCH HOLZBAU sp\u00f3\u0142ka z ograniczon\u0105 odpowiedzialno\u015bci\u0105 w Nowym S\u0105czu, ul. Jana Paw\u0142a II 29, 33-300 lub przes\u0142anie tego o\u015bwiadczenia za po\u015brednictwem poczty elektronicznej na adres: shop@bertsch-holzbau.eu.&nbsp; Dla zachowania terminu do odst\u0105pienia od umowy wystarczy wys\u0142anie o\u015bwiadczenia przed jego up\u0142ywem.<\/li>\n\n\n\n<li>W przypadku odst\u0105pienia od Umowy Sprzeda\u017cy zawartej na odleg\u0142o\u015b\u0107 umow\u0119 uwa\u017ca si\u0119 za niezawart\u0105.<\/li>\n\n\n\n<li>Konsument ma obowi\u0105zek niezw\u0142ocznie zwr\u00f3ci\u0107 Produkt Sprzedawcy nie p\u00f3\u017aniej ni\u017c w terminie 14 dni od dnia, w kt\u00f3rym odst\u0105pi\u0142 od Umowy Sprzeda\u017cy.&nbsp; Konsument dokonuje zwrotu Produktu na adres: ul. Jana Paw\u0142a II 29, 33-300 Nowy S\u0105cz.<\/li>\n\n\n\n<li>Konsument ma obowi\u0105zek zabezpieczy\u0107 zwracany Produkt w taki spos\u00f3b aby nie uleg\u0142 on zniszczeniu w czasie transportu. Do zwracanego Produktu powinien zosta\u0107 do\u0142\u0105czony dokument sprzeda\u017cy lub jego kserokopia.&nbsp;<\/li>\n\n\n\n<li>Konsument ponosi bezpo\u015brednie koszty zwi\u0105zane ze zwrotem Produktu, w tym koszty odes\u0142ania zwracanego towaru. Ze wzgl\u0119du na wag\u0119 towaru oraz gabaryty, odes\u0142anie Produktu mo\u017ce wi\u0105za\u0107 si\u0119 z wy\u017cszymi kosztami ni\u017c zwyk\u0142a przesy\u0142ka pocztowa.&nbsp;<\/li>\n\n\n\n<li>Konsument ponosi odpowiedzialno\u015b\u0107 za zmniejszenie warto\u015bci Produktu b\u0119d\u0105ce wynikiem korzystania z niego w spos\u00f3b wykraczaj\u0105cy poza konieczny do stwierdzenia charakteru, cech i funkcjonowania Towaru.<\/li>\n\n\n\n<li>W przypadku skutecznego odst\u0105pienia od umowy Sprzedawca zwraca otrzymane od Klienta p\u0142atno\u015bci, w tym koszty dostarczenia Towaru do Klienta ( z wyj\u0105tkiem dodatkowych koszt\u00f3w wynikaj\u0105cych z wybranego przez Klienta sposobu dostarczenia Produktu&nbsp; innego ni\u017c najta\u0144szy zwyk\u0142y spos\u00f3b dostarczenia oferowany przez Sprzedawc\u0119).<\/li>\n\n\n\n<li>Sprzedawca dokonuje zwrotu w terminie 14 dni od dnia otrzymania o\u015bwiadczenia o odst\u0105pieniu od umowy, ale mo\u017ce wstrzyma\u0107 si\u0119 ze zwrotem tych p\u0142atno\u015bci do czasu otrzymania Towaru lub do czasu dostarczenia Sprzedawcy dowodu jego odes\u0142ania, w zale\u017cno\u015bci od tego, kt\u00f3re zdarzenie nast\u0105pi wcze\u015bniej.<\/li>\n\n\n\n<li>Sprzedawca dokonuje zwrotu p\u0142atno\u015bci przy u\u017cyciu takiego samego sposobu zap\u0142aty, jakiego u\u017cy\u0142 Konsument, chyba \u017ce Konsument wyra\u017anie zgodzi\u0142 si\u0119 na inny spos\u00f3b zwrotu, kt\u00f3ry nie wi\u0105\u017ce si\u0119 dla niego z \u017cadnymi kosztami.<\/li>\n\n\n\n<li>Postanowienia zawarte w niniejszej Polityce Zwrot\u00f3w stosuje si\u0119 do osoby fizycznej zawieraj\u0105cej umow\u0119 bezpo\u015brednio zwi\u0105zan\u0105 z jej dzia\u0142alno\u015bci\u0105 gospodarcz\u0105, gdy z tre\u015bci tej umowy wynika, \u017ce nie posiada ona dla niej charakteru zawodowego, wynikaj\u0105cego w szczeg\u00f3lno\u015bci z przedmiotu wykonywanej przez ni\u0105 dzia\u0142alno\u015bci gospodarczej, udost\u0119pnionego na podstawie przepis\u00f3w o Centralnej Ewidencji i Informacji o Dzia\u0142alno\u015bci Gospodarczej.<\/li>\n<\/ol>\n\n\n\n<ul>\n<li><\/li>\n<\/ul>\n","protected":false},"excerpt":{"rendered":"<p>POLITYKA ZWROT\u00d3W SKLEPU INTERNETOWEGO WWW.BERTSCH-HOLZBAU.EU<\/p>\n","protected":false},"author":1,"featured_media":0,"parent":0,"menu_order":0,"comment_status":"closed","ping_status":"closed","template":"","meta":{"footnotes":""},"yoast_head":"<!-- This site is optimized with the Yoast SEO plugin v22.5 - https:\/\/yoast.com\/wordpress\/plugins\/seo\/ -->\n<title>Polityka zwrot\u00f3w sklepu internetowego \u2013 BHB Bertsch Holzbau<\/title>\n<meta name=\"robots\" content=\"index, follow, max-snippet:-1, max-image-preview:large, max-video-preview:-1\" \/>\n<link rel=\"canonical\" href=\"https:\/\/shop.bertsch-holzbau.eu\/herkommer\/zwroty\/\" \/>\n<meta property=\"og:locale\" content=\"pl_PL\" \/>\n<meta property=\"og:type\" content=\"article\" \/>\n<meta property=\"og:title\" content=\"Polityka zwrot\u00f3w sklepu internetowego \u2013 BHB Bertsch Holzbau\" \/>\n<meta property=\"og:description\" content=\"POLITYKA ZWROT\u00d3W SKLEPU INTERNETOWEGO WWW.BERTSCH-HOLZBAU.EU\" \/>\n<meta property=\"og:url\" content=\"https:\/\/shop.bertsch-holzbau.eu\/herkommer\/zwroty\/\" \/>\n<meta property=\"og:site_name\" content=\"Herkommer\" \/>\n<meta property=\"article:modified_time\" content=\"2023-03-13T12:08:31+00:00\" \/>\n<meta name=\"twitter:card\" content=\"summary_large_image\" \/>\n<meta name=\"twitter:label1\" content=\"Szacowany czas czytania\" \/>\n\t<meta name=\"twitter:data1\" content=\"4 minuty\" \/>\n<script type=\"application\/ld+json\" class=\"yoast-schema-graph\">{\"@context\":\"https:\/\/schema.org\",\"@graph\":[{\"@type\":\"WebPage\",\"@id\":\"https:\/\/shop.bertsch-holzbau.eu\/herkommer\/zwroty\/\",\"url\":\"https:\/\/shop.bertsch-holzbau.eu\/herkommer\/zwroty\/\",\"name\":\"Polityka zwrot\u00f3w sklepu internetowego \u2013 BHB Bertsch Holzbau\",\"isPartOf\":{\"@id\":\"https:\/\/shop.bertsch-holzbau.eu\/herkommer\/#website\"},\"datePublished\":\"2023-02-28T08:29:04+00:00\",\"dateModified\":\"2023-03-13T12:08:31+00:00\",\"breadcrumb\":{\"@id\":\"https:\/\/shop.bertsch-holzbau.eu\/herkommer\/zwroty\/#breadcrumb\"},\"inLanguage\":\"pl-PL\",\"potentialAction\":[{\"@type\":\"ReadAction\",\"target\":[\"https:\/\/shop.bertsch-holzbau.eu\/herkommer\/zwroty\/\"]}]},{\"@type\":\"BreadcrumbList\",\"@id\":\"https:\/\/shop.bertsch-holzbau.eu\/herkommer\/zwroty\/#breadcrumb\",\"itemListElement\":[{\"@type\":\"ListItem\",\"position\":1,\"name\":\"Strona g\u0142\u00f3wna\",\"item\":\"https:\/\/shop.bertsch-holzbau.eu\/herkommer\/\"},{\"@type\":\"ListItem\",\"position\":2,\"name\":\"Polityka zwrot\u00f3w\"}]},{\"@type\":\"WebSite\",\"@id\":\"https:\/\/shop.bertsch-holzbau.eu\/herkommer\/#website\",\"url\":\"https:\/\/shop.bertsch-holzbau.eu\/herkommer\/\",\"name\":\"Herkommer\",\"description\":\"Domy modu\u0142owe, domki z profili, ogrodowe, domy z bali\",\"publisher\":{\"@id\":\"https:\/\/shop.bertsch-holzbau.eu\/herkommer\/#organization\"},\"potentialAction\":[{\"@type\":\"SearchAction\",\"target\":{\"@type\":\"EntryPoint\",\"urlTemplate\":\"https:\/\/shop.bertsch-holzbau.eu\/herkommer\/?s={search_term_string}\"},\"query-input\":\"required name=search_term_string\"}],\"inLanguage\":\"pl-PL\"},{\"@type\":\"Organization\",\"@id\":\"https:\/\/shop.bertsch-holzbau.eu\/herkommer\/#organization\",\"name\":\"Herkommer\",\"url\":\"https:\/\/shop.bertsch-holzbau.eu\/herkommer\/\",\"logo\":{\"@type\":\"ImageObject\",\"inLanguage\":\"pl-PL\",\"@id\":\"https:\/\/shop.bertsch-holzbau.eu\/herkommer\/#\/schema\/logo\/image\/\",\"url\":\"https:\/\/shop.bertsch-holzbau.eu\/herkommer\/wp-content\/uploads\/sites\/36\/2022\/07\/logo-pl.png\",\"contentUrl\":\"https:\/\/shop.bertsch-holzbau.eu\/herkommer\/wp-content\/uploads\/sites\/36\/2022\/07\/logo-pl.png\",\"width\":2000,\"height\":482,\"caption\":\"Herkommer\"},\"image\":{\"@id\":\"https:\/\/shop.bertsch-holzbau.eu\/herkommer\/#\/schema\/logo\/image\/\"}}]}<\/script>\n<!-- \/ Yoast SEO plugin. -->","yoast_head_json":{"title":"Polityka zwrot\u00f3w sklepu internetowego \u2013 BHB Bertsch Holzbau","robots":{"index":"index","follow":"follow","max-snippet":"max-snippet:-1","max-image-preview":"max-image-preview:large","max-video-preview":"max-video-preview:-1"},"canonical":"https:\/\/shop.bertsch-holzbau.eu\/herkommer\/zwroty\/","og_locale":"pl_PL","og_type":"article","og_title":"Polityka zwrot\u00f3w sklepu internetowego \u2013 BHB Bertsch Holzbau","og_description":"POLITYKA ZWROT\u00d3W SKLEPU INTERNETOWEGO WWW.BERTSCH-HOLZBAU.EU","og_url":"https:\/\/shop.bertsch-holzbau.eu\/herkommer\/zwroty\/","og_site_name":"Herkommer","article_modified_time":"2023-03-13T12:08:31+00:00","twitter_card":"summary_large_image","twitter_misc":{"Szacowany czas czytania":"4 minuty"},"schema":{"@context":"https:\/\/schema.org","@graph":[{"@type":"WebPage","@id":"https:\/\/shop.bertsch-holzbau.eu\/herkommer\/zwroty\/","url":"https:\/\/shop.bertsch-holzbau.eu\/herkommer\/zwroty\/","name":"Polityka zwrot\u00f3w sklepu internetowego \u2013 BHB Bertsch Holzbau","isPartOf":{"@id":"https:\/\/shop.bertsch-holzbau.eu\/herkommer\/#website"},"datePublished":"2023-02-28T08:29:04+00:00","dateModified":"2023-03-13T12:08:31+00:00","breadcrumb":{"@id":"https:\/\/shop.bertsch-holzbau.eu\/herkommer\/zwroty\/#breadcrumb"},"inLanguage":"pl-PL","potentialAction":[{"@type":"ReadAction","target":["https:\/\/shop.bertsch-holzbau.eu\/herkommer\/zwroty\/"]}]},{"@type":"BreadcrumbList","@id":"https:\/\/shop.bertsch-holzbau.eu\/herkommer\/zwroty\/#breadcrumb","itemListElement":[{"@type":"ListItem","position":1,"name":"Strona g\u0142\u00f3wna","item":"https:\/\/shop.bertsch-holzbau.eu\/herkommer\/"},{"@type":"ListItem","position":2,"name":"Polityka zwrot\u00f3w"}]},{"@type":"WebSite","@id":"https:\/\/shop.bertsch-holzbau.eu\/herkommer\/#website","url":"https:\/\/shop.bertsch-holzbau.eu\/herkommer\/","name":"Herkommer","description":"Domy modu\u0142owe, domki z profili, ogrodowe, domy z bali","publisher":{"@id":"https:\/\/shop.bertsch-holzbau.eu\/herkommer\/#organization"},"potentialAction":[{"@type":"SearchAction","target":{"@type":"EntryPoint","urlTemplate":"https:\/\/shop.bertsch-holzbau.eu\/herkommer\/?s={search_term_string}"},"query-input":"required name=search_term_string"}],"inLanguage":"pl-PL"},{"@type":"Organization","@id":"https:\/\/shop.bertsch-holzbau.eu\/herkommer\/#organization","name":"Herkommer","url":"https:\/\/shop.bertsch-holzbau.eu\/herkommer\/","logo":{"@type":"ImageObject","inLanguage":"pl-PL","@id":"https:\/\/shop.bertsch-holzbau.eu\/herkommer\/#\/schema\/logo\/image\/","url":"https:\/\/shop.bertsch-holzbau.eu\/herkommer\/wp-content\/uploads\/sites\/36\/2022\/07\/logo-pl.png","contentUrl":"https:\/\/shop.bertsch-holzbau.eu\/herkommer\/wp-content\/uploads\/sites\/36\/2022\/07\/logo-pl.png","width":2000,"height":482,"caption":"Herkommer"},"image":{"@id":"https:\/\/shop.bertsch-holzbau.eu\/herkommer\/#\/schema\/logo\/image\/"}}]}},"_links":{"self":[{"href":"https:\/\/shop.bertsch-holzbau.eu\/herkommer\/wp-json\/wp\/v2\/pages\/10"}],"collection":[{"href":"https:\/\/shop.bertsch-holzbau.eu\/herkommer\/wp-json\/wp\/v2\/pages"}],"about":[{"href":"https:\/\/shop.bertsch-holzbau.eu\/herkommer\/wp-json\/wp\/v2\/types\/page"}],"author":[{"embeddable":true,"href":"https:\/\/shop.bertsch-holzbau.eu\/herkommer\/wp-json\/wp\/v2\/users\/1"}],"replies":[{"embeddable":true,"href":"https:\/\/shop.bertsch-holzbau.eu\/herkommer\/wp-json\/wp\/v2\/comments?post=10"}],"version-history":[{"count":2,"href":"https:\/\/shop.bertsch-holzbau.eu\/herkommer\/wp-json\/wp\/v2\/pages\/10\/revisions"}],"predecessor-version":[{"id":18122,"href":"https:\/\/shop.bertsch-holzbau.eu\/herkommer\/wp-json\/wp\/v2\/pages\/10\/revisions\/18122"}],"wp:attachment":[{"href":"https:\/\/shop.bertsch-holzbau.eu\/herkommer\/wp-json\/wp\/v2\/media?parent=10"}],"curies":[{"name":"wp","href":"https:\/\/api.w.org\/{rel}","templated":true}]}}