{"id":1613,"date":"2015-02-03T14:49:09","date_gmt":"2015-02-03T14:49:09","guid":{"rendered":"http:\/\/shop.bertsch-holzbau.eu\/herkommer\/?page_id=1613"},"modified":"2024-04-15T23:30:05","modified_gmt":"2024-04-15T21:30:05","slug":"kontakt","status":"publish","type":"page","link":"https:\/\/shop.bertsch-holzbau.eu\/herkommer\/kontakt\/","title":{"rendered":"Kontakt"},"content":{"rendered":"\n<div class=\"wp-block-columns is-layout-flex wp-container-core-columns-is-layout-1 wp-block-columns-is-layout-flex\">\n<div class=\"wp-block-column is-layout-flow wp-block-column-is-layout-flow\">\n<div class=\"lnr lnr-map-marker\" style=\"text-align: center; font-size: 36px; line-height: 40px; margin-bottom: 20px; color: #222222;\">&nbsp;<\/div>\n<h6 class=\"primary-color\" style=\"text-align: center;\">ADRES<\/h6>\n<p style=\"text-align: center; margin-bottom: 30px;\">Jana Paw\u0142a II 29<br>33-300 Nowy S\u0105cz<\/p>\n<\/div>\n\n\n\n<div class=\"wp-block-column is-layout-flow wp-block-column-is-layout-flow\">\n<div class=\"lnr lnr-phone-handset\" style=\"text-align: center; font-size: 36px; line-height: 40px; margin-bottom: 20px; color: #222222;\">&nbsp;<\/div>\n<h6 class=\"primary-color\" style=\"text-align: center;\">TELEFON<\/h6>\n<p style=\"text-align: center; margin-bottom: 30px;\"><a href=\"tel:+48184444170\">(+48) 18 444 41 70<\/a><\/p>\n<\/div>\n\n\n\n<div class=\"wp-block-column is-layout-flow wp-block-column-is-layout-flow\">\n<div class=\"lnr lnr-envelope\" style=\"text-align: center; font-size: 36px; line-height: 40px; margin-bottom: 20px; color: #222222;\">&nbsp;<\/div>\n<h6 class=\"primary-color\" style=\"text-align: center;\">EMAIL<\/h6>\n<p style=\"text-align: center; margin: 0;\"><a href=\"mailto:shop@bertsch-holzbau.eu\">shop@bertsch-holzbau.eu<\/a><\/p>\n<\/div>\n<\/div>\n\n\n\n<div class=\"wp-block-columns is-layout-flex wp-container-core-columns-is-layout-2 wp-block-columns-is-layout-flex\">\n<div class=\"wp-block-column is-layout-flow wp-block-column-is-layout-flow\">\n<div class=\"forminator-guttenberg\"><div class=\"forminator-ui forminator-custom-form forminator-custom-form-15319 forminator-design--flat  forminator_ajax\" data-forminator-render=\"0\" data-form=\"forminator-module-15319\" data-uid=\"69e18b4228498\"><br\/><\/div><form\n\t\t\t\tid=\"forminator-module-15319\"\n\t\t\t\tclass=\"forminator-ui forminator-custom-form forminator-custom-form-15319 forminator-design--flat  forminator_ajax\"\n\t\t\t\tmethod=\"post\"\n\t\t\t\tdata-forminator-render=\"0\"\n\t\t\t\tdata-form-id=\"15319\"\n\t\t\t\t\n\t\t\t\tdata-design=\"flat\"\n\t\t\t\t\n\t\t\t\t\n\t\t\t\t\n\t\t\t\tdata-grid=\"open\"\n\t\t\t\t\n\t\t\t\t\n\t\t\t\tstyle=\"display: none;\"\n\t\t\t\t\n\t\t\t\tdata-uid=\"69e18b4228498\"\n\t\t\t><div role=\"alert\" aria-live=\"polite\" class=\"forminator-response-message forminator-error\" aria-hidden=\"true\"><\/div><div class=\"forminator-row\"><div id=\"name-1\" class=\"forminator-field-name forminator-col forminator-col-12 \"><div class=\"forminator-field\"><input type=\"text\" name=\"name-1\" value=\"\" placeholder=\"Imi\u0119 i nazwisko\" id=\"forminator-field-name-1_69e18b4228498\" class=\"forminator-input forminator-name--field\" aria-required=\"true\" \/><\/div><\/div><\/div><div class=\"forminator-row\"><div id=\"email-1\" class=\"forminator-field-email forminator-col forminator-col-12 \"><div class=\"forminator-field\"><input type=\"email\" name=\"email-1\" value=\"\" placeholder=\"Adres e-mail\" id=\"forminator-field-email-1_69e18b4228498\" class=\"forminator-input forminator-email--field\" data-required=\"true\" aria-required=\"true\" \/><\/div><\/div><\/div><div class=\"forminator-row\"><div id=\"phone-1\" class=\"forminator-field-phone forminator-col forminator-col-12 \"><div class=\"forminator-field\"><input type=\"text\" name=\"phone-1\" value=\"\" placeholder=\"Numer telefonu\" id=\"forminator-field-phone-1_69e18b4228498\" class=\"forminator-input forminator-field--phone\" data-required=\"\" aria-required=\"false\" autocomplete=\"off\" \/><\/div><\/div><\/div><div class=\"forminator-row\"><div id=\"textarea-1\" class=\"forminator-field-textarea forminator-col forminator-col-12 \"><div class=\"forminator-field\"><textarea name=\"textarea-1\" placeholder=\"Wpisz swoj\u0105 wiadomo\u015b\u0107...\" id=\"forminator-field-textarea-1_69e18b4228498\" class=\"forminator-textarea\" rows=\"6\" style=\"min-height:140px;\" maxlength=\"180\" ><\/textarea><span id=\"forminator-field-textarea-1_69e18b4228498-description\" class=\"forminator-description\"><span data-limit=\"180\" data-type=\"characters\">0 \/ 180<\/span><\/span><\/div><\/div><\/div><input type=\"hidden\" name=\"referer_url\" value=\"\" \/><div class=\"forminator-row forminator-row-last\"><div class=\"forminator-col\"><div class=\"forminator-field\"><button class=\"forminator-button forminator-button-submit\">Wy\u015blij wiadomo\u015b\u0107<\/button><\/div><\/div><\/div><input type=\"hidden\" id=\"forminator_nonce\" name=\"forminator_nonce\" value=\"965e553b51\" \/><input type=\"hidden\" name=\"_wp_http_referer\" value=\"\/herkommer\/wp-json\/wp\/v2\/pages\/1613\" \/><input type=\"hidden\" name=\"form_id\" value=\"15319\"><input type=\"hidden\" name=\"page_id\" value=\"1613\"><input type=\"hidden\" name=\"form_type\" value=\"default\"><input type=\"hidden\" name=\"current_url\" value=\"https:\/\/shop.bertsch-holzbau.eu\/herkommer\/kontakt\/\"><input type=\"hidden\" name=\"render_id\" value=\"0\"><input type=\"hidden\" name=\"action\" value=\"forminator_submit_form_custom-forms\"><\/form><\/div>\n<\/div>\n\n\n\n<div class=\"wp-block-column is-layout-flow wp-block-column-is-layout-flow\">\n<iframe src=\"https:\/\/www.google.com\/maps\/embed?pb=!1m18!1m12!1m3!1d22970.249925095584!2d20.69487538219025!3d49.59538275043198!2m3!1f0!2f0!3f0!3m2!1i1024!2i768!4f13.1!3m3!1m2!1s0x473de5204440fdb7%3A0x1e02db84a96d02f5!2sJana%20Paw%C5%82a%20II%2029%2C%2033-300%20Nowy%20S%C4%85cz!5e0!3m2!1spl!2spl!4v1660735326333!5m2!1spl!2spl\" width=\"100%\" height=\"450\" style=\"border:0;\" allowfullscreen=\"\" loading=\"lazy\" referrerpolicy=\"no-referrer-when-downgrade\"><\/iframe>\n<\/div>\n<\/div>\n","protected":false},"excerpt":{"rendered":"<p>&nbsp; ADRES Jana Paw\u0142a II 2933-300 Nowy S\u0105cz &nbsp; TELEFON (+48) 18 444 41 70 &nbsp; EMAIL shop@bertsch-holzbau.eu<\/p>\n","protected":false},"author":1,"featured_media":0,"parent":0,"menu_order":0,"comment_status":"closed","ping_status":"closed","template":"","meta":{"footnotes":""},"yoast_head":"<!-- This site is optimized with the Yoast SEO plugin v22.5 - https:\/\/yoast.com\/wordpress\/plugins\/seo\/ -->\n<title>Kontakt z firm\u0105 Zuluna Standard houses<\/title>\n<meta name=\"description\" content=\"Oferujemy szereg mo\u017cliwo\u015bci kontaktu \u2013 Wolisz e-mail, telefon, formularz kontaktowy, czy messenger? Ju\u017c dzi\u015b skontaktuj si\u0119 z naszym doradc\u0105!\" \/>\n<meta name=\"robots\" content=\"index, follow, max-snippet:-1, max-image-preview:large, max-video-preview:-1\" \/>\n<link rel=\"canonical\" href=\"https:\/\/shop.bertsch-holzbau.eu\/herkommer\/kontakt\/\" \/>\n<meta property=\"og:locale\" content=\"pl_PL\" \/>\n<meta property=\"og:type\" content=\"article\" \/>\n<meta property=\"og:title\" content=\"Kontakt z firm\u0105 Zuluna Standard houses\" \/>\n<meta property=\"og:description\" content=\"Oferujemy szereg mo\u017cliwo\u015bci kontaktu \u2013 Wolisz e-mail, telefon, formularz kontaktowy, czy messenger? Ju\u017c dzi\u015b skontaktuj si\u0119 z naszym doradc\u0105!\" \/>\n<meta property=\"og:url\" content=\"https:\/\/shop.bertsch-holzbau.eu\/herkommer\/kontakt\/\" \/>\n<meta property=\"og:site_name\" content=\"Herkommer\" \/>\n<meta property=\"article:modified_time\" content=\"2024-04-15T21:30:05+00:00\" \/>\n<meta name=\"twitter:card\" content=\"summary_large_image\" \/>\n<meta name=\"twitter:label1\" content=\"Szacowany czas czytania\" \/>\n\t<meta name=\"twitter:data1\" content=\"1 minuta\" \/>\n<script type=\"application\/ld+json\" class=\"yoast-schema-graph\">{\"@context\":\"https:\/\/schema.org\",\"@graph\":[{\"@type\":\"WebPage\",\"@id\":\"https:\/\/shop.bertsch-holzbau.eu\/herkommer\/kontakt\/\",\"url\":\"https:\/\/shop.bertsch-holzbau.eu\/herkommer\/kontakt\/\",\"name\":\"Kontakt z firm\u0105 Zuluna Standard houses\",\"isPartOf\":{\"@id\":\"https:\/\/shop.bertsch-holzbau.eu\/herkommer\/#website\"},\"datePublished\":\"2015-02-03T14:49:09+00:00\",\"dateModified\":\"2024-04-15T21:30:05+00:00\",\"description\":\"Oferujemy szereg mo\u017cliwo\u015bci kontaktu \u2013 Wolisz e-mail, telefon, formularz kontaktowy, czy messenger? Ju\u017c dzi\u015b skontaktuj si\u0119 z naszym doradc\u0105!\",\"breadcrumb\":{\"@id\":\"https:\/\/shop.bertsch-holzbau.eu\/herkommer\/kontakt\/#breadcrumb\"},\"inLanguage\":\"pl-PL\",\"potentialAction\":[{\"@type\":\"ReadAction\",\"target\":[\"https:\/\/shop.bertsch-holzbau.eu\/herkommer\/kontakt\/\"]}]},{\"@type\":\"BreadcrumbList\",\"@id\":\"https:\/\/shop.bertsch-holzbau.eu\/herkommer\/kontakt\/#breadcrumb\",\"itemListElement\":[{\"@type\":\"ListItem\",\"position\":1,\"name\":\"Strona g\u0142\u00f3wna\",\"item\":\"https:\/\/shop.bertsch-holzbau.eu\/herkommer\/\"},{\"@type\":\"ListItem\",\"position\":2,\"name\":\"Kontakt\"}]},{\"@type\":\"WebSite\",\"@id\":\"https:\/\/shop.bertsch-holzbau.eu\/herkommer\/#website\",\"url\":\"https:\/\/shop.bertsch-holzbau.eu\/herkommer\/\",\"name\":\"Herkommer\",\"description\":\"Domy modu\u0142owe, domki z profili, ogrodowe, domy z bali\",\"publisher\":{\"@id\":\"https:\/\/shop.bertsch-holzbau.eu\/herkommer\/#organization\"},\"potentialAction\":[{\"@type\":\"SearchAction\",\"target\":{\"@type\":\"EntryPoint\",\"urlTemplate\":\"https:\/\/shop.bertsch-holzbau.eu\/herkommer\/?s={search_term_string}\"},\"query-input\":\"required name=search_term_string\"}],\"inLanguage\":\"pl-PL\"},{\"@type\":\"Organization\",\"@id\":\"https:\/\/shop.bertsch-holzbau.eu\/herkommer\/#organization\",\"name\":\"Herkommer\",\"url\":\"https:\/\/shop.bertsch-holzbau.eu\/herkommer\/\",\"logo\":{\"@type\":\"ImageObject\",\"inLanguage\":\"pl-PL\",\"@id\":\"https:\/\/shop.bertsch-holzbau.eu\/herkommer\/#\/schema\/logo\/image\/\",\"url\":\"https:\/\/shop.bertsch-holzbau.eu\/herkommer\/wp-content\/uploads\/sites\/36\/2022\/07\/logo-pl.png\",\"contentUrl\":\"https:\/\/shop.bertsch-holzbau.eu\/herkommer\/wp-content\/uploads\/sites\/36\/2022\/07\/logo-pl.png\",\"width\":2000,\"height\":482,\"caption\":\"Herkommer\"},\"image\":{\"@id\":\"https:\/\/shop.bertsch-holzbau.eu\/herkommer\/#\/schema\/logo\/image\/\"}}]}<\/script>\n<!-- \/ Yoast SEO plugin. -->","yoast_head_json":{"title":"Kontakt z firm\u0105 Zuluna Standard houses","description":"Oferujemy szereg mo\u017cliwo\u015bci kontaktu \u2013 Wolisz e-mail, telefon, formularz kontaktowy, czy messenger? Ju\u017c dzi\u015b skontaktuj si\u0119 z naszym doradc\u0105!","robots":{"index":"index","follow":"follow","max-snippet":"max-snippet:-1","max-image-preview":"max-image-preview:large","max-video-preview":"max-video-preview:-1"},"canonical":"https:\/\/shop.bertsch-holzbau.eu\/herkommer\/kontakt\/","og_locale":"pl_PL","og_type":"article","og_title":"Kontakt z firm\u0105 Zuluna Standard houses","og_description":"Oferujemy szereg mo\u017cliwo\u015bci kontaktu \u2013 Wolisz e-mail, telefon, formularz kontaktowy, czy messenger? Ju\u017c dzi\u015b skontaktuj si\u0119 z naszym doradc\u0105!","og_url":"https:\/\/shop.bertsch-holzbau.eu\/herkommer\/kontakt\/","og_site_name":"Herkommer","article_modified_time":"2024-04-15T21:30:05+00:00","twitter_card":"summary_large_image","twitter_misc":{"Szacowany czas czytania":"1 minuta"},"schema":{"@context":"https:\/\/schema.org","@graph":[{"@type":"WebPage","@id":"https:\/\/shop.bertsch-holzbau.eu\/herkommer\/kontakt\/","url":"https:\/\/shop.bertsch-holzbau.eu\/herkommer\/kontakt\/","name":"Kontakt z firm\u0105 Zuluna Standard houses","isPartOf":{"@id":"https:\/\/shop.bertsch-holzbau.eu\/herkommer\/#website"},"datePublished":"2015-02-03T14:49:09+00:00","dateModified":"2024-04-15T21:30:05+00:00","description":"Oferujemy szereg mo\u017cliwo\u015bci kontaktu \u2013 Wolisz e-mail, telefon, formularz kontaktowy, czy messenger? Ju\u017c dzi\u015b skontaktuj si\u0119 z naszym doradc\u0105!","breadcrumb":{"@id":"https:\/\/shop.bertsch-holzbau.eu\/herkommer\/kontakt\/#breadcrumb"},"inLanguage":"pl-PL","potentialAction":[{"@type":"ReadAction","target":["https:\/\/shop.bertsch-holzbau.eu\/herkommer\/kontakt\/"]}]},{"@type":"BreadcrumbList","@id":"https:\/\/shop.bertsch-holzbau.eu\/herkommer\/kontakt\/#breadcrumb","itemListElement":[{"@type":"ListItem","position":1,"name":"Strona g\u0142\u00f3wna","item":"https:\/\/shop.bertsch-holzbau.eu\/herkommer\/"},{"@type":"ListItem","position":2,"name":"Kontakt"}]},{"@type":"WebSite","@id":"https:\/\/shop.bertsch-holzbau.eu\/herkommer\/#website","url":"https:\/\/shop.bertsch-holzbau.eu\/herkommer\/","name":"Herkommer","description":"Domy modu\u0142owe, domki z profili, ogrodowe, domy z bali","publisher":{"@id":"https:\/\/shop.bertsch-holzbau.eu\/herkommer\/#organization"},"potentialAction":[{"@type":"SearchAction","target":{"@type":"EntryPoint","urlTemplate":"https:\/\/shop.bertsch-holzbau.eu\/herkommer\/?s={search_term_string}"},"query-input":"required name=search_term_string"}],"inLanguage":"pl-PL"},{"@type":"Organization","@id":"https:\/\/shop.bertsch-holzbau.eu\/herkommer\/#organization","name":"Herkommer","url":"https:\/\/shop.bertsch-holzbau.eu\/herkommer\/","logo":{"@type":"ImageObject","inLanguage":"pl-PL","@id":"https:\/\/shop.bertsch-holzbau.eu\/herkommer\/#\/schema\/logo\/image\/","url":"https:\/\/shop.bertsch-holzbau.eu\/herkommer\/wp-content\/uploads\/sites\/36\/2022\/07\/logo-pl.png","contentUrl":"https:\/\/shop.bertsch-holzbau.eu\/herkommer\/wp-content\/uploads\/sites\/36\/2022\/07\/logo-pl.png","width":2000,"height":482,"caption":"Herkommer"},"image":{"@id":"https:\/\/shop.bertsch-holzbau.eu\/herkommer\/#\/schema\/logo\/image\/"}}]}},"_links":{"self":[{"href":"https:\/\/shop.bertsch-holzbau.eu\/herkommer\/wp-json\/wp\/v2\/pages\/1613"}],"collection":[{"href":"https:\/\/shop.bertsch-holzbau.eu\/herkommer\/wp-json\/wp\/v2\/pages"}],"about":[{"href":"https:\/\/shop.bertsch-holzbau.eu\/herkommer\/wp-json\/wp\/v2\/types\/page"}],"author":[{"embeddable":true,"href":"https:\/\/shop.bertsch-holzbau.eu\/herkommer\/wp-json\/wp\/v2\/users\/1"}],"replies":[{"embeddable":true,"href":"https:\/\/shop.bertsch-holzbau.eu\/herkommer\/wp-json\/wp\/v2\/comments?post=1613"}],"version-history":[{"count":19,"href":"https:\/\/shop.bertsch-holzbau.eu\/herkommer\/wp-json\/wp\/v2\/pages\/1613\/revisions"}],"predecessor-version":[{"id":15339,"href":"https:\/\/shop.bertsch-holzbau.eu\/herkommer\/wp-json\/wp\/v2\/pages\/1613\/revisions\/15339"}],"wp:attachment":[{"href":"https:\/\/shop.bertsch-holzbau.eu\/herkommer\/wp-json\/wp\/v2\/media?parent=1613"}],"curies":[{"name":"wp","href":"https:\/\/api.w.org\/{rel}","templated":true}]}}