{"id":51,"date":"2014-10-06T13:42:37","date_gmt":"2014-10-06T11:42:37","guid":{"rendered":"http:\/\/shop.bertsch-holzbau.eu\/herkommer\/shop\/"},"modified":"2024-04-15T23:31:10","modified_gmt":"2024-04-15T21:31:10","slug":"sklep","status":"publish","type":"page","link":"https:\/\/shop.bertsch-holzbau.eu\/herkommer\/sklep\/","title":{"rendered":"Sklep"},"content":{"rendered":"","protected":false},"excerpt":{"rendered":"","protected":false},"author":1,"featured_media":0,"parent":0,"menu_order":0,"comment_status":"closed","ping_status":"closed","template":"","meta":{"footnotes":""},"yoast_head":"<!-- This site is optimized with the Yoast SEO plugin v22.5 - https:\/\/yoast.com\/wordpress\/plugins\/seo\/ -->\n<title>Sklep - Domy weekendowe, ogrodowe, szopy narz\u0119dziowe \u2013 Zuluna<\/title>\n<meta name=\"description\" content=\"Znajd\u017a idealny dom do ogrodu! Kupowanie zadasze\u0144 i wiat dla Twojego samochodu lub altan na dzia\u0142k\u0119 nigdy nie by\u0142o tak proste. Ponad 20 lat do\u015bwiadczenia.\" \/>\n<meta name=\"robots\" content=\"index, follow, max-snippet:-1, max-image-preview:large, max-video-preview:-1\" \/>\n<link rel=\"canonical\" href=\"https:\/\/shop.bertsch-holzbau.eu\/herkommer\/sklep\/\" \/>\n<meta property=\"og:locale\" content=\"pl_PL\" \/>\n<meta property=\"og:type\" content=\"article\" \/>\n<meta property=\"og:title\" content=\"Sklep - Domy weekendowe, ogrodowe, szopy narz\u0119dziowe \u2013 Zuluna\" \/>\n<meta property=\"og:description\" content=\"Znajd\u017a idealny dom do ogrodu! Kupowanie zadasze\u0144 i wiat dla Twojego samochodu lub altan na dzia\u0142k\u0119 nigdy nie by\u0142o tak proste. Ponad 20 lat do\u015bwiadczenia.\" \/>\n<meta property=\"og:url\" content=\"https:\/\/shop.bertsch-holzbau.eu\/herkommer\/sklep\/\" \/>\n<meta property=\"og:site_name\" content=\"Herkommer\" \/>\n<meta property=\"article:modified_time\" content=\"2024-04-15T21:31:10+00:00\" \/>\n<meta name=\"twitter:card\" content=\"summary_large_image\" \/>\n<script type=\"application\/ld+json\" class=\"yoast-schema-graph\">{\"@context\":\"https:\/\/schema.org\",\"@graph\":[{\"@type\":\"WebPage\",\"@id\":\"https:\/\/shop.bertsch-holzbau.eu\/herkommer\/sklep\/\",\"url\":\"https:\/\/shop.bertsch-holzbau.eu\/herkommer\/sklep\/\",\"name\":\"Sklep - Domy weekendowe, ogrodowe, szopy narz\u0119dziowe \u2013 Zuluna\",\"isPartOf\":{\"@id\":\"https:\/\/shop.bertsch-holzbau.eu\/herkommer\/#website\"},\"datePublished\":\"2014-10-06T11:42:37+00:00\",\"dateModified\":\"2024-04-15T21:31:10+00:00\",\"description\":\"Znajd\u017a idealny dom do ogrodu! Kupowanie zadasze\u0144 i wiat dla Twojego samochodu lub altan na dzia\u0142k\u0119 nigdy nie by\u0142o tak proste. Ponad 20 lat do\u015bwiadczenia.\",\"breadcrumb\":{\"@id\":\"https:\/\/shop.bertsch-holzbau.eu\/herkommer\/sklep\/#breadcrumb\"},\"inLanguage\":\"pl-PL\",\"potentialAction\":[{\"@type\":\"ReadAction\",\"target\":[\"https:\/\/shop.bertsch-holzbau.eu\/herkommer\/sklep\/\"]}]},{\"@type\":\"BreadcrumbList\",\"@id\":\"https:\/\/shop.bertsch-holzbau.eu\/herkommer\/sklep\/#breadcrumb\",\"itemListElement\":[{\"@type\":\"ListItem\",\"position\":1,\"name\":\"Strona g\u0142\u00f3wna\",\"item\":\"https:\/\/shop.bertsch-holzbau.eu\/herkommer\/\"},{\"@type\":\"ListItem\",\"position\":2,\"name\":\"Sklep\"}]},{\"@type\":\"WebSite\",\"@id\":\"https:\/\/shop.bertsch-holzbau.eu\/herkommer\/#website\",\"url\":\"https:\/\/shop.bertsch-holzbau.eu\/herkommer\/\",\"name\":\"Herkommer\",\"description\":\"Domy modu\u0142owe, domki z profili, ogrodowe, domy z bali\",\"publisher\":{\"@id\":\"https:\/\/shop.bertsch-holzbau.eu\/herkommer\/#organization\"},\"potentialAction\":[{\"@type\":\"SearchAction\",\"target\":{\"@type\":\"EntryPoint\",\"urlTemplate\":\"https:\/\/shop.bertsch-holzbau.eu\/herkommer\/?s={search_term_string}\"},\"query-input\":\"required name=search_term_string\"}],\"inLanguage\":\"pl-PL\"},{\"@type\":\"Organization\",\"@id\":\"https:\/\/shop.bertsch-holzbau.eu\/herkommer\/#organization\",\"name\":\"Herkommer\",\"url\":\"https:\/\/shop.bertsch-holzbau.eu\/herkommer\/\",\"logo\":{\"@type\":\"ImageObject\",\"inLanguage\":\"pl-PL\",\"@id\":\"https:\/\/shop.bertsch-holzbau.eu\/herkommer\/#\/schema\/logo\/image\/\",\"url\":\"https:\/\/shop.bertsch-holzbau.eu\/herkommer\/wp-content\/uploads\/sites\/36\/2022\/07\/logo-pl.png\",\"contentUrl\":\"https:\/\/shop.bertsch-holzbau.eu\/herkommer\/wp-content\/uploads\/sites\/36\/2022\/07\/logo-pl.png\",\"width\":2000,\"height\":482,\"caption\":\"Herkommer\"},\"image\":{\"@id\":\"https:\/\/shop.bertsch-holzbau.eu\/herkommer\/#\/schema\/logo\/image\/\"}}]}<\/script>\n<!-- \/ Yoast SEO plugin. -->","yoast_head_json":{"title":"Sklep - Domy weekendowe, ogrodowe, szopy narz\u0119dziowe \u2013 Zuluna","description":"Znajd\u017a idealny dom do ogrodu! Kupowanie zadasze\u0144 i wiat dla Twojego samochodu lub altan na dzia\u0142k\u0119 nigdy nie by\u0142o tak proste. Ponad 20 lat do\u015bwiadczenia.","robots":{"index":"index","follow":"follow","max-snippet":"max-snippet:-1","max-image-preview":"max-image-preview:large","max-video-preview":"max-video-preview:-1"},"canonical":"https:\/\/shop.bertsch-holzbau.eu\/herkommer\/sklep\/","og_locale":"pl_PL","og_type":"article","og_title":"Sklep - Domy weekendowe, ogrodowe, szopy narz\u0119dziowe \u2013 Zuluna","og_description":"Znajd\u017a idealny dom do ogrodu! Kupowanie zadasze\u0144 i wiat dla Twojego samochodu lub altan na dzia\u0142k\u0119 nigdy nie by\u0142o tak proste. Ponad 20 lat do\u015bwiadczenia.","og_url":"https:\/\/shop.bertsch-holzbau.eu\/herkommer\/sklep\/","og_site_name":"Herkommer","article_modified_time":"2024-04-15T21:31:10+00:00","twitter_card":"summary_large_image","schema":{"@context":"https:\/\/schema.org","@graph":[{"@type":"WebPage","@id":"https:\/\/shop.bertsch-holzbau.eu\/herkommer\/sklep\/","url":"https:\/\/shop.bertsch-holzbau.eu\/herkommer\/sklep\/","name":"Sklep - Domy weekendowe, ogrodowe, szopy narz\u0119dziowe \u2013 Zuluna","isPartOf":{"@id":"https:\/\/shop.bertsch-holzbau.eu\/herkommer\/#website"},"datePublished":"2014-10-06T11:42:37+00:00","dateModified":"2024-04-15T21:31:10+00:00","description":"Znajd\u017a idealny dom do ogrodu! Kupowanie zadasze\u0144 i wiat dla Twojego samochodu lub altan na dzia\u0142k\u0119 nigdy nie by\u0142o tak proste. Ponad 20 lat do\u015bwiadczenia.","breadcrumb":{"@id":"https:\/\/shop.bertsch-holzbau.eu\/herkommer\/sklep\/#breadcrumb"},"inLanguage":"pl-PL","potentialAction":[{"@type":"ReadAction","target":["https:\/\/shop.bertsch-holzbau.eu\/herkommer\/sklep\/"]}]},{"@type":"BreadcrumbList","@id":"https:\/\/shop.bertsch-holzbau.eu\/herkommer\/sklep\/#breadcrumb","itemListElement":[{"@type":"ListItem","position":1,"name":"Strona g\u0142\u00f3wna","item":"https:\/\/shop.bertsch-holzbau.eu\/herkommer\/"},{"@type":"ListItem","position":2,"name":"Sklep"}]},{"@type":"WebSite","@id":"https:\/\/shop.bertsch-holzbau.eu\/herkommer\/#website","url":"https:\/\/shop.bertsch-holzbau.eu\/herkommer\/","name":"Herkommer","description":"Domy modu\u0142owe, domki z profili, ogrodowe, domy z bali","publisher":{"@id":"https:\/\/shop.bertsch-holzbau.eu\/herkommer\/#organization"},"potentialAction":[{"@type":"SearchAction","target":{"@type":"EntryPoint","urlTemplate":"https:\/\/shop.bertsch-holzbau.eu\/herkommer\/?s={search_term_string}"},"query-input":"required name=search_term_string"}],"inLanguage":"pl-PL"},{"@type":"Organization","@id":"https:\/\/shop.bertsch-holzbau.eu\/herkommer\/#organization","name":"Herkommer","url":"https:\/\/shop.bertsch-holzbau.eu\/herkommer\/","logo":{"@type":"ImageObject","inLanguage":"pl-PL","@id":"https:\/\/shop.bertsch-holzbau.eu\/herkommer\/#\/schema\/logo\/image\/","url":"https:\/\/shop.bertsch-holzbau.eu\/herkommer\/wp-content\/uploads\/sites\/36\/2022\/07\/logo-pl.png","contentUrl":"https:\/\/shop.bertsch-holzbau.eu\/herkommer\/wp-content\/uploads\/sites\/36\/2022\/07\/logo-pl.png","width":2000,"height":482,"caption":"Herkommer"},"image":{"@id":"https:\/\/shop.bertsch-holzbau.eu\/herkommer\/#\/schema\/logo\/image\/"}}]}},"_links":{"self":[{"href":"https:\/\/shop.bertsch-holzbau.eu\/herkommer\/wp-json\/wp\/v2\/pages\/51"}],"collection":[{"href":"https:\/\/shop.bertsch-holzbau.eu\/herkommer\/wp-json\/wp\/v2\/pages"}],"about":[{"href":"https:\/\/shop.bertsch-holzbau.eu\/herkommer\/wp-json\/wp\/v2\/types\/page"}],"author":[{"embeddable":true,"href":"https:\/\/shop.bertsch-holzbau.eu\/herkommer\/wp-json\/wp\/v2\/users\/1"}],"replies":[{"embeddable":true,"href":"https:\/\/shop.bertsch-holzbau.eu\/herkommer\/wp-json\/wp\/v2\/comments?post=51"}],"version-history":[{"count":1,"href":"https:\/\/shop.bertsch-holzbau.eu\/herkommer\/wp-json\/wp\/v2\/pages\/51\/revisions"}],"predecessor-version":[{"id":15162,"href":"https:\/\/shop.bertsch-holzbau.eu\/herkommer\/wp-json\/wp\/v2\/pages\/51\/revisions\/15162"}],"wp:attachment":[{"href":"https:\/\/shop.bertsch-holzbau.eu\/herkommer\/wp-json\/wp\/v2\/media?parent=51"}],"curies":[{"name":"wp","href":"https:\/\/api.w.org\/{rel}","templated":true}]}}