{"id":33107,"date":"2024-04-10T00:35:30","date_gmt":"2024-04-09T22:35:30","guid":{"rendered":"http:\/\/shop.bertsch-holzbau.eu\/herkommer\/?post_type=product&#038;p=33107"},"modified":"2025-06-06T06:55:48","modified_gmt":"2025-06-06T04:55:48","slug":"mhh-4030-f","status":"publish","type":"product","link":"https:\/\/shop.bertsch-holzbau.eu\/herkommer\/produkt\/mhh-4030-f\/","title":{"rendered":"MHH-4030-F"},"content":{"rendered":"<p>Dach\u00fcberstand Umlaufend 25 cm<\/p>\n<table class=\"alt\">\n<tbody>\n<tr>\n<td>Bauart<\/td>\n<td>Zuluna \/ Modulbau<\/td>\n<\/tr>\n<tr>\n<td>Wandschalung<\/td>\n<td>Trapez Fichte<\/td>\n<\/tr>\n<tr>\n<td>Dachform<\/td>\n<td>Flachdach<\/td>\n<\/tr>\n<tr>\n<td>Wandst\u00e4rke<\/td>\n<td>15 mm<\/td>\n<\/tr>\n<tr>\n<td>Wandau\u00dfenma\u00df (B\/T)<\/td>\n<td>400 x 300 cm<\/td>\n<\/tr>\n<tr>\n<td>Wandh\u00f6he Vorne<\/td>\n<td>246 cm<\/td>\n<\/tr>\n<tr>\n<td>Dachneigung<\/td>\n<td>1 \u00b0<\/td>\n<\/tr>\n<tr>\n<td>T\u00fcren<\/td>\n<td>DT 150 x 194 cm<\/td>\n<\/tr>\n<tr>\n<td>Fenster<\/td>\n<td>2 x EF 80 x 40 cm<\/td>\n<\/tr>\n<tr>\n<td>Optionales Zubeh\u00f6r<\/td>\n<td>\n<ul class=\"accessories\">\n<li>Boden\/Fundamentrahmen: FR15-4030<\/li>\n<\/ul>\n<ul class=\"accessories\">\n<li>1 x Fallrohrset: F1<\/li>\n<\/ul>\n<ul class=\"accessories\">\n<li>1 x EPDM Folie: EPDM-0041<\/li>\n<\/ul>\n<\/td>\n<\/tr>\n<tr>\n<td>Objekt ID<\/td>\n<td>1001<\/td>\n<\/tr>\n<\/tbody>\n<\/table>\n","protected":false},"excerpt":{"rendered":"<p>Dach\u00fcberstand Umlaufend 25 cm Bauart Zuluna \/ Modulbau Wandschalung Trapez Fichte Dachform Flachdach Wandst\u00e4rke 15 mm Wandau\u00dfenma\u00df (B\/T) 400 x 300 cm Wandh\u00f6he Vorne 246 cm Dachneigung 1 \u00b0 T\u00fcren DT 150 x 194 cm Fenster 2 x EF 80 x 40 cm Optionales Zubeh\u00f6r Boden\/Fundamentrahmen: FR15-4030 1 x Fallrohrset: F1 1 x EPDM Folie: [&hellip;]<\/p>\n","protected":false},"featured_media":38280,"template":"","meta":[],"product_cat":[912,220,195],"product_tag":[],"yoast_head":"<!-- This site is optimized with the Yoast SEO plugin v22.5 - https:\/\/yoast.com\/wordpress\/plugins\/seo\/ -->\n<title>MHH-4030-F - Herkommer<\/title>\n<meta name=\"robots\" content=\"index, follow, max-snippet:-1, max-image-preview:large, max-video-preview:-1\" \/>\n<link rel=\"canonical\" href=\"https:\/\/shop.bertsch-holzbau.eu\/herkommer\/produkt\/mhh-4030-f\/\" \/>\n<meta property=\"og:locale\" content=\"pl_PL\" \/>\n<meta property=\"og:type\" content=\"article\" \/>\n<meta property=\"og:title\" content=\"MHH-4030-F - Herkommer\" \/>\n<meta property=\"og:description\" content=\"Dach\u00fcberstand Umlaufend 25 cm Bauart Zuluna \/ Modulbau Wandschalung Trapez Fichte Dachform Flachdach Wandst\u00e4rke 15 mm Wandau\u00dfenma\u00df (B\/T) 400 x 300 cm Wandh\u00f6he Vorne 246 cm Dachneigung 1 \u00b0 T\u00fcren DT 150 x 194 cm Fenster 2 x EF 80 x 40 cm Optionales Zubeh\u00f6r Boden\/Fundamentrahmen: FR15-4030 1 x Fallrohrset: F1 1 x EPDM Folie: [&hellip;]\" \/>\n<meta property=\"og:url\" content=\"https:\/\/shop.bertsch-holzbau.eu\/herkommer\/produkt\/mhh-4030-f\/\" \/>\n<meta property=\"og:site_name\" content=\"Herkommer\" \/>\n<meta property=\"article:modified_time\" content=\"2025-06-06T04:55:48+00:00\" \/>\n<meta property=\"og:image\" content=\"https:\/\/shop.bertsch-holzbau.eu\/herkommer\/wp-content\/uploads\/sites\/36\/2024\/04\/MHH-4030-F_ID1001_2.webp\" \/>\n\t<meta property=\"og:image:width\" content=\"1920\" \/>\n\t<meta property=\"og:image:height\" content=\"1080\" \/>\n\t<meta property=\"og:image:type\" content=\"image\/webp\" \/>\n<meta name=\"twitter:card\" content=\"summary_large_image\" \/>\n<meta name=\"twitter:label1\" content=\"Szacowany czas czytania\" \/>\n\t<meta name=\"twitter:data1\" content=\"1 minuta\" \/>\n<script type=\"application\/ld+json\" class=\"yoast-schema-graph\">{\"@context\":\"https:\/\/schema.org\",\"@graph\":[{\"@type\":\"WebPage\",\"@id\":\"https:\/\/shop.bertsch-holzbau.eu\/herkommer\/produkt\/mhh-4030-f\/\",\"url\":\"https:\/\/shop.bertsch-holzbau.eu\/herkommer\/produkt\/mhh-4030-f\/\",\"name\":\"MHH-4030-F - Herkommer\",\"isPartOf\":{\"@id\":\"https:\/\/shop.bertsch-holzbau.eu\/herkommer\/#website\"},\"primaryImageOfPage\":{\"@id\":\"https:\/\/shop.bertsch-holzbau.eu\/herkommer\/produkt\/mhh-4030-f\/#primaryimage\"},\"image\":{\"@id\":\"https:\/\/shop.bertsch-holzbau.eu\/herkommer\/produkt\/mhh-4030-f\/#primaryimage\"},\"thumbnailUrl\":\"https:\/\/shop.bertsch-holzbau.eu\/herkommer\/wp-content\/uploads\/sites\/36\/2024\/04\/MHH-4030-F_ID1001_2.webp\",\"datePublished\":\"2024-04-09T22:35:30+00:00\",\"dateModified\":\"2025-06-06T04:55:48+00:00\",\"breadcrumb\":{\"@id\":\"https:\/\/shop.bertsch-holzbau.eu\/herkommer\/produkt\/mhh-4030-f\/#breadcrumb\"},\"inLanguage\":\"pl-PL\",\"potentialAction\":[{\"@type\":\"ReadAction\",\"target\":[\"https:\/\/shop.bertsch-holzbau.eu\/herkommer\/produkt\/mhh-4030-f\/\"]}]},{\"@type\":\"ImageObject\",\"inLanguage\":\"pl-PL\",\"@id\":\"https:\/\/shop.bertsch-holzbau.eu\/herkommer\/produkt\/mhh-4030-f\/#primaryimage\",\"url\":\"https:\/\/shop.bertsch-holzbau.eu\/herkommer\/wp-content\/uploads\/sites\/36\/2024\/04\/MHH-4030-F_ID1001_2.webp\",\"contentUrl\":\"https:\/\/shop.bertsch-holzbau.eu\/herkommer\/wp-content\/uploads\/sites\/36\/2024\/04\/MHH-4030-F_ID1001_2.webp\",\"width\":1920,\"height\":1080},{\"@type\":\"BreadcrumbList\",\"@id\":\"https:\/\/shop.bertsch-holzbau.eu\/herkommer\/produkt\/mhh-4030-f\/#breadcrumb\",\"itemListElement\":[{\"@type\":\"ListItem\",\"position\":1,\"name\":\"Strona g\u0142\u00f3wna\",\"item\":\"https:\/\/shop.bertsch-holzbau.eu\/herkommer\/\"},{\"@type\":\"ListItem\",\"position\":2,\"name\":\"Sklep\",\"item\":\"https:\/\/shop.bertsch-holzbau.eu\/herkommer\/sklep\/\"},{\"@type\":\"ListItem\",\"position\":3,\"name\":\"MHH-4030-F\"}]},{\"@type\":\"WebSite\",\"@id\":\"https:\/\/shop.bertsch-holzbau.eu\/herkommer\/#website\",\"url\":\"https:\/\/shop.bertsch-holzbau.eu\/herkommer\/\",\"name\":\"Herkommer\",\"description\":\"Domy modu\u0142owe, domki z profili, ogrodowe, domy z bali\",\"publisher\":{\"@id\":\"https:\/\/shop.bertsch-holzbau.eu\/herkommer\/#organization\"},\"potentialAction\":[{\"@type\":\"SearchAction\",\"target\":{\"@type\":\"EntryPoint\",\"urlTemplate\":\"https:\/\/shop.bertsch-holzbau.eu\/herkommer\/?s={search_term_string}\"},\"query-input\":\"required name=search_term_string\"}],\"inLanguage\":\"pl-PL\"},{\"@type\":\"Organization\",\"@id\":\"https:\/\/shop.bertsch-holzbau.eu\/herkommer\/#organization\",\"name\":\"Herkommer\",\"url\":\"https:\/\/shop.bertsch-holzbau.eu\/herkommer\/\",\"logo\":{\"@type\":\"ImageObject\",\"inLanguage\":\"pl-PL\",\"@id\":\"https:\/\/shop.bertsch-holzbau.eu\/herkommer\/#\/schema\/logo\/image\/\",\"url\":\"https:\/\/shop.bertsch-holzbau.eu\/herkommer\/wp-content\/uploads\/sites\/36\/2022\/07\/logo-pl.png\",\"contentUrl\":\"https:\/\/shop.bertsch-holzbau.eu\/herkommer\/wp-content\/uploads\/sites\/36\/2022\/07\/logo-pl.png\",\"width\":2000,\"height\":482,\"caption\":\"Herkommer\"},\"image\":{\"@id\":\"https:\/\/shop.bertsch-holzbau.eu\/herkommer\/#\/schema\/logo\/image\/\"}}]}<\/script>\n<!-- \/ Yoast SEO plugin. -->","yoast_head_json":{"title":"MHH-4030-F - Herkommer","robots":{"index":"index","follow":"follow","max-snippet":"max-snippet:-1","max-image-preview":"max-image-preview:large","max-video-preview":"max-video-preview:-1"},"canonical":"https:\/\/shop.bertsch-holzbau.eu\/herkommer\/produkt\/mhh-4030-f\/","og_locale":"pl_PL","og_type":"article","og_title":"MHH-4030-F - Herkommer","og_description":"Dach\u00fcberstand Umlaufend 25 cm Bauart Zuluna \/ Modulbau Wandschalung Trapez Fichte Dachform Flachdach Wandst\u00e4rke 15 mm Wandau\u00dfenma\u00df (B\/T) 400 x 300 cm Wandh\u00f6he Vorne 246 cm Dachneigung 1 \u00b0 T\u00fcren DT 150 x 194 cm Fenster 2 x EF 80 x 40 cm Optionales Zubeh\u00f6r Boden\/Fundamentrahmen: FR15-4030 1 x Fallrohrset: F1 1 x EPDM Folie: [&hellip;]","og_url":"https:\/\/shop.bertsch-holzbau.eu\/herkommer\/produkt\/mhh-4030-f\/","og_site_name":"Herkommer","article_modified_time":"2025-06-06T04:55:48+00:00","og_image":[{"width":1920,"height":1080,"url":"https:\/\/shop.bertsch-holzbau.eu\/herkommer\/wp-content\/uploads\/sites\/36\/2024\/04\/MHH-4030-F_ID1001_2.webp","type":"image\/webp"}],"twitter_card":"summary_large_image","twitter_misc":{"Szacowany czas czytania":"1 minuta"},"schema":{"@context":"https:\/\/schema.org","@graph":[{"@type":"WebPage","@id":"https:\/\/shop.bertsch-holzbau.eu\/herkommer\/produkt\/mhh-4030-f\/","url":"https:\/\/shop.bertsch-holzbau.eu\/herkommer\/produkt\/mhh-4030-f\/","name":"MHH-4030-F - Herkommer","isPartOf":{"@id":"https:\/\/shop.bertsch-holzbau.eu\/herkommer\/#website"},"primaryImageOfPage":{"@id":"https:\/\/shop.bertsch-holzbau.eu\/herkommer\/produkt\/mhh-4030-f\/#primaryimage"},"image":{"@id":"https:\/\/shop.bertsch-holzbau.eu\/herkommer\/produkt\/mhh-4030-f\/#primaryimage"},"thumbnailUrl":"https:\/\/shop.bertsch-holzbau.eu\/herkommer\/wp-content\/uploads\/sites\/36\/2024\/04\/MHH-4030-F_ID1001_2.webp","datePublished":"2024-04-09T22:35:30+00:00","dateModified":"2025-06-06T04:55:48+00:00","breadcrumb":{"@id":"https:\/\/shop.bertsch-holzbau.eu\/herkommer\/produkt\/mhh-4030-f\/#breadcrumb"},"inLanguage":"pl-PL","potentialAction":[{"@type":"ReadAction","target":["https:\/\/shop.bertsch-holzbau.eu\/herkommer\/produkt\/mhh-4030-f\/"]}]},{"@type":"ImageObject","inLanguage":"pl-PL","@id":"https:\/\/shop.bertsch-holzbau.eu\/herkommer\/produkt\/mhh-4030-f\/#primaryimage","url":"https:\/\/shop.bertsch-holzbau.eu\/herkommer\/wp-content\/uploads\/sites\/36\/2024\/04\/MHH-4030-F_ID1001_2.webp","contentUrl":"https:\/\/shop.bertsch-holzbau.eu\/herkommer\/wp-content\/uploads\/sites\/36\/2024\/04\/MHH-4030-F_ID1001_2.webp","width":1920,"height":1080},{"@type":"BreadcrumbList","@id":"https:\/\/shop.bertsch-holzbau.eu\/herkommer\/produkt\/mhh-4030-f\/#breadcrumb","itemListElement":[{"@type":"ListItem","position":1,"name":"Strona g\u0142\u00f3wna","item":"https:\/\/shop.bertsch-holzbau.eu\/herkommer\/"},{"@type":"ListItem","position":2,"name":"Sklep","item":"https:\/\/shop.bertsch-holzbau.eu\/herkommer\/sklep\/"},{"@type":"ListItem","position":3,"name":"MHH-4030-F"}]},{"@type":"WebSite","@id":"https:\/\/shop.bertsch-holzbau.eu\/herkommer\/#website","url":"https:\/\/shop.bertsch-holzbau.eu\/herkommer\/","name":"Herkommer","description":"Domy modu\u0142owe, domki z profili, ogrodowe, domy z bali","publisher":{"@id":"https:\/\/shop.bertsch-holzbau.eu\/herkommer\/#organization"},"potentialAction":[{"@type":"SearchAction","target":{"@type":"EntryPoint","urlTemplate":"https:\/\/shop.bertsch-holzbau.eu\/herkommer\/?s={search_term_string}"},"query-input":"required name=search_term_string"}],"inLanguage":"pl-PL"},{"@type":"Organization","@id":"https:\/\/shop.bertsch-holzbau.eu\/herkommer\/#organization","name":"Herkommer","url":"https:\/\/shop.bertsch-holzbau.eu\/herkommer\/","logo":{"@type":"ImageObject","inLanguage":"pl-PL","@id":"https:\/\/shop.bertsch-holzbau.eu\/herkommer\/#\/schema\/logo\/image\/","url":"https:\/\/shop.bertsch-holzbau.eu\/herkommer\/wp-content\/uploads\/sites\/36\/2022\/07\/logo-pl.png","contentUrl":"https:\/\/shop.bertsch-holzbau.eu\/herkommer\/wp-content\/uploads\/sites\/36\/2022\/07\/logo-pl.png","width":2000,"height":482,"caption":"Herkommer"},"image":{"@id":"https:\/\/shop.bertsch-holzbau.eu\/herkommer\/#\/schema\/logo\/image\/"}}]}},"_links":{"self":[{"href":"https:\/\/shop.bertsch-holzbau.eu\/herkommer\/wp-json\/wp\/v2\/product\/33107"}],"collection":[{"href":"https:\/\/shop.bertsch-holzbau.eu\/herkommer\/wp-json\/wp\/v2\/product"}],"about":[{"href":"https:\/\/shop.bertsch-holzbau.eu\/herkommer\/wp-json\/wp\/v2\/types\/product"}],"wp:featuredmedia":[{"embeddable":true,"href":"https:\/\/shop.bertsch-holzbau.eu\/herkommer\/wp-json\/wp\/v2\/media\/38280"}],"wp:attachment":[{"href":"https:\/\/shop.bertsch-holzbau.eu\/herkommer\/wp-json\/wp\/v2\/media?parent=33107"}],"wp:term":[{"taxonomy":"product_cat","embeddable":true,"href":"https:\/\/shop.bertsch-holzbau.eu\/herkommer\/wp-json\/wp\/v2\/product_cat?post=33107"},{"taxonomy":"product_tag","embeddable":true,"href":"https:\/\/shop.bertsch-holzbau.eu\/herkommer\/wp-json\/wp\/v2\/product_tag?post=33107"}],"curies":[{"name":"wp","href":"https:\/\/api.w.org\/{rel}","templated":true}]}}