{"id":33223,"date":"2024-04-10T02:02:10","date_gmt":"2024-04-10T00:02:10","guid":{"rendered":"http:\/\/shop.bertsch-holzbau.eu\/holz-buennagel\/?post_type=product&#038;p=33223"},"modified":"2025-05-13T13:53:03","modified_gmt":"2025-05-13T11:53:03","slug":"h58-2231f-2et-ff","status":"publish","type":"product","link":"https:\/\/shop.bertsch-holzbau.eu\/holz-buennagel\/produkt\/h58-2231f-2et-ff\/","title":{"rendered":"H58-2231F-2ET-FF"},"content":{"rendered":"<table class=\"alt\">\n<tbody>\n<tr>\n<td>Typ Systemu<\/td>\n<td>Zuluna \/\u00a0Domy z Bali<\/td>\n<\/tr>\n<tr>\n<td>Kszta\u0142t dachu<\/td>\n<td>Dach P\u0142aski<\/td>\n<\/tr>\n<tr>\n<td>Grubo\u015b\u0107<\/td>\n<td>58 mm<\/td>\n<\/tr>\n<tr>\n<td>Wymiary \u015bciany (Sz\/D)<\/td>\n<td>220 x 310 cm<\/td>\n<\/tr>\n<tr>\n<td>Wysoko\u015b\u0107 \u015bciany bocznej<\/td>\n<td>225 cm<\/td>\n<\/tr>\n<tr>\n<td>Wypust dachu \/ Prz\u00f3d<\/td>\n<td>28 cm<\/td>\n<\/tr>\n<tr>\n<td>Wypust dachu \/ Ty\u0142<\/td>\n<td>20 cm<\/td>\n<\/tr>\n<tr>\n<td>Wypust dachu \/ Lewo<\/td>\n<td>20 cm<\/td>\n<\/tr>\n<tr>\n<td>Wypust dachu \/ Prawo<\/td>\n<td>20 cm<\/td>\n<\/tr>\n<tr>\n<td>K\u0105t dachu<\/td>\n<td>1 \u00b0<\/td>\n<\/tr>\n<tr>\n<td>Drzwi<\/td>\n<td>2 x ET 75 x 192 cm<\/td>\n<\/tr>\n<tr>\n<td>Okna<\/td>\n<td>FF 100 x 50 cm<\/td>\n<\/tr>\n<tr>\n<td>Opcjonalne Akcesoria<\/td>\n<td>\n<ul class=\"accessories\">\n<li>Pod\u0142oga \/ Rama fundamentowa: FR58-2231<\/li>\n<\/ul>\n<ul class=\"accessories\">\n<li>1 x Rura Spustowa: F1<\/li>\n<\/ul>\n<ul class=\"accessories\">\n<li>1 x Folia EPDM: EPDM-0059<\/li>\n<\/ul>\n<ul class=\"accessories\">\n<li>Saunaausstattung (Liegen, Ofenrost, Fu\u00dfrost,): SA-A<\/li>\n<\/ul>\n<ul class=\"accessories\">\n<li>Saunatechnik (Ofen Nordex Combi+Steuerger\u00e4t Pro-B3, F\u00fchler, Kabel): SA-T<\/li>\n<\/ul>\n<ul class=\"accessories\">\n<li>Bodenisolierung mit Einschubplatten + Styrodur: SA-BI-2231<\/li>\n<\/ul>\n<\/td>\n<\/tr>\n<tr>\n<td>ID Obiektu<\/td>\n<td>1541<\/td>\n<\/tr>\n<\/tbody>\n<\/table>\n","protected":false},"excerpt":{"rendered":"<p>Typ Systemu Zuluna \/\u00a0Domy z Bali Kszta\u0142t dachu Dach P\u0142aski Grubo\u015b\u0107 58 mm Wymiary \u015bciany (Sz\/D) 220 x 310 cm Wysoko\u015b\u0107 \u015bciany bocznej 225 cm Wypust dachu \/ Prz\u00f3d 28 cm Wypust dachu \/ Ty\u0142 20 cm Wypust dachu \/ Lewo 20 cm Wypust dachu \/ Prawo 20 cm K\u0105t dachu 1 \u00b0 Drzwi 2 [&hellip;]<\/p>\n","protected":false},"featured_media":37725,"template":"","meta":[],"product_cat":[906,195],"product_tag":[],"yoast_head":"<!-- This site is optimized with the Yoast SEO plugin v22.5 - https:\/\/yoast.com\/wordpress\/plugins\/seo\/ -->\n<title>H58-2231F-2ET-FF - Holz Buennagel<\/title>\n<meta name=\"robots\" content=\"index, follow, max-snippet:-1, max-image-preview:large, max-video-preview:-1\" \/>\n<link rel=\"canonical\" href=\"https:\/\/shop.bertsch-holzbau.eu\/holz-buennagel\/produkt\/h58-2231f-2et-ff\/\" \/>\n<meta property=\"og:locale\" content=\"pl_PL\" \/>\n<meta property=\"og:type\" content=\"article\" \/>\n<meta property=\"og:title\" content=\"H58-2231F-2ET-FF - Holz Buennagel\" \/>\n<meta property=\"og:description\" content=\"Typ Systemu Zuluna \/\u00a0Domy z Bali Kszta\u0142t dachu Dach P\u0142aski Grubo\u015b\u0107 58 mm Wymiary \u015bciany (Sz\/D) 220 x 310 cm Wysoko\u015b\u0107 \u015bciany bocznej 225 cm Wypust dachu \/ Prz\u00f3d 28 cm Wypust dachu \/ Ty\u0142 20 cm Wypust dachu \/ Lewo 20 cm Wypust dachu \/ Prawo 20 cm K\u0105t dachu 1 \u00b0 Drzwi 2 [&hellip;]\" \/>\n<meta property=\"og:url\" content=\"https:\/\/shop.bertsch-holzbau.eu\/holz-buennagel\/produkt\/h58-2231f-2et-ff\/\" \/>\n<meta property=\"og:site_name\" content=\"Holz Buennagel\" \/>\n<meta property=\"article:modified_time\" content=\"2025-05-13T11:53:03+00:00\" \/>\n<meta property=\"og:image\" content=\"https:\/\/shop.bertsch-holzbau.eu\/holz-buennagel\/wp-content\/uploads\/sites\/24\/2024\/04\/H58-2231F-2ET-FF_ID1541_2.jpg\" \/>\n\t<meta property=\"og:image:width\" content=\"1920\" \/>\n\t<meta property=\"og:image:height\" content=\"1080\" \/>\n\t<meta property=\"og:image:type\" content=\"image\/jpeg\" \/>\n<meta name=\"twitter:card\" content=\"summary_large_image\" \/>\n<meta name=\"twitter:label1\" content=\"Szacowany czas czytania\" \/>\n\t<meta name=\"twitter:data1\" content=\"1 minuta\" \/>\n<script type=\"application\/ld+json\" class=\"yoast-schema-graph\">{\"@context\":\"https:\/\/schema.org\",\"@graph\":[{\"@type\":\"WebPage\",\"@id\":\"https:\/\/shop.bertsch-holzbau.eu\/holz-buennagel\/produkt\/h58-2231f-2et-ff\/\",\"url\":\"https:\/\/shop.bertsch-holzbau.eu\/holz-buennagel\/produkt\/h58-2231f-2et-ff\/\",\"name\":\"H58-2231F-2ET-FF - Holz Buennagel\",\"isPartOf\":{\"@id\":\"https:\/\/shop.bertsch-holzbau.eu\/holz-buennagel\/#website\"},\"primaryImageOfPage\":{\"@id\":\"https:\/\/shop.bertsch-holzbau.eu\/holz-buennagel\/produkt\/h58-2231f-2et-ff\/#primaryimage\"},\"image\":{\"@id\":\"https:\/\/shop.bertsch-holzbau.eu\/holz-buennagel\/produkt\/h58-2231f-2et-ff\/#primaryimage\"},\"thumbnailUrl\":\"https:\/\/shop.bertsch-holzbau.eu\/holz-buennagel\/wp-content\/uploads\/sites\/24\/2024\/04\/H58-2231F-2ET-FF_ID1541_2.jpg\",\"datePublished\":\"2024-04-10T00:02:10+00:00\",\"dateModified\":\"2025-05-13T11:53:03+00:00\",\"breadcrumb\":{\"@id\":\"https:\/\/shop.bertsch-holzbau.eu\/holz-buennagel\/produkt\/h58-2231f-2et-ff\/#breadcrumb\"},\"inLanguage\":\"pl-PL\",\"potentialAction\":[{\"@type\":\"ReadAction\",\"target\":[\"https:\/\/shop.bertsch-holzbau.eu\/holz-buennagel\/produkt\/h58-2231f-2et-ff\/\"]}]},{\"@type\":\"ImageObject\",\"inLanguage\":\"pl-PL\",\"@id\":\"https:\/\/shop.bertsch-holzbau.eu\/holz-buennagel\/produkt\/h58-2231f-2et-ff\/#primaryimage\",\"url\":\"https:\/\/shop.bertsch-holzbau.eu\/holz-buennagel\/wp-content\/uploads\/sites\/24\/2024\/04\/H58-2231F-2ET-FF_ID1541_2.jpg\",\"contentUrl\":\"https:\/\/shop.bertsch-holzbau.eu\/holz-buennagel\/wp-content\/uploads\/sites\/24\/2024\/04\/H58-2231F-2ET-FF_ID1541_2.jpg\",\"width\":1920,\"height\":1080},{\"@type\":\"BreadcrumbList\",\"@id\":\"https:\/\/shop.bertsch-holzbau.eu\/holz-buennagel\/produkt\/h58-2231f-2et-ff\/#breadcrumb\",\"itemListElement\":[{\"@type\":\"ListItem\",\"position\":1,\"name\":\"Strona g\u0142\u00f3wna\",\"item\":\"https:\/\/shop.bertsch-holzbau.eu\/holz-buennagel\/\"},{\"@type\":\"ListItem\",\"position\":2,\"name\":\"Sklep\",\"item\":\"https:\/\/shop.bertsch-holzbau.eu\/holz-buennagel\/sklep\/\"},{\"@type\":\"ListItem\",\"position\":3,\"name\":\"H58-2231F-2ET-FF\"}]},{\"@type\":\"WebSite\",\"@id\":\"https:\/\/shop.bertsch-holzbau.eu\/holz-buennagel\/#website\",\"url\":\"https:\/\/shop.bertsch-holzbau.eu\/holz-buennagel\/\",\"name\":\"Holz Buennagel\",\"description\":\"Domy modu\u0142owe, domki z profili, ogrodowe, domy z bali\",\"publisher\":{\"@id\":\"https:\/\/shop.bertsch-holzbau.eu\/holz-buennagel\/#organization\"},\"potentialAction\":[{\"@type\":\"SearchAction\",\"target\":{\"@type\":\"EntryPoint\",\"urlTemplate\":\"https:\/\/shop.bertsch-holzbau.eu\/holz-buennagel\/?s={search_term_string}\"},\"query-input\":\"required name=search_term_string\"}],\"inLanguage\":\"pl-PL\"},{\"@type\":\"Organization\",\"@id\":\"https:\/\/shop.bertsch-holzbau.eu\/holz-buennagel\/#organization\",\"name\":\"Holz Buennagel\",\"url\":\"https:\/\/shop.bertsch-holzbau.eu\/holz-buennagel\/\",\"logo\":{\"@type\":\"ImageObject\",\"inLanguage\":\"pl-PL\",\"@id\":\"https:\/\/shop.bertsch-holzbau.eu\/holz-buennagel\/#\/schema\/logo\/image\/\",\"url\":\"https:\/\/shop.bertsch-holzbau.eu\/holz-buennagel\/wp-content\/uploads\/sites\/24\/2022\/07\/logo-pl.png\",\"contentUrl\":\"https:\/\/shop.bertsch-holzbau.eu\/holz-buennagel\/wp-content\/uploads\/sites\/24\/2022\/07\/logo-pl.png\",\"width\":2000,\"height\":482,\"caption\":\"Holz Buennagel\"},\"image\":{\"@id\":\"https:\/\/shop.bertsch-holzbau.eu\/holz-buennagel\/#\/schema\/logo\/image\/\"}}]}<\/script>\n<!-- \/ Yoast SEO plugin. -->","yoast_head_json":{"title":"H58-2231F-2ET-FF - Holz Buennagel","robots":{"index":"index","follow":"follow","max-snippet":"max-snippet:-1","max-image-preview":"max-image-preview:large","max-video-preview":"max-video-preview:-1"},"canonical":"https:\/\/shop.bertsch-holzbau.eu\/holz-buennagel\/produkt\/h58-2231f-2et-ff\/","og_locale":"pl_PL","og_type":"article","og_title":"H58-2231F-2ET-FF - Holz Buennagel","og_description":"Typ Systemu Zuluna \/\u00a0Domy z Bali Kszta\u0142t dachu Dach P\u0142aski Grubo\u015b\u0107 58 mm Wymiary \u015bciany (Sz\/D) 220 x 310 cm Wysoko\u015b\u0107 \u015bciany bocznej 225 cm Wypust dachu \/ Prz\u00f3d 28 cm Wypust dachu \/ Ty\u0142 20 cm Wypust dachu \/ Lewo 20 cm Wypust dachu \/ Prawo 20 cm K\u0105t dachu 1 \u00b0 Drzwi 2 [&hellip;]","og_url":"https:\/\/shop.bertsch-holzbau.eu\/holz-buennagel\/produkt\/h58-2231f-2et-ff\/","og_site_name":"Holz Buennagel","article_modified_time":"2025-05-13T11:53:03+00:00","og_image":[{"width":1920,"height":1080,"url":"https:\/\/shop.bertsch-holzbau.eu\/holz-buennagel\/wp-content\/uploads\/sites\/24\/2024\/04\/H58-2231F-2ET-FF_ID1541_2.jpg","type":"image\/jpeg"}],"twitter_card":"summary_large_image","twitter_misc":{"Szacowany czas czytania":"1 minuta"},"schema":{"@context":"https:\/\/schema.org","@graph":[{"@type":"WebPage","@id":"https:\/\/shop.bertsch-holzbau.eu\/holz-buennagel\/produkt\/h58-2231f-2et-ff\/","url":"https:\/\/shop.bertsch-holzbau.eu\/holz-buennagel\/produkt\/h58-2231f-2et-ff\/","name":"H58-2231F-2ET-FF - Holz Buennagel","isPartOf":{"@id":"https:\/\/shop.bertsch-holzbau.eu\/holz-buennagel\/#website"},"primaryImageOfPage":{"@id":"https:\/\/shop.bertsch-holzbau.eu\/holz-buennagel\/produkt\/h58-2231f-2et-ff\/#primaryimage"},"image":{"@id":"https:\/\/shop.bertsch-holzbau.eu\/holz-buennagel\/produkt\/h58-2231f-2et-ff\/#primaryimage"},"thumbnailUrl":"https:\/\/shop.bertsch-holzbau.eu\/holz-buennagel\/wp-content\/uploads\/sites\/24\/2024\/04\/H58-2231F-2ET-FF_ID1541_2.jpg","datePublished":"2024-04-10T00:02:10+00:00","dateModified":"2025-05-13T11:53:03+00:00","breadcrumb":{"@id":"https:\/\/shop.bertsch-holzbau.eu\/holz-buennagel\/produkt\/h58-2231f-2et-ff\/#breadcrumb"},"inLanguage":"pl-PL","potentialAction":[{"@type":"ReadAction","target":["https:\/\/shop.bertsch-holzbau.eu\/holz-buennagel\/produkt\/h58-2231f-2et-ff\/"]}]},{"@type":"ImageObject","inLanguage":"pl-PL","@id":"https:\/\/shop.bertsch-holzbau.eu\/holz-buennagel\/produkt\/h58-2231f-2et-ff\/#primaryimage","url":"https:\/\/shop.bertsch-holzbau.eu\/holz-buennagel\/wp-content\/uploads\/sites\/24\/2024\/04\/H58-2231F-2ET-FF_ID1541_2.jpg","contentUrl":"https:\/\/shop.bertsch-holzbau.eu\/holz-buennagel\/wp-content\/uploads\/sites\/24\/2024\/04\/H58-2231F-2ET-FF_ID1541_2.jpg","width":1920,"height":1080},{"@type":"BreadcrumbList","@id":"https:\/\/shop.bertsch-holzbau.eu\/holz-buennagel\/produkt\/h58-2231f-2et-ff\/#breadcrumb","itemListElement":[{"@type":"ListItem","position":1,"name":"Strona g\u0142\u00f3wna","item":"https:\/\/shop.bertsch-holzbau.eu\/holz-buennagel\/"},{"@type":"ListItem","position":2,"name":"Sklep","item":"https:\/\/shop.bertsch-holzbau.eu\/holz-buennagel\/sklep\/"},{"@type":"ListItem","position":3,"name":"H58-2231F-2ET-FF"}]},{"@type":"WebSite","@id":"https:\/\/shop.bertsch-holzbau.eu\/holz-buennagel\/#website","url":"https:\/\/shop.bertsch-holzbau.eu\/holz-buennagel\/","name":"Holz Buennagel","description":"Domy modu\u0142owe, domki z profili, ogrodowe, domy z bali","publisher":{"@id":"https:\/\/shop.bertsch-holzbau.eu\/holz-buennagel\/#organization"},"potentialAction":[{"@type":"SearchAction","target":{"@type":"EntryPoint","urlTemplate":"https:\/\/shop.bertsch-holzbau.eu\/holz-buennagel\/?s={search_term_string}"},"query-input":"required name=search_term_string"}],"inLanguage":"pl-PL"},{"@type":"Organization","@id":"https:\/\/shop.bertsch-holzbau.eu\/holz-buennagel\/#organization","name":"Holz Buennagel","url":"https:\/\/shop.bertsch-holzbau.eu\/holz-buennagel\/","logo":{"@type":"ImageObject","inLanguage":"pl-PL","@id":"https:\/\/shop.bertsch-holzbau.eu\/holz-buennagel\/#\/schema\/logo\/image\/","url":"https:\/\/shop.bertsch-holzbau.eu\/holz-buennagel\/wp-content\/uploads\/sites\/24\/2022\/07\/logo-pl.png","contentUrl":"https:\/\/shop.bertsch-holzbau.eu\/holz-buennagel\/wp-content\/uploads\/sites\/24\/2022\/07\/logo-pl.png","width":2000,"height":482,"caption":"Holz Buennagel"},"image":{"@id":"https:\/\/shop.bertsch-holzbau.eu\/holz-buennagel\/#\/schema\/logo\/image\/"}}]}},"_links":{"self":[{"href":"https:\/\/shop.bertsch-holzbau.eu\/holz-buennagel\/wp-json\/wp\/v2\/product\/33223"}],"collection":[{"href":"https:\/\/shop.bertsch-holzbau.eu\/holz-buennagel\/wp-json\/wp\/v2\/product"}],"about":[{"href":"https:\/\/shop.bertsch-holzbau.eu\/holz-buennagel\/wp-json\/wp\/v2\/types\/product"}],"wp:featuredmedia":[{"embeddable":true,"href":"https:\/\/shop.bertsch-holzbau.eu\/holz-buennagel\/wp-json\/wp\/v2\/media\/37725"}],"wp:attachment":[{"href":"https:\/\/shop.bertsch-holzbau.eu\/holz-buennagel\/wp-json\/wp\/v2\/media?parent=33223"}],"wp:term":[{"taxonomy":"product_cat","embeddable":true,"href":"https:\/\/shop.bertsch-holzbau.eu\/holz-buennagel\/wp-json\/wp\/v2\/product_cat?post=33223"},{"taxonomy":"product_tag","embeddable":true,"href":"https:\/\/shop.bertsch-holzbau.eu\/holz-buennagel\/wp-json\/wp\/v2\/product_tag?post=33223"}],"curies":[{"name":"wp","href":"https:\/\/api.w.org\/{rel}","templated":true}]}}