{"id":32083,"date":"2022-08-22T14:48:42","date_gmt":"2022-08-22T12:48:42","guid":{"rendered":"http:\/\/shop.bertsch-holzbau.eu\/holz-schroeer\/produkt\/cpf-3854\/"},"modified":"2024-07-05T11:58:49","modified_gmt":"2024-07-05T09:58:49","slug":"cpf-3854","status":"publish","type":"product","link":"https:\/\/shop.bertsch-holzbau.eu\/holz-schroeer\/de\/produkt\/cpf-3854\/","title":{"rendered":"CPF-3854"},"content":{"rendered":"<table class=\"alt\">\n<tbody>\n<tr>\n<td>Bauart<\/td>\n<td>Zuluna \/ Carport<\/td>\n<\/tr>\n<tr>\n<td>Dachform<\/td>\n<td>Flachdach<\/td>\n<\/tr>\n<tr>\n<td>Wandau\u00dfenma\u00df (B\/T)<\/td>\n<td>338 x 501 cm<\/td>\n<\/tr>\n<tr>\n<td>Wandh\u00f6he Vorne<\/td>\n<td>245 cm<\/td>\n<\/tr>\n<tr>\n<td>Wandh\u00f6he Hinten<\/td>\n<td>236 cm<\/td>\n<\/tr>\n<tr>\n<td>Dachfl\u00e4che<\/td>\n<td>20,4 m\u00b2<\/td>\n<\/tr>\n<tr>\n<td>Dach\u00fcberstand Umlaufend<\/td>\n<td>19,5 cm<\/td>\n<\/tr>\n<tr>\n<td>Dachneigung<\/td>\n<td>1 \u00b0<\/td>\n<\/tr>\n<tr>\n<td>Optionales Zubeh\u00f6r<\/td>\n<td>\n<ul class=\"accessories\">\n<li>1 x Dachrinne: 302A<\/li>\n<\/ul>\n<ul class=\"accessories\">\n<li>1 x EPDM Folie: EPDM-0097<\/li>\n<\/ul>\n<ul class=\"accessories\">\n<li>Carport, Dachschalung N+F 19 mm: DS-3854<\/li>\n<\/ul>\n<ul class=\"accessories\">\n<li>Carport, Trapezblech (CPF-3854): BD-3854<\/li>\n<\/ul>\n<ul class=\"accessories\">\n<li>Carport, zus\u00e4tzliche Kopfb\u00e4nder (je St\u00fcck): KB-3854<\/li>\n<\/ul>\n<ul class=\"accessories\">\n<li>Carport, zus\u00e4tzliche St\u00fctze (je St\u00fcck): PF-3854<\/li>\n<\/ul>\n<\/td>\n<\/tr>\n<tr>\n<td>Weitere Infos<\/td>\n<td>Durchfahrtsh\u00f6he: ca. 220 cm; Pfostenst\u00e4rke: 12 x 12 cm<\/td>\n<\/tr>\n<tr>\n<td>Objekt ID<\/td>\n<td>103<\/td>\n<\/tr>\n<\/tbody>\n<\/table>\n","protected":false},"excerpt":{"rendered":"<p>Bauart Zuluna \/ Carport Dachform Flachdach Wandau\u00dfenma\u00df (B\/T) 338 x 501 cm Wandh\u00f6he Vorne 245 cm Wandh\u00f6he Hinten 236 cm Dachfl\u00e4che 20,4 m\u00b2 Dach\u00fcberstand Umlaufend 19,5 cm Dachneigung 1 \u00b0 Optionales Zubeh\u00f6r 1 x Dachrinne: 302A 1 x EPDM Folie: EPDM-0097 Carport, Dachschalung N+F 19 mm: DS-3854 Carport, Trapezblech (CPF-3854): BD-3854 Carport, zus\u00e4tzliche Kopfb\u00e4nder (je [&hellip;]<\/p>\n","protected":false},"featured_media":38780,"template":"","meta":[],"product_cat":[885,877,913],"product_tag":[],"yoast_head":"<!-- This site is optimized with the Yoast SEO plugin v22.5 - https:\/\/yoast.com\/wordpress\/plugins\/seo\/ -->\n<title>CPF-3854 - Holz-Schr\u00f6er GmbH<\/title>\n<meta name=\"robots\" content=\"index, follow, max-snippet:-1, max-image-preview:large, max-video-preview:-1\" \/>\n<link rel=\"canonical\" href=\"https:\/\/shop.bertsch-holzbau.eu\/holz-schroeer\/de\/produkt\/cpf-3854\/\" \/>\n<meta property=\"og:locale\" content=\"de_DE\" \/>\n<meta property=\"og:type\" content=\"article\" \/>\n<meta property=\"og:title\" content=\"CPF-3854 - Holz-Schr\u00f6er GmbH\" \/>\n<meta property=\"og:description\" content=\"Bauart Zuluna \/ Carport Dachform Flachdach Wandau\u00dfenma\u00df (B\/T) 338 x 501 cm Wandh\u00f6he Vorne 245 cm Wandh\u00f6he Hinten 236 cm Dachfl\u00e4che 20,4 m\u00b2 Dach\u00fcberstand Umlaufend 19,5 cm Dachneigung 1 \u00b0 Optionales Zubeh\u00f6r 1 x Dachrinne: 302A 1 x EPDM Folie: EPDM-0097 Carport, Dachschalung N+F 19 mm: DS-3854 Carport, Trapezblech (CPF-3854): BD-3854 Carport, zus\u00e4tzliche Kopfb\u00e4nder (je [&hellip;]\" \/>\n<meta property=\"og:url\" content=\"https:\/\/shop.bertsch-holzbau.eu\/holz-schroeer\/de\/produkt\/cpf-3854\/\" \/>\n<meta property=\"og:site_name\" content=\"Holz-Schr\u00f6er GmbH\" \/>\n<meta property=\"article:modified_time\" content=\"2024-07-05T09:58:49+00:00\" \/>\n<meta property=\"og:image\" content=\"https:\/\/shop.bertsch-holzbau.eu\/holz-schroeer\/wp-content\/uploads\/sites\/41\/2024\/05\/000103-01-kopia.webp\" \/>\n\t<meta property=\"og:image:width\" content=\"1983\" \/>\n\t<meta property=\"og:image:height\" content=\"1594\" \/>\n\t<meta property=\"og:image:type\" content=\"image\/webp\" \/>\n<meta name=\"twitter:card\" content=\"summary_large_image\" \/>\n<meta name=\"twitter:label1\" content=\"Gesch\u00e4tzte Lesezeit\" \/>\n\t<meta name=\"twitter:data1\" content=\"1\u00a0Minute\" \/>\n<script type=\"application\/ld+json\" class=\"yoast-schema-graph\">{\"@context\":\"https:\/\/schema.org\",\"@graph\":[{\"@type\":\"WebPage\",\"@id\":\"https:\/\/shop.bertsch-holzbau.eu\/holz-schroeer\/de\/produkt\/cpf-3854\/\",\"url\":\"https:\/\/shop.bertsch-holzbau.eu\/holz-schroeer\/de\/produkt\/cpf-3854\/\",\"name\":\"CPF-3854 - Holz-Schr\u00f6er GmbH\",\"isPartOf\":{\"@id\":\"https:\/\/shop.bertsch-holzbau.eu\/holz-schroeer\/de\/#website\"},\"primaryImageOfPage\":{\"@id\":\"https:\/\/shop.bertsch-holzbau.eu\/holz-schroeer\/de\/produkt\/cpf-3854\/#primaryimage\"},\"image\":{\"@id\":\"https:\/\/shop.bertsch-holzbau.eu\/holz-schroeer\/de\/produkt\/cpf-3854\/#primaryimage\"},\"thumbnailUrl\":\"https:\/\/shop.bertsch-holzbau.eu\/holz-schroeer\/wp-content\/uploads\/sites\/41\/2022\/08\/CPF-3854_ID103_2.webp\",\"datePublished\":\"2022-08-22T12:48:42+00:00\",\"dateModified\":\"2024-07-05T09:58:49+00:00\",\"breadcrumb\":{\"@id\":\"https:\/\/shop.bertsch-holzbau.eu\/holz-schroeer\/de\/produkt\/cpf-3854\/#breadcrumb\"},\"inLanguage\":\"de\",\"potentialAction\":[{\"@type\":\"ReadAction\",\"target\":[\"https:\/\/shop.bertsch-holzbau.eu\/holz-schroeer\/de\/produkt\/cpf-3854\/\"]}]},{\"@type\":\"ImageObject\",\"inLanguage\":\"de\",\"@id\":\"https:\/\/shop.bertsch-holzbau.eu\/holz-schroeer\/de\/produkt\/cpf-3854\/#primaryimage\",\"url\":\"https:\/\/shop.bertsch-holzbau.eu\/holz-schroeer\/wp-content\/uploads\/sites\/41\/2022\/08\/CPF-3854_ID103_2.webp\",\"contentUrl\":\"https:\/\/shop.bertsch-holzbau.eu\/holz-schroeer\/wp-content\/uploads\/sites\/41\/2022\/08\/CPF-3854_ID103_2.webp\",\"width\":1920,\"height\":1080},{\"@type\":\"BreadcrumbList\",\"@id\":\"https:\/\/shop.bertsch-holzbau.eu\/holz-schroeer\/de\/produkt\/cpf-3854\/#breadcrumb\",\"itemListElement\":[{\"@type\":\"ListItem\",\"position\":1,\"name\":\"Strona g\u0142\u00f3wna\",\"item\":\"https:\/\/shop.bertsch-holzbau.eu\/holz-schroeer\/de\/\"},{\"@type\":\"ListItem\",\"position\":2,\"name\":\"Shop\",\"item\":\"https:\/\/shop.bertsch-holzbau.eu\/holz-schroeer\/de\/shop\/\"},{\"@type\":\"ListItem\",\"position\":3,\"name\":\"CPF-3854\"}]},{\"@type\":\"WebSite\",\"@id\":\"https:\/\/shop.bertsch-holzbau.eu\/holz-schroeer\/de\/#website\",\"url\":\"https:\/\/shop.bertsch-holzbau.eu\/holz-schroeer\/de\/\",\"name\":\"Holz-Schr\u00f6er GmbH\",\"description\":\"Domy modu\u0142owe, domki z profili, ogrodowe, domy z bali\",\"publisher\":{\"@id\":\"https:\/\/shop.bertsch-holzbau.eu\/holz-schroeer\/de\/#organization\"},\"potentialAction\":[{\"@type\":\"SearchAction\",\"target\":{\"@type\":\"EntryPoint\",\"urlTemplate\":\"https:\/\/shop.bertsch-holzbau.eu\/holz-schroeer\/de\/?s={search_term_string}\"},\"query-input\":\"required name=search_term_string\"}],\"inLanguage\":\"de\"},{\"@type\":\"Organization\",\"@id\":\"https:\/\/shop.bertsch-holzbau.eu\/holz-schroeer\/de\/#organization\",\"name\":\"Holz-Schr\u00f6er GmbH\",\"url\":\"https:\/\/shop.bertsch-holzbau.eu\/holz-schroeer\/de\/\",\"logo\":{\"@type\":\"ImageObject\",\"inLanguage\":\"de\",\"@id\":\"https:\/\/shop.bertsch-holzbau.eu\/holz-schroeer\/de\/#\/schema\/logo\/image\/\",\"url\":\"https:\/\/shop.bertsch-holzbau.eu\/holz-schroeer\/wp-content\/uploads\/sites\/41\/2022\/07\/logo-pl.png\",\"contentUrl\":\"https:\/\/shop.bertsch-holzbau.eu\/holz-schroeer\/wp-content\/uploads\/sites\/41\/2022\/07\/logo-pl.png\",\"width\":2000,\"height\":482,\"caption\":\"Holz-Schr\u00f6er GmbH\"},\"image\":{\"@id\":\"https:\/\/shop.bertsch-holzbau.eu\/holz-schroeer\/de\/#\/schema\/logo\/image\/\"}}]}<\/script>\n<!-- \/ Yoast SEO plugin. -->","yoast_head_json":{"title":"CPF-3854 - Holz-Schr\u00f6er GmbH","robots":{"index":"index","follow":"follow","max-snippet":"max-snippet:-1","max-image-preview":"max-image-preview:large","max-video-preview":"max-video-preview:-1"},"canonical":"https:\/\/shop.bertsch-holzbau.eu\/holz-schroeer\/de\/produkt\/cpf-3854\/","og_locale":"de_DE","og_type":"article","og_title":"CPF-3854 - Holz-Schr\u00f6er GmbH","og_description":"Bauart Zuluna \/ Carport Dachform Flachdach Wandau\u00dfenma\u00df (B\/T) 338 x 501 cm Wandh\u00f6he Vorne 245 cm Wandh\u00f6he Hinten 236 cm Dachfl\u00e4che 20,4 m\u00b2 Dach\u00fcberstand Umlaufend 19,5 cm Dachneigung 1 \u00b0 Optionales Zubeh\u00f6r 1 x Dachrinne: 302A 1 x EPDM Folie: EPDM-0097 Carport, Dachschalung N+F 19 mm: DS-3854 Carport, Trapezblech (CPF-3854): BD-3854 Carport, zus\u00e4tzliche Kopfb\u00e4nder (je [&hellip;]","og_url":"https:\/\/shop.bertsch-holzbau.eu\/holz-schroeer\/de\/produkt\/cpf-3854\/","og_site_name":"Holz-Schr\u00f6er GmbH","article_modified_time":"2024-07-05T09:58:49+00:00","og_image":[{"width":1983,"height":1594,"url":"https:\/\/shop.bertsch-holzbau.eu\/holz-schroeer\/wp-content\/uploads\/sites\/41\/2024\/05\/000103-01-kopia.webp","type":"image\/webp"}],"twitter_card":"summary_large_image","twitter_misc":{"Gesch\u00e4tzte Lesezeit":"1\u00a0Minute"},"schema":{"@context":"https:\/\/schema.org","@graph":[{"@type":"WebPage","@id":"https:\/\/shop.bertsch-holzbau.eu\/holz-schroeer\/de\/produkt\/cpf-3854\/","url":"https:\/\/shop.bertsch-holzbau.eu\/holz-schroeer\/de\/produkt\/cpf-3854\/","name":"CPF-3854 - Holz-Schr\u00f6er GmbH","isPartOf":{"@id":"https:\/\/shop.bertsch-holzbau.eu\/holz-schroeer\/de\/#website"},"primaryImageOfPage":{"@id":"https:\/\/shop.bertsch-holzbau.eu\/holz-schroeer\/de\/produkt\/cpf-3854\/#primaryimage"},"image":{"@id":"https:\/\/shop.bertsch-holzbau.eu\/holz-schroeer\/de\/produkt\/cpf-3854\/#primaryimage"},"thumbnailUrl":"https:\/\/shop.bertsch-holzbau.eu\/holz-schroeer\/wp-content\/uploads\/sites\/41\/2022\/08\/CPF-3854_ID103_2.webp","datePublished":"2022-08-22T12:48:42+00:00","dateModified":"2024-07-05T09:58:49+00:00","breadcrumb":{"@id":"https:\/\/shop.bertsch-holzbau.eu\/holz-schroeer\/de\/produkt\/cpf-3854\/#breadcrumb"},"inLanguage":"de","potentialAction":[{"@type":"ReadAction","target":["https:\/\/shop.bertsch-holzbau.eu\/holz-schroeer\/de\/produkt\/cpf-3854\/"]}]},{"@type":"ImageObject","inLanguage":"de","@id":"https:\/\/shop.bertsch-holzbau.eu\/holz-schroeer\/de\/produkt\/cpf-3854\/#primaryimage","url":"https:\/\/shop.bertsch-holzbau.eu\/holz-schroeer\/wp-content\/uploads\/sites\/41\/2022\/08\/CPF-3854_ID103_2.webp","contentUrl":"https:\/\/shop.bertsch-holzbau.eu\/holz-schroeer\/wp-content\/uploads\/sites\/41\/2022\/08\/CPF-3854_ID103_2.webp","width":1920,"height":1080},{"@type":"BreadcrumbList","@id":"https:\/\/shop.bertsch-holzbau.eu\/holz-schroeer\/de\/produkt\/cpf-3854\/#breadcrumb","itemListElement":[{"@type":"ListItem","position":1,"name":"Strona g\u0142\u00f3wna","item":"https:\/\/shop.bertsch-holzbau.eu\/holz-schroeer\/de\/"},{"@type":"ListItem","position":2,"name":"Shop","item":"https:\/\/shop.bertsch-holzbau.eu\/holz-schroeer\/de\/shop\/"},{"@type":"ListItem","position":3,"name":"CPF-3854"}]},{"@type":"WebSite","@id":"https:\/\/shop.bertsch-holzbau.eu\/holz-schroeer\/de\/#website","url":"https:\/\/shop.bertsch-holzbau.eu\/holz-schroeer\/de\/","name":"Holz-Schr\u00f6er GmbH","description":"Domy modu\u0142owe, domki z profili, ogrodowe, domy z bali","publisher":{"@id":"https:\/\/shop.bertsch-holzbau.eu\/holz-schroeer\/de\/#organization"},"potentialAction":[{"@type":"SearchAction","target":{"@type":"EntryPoint","urlTemplate":"https:\/\/shop.bertsch-holzbau.eu\/holz-schroeer\/de\/?s={search_term_string}"},"query-input":"required name=search_term_string"}],"inLanguage":"de"},{"@type":"Organization","@id":"https:\/\/shop.bertsch-holzbau.eu\/holz-schroeer\/de\/#organization","name":"Holz-Schr\u00f6er GmbH","url":"https:\/\/shop.bertsch-holzbau.eu\/holz-schroeer\/de\/","logo":{"@type":"ImageObject","inLanguage":"de","@id":"https:\/\/shop.bertsch-holzbau.eu\/holz-schroeer\/de\/#\/schema\/logo\/image\/","url":"https:\/\/shop.bertsch-holzbau.eu\/holz-schroeer\/wp-content\/uploads\/sites\/41\/2022\/07\/logo-pl.png","contentUrl":"https:\/\/shop.bertsch-holzbau.eu\/holz-schroeer\/wp-content\/uploads\/sites\/41\/2022\/07\/logo-pl.png","width":2000,"height":482,"caption":"Holz-Schr\u00f6er GmbH"},"image":{"@id":"https:\/\/shop.bertsch-holzbau.eu\/holz-schroeer\/de\/#\/schema\/logo\/image\/"}}]}},"_links":{"self":[{"href":"https:\/\/shop.bertsch-holzbau.eu\/holz-schroeer\/de\/wp-json\/wp\/v2\/product\/32083"}],"collection":[{"href":"https:\/\/shop.bertsch-holzbau.eu\/holz-schroeer\/de\/wp-json\/wp\/v2\/product"}],"about":[{"href":"https:\/\/shop.bertsch-holzbau.eu\/holz-schroeer\/de\/wp-json\/wp\/v2\/types\/product"}],"wp:featuredmedia":[{"embeddable":true,"href":"https:\/\/shop.bertsch-holzbau.eu\/holz-schroeer\/de\/wp-json\/wp\/v2\/media\/38780"}],"wp:attachment":[{"href":"https:\/\/shop.bertsch-holzbau.eu\/holz-schroeer\/de\/wp-json\/wp\/v2\/media?parent=32083"}],"wp:term":[{"taxonomy":"product_cat","embeddable":true,"href":"https:\/\/shop.bertsch-holzbau.eu\/holz-schroeer\/de\/wp-json\/wp\/v2\/product_cat?post=32083"},{"taxonomy":"product_tag","embeddable":true,"href":"https:\/\/shop.bertsch-holzbau.eu\/holz-schroeer\/de\/wp-json\/wp\/v2\/product_tag?post=32083"}],"curies":[{"name":"wp","href":"https:\/\/api.w.org\/{rel}","templated":true}]}}