{"id":33987,"date":"2022-08-22T13:31:45","date_gmt":"2022-08-22T11:31:45","guid":{"rendered":"http:\/\/shop.bertsch-holzbau.eu\/holzland-brinkmann\/produkt\/h28-4230-et-ef\/"},"modified":"2024-07-05T12:12:48","modified_gmt":"2024-07-05T10:12:48","slug":"h28-4230-et-ef","status":"publish","type":"product","link":"https:\/\/shop.bertsch-holzbau.eu\/holzland-brinkmann\/de\/produkt\/h28-4230-et-ef\/","title":{"rendered":"H28-4230-ET-EF"},"content":{"rendered":"<table class=\"alt\">\n<tbody>\n<tr>\n<td>Bauart<\/td>\n<td>Zuluna \/ Blockhaus<\/td>\n<\/tr>\n<tr>\n<td>Dachform<\/td>\n<td>Satteldach<\/td>\n<\/tr>\n<tr>\n<td>Wandst\u00e4rke<\/td>\n<td>28 mm<\/td>\n<\/tr>\n<tr>\n<td>Wandau\u00dfenma\u00df (B\/T)<\/td>\n<td>420 x 300 cm<\/td>\n<\/tr>\n<tr>\n<td>Seitenwandh\u00f6he<\/td>\n<td>201 cm<\/td>\n<\/tr>\n<tr>\n<td>Firsth\u00f6he<\/td>\n<td>256 cm<\/td>\n<\/tr>\n<tr>\n<td>Dachfl\u00e4che<\/td>\n<td>19,2 m\u00b2<\/td>\n<\/tr>\n<tr>\n<td>Dach\u00fcberstand Vorne<\/td>\n<td>70 cm<\/td>\n<\/tr>\n<tr>\n<td>Dach\u00fcberstand Hinten<\/td>\n<td>20 cm<\/td>\n<\/tr>\n<tr>\n<td>Dach\u00fcberstand Links<\/td>\n<td>25 cm<\/td>\n<\/tr>\n<tr>\n<td>Dach\u00fcberstand Rechts<\/td>\n<td>25 cm<\/td>\n<\/tr>\n<tr>\n<td>Dachneigung<\/td>\n<td>15 \u00b0<\/td>\n<\/tr>\n<tr>\n<td>T\u00fcren<\/td>\n<td>2 x ET 84 x 184 cm<\/td>\n<\/tr>\n<tr>\n<td>Fenster<\/td>\n<td>2 x EF 75 x 92 cm<\/td>\n<\/tr>\n<tr>\n<td>Optionales Zubeh\u00f6r<\/td>\n<td>\n<ul class=\"accessories\">\n<li>Boden\/Fundamentrahmen: FR28-4230<\/li>\n<\/ul>\n<ul class=\"accessories\">\n<li>1 x Dachrinne: 222B<\/li>\n<\/ul>\n<ul class=\"accessories\">\n<li>8 x Schindelpaket Rechteck<\/li>\n<li>8 x Schindelpaket Biberschwanz<\/li>\n<\/ul>\n<\/td>\n<\/tr>\n<tr>\n<td>Objekt ID<\/td>\n<td>76<\/td>\n<\/tr>\n<\/tbody>\n<\/table>\n<p><strong>Allgemeine Produktbeschreibung<\/strong><br \/>\n&#8211; hochwertige Fachhandelsqualit\u00e4t aus Nordeurop\u00e4ischer Fichte<br \/>\n&#8211; gut sortiertes Holz, alles gesundastig und blank<br \/>\n&#8211; wird als Bausatz, unbehandelt geliefert, ohne evtl. abgebildetes Sonderzubeh\u00f6r \/ Dekoartikel.<br \/>\n&#8211; inkl. Produktionszeichnung und allgemeiner Montageanleitung.<br \/>\n&#8211; massive T\u00fcr(en) (T\u00fcrblatt 42mm) mit Leimholzrahmen, Holzschwellen mit Edelstahlabdeckung und 3 Scharnierb\u00e4ndern (3-dimensional verstellbar)<br \/>\n&#8211; Fenster und T\u00fcren mit Gummidichtung, Echtglasscheiben beidseitig silikoniert.<br \/>\n&#8211; T\u00fcrh\u00f6he (Blendrahmenau\u00dfenma\u00df) betr\u00e4gt 184cm.<br \/>\n&#8211; gerade Giebelbretter, Dachschalung 19mm-Holzbrettern mit Nut u. Feder, aus Nordeurop\u00e4ischer Fichte.<br \/>\n&#8211; Fu\u00dfboden (optional) aus massiven 19-mm-Holzdielen mit Nut u. Feder, aus Nordeurop\u00e4ischer Fichte, mit ausgef\u00e4lzten, ringsum geschlossenen Fundamentrahmen.<br \/>\n&#8211; die angegebenen Grundrissma\u00dfe sind Wandau\u00dfenma\u00dfe.<br \/>\n&#8211; Farbbehandlung T\u00fcren und Fenster optional.<\/p>\n","protected":false},"excerpt":{"rendered":"<p>Bauart Zuluna \/ Blockhaus Dachform Satteldach Wandst\u00e4rke 28 mm Wandau\u00dfenma\u00df (B\/T) 420 x 300 cm Seitenwandh\u00f6he 201 cm Firsth\u00f6he 256 cm Dachfl\u00e4che 19,2 m\u00b2 Dach\u00fcberstand Vorne 70 cm Dach\u00fcberstand Hinten 20 cm Dach\u00fcberstand Links 25 cm Dach\u00fcberstand Rechts 25 cm Dachneigung 15 \u00b0 T\u00fcren 2 x ET 84 x 184 cm Fenster 2 x EF [&hellip;]<\/p>\n","protected":false},"featured_media":38155,"template":"","meta":[],"product_cat":[878,877],"product_tag":[],"yoast_head":"<!-- This site is optimized with the Yoast SEO plugin v22.5 - https:\/\/yoast.com\/wordpress\/plugins\/seo\/ -->\n<title>H28-4230-ET-EF - HolzLand Brinkmann<\/title>\n<meta name=\"robots\" content=\"index, follow, max-snippet:-1, max-image-preview:large, max-video-preview:-1\" \/>\n<link rel=\"canonical\" href=\"https:\/\/shop.bertsch-holzbau.eu\/holzland-brinkmann\/de\/produkt\/h28-4230-et-ef\/\" \/>\n<meta property=\"og:locale\" content=\"de_DE\" \/>\n<meta property=\"og:type\" content=\"article\" \/>\n<meta property=\"og:title\" content=\"H28-4230-ET-EF - HolzLand Brinkmann\" \/>\n<meta property=\"og:description\" content=\"Bauart Zuluna \/ Blockhaus Dachform Satteldach Wandst\u00e4rke 28 mm Wandau\u00dfenma\u00df (B\/T) 420 x 300 cm Seitenwandh\u00f6he 201 cm Firsth\u00f6he 256 cm Dachfl\u00e4che 19,2 m\u00b2 Dach\u00fcberstand Vorne 70 cm Dach\u00fcberstand Hinten 20 cm Dach\u00fcberstand Links 25 cm Dach\u00fcberstand Rechts 25 cm Dachneigung 15 \u00b0 T\u00fcren 2 x ET 84 x 184 cm Fenster 2 x EF [&hellip;]\" \/>\n<meta property=\"og:url\" content=\"https:\/\/shop.bertsch-holzbau.eu\/holzland-brinkmann\/de\/produkt\/h28-4230-et-ef\/\" \/>\n<meta property=\"og:site_name\" content=\"HolzLand Brinkmann\" \/>\n<meta property=\"article:modified_time\" content=\"2024-07-05T10:12:48+00:00\" \/>\n<meta property=\"og:image\" content=\"https:\/\/shop.bertsch-holzbau.eu\/holzland-brinkmann\/wp-content\/uploads\/sites\/27\/2024\/05\/000076-01-kopia.webp\" \/>\n\t<meta property=\"og:image:width\" content=\"759\" \/>\n\t<meta property=\"og:image:height\" content=\"585\" \/>\n\t<meta property=\"og:image:type\" content=\"image\/webp\" \/>\n<meta name=\"twitter:card\" content=\"summary_large_image\" \/>\n<meta name=\"twitter:label1\" content=\"Gesch\u00e4tzte Lesezeit\" \/>\n\t<meta name=\"twitter:data1\" content=\"2\u00a0Minuten\" \/>\n<script type=\"application\/ld+json\" class=\"yoast-schema-graph\">{\"@context\":\"https:\/\/schema.org\",\"@graph\":[{\"@type\":\"WebPage\",\"@id\":\"https:\/\/shop.bertsch-holzbau.eu\/holzland-brinkmann\/de\/produkt\/h28-4230-et-ef\/\",\"url\":\"https:\/\/shop.bertsch-holzbau.eu\/holzland-brinkmann\/de\/produkt\/h28-4230-et-ef\/\",\"name\":\"H28-4230-ET-EF - HolzLand Brinkmann\",\"isPartOf\":{\"@id\":\"https:\/\/shop.bertsch-holzbau.eu\/holzland-brinkmann\/de\/#website\"},\"primaryImageOfPage\":{\"@id\":\"https:\/\/shop.bertsch-holzbau.eu\/holzland-brinkmann\/de\/produkt\/h28-4230-et-ef\/#primaryimage\"},\"image\":{\"@id\":\"https:\/\/shop.bertsch-holzbau.eu\/holzland-brinkmann\/de\/produkt\/h28-4230-et-ef\/#primaryimage\"},\"thumbnailUrl\":\"https:\/\/shop.bertsch-holzbau.eu\/holzland-brinkmann\/wp-content\/uploads\/sites\/27\/2022\/08\/H28-4230-ET-EF_ID76.webp\",\"datePublished\":\"2022-08-22T11:31:45+00:00\",\"dateModified\":\"2024-07-05T10:12:48+00:00\",\"breadcrumb\":{\"@id\":\"https:\/\/shop.bertsch-holzbau.eu\/holzland-brinkmann\/de\/produkt\/h28-4230-et-ef\/#breadcrumb\"},\"inLanguage\":\"de\",\"potentialAction\":[{\"@type\":\"ReadAction\",\"target\":[\"https:\/\/shop.bertsch-holzbau.eu\/holzland-brinkmann\/de\/produkt\/h28-4230-et-ef\/\"]}]},{\"@type\":\"ImageObject\",\"inLanguage\":\"de\",\"@id\":\"https:\/\/shop.bertsch-holzbau.eu\/holzland-brinkmann\/de\/produkt\/h28-4230-et-ef\/#primaryimage\",\"url\":\"https:\/\/shop.bertsch-holzbau.eu\/holzland-brinkmann\/wp-content\/uploads\/sites\/27\/2022\/08\/H28-4230-ET-EF_ID76.webp\",\"contentUrl\":\"https:\/\/shop.bertsch-holzbau.eu\/holzland-brinkmann\/wp-content\/uploads\/sites\/27\/2022\/08\/H28-4230-ET-EF_ID76.webp\",\"width\":1920,\"height\":1080},{\"@type\":\"BreadcrumbList\",\"@id\":\"https:\/\/shop.bertsch-holzbau.eu\/holzland-brinkmann\/de\/produkt\/h28-4230-et-ef\/#breadcrumb\",\"itemListElement\":[{\"@type\":\"ListItem\",\"position\":1,\"name\":\"Strona g\u0142\u00f3wna\",\"item\":\"https:\/\/shop.bertsch-holzbau.eu\/holzland-brinkmann\/de\/\"},{\"@type\":\"ListItem\",\"position\":2,\"name\":\"Shop\",\"item\":\"https:\/\/shop.bertsch-holzbau.eu\/holzland-brinkmann\/de\/shop\/\"},{\"@type\":\"ListItem\",\"position\":3,\"name\":\"H28-4230-ET-EF\"}]},{\"@type\":\"WebSite\",\"@id\":\"https:\/\/shop.bertsch-holzbau.eu\/holzland-brinkmann\/de\/#website\",\"url\":\"https:\/\/shop.bertsch-holzbau.eu\/holzland-brinkmann\/de\/\",\"name\":\"HolzLand Brinkmann\",\"description\":\"Domy modu\u0142owe, domki z profili, ogrodowe, domy z bali\",\"publisher\":{\"@id\":\"https:\/\/shop.bertsch-holzbau.eu\/holzland-brinkmann\/de\/#organization\"},\"potentialAction\":[{\"@type\":\"SearchAction\",\"target\":{\"@type\":\"EntryPoint\",\"urlTemplate\":\"https:\/\/shop.bertsch-holzbau.eu\/holzland-brinkmann\/de\/?s={search_term_string}\"},\"query-input\":\"required name=search_term_string\"}],\"inLanguage\":\"de\"},{\"@type\":\"Organization\",\"@id\":\"https:\/\/shop.bertsch-holzbau.eu\/holzland-brinkmann\/de\/#organization\",\"name\":\"HolzLand Brinkmann\",\"url\":\"https:\/\/shop.bertsch-holzbau.eu\/holzland-brinkmann\/de\/\",\"logo\":{\"@type\":\"ImageObject\",\"inLanguage\":\"de\",\"@id\":\"https:\/\/shop.bertsch-holzbau.eu\/holzland-brinkmann\/de\/#\/schema\/logo\/image\/\",\"url\":\"https:\/\/shop.bertsch-holzbau.eu\/holzland-brinkmann\/wp-content\/uploads\/sites\/27\/2022\/07\/logo-pl.png\",\"contentUrl\":\"https:\/\/shop.bertsch-holzbau.eu\/holzland-brinkmann\/wp-content\/uploads\/sites\/27\/2022\/07\/logo-pl.png\",\"width\":2000,\"height\":482,\"caption\":\"HolzLand Brinkmann\"},\"image\":{\"@id\":\"https:\/\/shop.bertsch-holzbau.eu\/holzland-brinkmann\/de\/#\/schema\/logo\/image\/\"}}]}<\/script>\n<!-- \/ Yoast SEO plugin. -->","yoast_head_json":{"title":"H28-4230-ET-EF - HolzLand Brinkmann","robots":{"index":"index","follow":"follow","max-snippet":"max-snippet:-1","max-image-preview":"max-image-preview:large","max-video-preview":"max-video-preview:-1"},"canonical":"https:\/\/shop.bertsch-holzbau.eu\/holzland-brinkmann\/de\/produkt\/h28-4230-et-ef\/","og_locale":"de_DE","og_type":"article","og_title":"H28-4230-ET-EF - HolzLand Brinkmann","og_description":"Bauart Zuluna \/ Blockhaus Dachform Satteldach Wandst\u00e4rke 28 mm Wandau\u00dfenma\u00df (B\/T) 420 x 300 cm Seitenwandh\u00f6he 201 cm Firsth\u00f6he 256 cm Dachfl\u00e4che 19,2 m\u00b2 Dach\u00fcberstand Vorne 70 cm Dach\u00fcberstand Hinten 20 cm Dach\u00fcberstand Links 25 cm Dach\u00fcberstand Rechts 25 cm Dachneigung 15 \u00b0 T\u00fcren 2 x ET 84 x 184 cm Fenster 2 x EF [&hellip;]","og_url":"https:\/\/shop.bertsch-holzbau.eu\/holzland-brinkmann\/de\/produkt\/h28-4230-et-ef\/","og_site_name":"HolzLand Brinkmann","article_modified_time":"2024-07-05T10:12:48+00:00","og_image":[{"width":759,"height":585,"url":"https:\/\/shop.bertsch-holzbau.eu\/holzland-brinkmann\/wp-content\/uploads\/sites\/27\/2024\/05\/000076-01-kopia.webp","type":"image\/webp"}],"twitter_card":"summary_large_image","twitter_misc":{"Gesch\u00e4tzte Lesezeit":"2\u00a0Minuten"},"schema":{"@context":"https:\/\/schema.org","@graph":[{"@type":"WebPage","@id":"https:\/\/shop.bertsch-holzbau.eu\/holzland-brinkmann\/de\/produkt\/h28-4230-et-ef\/","url":"https:\/\/shop.bertsch-holzbau.eu\/holzland-brinkmann\/de\/produkt\/h28-4230-et-ef\/","name":"H28-4230-ET-EF - HolzLand Brinkmann","isPartOf":{"@id":"https:\/\/shop.bertsch-holzbau.eu\/holzland-brinkmann\/de\/#website"},"primaryImageOfPage":{"@id":"https:\/\/shop.bertsch-holzbau.eu\/holzland-brinkmann\/de\/produkt\/h28-4230-et-ef\/#primaryimage"},"image":{"@id":"https:\/\/shop.bertsch-holzbau.eu\/holzland-brinkmann\/de\/produkt\/h28-4230-et-ef\/#primaryimage"},"thumbnailUrl":"https:\/\/shop.bertsch-holzbau.eu\/holzland-brinkmann\/wp-content\/uploads\/sites\/27\/2022\/08\/H28-4230-ET-EF_ID76.webp","datePublished":"2022-08-22T11:31:45+00:00","dateModified":"2024-07-05T10:12:48+00:00","breadcrumb":{"@id":"https:\/\/shop.bertsch-holzbau.eu\/holzland-brinkmann\/de\/produkt\/h28-4230-et-ef\/#breadcrumb"},"inLanguage":"de","potentialAction":[{"@type":"ReadAction","target":["https:\/\/shop.bertsch-holzbau.eu\/holzland-brinkmann\/de\/produkt\/h28-4230-et-ef\/"]}]},{"@type":"ImageObject","inLanguage":"de","@id":"https:\/\/shop.bertsch-holzbau.eu\/holzland-brinkmann\/de\/produkt\/h28-4230-et-ef\/#primaryimage","url":"https:\/\/shop.bertsch-holzbau.eu\/holzland-brinkmann\/wp-content\/uploads\/sites\/27\/2022\/08\/H28-4230-ET-EF_ID76.webp","contentUrl":"https:\/\/shop.bertsch-holzbau.eu\/holzland-brinkmann\/wp-content\/uploads\/sites\/27\/2022\/08\/H28-4230-ET-EF_ID76.webp","width":1920,"height":1080},{"@type":"BreadcrumbList","@id":"https:\/\/shop.bertsch-holzbau.eu\/holzland-brinkmann\/de\/produkt\/h28-4230-et-ef\/#breadcrumb","itemListElement":[{"@type":"ListItem","position":1,"name":"Strona g\u0142\u00f3wna","item":"https:\/\/shop.bertsch-holzbau.eu\/holzland-brinkmann\/de\/"},{"@type":"ListItem","position":2,"name":"Shop","item":"https:\/\/shop.bertsch-holzbau.eu\/holzland-brinkmann\/de\/shop\/"},{"@type":"ListItem","position":3,"name":"H28-4230-ET-EF"}]},{"@type":"WebSite","@id":"https:\/\/shop.bertsch-holzbau.eu\/holzland-brinkmann\/de\/#website","url":"https:\/\/shop.bertsch-holzbau.eu\/holzland-brinkmann\/de\/","name":"HolzLand Brinkmann","description":"Domy modu\u0142owe, domki z profili, ogrodowe, domy z bali","publisher":{"@id":"https:\/\/shop.bertsch-holzbau.eu\/holzland-brinkmann\/de\/#organization"},"potentialAction":[{"@type":"SearchAction","target":{"@type":"EntryPoint","urlTemplate":"https:\/\/shop.bertsch-holzbau.eu\/holzland-brinkmann\/de\/?s={search_term_string}"},"query-input":"required name=search_term_string"}],"inLanguage":"de"},{"@type":"Organization","@id":"https:\/\/shop.bertsch-holzbau.eu\/holzland-brinkmann\/de\/#organization","name":"HolzLand Brinkmann","url":"https:\/\/shop.bertsch-holzbau.eu\/holzland-brinkmann\/de\/","logo":{"@type":"ImageObject","inLanguage":"de","@id":"https:\/\/shop.bertsch-holzbau.eu\/holzland-brinkmann\/de\/#\/schema\/logo\/image\/","url":"https:\/\/shop.bertsch-holzbau.eu\/holzland-brinkmann\/wp-content\/uploads\/sites\/27\/2022\/07\/logo-pl.png","contentUrl":"https:\/\/shop.bertsch-holzbau.eu\/holzland-brinkmann\/wp-content\/uploads\/sites\/27\/2022\/07\/logo-pl.png","width":2000,"height":482,"caption":"HolzLand Brinkmann"},"image":{"@id":"https:\/\/shop.bertsch-holzbau.eu\/holzland-brinkmann\/de\/#\/schema\/logo\/image\/"}}]}},"_links":{"self":[{"href":"https:\/\/shop.bertsch-holzbau.eu\/holzland-brinkmann\/de\/wp-json\/wp\/v2\/product\/33987"}],"collection":[{"href":"https:\/\/shop.bertsch-holzbau.eu\/holzland-brinkmann\/de\/wp-json\/wp\/v2\/product"}],"about":[{"href":"https:\/\/shop.bertsch-holzbau.eu\/holzland-brinkmann\/de\/wp-json\/wp\/v2\/types\/product"}],"wp:featuredmedia":[{"embeddable":true,"href":"https:\/\/shop.bertsch-holzbau.eu\/holzland-brinkmann\/de\/wp-json\/wp\/v2\/media\/38155"}],"wp:attachment":[{"href":"https:\/\/shop.bertsch-holzbau.eu\/holzland-brinkmann\/de\/wp-json\/wp\/v2\/media?parent=33987"}],"wp:term":[{"taxonomy":"product_cat","embeddable":true,"href":"https:\/\/shop.bertsch-holzbau.eu\/holzland-brinkmann\/de\/wp-json\/wp\/v2\/product_cat?post=33987"},{"taxonomy":"product_tag","embeddable":true,"href":"https:\/\/shop.bertsch-holzbau.eu\/holzland-brinkmann\/de\/wp-json\/wp\/v2\/product_tag?post=33987"}],"curies":[{"name":"wp","href":"https:\/\/api.w.org\/{rel}","templated":true}]}}