{"id":38482,"date":"2025-06-12T10:48:35","date_gmt":"2025-06-12T08:48:35","guid":{"rendered":"https:\/\/shop.bertsch-holzbau.eu\/holzland-brinkmann\/?post_type=product&#038;p=38482"},"modified":"2025-07-01T12:09:00","modified_gmt":"2025-07-01T10:09:00","slug":"cpp-5332","status":"publish","type":"product","link":"https:\/\/shop.bertsch-holzbau.eu\/holzland-brinkmann\/de\/produkt\/cpp-5332\/","title":{"rendered":"CPP-5332"},"content":{"rendered":"<table class=\"has-fixed-layout\">\n<tbody>\n<tr>\n<td>Bauart<\/td>\n<td>Zuluna \/ Carport<\/td>\n<\/tr>\n<tr>\n<td>Dachform<\/td>\n<td>Pultdach<\/td>\n<\/tr>\n<tr>\n<td>Wandau\u00dfenma\u00df (B\/T)<\/td>\n<td>533 x 320 cm<\/td>\n<\/tr>\n<tr>\n<td>Wandh\u00f6he Vorne<\/td>\n<td>254 cm<\/td>\n<\/tr>\n<tr>\n<td>Wandh\u00f6he Hinten<\/td>\n<td>242,9 cm<\/td>\n<\/tr>\n<tr>\n<td>Dachfl\u00e4che<\/td>\n<td>17 m\u00b2<\/td>\n<\/tr>\n<tr>\n<td>Dachneigung<\/td>\n<td>2 \u00b0<\/td>\n<\/tr>\n<tr>\n<td>Objekt ID<\/td>\n<td>2018<\/td>\n<\/tr>\n<\/tbody>\n<\/table>\n","protected":false},"excerpt":{"rendered":"<p>Bauart Zuluna \/ Carport Dachform Pultdach Wandau\u00dfenma\u00df (B\/T) 533 x 320 cm Wandh\u00f6he Vorne 254 cm Wandh\u00f6he Hinten 242,9 cm Dachfl\u00e4che 17 m\u00b2 Dachneigung 2 \u00b0 Objekt ID 2018<\/p>\n","protected":false},"featured_media":38763,"template":"","meta":[],"product_cat":[885],"product_tag":[],"yoast_head":"<!-- This site is optimized with the Yoast SEO plugin v22.5 - https:\/\/yoast.com\/wordpress\/plugins\/seo\/ -->\n<title>CPP-5332 - HolzLand Brinkmann<\/title>\n<meta name=\"robots\" content=\"index, follow, max-snippet:-1, max-image-preview:large, max-video-preview:-1\" \/>\n<link rel=\"canonical\" href=\"https:\/\/shop.bertsch-holzbau.eu\/holzland-brinkmann\/de\/produkt\/cpp-5332\/\" \/>\n<meta property=\"og:locale\" content=\"de_DE\" \/>\n<meta property=\"og:type\" content=\"article\" \/>\n<meta property=\"og:title\" content=\"CPP-5332 - HolzLand Brinkmann\" \/>\n<meta property=\"og:description\" content=\"Bauart Zuluna \/ Carport Dachform Pultdach Wandau\u00dfenma\u00df (B\/T) 533 x 320 cm Wandh\u00f6he Vorne 254 cm Wandh\u00f6he Hinten 242,9 cm Dachfl\u00e4che 17 m\u00b2 Dachneigung 2 \u00b0 Objekt ID 2018\" \/>\n<meta property=\"og:url\" content=\"https:\/\/shop.bertsch-holzbau.eu\/holzland-brinkmann\/de\/produkt\/cpp-5332\/\" \/>\n<meta property=\"og:site_name\" content=\"HolzLand Brinkmann\" \/>\n<meta property=\"article:modified_time\" content=\"2025-07-01T10:09:00+00:00\" \/>\n<meta property=\"og:image\" content=\"https:\/\/shop.bertsch-holzbau.eu\/holzland-brinkmann\/wp-content\/uploads\/sites\/27\/2025\/06\/CPP-5332_ID2018_2.webp\" \/>\n\t<meta property=\"og:image:width\" content=\"1920\" \/>\n\t<meta property=\"og:image:height\" content=\"1080\" \/>\n\t<meta property=\"og:image:type\" content=\"image\/webp\" \/>\n<meta name=\"twitter:card\" content=\"summary_large_image\" \/>\n<meta name=\"twitter:label1\" content=\"Gesch\u00e4tzte Lesezeit\" \/>\n\t<meta name=\"twitter:data1\" content=\"1\u00a0Minute\" \/>\n<script type=\"application\/ld+json\" class=\"yoast-schema-graph\">{\"@context\":\"https:\/\/schema.org\",\"@graph\":[{\"@type\":\"WebPage\",\"@id\":\"https:\/\/shop.bertsch-holzbau.eu\/holzland-brinkmann\/de\/produkt\/cpp-5332\/\",\"url\":\"https:\/\/shop.bertsch-holzbau.eu\/holzland-brinkmann\/de\/produkt\/cpp-5332\/\",\"name\":\"CPP-5332 - HolzLand Brinkmann\",\"isPartOf\":{\"@id\":\"https:\/\/shop.bertsch-holzbau.eu\/holzland-brinkmann\/de\/#website\"},\"primaryImageOfPage\":{\"@id\":\"https:\/\/shop.bertsch-holzbau.eu\/holzland-brinkmann\/de\/produkt\/cpp-5332\/#primaryimage\"},\"image\":{\"@id\":\"https:\/\/shop.bertsch-holzbau.eu\/holzland-brinkmann\/de\/produkt\/cpp-5332\/#primaryimage\"},\"thumbnailUrl\":\"https:\/\/shop.bertsch-holzbau.eu\/holzland-brinkmann\/wp-content\/uploads\/sites\/27\/2025\/06\/CPP-5332_ID2018_2.webp\",\"datePublished\":\"2025-06-12T08:48:35+00:00\",\"dateModified\":\"2025-07-01T10:09:00+00:00\",\"breadcrumb\":{\"@id\":\"https:\/\/shop.bertsch-holzbau.eu\/holzland-brinkmann\/de\/produkt\/cpp-5332\/#breadcrumb\"},\"inLanguage\":\"de\",\"potentialAction\":[{\"@type\":\"ReadAction\",\"target\":[\"https:\/\/shop.bertsch-holzbau.eu\/holzland-brinkmann\/de\/produkt\/cpp-5332\/\"]}]},{\"@type\":\"ImageObject\",\"inLanguage\":\"de\",\"@id\":\"https:\/\/shop.bertsch-holzbau.eu\/holzland-brinkmann\/de\/produkt\/cpp-5332\/#primaryimage\",\"url\":\"https:\/\/shop.bertsch-holzbau.eu\/holzland-brinkmann\/wp-content\/uploads\/sites\/27\/2025\/06\/CPP-5332_ID2018_2.webp\",\"contentUrl\":\"https:\/\/shop.bertsch-holzbau.eu\/holzland-brinkmann\/wp-content\/uploads\/sites\/27\/2025\/06\/CPP-5332_ID2018_2.webp\",\"width\":1920,\"height\":1080},{\"@type\":\"BreadcrumbList\",\"@id\":\"https:\/\/shop.bertsch-holzbau.eu\/holzland-brinkmann\/de\/produkt\/cpp-5332\/#breadcrumb\",\"itemListElement\":[{\"@type\":\"ListItem\",\"position\":1,\"name\":\"Strona g\u0142\u00f3wna\",\"item\":\"https:\/\/shop.bertsch-holzbau.eu\/holzland-brinkmann\/de\/\"},{\"@type\":\"ListItem\",\"position\":2,\"name\":\"Shop\",\"item\":\"https:\/\/shop.bertsch-holzbau.eu\/holzland-brinkmann\/de\/shop\/\"},{\"@type\":\"ListItem\",\"position\":3,\"name\":\"CPP-5332\"}]},{\"@type\":\"WebSite\",\"@id\":\"https:\/\/shop.bertsch-holzbau.eu\/holzland-brinkmann\/de\/#website\",\"url\":\"https:\/\/shop.bertsch-holzbau.eu\/holzland-brinkmann\/de\/\",\"name\":\"HolzLand Brinkmann\",\"description\":\"Domy modu\u0142owe, domki z profili, ogrodowe, domy z bali\",\"publisher\":{\"@id\":\"https:\/\/shop.bertsch-holzbau.eu\/holzland-brinkmann\/de\/#organization\"},\"potentialAction\":[{\"@type\":\"SearchAction\",\"target\":{\"@type\":\"EntryPoint\",\"urlTemplate\":\"https:\/\/shop.bertsch-holzbau.eu\/holzland-brinkmann\/de\/?s={search_term_string}\"},\"query-input\":\"required name=search_term_string\"}],\"inLanguage\":\"de\"},{\"@type\":\"Organization\",\"@id\":\"https:\/\/shop.bertsch-holzbau.eu\/holzland-brinkmann\/de\/#organization\",\"name\":\"HolzLand Brinkmann\",\"url\":\"https:\/\/shop.bertsch-holzbau.eu\/holzland-brinkmann\/de\/\",\"logo\":{\"@type\":\"ImageObject\",\"inLanguage\":\"de\",\"@id\":\"https:\/\/shop.bertsch-holzbau.eu\/holzland-brinkmann\/de\/#\/schema\/logo\/image\/\",\"url\":\"https:\/\/shop.bertsch-holzbau.eu\/holzland-brinkmann\/wp-content\/uploads\/sites\/27\/2022\/07\/logo-pl.png\",\"contentUrl\":\"https:\/\/shop.bertsch-holzbau.eu\/holzland-brinkmann\/wp-content\/uploads\/sites\/27\/2022\/07\/logo-pl.png\",\"width\":2000,\"height\":482,\"caption\":\"HolzLand Brinkmann\"},\"image\":{\"@id\":\"https:\/\/shop.bertsch-holzbau.eu\/holzland-brinkmann\/de\/#\/schema\/logo\/image\/\"}}]}<\/script>\n<!-- \/ Yoast SEO plugin. -->","yoast_head_json":{"title":"CPP-5332 - HolzLand Brinkmann","robots":{"index":"index","follow":"follow","max-snippet":"max-snippet:-1","max-image-preview":"max-image-preview:large","max-video-preview":"max-video-preview:-1"},"canonical":"https:\/\/shop.bertsch-holzbau.eu\/holzland-brinkmann\/de\/produkt\/cpp-5332\/","og_locale":"de_DE","og_type":"article","og_title":"CPP-5332 - HolzLand Brinkmann","og_description":"Bauart Zuluna \/ Carport Dachform Pultdach Wandau\u00dfenma\u00df (B\/T) 533 x 320 cm Wandh\u00f6he Vorne 254 cm Wandh\u00f6he Hinten 242,9 cm Dachfl\u00e4che 17 m\u00b2 Dachneigung 2 \u00b0 Objekt ID 2018","og_url":"https:\/\/shop.bertsch-holzbau.eu\/holzland-brinkmann\/de\/produkt\/cpp-5332\/","og_site_name":"HolzLand Brinkmann","article_modified_time":"2025-07-01T10:09:00+00:00","og_image":[{"width":1920,"height":1080,"url":"https:\/\/shop.bertsch-holzbau.eu\/holzland-brinkmann\/wp-content\/uploads\/sites\/27\/2025\/06\/CPP-5332_ID2018_2.webp","type":"image\/webp"}],"twitter_card":"summary_large_image","twitter_misc":{"Gesch\u00e4tzte Lesezeit":"1\u00a0Minute"},"schema":{"@context":"https:\/\/schema.org","@graph":[{"@type":"WebPage","@id":"https:\/\/shop.bertsch-holzbau.eu\/holzland-brinkmann\/de\/produkt\/cpp-5332\/","url":"https:\/\/shop.bertsch-holzbau.eu\/holzland-brinkmann\/de\/produkt\/cpp-5332\/","name":"CPP-5332 - HolzLand Brinkmann","isPartOf":{"@id":"https:\/\/shop.bertsch-holzbau.eu\/holzland-brinkmann\/de\/#website"},"primaryImageOfPage":{"@id":"https:\/\/shop.bertsch-holzbau.eu\/holzland-brinkmann\/de\/produkt\/cpp-5332\/#primaryimage"},"image":{"@id":"https:\/\/shop.bertsch-holzbau.eu\/holzland-brinkmann\/de\/produkt\/cpp-5332\/#primaryimage"},"thumbnailUrl":"https:\/\/shop.bertsch-holzbau.eu\/holzland-brinkmann\/wp-content\/uploads\/sites\/27\/2025\/06\/CPP-5332_ID2018_2.webp","datePublished":"2025-06-12T08:48:35+00:00","dateModified":"2025-07-01T10:09:00+00:00","breadcrumb":{"@id":"https:\/\/shop.bertsch-holzbau.eu\/holzland-brinkmann\/de\/produkt\/cpp-5332\/#breadcrumb"},"inLanguage":"de","potentialAction":[{"@type":"ReadAction","target":["https:\/\/shop.bertsch-holzbau.eu\/holzland-brinkmann\/de\/produkt\/cpp-5332\/"]}]},{"@type":"ImageObject","inLanguage":"de","@id":"https:\/\/shop.bertsch-holzbau.eu\/holzland-brinkmann\/de\/produkt\/cpp-5332\/#primaryimage","url":"https:\/\/shop.bertsch-holzbau.eu\/holzland-brinkmann\/wp-content\/uploads\/sites\/27\/2025\/06\/CPP-5332_ID2018_2.webp","contentUrl":"https:\/\/shop.bertsch-holzbau.eu\/holzland-brinkmann\/wp-content\/uploads\/sites\/27\/2025\/06\/CPP-5332_ID2018_2.webp","width":1920,"height":1080},{"@type":"BreadcrumbList","@id":"https:\/\/shop.bertsch-holzbau.eu\/holzland-brinkmann\/de\/produkt\/cpp-5332\/#breadcrumb","itemListElement":[{"@type":"ListItem","position":1,"name":"Strona g\u0142\u00f3wna","item":"https:\/\/shop.bertsch-holzbau.eu\/holzland-brinkmann\/de\/"},{"@type":"ListItem","position":2,"name":"Shop","item":"https:\/\/shop.bertsch-holzbau.eu\/holzland-brinkmann\/de\/shop\/"},{"@type":"ListItem","position":3,"name":"CPP-5332"}]},{"@type":"WebSite","@id":"https:\/\/shop.bertsch-holzbau.eu\/holzland-brinkmann\/de\/#website","url":"https:\/\/shop.bertsch-holzbau.eu\/holzland-brinkmann\/de\/","name":"HolzLand Brinkmann","description":"Domy modu\u0142owe, domki z profili, ogrodowe, domy z bali","publisher":{"@id":"https:\/\/shop.bertsch-holzbau.eu\/holzland-brinkmann\/de\/#organization"},"potentialAction":[{"@type":"SearchAction","target":{"@type":"EntryPoint","urlTemplate":"https:\/\/shop.bertsch-holzbau.eu\/holzland-brinkmann\/de\/?s={search_term_string}"},"query-input":"required name=search_term_string"}],"inLanguage":"de"},{"@type":"Organization","@id":"https:\/\/shop.bertsch-holzbau.eu\/holzland-brinkmann\/de\/#organization","name":"HolzLand Brinkmann","url":"https:\/\/shop.bertsch-holzbau.eu\/holzland-brinkmann\/de\/","logo":{"@type":"ImageObject","inLanguage":"de","@id":"https:\/\/shop.bertsch-holzbau.eu\/holzland-brinkmann\/de\/#\/schema\/logo\/image\/","url":"https:\/\/shop.bertsch-holzbau.eu\/holzland-brinkmann\/wp-content\/uploads\/sites\/27\/2022\/07\/logo-pl.png","contentUrl":"https:\/\/shop.bertsch-holzbau.eu\/holzland-brinkmann\/wp-content\/uploads\/sites\/27\/2022\/07\/logo-pl.png","width":2000,"height":482,"caption":"HolzLand Brinkmann"},"image":{"@id":"https:\/\/shop.bertsch-holzbau.eu\/holzland-brinkmann\/de\/#\/schema\/logo\/image\/"}}]}},"_links":{"self":[{"href":"https:\/\/shop.bertsch-holzbau.eu\/holzland-brinkmann\/de\/wp-json\/wp\/v2\/product\/38482"}],"collection":[{"href":"https:\/\/shop.bertsch-holzbau.eu\/holzland-brinkmann\/de\/wp-json\/wp\/v2\/product"}],"about":[{"href":"https:\/\/shop.bertsch-holzbau.eu\/holzland-brinkmann\/de\/wp-json\/wp\/v2\/types\/product"}],"wp:featuredmedia":[{"embeddable":true,"href":"https:\/\/shop.bertsch-holzbau.eu\/holzland-brinkmann\/de\/wp-json\/wp\/v2\/media\/38763"}],"wp:attachment":[{"href":"https:\/\/shop.bertsch-holzbau.eu\/holzland-brinkmann\/de\/wp-json\/wp\/v2\/media?parent=38482"}],"wp:term":[{"taxonomy":"product_cat","embeddable":true,"href":"https:\/\/shop.bertsch-holzbau.eu\/holzland-brinkmann\/de\/wp-json\/wp\/v2\/product_cat?post=38482"},{"taxonomy":"product_tag","embeddable":true,"href":"https:\/\/shop.bertsch-holzbau.eu\/holzland-brinkmann\/de\/wp-json\/wp\/v2\/product_tag?post=38482"}],"curies":[{"name":"wp","href":"https:\/\/api.w.org\/{rel}","templated":true}]}}