{"id":15399,"date":"2022-08-22T12:30:04","date_gmt":"2022-08-22T10:30:04","guid":{"rendered":"http:\/\/shop.bertsch-holzbau.eu\/holzland-seibert\/?post_type=product&#038;p=15399"},"modified":"2025-05-27T10:33:12","modified_gmt":"2025-05-27T08:33:12","slug":"ts-h28-2119f","status":"publish","type":"product","link":"https:\/\/shop.bertsch-holzbau.eu\/holzland-seibert\/produkt\/ts-h28-2119f\/","title":{"rendered":"TS-H28-2119F"},"content":{"rendered":"<table class=\"alt\">\n<tbody>\n<tr>\n<td>Typ Systemu<\/td>\n<td>Zuluna \/ Basic<\/td>\n<\/tr>\n<tr>\n<td>Kszta\u0142t dachu<\/td>\n<td>Dach P\u0142aski<\/td>\n<\/tr>\n<tr>\n<td>Grubo\u015b\u0107<\/td>\n<td>28 mm<\/td>\n<\/tr>\n<tr>\n<td>Wymiary \u015bciany (Sz\/D)<\/td>\n<td>210 x 190 cm<\/td>\n<\/tr>\n<tr>\n<td>Wysoko\u015b\u0107 \u015bciany \/ Prz\u00f3d<\/td>\n<td>207 cm<\/td>\n<\/tr>\n<tr>\n<td>Wysoko\u015b\u0107 \u015bciany \/ Ty\u0142<\/td>\n<td>201 cm<\/td>\n<\/tr>\n<tr>\n<td>Powierzchnia dachu<\/td>\n<td>6,3 m\u00b2<\/td>\n<\/tr>\n<tr>\n<td>Wypust dachu dooko\u0142a<\/td>\n<td>25 cm<\/td>\n<\/tr>\n<tr>\n<td>K\u0105t dachu<\/td>\n<td>2 \u00b0<\/td>\n<\/tr>\n<tr>\n<td>Drzwi<\/td>\n<td>DT 130 x 184 cm<\/td>\n<\/tr>\n<tr>\n<td>Opcjonalne Akcesoria<\/td>\n<td>\n<ul class=\"accessories\">\n<li>Pod\u0142oga \/ Rama fundamentowa: FR28-2119<\/li>\n<\/ul>\n<ul class=\"accessories\">\n<li>1 x Rura Spustowa: F1<\/li>\n<\/ul>\n<ul class=\"accessories\">\n<li>1 x Folia EPDM: EPDM-0004<\/li>\n<\/ul>\n<\/td>\n<\/tr>\n<tr>\n<td>ID Obiektu<\/td>\n<td>57<\/td>\n<\/tr>\n<tr>\n<td>Warianty ID Obiektu<\/td>\n<td>58\u00a0\u00a059<\/td>\n<\/tr>\n<\/tbody>\n<\/table>\n","protected":false},"excerpt":{"rendered":"<p>Typ Systemu Zuluna \/ Basic Kszta\u0142t dachu Dach P\u0142aski Grubo\u015b\u0107 28 mm Wymiary \u015bciany (Sz\/D) 210 x 190 cm Wysoko\u015b\u0107 \u015bciany \/ Prz\u00f3d 207 cm Wysoko\u015b\u0107 \u015bciany \/ Ty\u0142 201 cm Powierzchnia dachu 6,3 m\u00b2 Wypust dachu dooko\u0142a 25 cm K\u0105t dachu 2 \u00b0 Drzwi DT 130 x 184 cm Opcjonalne Akcesoria Pod\u0142oga \/ Rama [&hellip;]<\/p>\n","protected":false},"featured_media":37997,"template":"","meta":[],"product_cat":[220,195],"product_tag":[],"yoast_head":"<!-- This site is optimized with the Yoast SEO plugin v22.5 - https:\/\/yoast.com\/wordpress\/plugins\/seo\/ -->\n<title>TS-H28-2119F - Holzland Seibert<\/title>\n<meta name=\"robots\" content=\"index, follow, max-snippet:-1, max-image-preview:large, max-video-preview:-1\" \/>\n<link rel=\"canonical\" href=\"https:\/\/shop.bertsch-holzbau.eu\/holzland-seibert\/produkt\/ts-h28-2119f\/\" \/>\n<meta property=\"og:locale\" content=\"pl_PL\" \/>\n<meta property=\"og:type\" content=\"article\" \/>\n<meta property=\"og:title\" content=\"TS-H28-2119F - Holzland Seibert\" \/>\n<meta property=\"og:description\" content=\"Typ Systemu Zuluna \/ Basic Kszta\u0142t dachu Dach P\u0142aski Grubo\u015b\u0107 28 mm Wymiary \u015bciany (Sz\/D) 210 x 190 cm Wysoko\u015b\u0107 \u015bciany \/ Prz\u00f3d 207 cm Wysoko\u015b\u0107 \u015bciany \/ Ty\u0142 201 cm Powierzchnia dachu 6,3 m\u00b2 Wypust dachu dooko\u0142a 25 cm K\u0105t dachu 2 \u00b0 Drzwi DT 130 x 184 cm Opcjonalne Akcesoria Pod\u0142oga \/ Rama [&hellip;]\" \/>\n<meta property=\"og:url\" content=\"https:\/\/shop.bertsch-holzbau.eu\/holzland-seibert\/produkt\/ts-h28-2119f\/\" \/>\n<meta property=\"og:site_name\" content=\"Holzland Seibert\" \/>\n<meta property=\"article:modified_time\" content=\"2025-05-27T08:33:12+00:00\" \/>\n<meta property=\"og:image\" content=\"https:\/\/shop.bertsch-holzbau.eu\/holzland-seibert\/wp-content\/uploads\/sites\/26\/2022\/08\/TS-H28-2119F_ID57.webp\" \/>\n\t<meta property=\"og:image:width\" content=\"1920\" \/>\n\t<meta property=\"og:image:height\" content=\"1080\" \/>\n\t<meta property=\"og:image:type\" content=\"image\/webp\" \/>\n<meta name=\"twitter:card\" content=\"summary_large_image\" \/>\n<meta name=\"twitter:label1\" content=\"Szacowany czas czytania\" \/>\n\t<meta name=\"twitter:data1\" content=\"1 minuta\" \/>\n<script type=\"application\/ld+json\" class=\"yoast-schema-graph\">{\"@context\":\"https:\/\/schema.org\",\"@graph\":[{\"@type\":\"WebPage\",\"@id\":\"https:\/\/shop.bertsch-holzbau.eu\/holzland-seibert\/produkt\/ts-h28-2119f\/\",\"url\":\"https:\/\/shop.bertsch-holzbau.eu\/holzland-seibert\/produkt\/ts-h28-2119f\/\",\"name\":\"TS-H28-2119F - Holzland Seibert\",\"isPartOf\":{\"@id\":\"https:\/\/shop.bertsch-holzbau.eu\/holzland-seibert\/#website\"},\"primaryImageOfPage\":{\"@id\":\"https:\/\/shop.bertsch-holzbau.eu\/holzland-seibert\/produkt\/ts-h28-2119f\/#primaryimage\"},\"image\":{\"@id\":\"https:\/\/shop.bertsch-holzbau.eu\/holzland-seibert\/produkt\/ts-h28-2119f\/#primaryimage\"},\"thumbnailUrl\":\"https:\/\/shop.bertsch-holzbau.eu\/holzland-seibert\/wp-content\/uploads\/sites\/26\/2022\/08\/TS-H28-2119F_ID57.webp\",\"datePublished\":\"2022-08-22T10:30:04+00:00\",\"dateModified\":\"2025-05-27T08:33:12+00:00\",\"breadcrumb\":{\"@id\":\"https:\/\/shop.bertsch-holzbau.eu\/holzland-seibert\/produkt\/ts-h28-2119f\/#breadcrumb\"},\"inLanguage\":\"pl-PL\",\"potentialAction\":[{\"@type\":\"ReadAction\",\"target\":[\"https:\/\/shop.bertsch-holzbau.eu\/holzland-seibert\/produkt\/ts-h28-2119f\/\"]}]},{\"@type\":\"ImageObject\",\"inLanguage\":\"pl-PL\",\"@id\":\"https:\/\/shop.bertsch-holzbau.eu\/holzland-seibert\/produkt\/ts-h28-2119f\/#primaryimage\",\"url\":\"https:\/\/shop.bertsch-holzbau.eu\/holzland-seibert\/wp-content\/uploads\/sites\/26\/2022\/08\/TS-H28-2119F_ID57.webp\",\"contentUrl\":\"https:\/\/shop.bertsch-holzbau.eu\/holzland-seibert\/wp-content\/uploads\/sites\/26\/2022\/08\/TS-H28-2119F_ID57.webp\",\"width\":1920,\"height\":1080},{\"@type\":\"BreadcrumbList\",\"@id\":\"https:\/\/shop.bertsch-holzbau.eu\/holzland-seibert\/produkt\/ts-h28-2119f\/#breadcrumb\",\"itemListElement\":[{\"@type\":\"ListItem\",\"position\":1,\"name\":\"Strona g\u0142\u00f3wna\",\"item\":\"https:\/\/shop.bertsch-holzbau.eu\/holzland-seibert\/\"},{\"@type\":\"ListItem\",\"position\":2,\"name\":\"Sklep\",\"item\":\"https:\/\/shop.bertsch-holzbau.eu\/holzland-seibert\/sklep\/\"},{\"@type\":\"ListItem\",\"position\":3,\"name\":\"TS-H28-2119F\"}]},{\"@type\":\"WebSite\",\"@id\":\"https:\/\/shop.bertsch-holzbau.eu\/holzland-seibert\/#website\",\"url\":\"https:\/\/shop.bertsch-holzbau.eu\/holzland-seibert\/\",\"name\":\"Holzland Seibert\",\"description\":\"Domy modu\u0142owe, domki z profili, ogrodowe, domy z bali\",\"publisher\":{\"@id\":\"https:\/\/shop.bertsch-holzbau.eu\/holzland-seibert\/#organization\"},\"potentialAction\":[{\"@type\":\"SearchAction\",\"target\":{\"@type\":\"EntryPoint\",\"urlTemplate\":\"https:\/\/shop.bertsch-holzbau.eu\/holzland-seibert\/?s={search_term_string}\"},\"query-input\":\"required name=search_term_string\"}],\"inLanguage\":\"pl-PL\"},{\"@type\":\"Organization\",\"@id\":\"https:\/\/shop.bertsch-holzbau.eu\/holzland-seibert\/#organization\",\"name\":\"Holzland Seibert\",\"url\":\"https:\/\/shop.bertsch-holzbau.eu\/holzland-seibert\/\",\"logo\":{\"@type\":\"ImageObject\",\"inLanguage\":\"pl-PL\",\"@id\":\"https:\/\/shop.bertsch-holzbau.eu\/holzland-seibert\/#\/schema\/logo\/image\/\",\"url\":\"https:\/\/shop.bertsch-holzbau.eu\/holzland-seibert\/wp-content\/uploads\/sites\/26\/2022\/07\/logo-pl.png\",\"contentUrl\":\"https:\/\/shop.bertsch-holzbau.eu\/holzland-seibert\/wp-content\/uploads\/sites\/26\/2022\/07\/logo-pl.png\",\"width\":2000,\"height\":482,\"caption\":\"Holzland Seibert\"},\"image\":{\"@id\":\"https:\/\/shop.bertsch-holzbau.eu\/holzland-seibert\/#\/schema\/logo\/image\/\"}}]}<\/script>\n<!-- \/ Yoast SEO plugin. -->","yoast_head_json":{"title":"TS-H28-2119F - Holzland Seibert","robots":{"index":"index","follow":"follow","max-snippet":"max-snippet:-1","max-image-preview":"max-image-preview:large","max-video-preview":"max-video-preview:-1"},"canonical":"https:\/\/shop.bertsch-holzbau.eu\/holzland-seibert\/produkt\/ts-h28-2119f\/","og_locale":"pl_PL","og_type":"article","og_title":"TS-H28-2119F - Holzland Seibert","og_description":"Typ Systemu Zuluna \/ Basic Kszta\u0142t dachu Dach P\u0142aski Grubo\u015b\u0107 28 mm Wymiary \u015bciany (Sz\/D) 210 x 190 cm Wysoko\u015b\u0107 \u015bciany \/ Prz\u00f3d 207 cm Wysoko\u015b\u0107 \u015bciany \/ Ty\u0142 201 cm Powierzchnia dachu 6,3 m\u00b2 Wypust dachu dooko\u0142a 25 cm K\u0105t dachu 2 \u00b0 Drzwi DT 130 x 184 cm Opcjonalne Akcesoria Pod\u0142oga \/ Rama [&hellip;]","og_url":"https:\/\/shop.bertsch-holzbau.eu\/holzland-seibert\/produkt\/ts-h28-2119f\/","og_site_name":"Holzland Seibert","article_modified_time":"2025-05-27T08:33:12+00:00","og_image":[{"width":1920,"height":1080,"url":"https:\/\/shop.bertsch-holzbau.eu\/holzland-seibert\/wp-content\/uploads\/sites\/26\/2022\/08\/TS-H28-2119F_ID57.webp","type":"image\/webp"}],"twitter_card":"summary_large_image","twitter_misc":{"Szacowany czas czytania":"1 minuta"},"schema":{"@context":"https:\/\/schema.org","@graph":[{"@type":"WebPage","@id":"https:\/\/shop.bertsch-holzbau.eu\/holzland-seibert\/produkt\/ts-h28-2119f\/","url":"https:\/\/shop.bertsch-holzbau.eu\/holzland-seibert\/produkt\/ts-h28-2119f\/","name":"TS-H28-2119F - Holzland Seibert","isPartOf":{"@id":"https:\/\/shop.bertsch-holzbau.eu\/holzland-seibert\/#website"},"primaryImageOfPage":{"@id":"https:\/\/shop.bertsch-holzbau.eu\/holzland-seibert\/produkt\/ts-h28-2119f\/#primaryimage"},"image":{"@id":"https:\/\/shop.bertsch-holzbau.eu\/holzland-seibert\/produkt\/ts-h28-2119f\/#primaryimage"},"thumbnailUrl":"https:\/\/shop.bertsch-holzbau.eu\/holzland-seibert\/wp-content\/uploads\/sites\/26\/2022\/08\/TS-H28-2119F_ID57.webp","datePublished":"2022-08-22T10:30:04+00:00","dateModified":"2025-05-27T08:33:12+00:00","breadcrumb":{"@id":"https:\/\/shop.bertsch-holzbau.eu\/holzland-seibert\/produkt\/ts-h28-2119f\/#breadcrumb"},"inLanguage":"pl-PL","potentialAction":[{"@type":"ReadAction","target":["https:\/\/shop.bertsch-holzbau.eu\/holzland-seibert\/produkt\/ts-h28-2119f\/"]}]},{"@type":"ImageObject","inLanguage":"pl-PL","@id":"https:\/\/shop.bertsch-holzbau.eu\/holzland-seibert\/produkt\/ts-h28-2119f\/#primaryimage","url":"https:\/\/shop.bertsch-holzbau.eu\/holzland-seibert\/wp-content\/uploads\/sites\/26\/2022\/08\/TS-H28-2119F_ID57.webp","contentUrl":"https:\/\/shop.bertsch-holzbau.eu\/holzland-seibert\/wp-content\/uploads\/sites\/26\/2022\/08\/TS-H28-2119F_ID57.webp","width":1920,"height":1080},{"@type":"BreadcrumbList","@id":"https:\/\/shop.bertsch-holzbau.eu\/holzland-seibert\/produkt\/ts-h28-2119f\/#breadcrumb","itemListElement":[{"@type":"ListItem","position":1,"name":"Strona g\u0142\u00f3wna","item":"https:\/\/shop.bertsch-holzbau.eu\/holzland-seibert\/"},{"@type":"ListItem","position":2,"name":"Sklep","item":"https:\/\/shop.bertsch-holzbau.eu\/holzland-seibert\/sklep\/"},{"@type":"ListItem","position":3,"name":"TS-H28-2119F"}]},{"@type":"WebSite","@id":"https:\/\/shop.bertsch-holzbau.eu\/holzland-seibert\/#website","url":"https:\/\/shop.bertsch-holzbau.eu\/holzland-seibert\/","name":"Holzland Seibert","description":"Domy modu\u0142owe, domki z profili, ogrodowe, domy z bali","publisher":{"@id":"https:\/\/shop.bertsch-holzbau.eu\/holzland-seibert\/#organization"},"potentialAction":[{"@type":"SearchAction","target":{"@type":"EntryPoint","urlTemplate":"https:\/\/shop.bertsch-holzbau.eu\/holzland-seibert\/?s={search_term_string}"},"query-input":"required name=search_term_string"}],"inLanguage":"pl-PL"},{"@type":"Organization","@id":"https:\/\/shop.bertsch-holzbau.eu\/holzland-seibert\/#organization","name":"Holzland Seibert","url":"https:\/\/shop.bertsch-holzbau.eu\/holzland-seibert\/","logo":{"@type":"ImageObject","inLanguage":"pl-PL","@id":"https:\/\/shop.bertsch-holzbau.eu\/holzland-seibert\/#\/schema\/logo\/image\/","url":"https:\/\/shop.bertsch-holzbau.eu\/holzland-seibert\/wp-content\/uploads\/sites\/26\/2022\/07\/logo-pl.png","contentUrl":"https:\/\/shop.bertsch-holzbau.eu\/holzland-seibert\/wp-content\/uploads\/sites\/26\/2022\/07\/logo-pl.png","width":2000,"height":482,"caption":"Holzland Seibert"},"image":{"@id":"https:\/\/shop.bertsch-holzbau.eu\/holzland-seibert\/#\/schema\/logo\/image\/"}}]}},"_links":{"self":[{"href":"https:\/\/shop.bertsch-holzbau.eu\/holzland-seibert\/wp-json\/wp\/v2\/product\/15399"}],"collection":[{"href":"https:\/\/shop.bertsch-holzbau.eu\/holzland-seibert\/wp-json\/wp\/v2\/product"}],"about":[{"href":"https:\/\/shop.bertsch-holzbau.eu\/holzland-seibert\/wp-json\/wp\/v2\/types\/product"}],"wp:featuredmedia":[{"embeddable":true,"href":"https:\/\/shop.bertsch-holzbau.eu\/holzland-seibert\/wp-json\/wp\/v2\/media\/37997"}],"wp:attachment":[{"href":"https:\/\/shop.bertsch-holzbau.eu\/holzland-seibert\/wp-json\/wp\/v2\/media?parent=15399"}],"wp:term":[{"taxonomy":"product_cat","embeddable":true,"href":"https:\/\/shop.bertsch-holzbau.eu\/holzland-seibert\/wp-json\/wp\/v2\/product_cat?post=15399"},{"taxonomy":"product_tag","embeddable":true,"href":"https:\/\/shop.bertsch-holzbau.eu\/holzland-seibert\/wp-json\/wp\/v2\/product_tag?post=15399"}],"curies":[{"name":"wp","href":"https:\/\/api.w.org\/{rel}","templated":true}]}}