{"id":33602,"date":"2024-04-10T02:08:11","date_gmt":"2024-04-10T00:08:11","guid":{"rendered":"http:\/\/shop.bertsch-holzbau.eu\/holzlandkoehler\/produkt\/h58-2240f-2et-ef-ff\/"},"modified":"2024-07-05T10:11:15","modified_gmt":"2024-07-05T08:11:15","slug":"h58-2240f-2et-ef-ff","status":"publish","type":"product","link":"https:\/\/shop.bertsch-holzbau.eu\/holzlandkoehler\/de\/produkt\/h58-2240f-2et-ef-ff\/","title":{"rendered":"H58-2240F-2ET-EF-FF"},"content":{"rendered":"<table class=\"alt\">\n<tbody>\n<tr>\n<td>Bauart<\/td>\n<td>Zuluna \/ Blockhaus<\/td>\n<\/tr>\n<tr>\n<td>Dachform<\/td>\n<td>Flachdach<\/td>\n<\/tr>\n<tr>\n<td>Wandst\u00e4rke<\/td>\n<td>58 mm<\/td>\n<\/tr>\n<tr>\n<td>Wandau\u00dfenma\u00df (B\/T)<\/td>\n<td>220 x 400 cm<\/td>\n<\/tr>\n<tr>\n<td>Seitenwandh\u00f6he<\/td>\n<td>225 cm<\/td>\n<\/tr>\n<tr>\n<td>Dach\u00fcberstand Vorne<\/td>\n<td>28 cm<\/td>\n<\/tr>\n<tr>\n<td>Dach\u00fcberstand Hinten<\/td>\n<td>20 cm<\/td>\n<\/tr>\n<tr>\n<td>Dach\u00fcberstand Links<\/td>\n<td>20 cm<\/td>\n<\/tr>\n<tr>\n<td>Dach\u00fcberstand Rechts<\/td>\n<td>20 cm<\/td>\n<\/tr>\n<tr>\n<td>Dachneigung<\/td>\n<td>1 \u00b0<\/td>\n<\/tr>\n<tr>\n<td>T\u00fcren<\/td>\n<td>2 x ET 75 x 192 cm<\/td>\n<\/tr>\n<tr>\n<td>Fenster<\/td>\n<td>FF 100 x 50 cm<\/td>\n<\/tr>\n<tr>\n<td>Optionales Zubeh\u00f6r<\/td>\n<td>\n<ul class=\"accessories\">\n<li>Boden\/Fundamentrahmen: FR58-2240<\/li>\n<\/ul>\n<ul class=\"accessories\">\n<li>1 x Fallrohrset: F1<\/li>\n<\/ul>\n<ul class=\"accessories\">\n<li>1 x EPDM Folie: EPDM-0164<\/li>\n<\/ul>\n<ul class=\"accessories\">\n<li>Saunaausstattung (Liegen, Ofenrost, Fu\u00dfrost,): SA-A<\/li>\n<\/ul>\n<ul class=\"accessories\">\n<li>Saunatechnik (Ofen Nordex Combi+Steuerger\u00e4t Pro-B3, F\u00fchler, Kabel): SA-T<\/li>\n<\/ul>\n<ul class=\"accessories\">\n<li>Bodenisolierung mit Einschubplatten + Styrodur: SA-BI-2240<\/li>\n<\/ul>\n<\/td>\n<\/tr>\n<tr>\n<td>Weitere Infos<\/td>\n<td>inkl. Elektrobohrung und Gewindestangen<\/td>\n<\/tr>\n<tr>\n<td>Objekt ID<\/td>\n<td>1543<\/td>\n<\/tr>\n<\/tbody>\n<\/table>\n<p><strong>Allgemeine Produktbeschreibung<\/strong><br \/>\n&#8211; hochwertige Fachhandelsqualit\u00e4t aus Nordeurop\u00e4ischer Fichte<br \/>\n&#8211; gut sortiertes Holz, alles gesundastig und blank<br \/>\n&#8211; wird als Bausatz, unbehandelt geliefert, ohne evtl. abgebildetes Sonderzubeh\u00f6r \/ Dekoartikel.<br \/>\n&#8211; inkl. Produktionszeichnung und allgemeiner Montageanleitung.<br \/>\n&#8211; massive T\u00fcr(en) (T\u00fcrblatt 42mm) mit Leimholzrahmen, Holzschwellen mit Edelstahlabdeckung und 3 Scharnierb\u00e4ndern (3-dimensional verstellbar)<br \/>\n&#8211; T\u00fcren mit Dichtung, Echtglasscheiben beidseitig silikoniert; Saunainnent\u00fcr mit ESG-Einfach-Glas, Au\u00dfent\u00fcr mit ISO-Verglasung.<br \/>\n&#8211; Au\u00dfen-T\u00fcrh\u00f6he (Blendrahmenau\u00dfenma\u00df) betr\u00e4gt 194cm, Saunat\u00fcrh\u00f6he = 192cm.<br \/>\n&#8211; Fenster mit ISO-Verglasung, bei Saunaraumfenster ISO-Verglasung und auf der Innenseite mit ESG-Glas<br \/>\n&#8211; gerade Giebelbretter, Dachschalung aus 58 mm Blockbohlen mit Nut u. Feder, aus Nordeurop\u00e4ischer Fichte.<br \/>\n&#8211; Fu\u00dfboden (optional) aus massiven 19-mm-Holzdielen mit Nut u. Feder, aus Nordeurop\u00e4ischer Fichte, mit ausgef\u00e4lzten, ringsum geschlossenen Fundamentrahmen.<br \/>\n&#8211; die angegebenen Grundrissma\u00dfe sind Wandau\u00dfenma\u00dfe.<br \/>\n&#8211; Farbbehandlung T\u00fcren und Fenster (beidseitig, 4-fach) optional.<\/p>\n","protected":false},"excerpt":{"rendered":"<p>Bauart Zuluna \/ Blockhaus Dachform Flachdach Wandst\u00e4rke 58 mm Wandau\u00dfenma\u00df (B\/T) 220 x 400 cm Seitenwandh\u00f6he 225 cm Dach\u00fcberstand Vorne 28 cm Dach\u00fcberstand Hinten 20 cm Dach\u00fcberstand Links 20 cm Dach\u00fcberstand Rechts 20 cm Dachneigung 1 \u00b0 T\u00fcren 2 x ET 75 x 192 cm Fenster FF 100 x 50 cm Optionales Zubeh\u00f6r Boden\/Fundamentrahmen: FR58-2240 [&hellip;]<\/p>\n","protected":false},"featured_media":37773,"template":"","meta":[],"product_cat":[877,908],"product_tag":[],"yoast_head":"<!-- This site is optimized with the Yoast SEO plugin v22.5 - https:\/\/yoast.com\/wordpress\/plugins\/seo\/ -->\n<title>H58-2240F-2ET-EF-FF - Holzland Koehler<\/title>\n<meta name=\"robots\" content=\"index, follow, max-snippet:-1, max-image-preview:large, max-video-preview:-1\" \/>\n<link rel=\"canonical\" href=\"https:\/\/shop.bertsch-holzbau.eu\/holzlandkoehler\/de\/produkt\/h58-2240f-2et-ef-ff\/\" \/>\n<meta property=\"og:locale\" content=\"de_DE\" \/>\n<meta property=\"og:type\" content=\"article\" \/>\n<meta property=\"og:title\" content=\"H58-2240F-2ET-EF-FF - Holzland Koehler\" \/>\n<meta property=\"og:description\" content=\"Bauart Zuluna \/ Blockhaus Dachform Flachdach Wandst\u00e4rke 58 mm Wandau\u00dfenma\u00df (B\/T) 220 x 400 cm Seitenwandh\u00f6he 225 cm Dach\u00fcberstand Vorne 28 cm Dach\u00fcberstand Hinten 20 cm Dach\u00fcberstand Links 20 cm Dach\u00fcberstand Rechts 20 cm Dachneigung 1 \u00b0 T\u00fcren 2 x ET 75 x 192 cm Fenster FF 100 x 50 cm Optionales Zubeh\u00f6r Boden\/Fundamentrahmen: FR58-2240 [&hellip;]\" \/>\n<meta property=\"og:url\" content=\"https:\/\/shop.bertsch-holzbau.eu\/holzlandkoehler\/de\/produkt\/h58-2240f-2et-ef-ff\/\" \/>\n<meta property=\"og:site_name\" content=\"Holzland Koehler\" \/>\n<meta property=\"article:modified_time\" content=\"2024-07-05T08:11:15+00:00\" \/>\n<meta property=\"og:image\" content=\"https:\/\/shop.bertsch-holzbau.eu\/holzlandkoehler\/wp-content\/uploads\/sites\/38\/2024\/05\/001543-01.jpg\" \/>\n\t<meta property=\"og:image:width\" content=\"2406\" \/>\n\t<meta property=\"og:image:height\" content=\"1673\" \/>\n\t<meta property=\"og:image:type\" content=\"image\/jpeg\" \/>\n<meta name=\"twitter:card\" content=\"summary_large_image\" \/>\n<meta name=\"twitter:label1\" content=\"Gesch\u00e4tzte Lesezeit\" \/>\n\t<meta name=\"twitter:data1\" content=\"2\u00a0Minuten\" \/>\n<script type=\"application\/ld+json\" class=\"yoast-schema-graph\">{\"@context\":\"https:\/\/schema.org\",\"@graph\":[{\"@type\":\"WebPage\",\"@id\":\"https:\/\/shop.bertsch-holzbau.eu\/holzlandkoehler\/de\/produkt\/h58-2240f-2et-ef-ff\/\",\"url\":\"https:\/\/shop.bertsch-holzbau.eu\/holzlandkoehler\/de\/produkt\/h58-2240f-2et-ef-ff\/\",\"name\":\"H58-2240F-2ET-EF-FF - Holzland Koehler\",\"isPartOf\":{\"@id\":\"https:\/\/shop.bertsch-holzbau.eu\/holzlandkoehler\/de\/#website\"},\"primaryImageOfPage\":{\"@id\":\"https:\/\/shop.bertsch-holzbau.eu\/holzlandkoehler\/de\/produkt\/h58-2240f-2et-ef-ff\/#primaryimage\"},\"image\":{\"@id\":\"https:\/\/shop.bertsch-holzbau.eu\/holzlandkoehler\/de\/produkt\/h58-2240f-2et-ef-ff\/#primaryimage\"},\"thumbnailUrl\":\"https:\/\/shop.bertsch-holzbau.eu\/holzlandkoehler\/wp-content\/uploads\/sites\/38\/2024\/04\/H58-2240F-2ET-EF-FF_ID1543_2.jpg\",\"datePublished\":\"2024-04-10T00:08:11+00:00\",\"dateModified\":\"2024-07-05T08:11:15+00:00\",\"breadcrumb\":{\"@id\":\"https:\/\/shop.bertsch-holzbau.eu\/holzlandkoehler\/de\/produkt\/h58-2240f-2et-ef-ff\/#breadcrumb\"},\"inLanguage\":\"de\",\"potentialAction\":[{\"@type\":\"ReadAction\",\"target\":[\"https:\/\/shop.bertsch-holzbau.eu\/holzlandkoehler\/de\/produkt\/h58-2240f-2et-ef-ff\/\"]}]},{\"@type\":\"ImageObject\",\"inLanguage\":\"de\",\"@id\":\"https:\/\/shop.bertsch-holzbau.eu\/holzlandkoehler\/de\/produkt\/h58-2240f-2et-ef-ff\/#primaryimage\",\"url\":\"https:\/\/shop.bertsch-holzbau.eu\/holzlandkoehler\/wp-content\/uploads\/sites\/38\/2024\/04\/H58-2240F-2ET-EF-FF_ID1543_2.jpg\",\"contentUrl\":\"https:\/\/shop.bertsch-holzbau.eu\/holzlandkoehler\/wp-content\/uploads\/sites\/38\/2024\/04\/H58-2240F-2ET-EF-FF_ID1543_2.jpg\",\"width\":1920,\"height\":1080},{\"@type\":\"BreadcrumbList\",\"@id\":\"https:\/\/shop.bertsch-holzbau.eu\/holzlandkoehler\/de\/produkt\/h58-2240f-2et-ef-ff\/#breadcrumb\",\"itemListElement\":[{\"@type\":\"ListItem\",\"position\":1,\"name\":\"Strona g\u0142\u00f3wna\",\"item\":\"https:\/\/shop.bertsch-holzbau.eu\/holzlandkoehler\/de\/\"},{\"@type\":\"ListItem\",\"position\":2,\"name\":\"Shop\",\"item\":\"https:\/\/shop.bertsch-holzbau.eu\/holzlandkoehler\/de\/shop\/\"},{\"@type\":\"ListItem\",\"position\":3,\"name\":\"H58-2240F-2ET-EF-FF\"}]},{\"@type\":\"WebSite\",\"@id\":\"https:\/\/shop.bertsch-holzbau.eu\/holzlandkoehler\/de\/#website\",\"url\":\"https:\/\/shop.bertsch-holzbau.eu\/holzlandkoehler\/de\/\",\"name\":\"Holzland Koehler\",\"description\":\"Domy modu\u0142owe, domki z profili, ogrodowe, domy z bali\",\"publisher\":{\"@id\":\"https:\/\/shop.bertsch-holzbau.eu\/holzlandkoehler\/de\/#organization\"},\"potentialAction\":[{\"@type\":\"SearchAction\",\"target\":{\"@type\":\"EntryPoint\",\"urlTemplate\":\"https:\/\/shop.bertsch-holzbau.eu\/holzlandkoehler\/de\/?s={search_term_string}\"},\"query-input\":\"required name=search_term_string\"}],\"inLanguage\":\"de\"},{\"@type\":\"Organization\",\"@id\":\"https:\/\/shop.bertsch-holzbau.eu\/holzlandkoehler\/de\/#organization\",\"name\":\"Holzland Koehler\",\"url\":\"https:\/\/shop.bertsch-holzbau.eu\/holzlandkoehler\/de\/\",\"logo\":{\"@type\":\"ImageObject\",\"inLanguage\":\"de\",\"@id\":\"https:\/\/shop.bertsch-holzbau.eu\/holzlandkoehler\/de\/#\/schema\/logo\/image\/\",\"url\":\"https:\/\/shop.bertsch-holzbau.eu\/holzlandkoehler\/wp-content\/uploads\/sites\/38\/2022\/07\/logo-pl.png\",\"contentUrl\":\"https:\/\/shop.bertsch-holzbau.eu\/holzlandkoehler\/wp-content\/uploads\/sites\/38\/2022\/07\/logo-pl.png\",\"width\":2000,\"height\":482,\"caption\":\"Holzland Koehler\"},\"image\":{\"@id\":\"https:\/\/shop.bertsch-holzbau.eu\/holzlandkoehler\/de\/#\/schema\/logo\/image\/\"}}]}<\/script>\n<!-- \/ Yoast SEO plugin. -->","yoast_head_json":{"title":"H58-2240F-2ET-EF-FF - Holzland Koehler","robots":{"index":"index","follow":"follow","max-snippet":"max-snippet:-1","max-image-preview":"max-image-preview:large","max-video-preview":"max-video-preview:-1"},"canonical":"https:\/\/shop.bertsch-holzbau.eu\/holzlandkoehler\/de\/produkt\/h58-2240f-2et-ef-ff\/","og_locale":"de_DE","og_type":"article","og_title":"H58-2240F-2ET-EF-FF - Holzland Koehler","og_description":"Bauart Zuluna \/ Blockhaus Dachform Flachdach Wandst\u00e4rke 58 mm Wandau\u00dfenma\u00df (B\/T) 220 x 400 cm Seitenwandh\u00f6he 225 cm Dach\u00fcberstand Vorne 28 cm Dach\u00fcberstand Hinten 20 cm Dach\u00fcberstand Links 20 cm Dach\u00fcberstand Rechts 20 cm Dachneigung 1 \u00b0 T\u00fcren 2 x ET 75 x 192 cm Fenster FF 100 x 50 cm Optionales Zubeh\u00f6r Boden\/Fundamentrahmen: FR58-2240 [&hellip;]","og_url":"https:\/\/shop.bertsch-holzbau.eu\/holzlandkoehler\/de\/produkt\/h58-2240f-2et-ef-ff\/","og_site_name":"Holzland Koehler","article_modified_time":"2024-07-05T08:11:15+00:00","og_image":[{"width":2406,"height":1673,"url":"https:\/\/shop.bertsch-holzbau.eu\/holzlandkoehler\/wp-content\/uploads\/sites\/38\/2024\/05\/001543-01.jpg","type":"image\/jpeg"}],"twitter_card":"summary_large_image","twitter_misc":{"Gesch\u00e4tzte Lesezeit":"2\u00a0Minuten"},"schema":{"@context":"https:\/\/schema.org","@graph":[{"@type":"WebPage","@id":"https:\/\/shop.bertsch-holzbau.eu\/holzlandkoehler\/de\/produkt\/h58-2240f-2et-ef-ff\/","url":"https:\/\/shop.bertsch-holzbau.eu\/holzlandkoehler\/de\/produkt\/h58-2240f-2et-ef-ff\/","name":"H58-2240F-2ET-EF-FF - Holzland Koehler","isPartOf":{"@id":"https:\/\/shop.bertsch-holzbau.eu\/holzlandkoehler\/de\/#website"},"primaryImageOfPage":{"@id":"https:\/\/shop.bertsch-holzbau.eu\/holzlandkoehler\/de\/produkt\/h58-2240f-2et-ef-ff\/#primaryimage"},"image":{"@id":"https:\/\/shop.bertsch-holzbau.eu\/holzlandkoehler\/de\/produkt\/h58-2240f-2et-ef-ff\/#primaryimage"},"thumbnailUrl":"https:\/\/shop.bertsch-holzbau.eu\/holzlandkoehler\/wp-content\/uploads\/sites\/38\/2024\/04\/H58-2240F-2ET-EF-FF_ID1543_2.jpg","datePublished":"2024-04-10T00:08:11+00:00","dateModified":"2024-07-05T08:11:15+00:00","breadcrumb":{"@id":"https:\/\/shop.bertsch-holzbau.eu\/holzlandkoehler\/de\/produkt\/h58-2240f-2et-ef-ff\/#breadcrumb"},"inLanguage":"de","potentialAction":[{"@type":"ReadAction","target":["https:\/\/shop.bertsch-holzbau.eu\/holzlandkoehler\/de\/produkt\/h58-2240f-2et-ef-ff\/"]}]},{"@type":"ImageObject","inLanguage":"de","@id":"https:\/\/shop.bertsch-holzbau.eu\/holzlandkoehler\/de\/produkt\/h58-2240f-2et-ef-ff\/#primaryimage","url":"https:\/\/shop.bertsch-holzbau.eu\/holzlandkoehler\/wp-content\/uploads\/sites\/38\/2024\/04\/H58-2240F-2ET-EF-FF_ID1543_2.jpg","contentUrl":"https:\/\/shop.bertsch-holzbau.eu\/holzlandkoehler\/wp-content\/uploads\/sites\/38\/2024\/04\/H58-2240F-2ET-EF-FF_ID1543_2.jpg","width":1920,"height":1080},{"@type":"BreadcrumbList","@id":"https:\/\/shop.bertsch-holzbau.eu\/holzlandkoehler\/de\/produkt\/h58-2240f-2et-ef-ff\/#breadcrumb","itemListElement":[{"@type":"ListItem","position":1,"name":"Strona g\u0142\u00f3wna","item":"https:\/\/shop.bertsch-holzbau.eu\/holzlandkoehler\/de\/"},{"@type":"ListItem","position":2,"name":"Shop","item":"https:\/\/shop.bertsch-holzbau.eu\/holzlandkoehler\/de\/shop\/"},{"@type":"ListItem","position":3,"name":"H58-2240F-2ET-EF-FF"}]},{"@type":"WebSite","@id":"https:\/\/shop.bertsch-holzbau.eu\/holzlandkoehler\/de\/#website","url":"https:\/\/shop.bertsch-holzbau.eu\/holzlandkoehler\/de\/","name":"Holzland Koehler","description":"Domy modu\u0142owe, domki z profili, ogrodowe, domy z bali","publisher":{"@id":"https:\/\/shop.bertsch-holzbau.eu\/holzlandkoehler\/de\/#organization"},"potentialAction":[{"@type":"SearchAction","target":{"@type":"EntryPoint","urlTemplate":"https:\/\/shop.bertsch-holzbau.eu\/holzlandkoehler\/de\/?s={search_term_string}"},"query-input":"required name=search_term_string"}],"inLanguage":"de"},{"@type":"Organization","@id":"https:\/\/shop.bertsch-holzbau.eu\/holzlandkoehler\/de\/#organization","name":"Holzland Koehler","url":"https:\/\/shop.bertsch-holzbau.eu\/holzlandkoehler\/de\/","logo":{"@type":"ImageObject","inLanguage":"de","@id":"https:\/\/shop.bertsch-holzbau.eu\/holzlandkoehler\/de\/#\/schema\/logo\/image\/","url":"https:\/\/shop.bertsch-holzbau.eu\/holzlandkoehler\/wp-content\/uploads\/sites\/38\/2022\/07\/logo-pl.png","contentUrl":"https:\/\/shop.bertsch-holzbau.eu\/holzlandkoehler\/wp-content\/uploads\/sites\/38\/2022\/07\/logo-pl.png","width":2000,"height":482,"caption":"Holzland Koehler"},"image":{"@id":"https:\/\/shop.bertsch-holzbau.eu\/holzlandkoehler\/de\/#\/schema\/logo\/image\/"}}]}},"_links":{"self":[{"href":"https:\/\/shop.bertsch-holzbau.eu\/holzlandkoehler\/de\/wp-json\/wp\/v2\/product\/33602"}],"collection":[{"href":"https:\/\/shop.bertsch-holzbau.eu\/holzlandkoehler\/de\/wp-json\/wp\/v2\/product"}],"about":[{"href":"https:\/\/shop.bertsch-holzbau.eu\/holzlandkoehler\/de\/wp-json\/wp\/v2\/types\/product"}],"wp:featuredmedia":[{"embeddable":true,"href":"https:\/\/shop.bertsch-holzbau.eu\/holzlandkoehler\/de\/wp-json\/wp\/v2\/media\/37773"}],"wp:attachment":[{"href":"https:\/\/shop.bertsch-holzbau.eu\/holzlandkoehler\/de\/wp-json\/wp\/v2\/media?parent=33602"}],"wp:term":[{"taxonomy":"product_cat","embeddable":true,"href":"https:\/\/shop.bertsch-holzbau.eu\/holzlandkoehler\/de\/wp-json\/wp\/v2\/product_cat?post=33602"},{"taxonomy":"product_tag","embeddable":true,"href":"https:\/\/shop.bertsch-holzbau.eu\/holzlandkoehler\/de\/wp-json\/wp\/v2\/product_tag?post=33602"}],"curies":[{"name":"wp","href":"https:\/\/api.w.org\/{rel}","templated":true}]}}