{"id":37383,"date":"2024-06-05T23:46:04","date_gmt":"2024-06-05T21:46:04","guid":{"rendered":"http:\/\/shop.bertsch-holzbau.eu\/holzlandkoehler\/produkt\/h70-2231-2et-ff\/"},"modified":"2024-07-05T09:44:50","modified_gmt":"2024-07-05T07:44:50","slug":"h70-2231-2et-ff","status":"publish","type":"product","link":"https:\/\/shop.bertsch-holzbau.eu\/holzlandkoehler\/de\/produkt\/h70-2231-2et-ff\/","title":{"rendered":"H70-2231-2ET-FF"},"content":{"rendered":"<table class=\"alt\">\n<tbody>\n<tr>\n<td>Bauart<\/td>\n<td>Zuluna \/ Blockhaus<\/td>\n<\/tr>\n<tr>\n<td>Dachform<\/td>\n<td>Satteldach<\/td>\n<\/tr>\n<tr>\n<td>Wandst\u00e4rke<\/td>\n<td>70 mm<\/td>\n<\/tr>\n<tr>\n<td>Wandau\u00dfenma\u00df (B\/T)<\/td>\n<td>220 x 310 cm<\/td>\n<\/tr>\n<tr>\n<td>Seitenwandh\u00f6he<\/td>\n<td>218 cm<\/td>\n<\/tr>\n<tr>\n<td>Firsth\u00f6he<\/td>\n<td>252 cm<\/td>\n<\/tr>\n<tr>\n<td>Dach\u00fcberstand Vorne<\/td>\n<td>28 cm<\/td>\n<\/tr>\n<tr>\n<td>Dach\u00fcberstand Hinten<\/td>\n<td>20 cm<\/td>\n<\/tr>\n<tr>\n<td>Dach\u00fcberstand Links<\/td>\n<td>20 cm<\/td>\n<\/tr>\n<tr>\n<td>Dach\u00fcberstand Rechts<\/td>\n<td>20 cm<\/td>\n<\/tr>\n<tr>\n<td>Dachneigung<\/td>\n<td>15 \u00b0<\/td>\n<\/tr>\n<tr>\n<td>T\u00fcren<\/td>\n<td>2 x ET 75 x 192 cm<\/td>\n<\/tr>\n<tr>\n<td>Fenster<\/td>\n<td>FF 100 x 50 cm<\/td>\n<\/tr>\n<tr>\n<td>Optionales Zubeh\u00f6r<\/td>\n<td>\n<ul class=\"accessories\">\n<li>Boden\/Fundamentrahmen: FR70-2231<\/li>\n<\/ul>\n<ul class=\"accessories\">\n<li>1 x Dachrinne: 222B<\/li>\n<\/ul>\n<ul class=\"accessories\">\n<li>5 x Schindelpaket Rechteck<\/li>\n<li>5 x Schindelpaket Biberschwanz<\/li>\n<\/ul>\n<ul class=\"accessories\">\n<li>Saunaausstattung (Liegen, Ofenrost, Fu\u00dfrost,): SA-A<\/li>\n<\/ul>\n<ul class=\"accessories\">\n<li>Saunatechnik (Ofen Nordex Combi+Steuerger\u00e4t Pro-B3, F\u00fchler, Kabel): SA-T<\/li>\n<\/ul>\n<ul class=\"accessories\">\n<li>Bodenisolierung mit Einschubplatten + Styrodur: SA-BI-2231<\/li>\n<\/ul>\n<\/td>\n<\/tr>\n<tr>\n<td>Weitere Infos<\/td>\n<td>inkl. Elektrobohrung und Gewindestangen<\/td>\n<\/tr>\n<tr>\n<td>Objekt ID<\/td>\n<td>1546<\/td>\n<\/tr>\n<\/tbody>\n<\/table>\n<p><strong>Allgemeine Produktbeschreibung<\/strong><br \/>\n&#8211; hochwertige Fachhandelsqualit\u00e4t aus Nordeurop\u00e4ischer Fichte<br \/>\n&#8211; gut sortiertes Holz, alles gesundastig und blank<br \/>\n&#8211; wird als Bausatz, unbehandelt geliefert, ohne evtl. abgebildetes Sonderzubeh\u00f6r \/ Dekoartikel.<br \/>\n&#8211; inkl. Produktionszeichnung und allgemeiner Montageanleitung.<br \/>\n&#8211; massive T\u00fcr(en) (T\u00fcrblatt 42mm) mit Leimholzrahmen, Holzschwellen mit Edelstahlabdeckung und 3 Scharnierb\u00e4ndern (3-dimensional verstellbar)<br \/>\n&#8211; T\u00fcren mit Dichtung, Echtglasscheiben beidseitig silikoniert; Saunainnent\u00fcr mit ESG-Einfach-Glas, Au\u00dfent\u00fcr mit ISO-Verglasung.<br \/>\n&#8211; Au\u00dfen-T\u00fcrh\u00f6he (Blendrahmenau\u00dfenma\u00df) betr\u00e4gt 194cm, Saunat\u00fcrh\u00f6he = 192cm.<br \/>\n&#8211; Fenster mit ISO-Verglasung, bei Saunaraumfenster ISO-Verglasung und auf der Innenseite mit ESG-Glas<br \/>\n&#8211; gerade Giebelbretter, <strong>Dachschalung aus 70mm Blockbohlen<\/strong> mit Nut u. Feder, aus Nordeurop\u00e4ischer Fichte.<br \/>\n&#8211; Fu\u00dfboden (optional) aus massiven 19-mm-Holzdielen mit Nut u. Feder, aus Nordeurop\u00e4ischer Fichte, mit ausgef\u00e4lzten, ringsum geschlossenen Fundamentrahmen.<br \/>\n&#8211; die angegebenen Grundrissma\u00dfe sind Wandau\u00dfenma\u00dfe.<br \/>\n&#8211; Farbbehandlung T\u00fcren und Fenster (beidseitig, 4-fach) optional, aber nur bedingt m\u00f6glich.<\/p>\n","protected":false},"excerpt":{"rendered":"<p>Bauart Zuluna \/ Blockhaus Dachform Satteldach Wandst\u00e4rke 70 mm Wandau\u00dfenma\u00df (B\/T) 220 x 310 cm Seitenwandh\u00f6he 218 cm Firsth\u00f6he 252 cm Dach\u00fcberstand Vorne 28 cm Dach\u00fcberstand Hinten 20 cm Dach\u00fcberstand Links 20 cm Dach\u00fcberstand Rechts 20 cm Dachneigung 15 \u00b0 T\u00fcren 2 x ET 75 x 192 cm Fenster FF 100 x 50 cm Optionales [&hellip;]<\/p>\n","protected":false},"featured_media":37785,"template":"","meta":[],"product_cat":[877,908],"product_tag":[],"yoast_head":"<!-- This site is optimized with the Yoast SEO plugin v22.5 - https:\/\/yoast.com\/wordpress\/plugins\/seo\/ -->\n<title>H70-2231-2ET-FF - Holzland Koehler<\/title>\n<meta name=\"robots\" content=\"index, follow, max-snippet:-1, max-image-preview:large, max-video-preview:-1\" \/>\n<link rel=\"canonical\" href=\"https:\/\/shop.bertsch-holzbau.eu\/holzlandkoehler\/de\/produkt\/h70-2231-2et-ff\/\" \/>\n<meta property=\"og:locale\" content=\"de_DE\" \/>\n<meta property=\"og:type\" content=\"article\" \/>\n<meta property=\"og:title\" content=\"H70-2231-2ET-FF - Holzland Koehler\" \/>\n<meta property=\"og:description\" content=\"Bauart Zuluna \/ Blockhaus Dachform Satteldach Wandst\u00e4rke 70 mm Wandau\u00dfenma\u00df (B\/T) 220 x 310 cm Seitenwandh\u00f6he 218 cm Firsth\u00f6he 252 cm Dach\u00fcberstand Vorne 28 cm Dach\u00fcberstand Hinten 20 cm Dach\u00fcberstand Links 20 cm Dach\u00fcberstand Rechts 20 cm Dachneigung 15 \u00b0 T\u00fcren 2 x ET 75 x 192 cm Fenster FF 100 x 50 cm Optionales [&hellip;]\" \/>\n<meta property=\"og:url\" content=\"https:\/\/shop.bertsch-holzbau.eu\/holzlandkoehler\/de\/produkt\/h70-2231-2et-ff\/\" \/>\n<meta property=\"og:site_name\" content=\"Holzland Koehler\" \/>\n<meta property=\"article:modified_time\" content=\"2024-07-05T07:44:50+00:00\" \/>\n<meta property=\"og:image\" content=\"https:\/\/shop.bertsch-holzbau.eu\/holzlandkoehler\/wp-content\/uploads\/sites\/38\/2024\/06\/001546-01.jpeg\" \/>\n\t<meta property=\"og:image:width\" content=\"800\" \/>\n\t<meta property=\"og:image:height\" content=\"750\" \/>\n\t<meta property=\"og:image:type\" content=\"image\/jpeg\" \/>\n<meta name=\"twitter:card\" content=\"summary_large_image\" \/>\n<meta name=\"twitter:label1\" content=\"Gesch\u00e4tzte Lesezeit\" \/>\n\t<meta name=\"twitter:data1\" content=\"2\u00a0Minuten\" \/>\n<script type=\"application\/ld+json\" class=\"yoast-schema-graph\">{\"@context\":\"https:\/\/schema.org\",\"@graph\":[{\"@type\":\"WebPage\",\"@id\":\"https:\/\/shop.bertsch-holzbau.eu\/holzlandkoehler\/de\/produkt\/h70-2231-2et-ff\/\",\"url\":\"https:\/\/shop.bertsch-holzbau.eu\/holzlandkoehler\/de\/produkt\/h70-2231-2et-ff\/\",\"name\":\"H70-2231-2ET-FF - Holzland Koehler\",\"isPartOf\":{\"@id\":\"https:\/\/shop.bertsch-holzbau.eu\/holzlandkoehler\/de\/#website\"},\"primaryImageOfPage\":{\"@id\":\"https:\/\/shop.bertsch-holzbau.eu\/holzlandkoehler\/de\/produkt\/h70-2231-2et-ff\/#primaryimage\"},\"image\":{\"@id\":\"https:\/\/shop.bertsch-holzbau.eu\/holzlandkoehler\/de\/produkt\/h70-2231-2et-ff\/#primaryimage\"},\"thumbnailUrl\":\"https:\/\/shop.bertsch-holzbau.eu\/holzlandkoehler\/wp-content\/uploads\/sites\/38\/2024\/06\/H70-2231-2ET-FF_ID1546_2.jpg\",\"datePublished\":\"2024-06-05T21:46:04+00:00\",\"dateModified\":\"2024-07-05T07:44:50+00:00\",\"breadcrumb\":{\"@id\":\"https:\/\/shop.bertsch-holzbau.eu\/holzlandkoehler\/de\/produkt\/h70-2231-2et-ff\/#breadcrumb\"},\"inLanguage\":\"de\",\"potentialAction\":[{\"@type\":\"ReadAction\",\"target\":[\"https:\/\/shop.bertsch-holzbau.eu\/holzlandkoehler\/de\/produkt\/h70-2231-2et-ff\/\"]}]},{\"@type\":\"ImageObject\",\"inLanguage\":\"de\",\"@id\":\"https:\/\/shop.bertsch-holzbau.eu\/holzlandkoehler\/de\/produkt\/h70-2231-2et-ff\/#primaryimage\",\"url\":\"https:\/\/shop.bertsch-holzbau.eu\/holzlandkoehler\/wp-content\/uploads\/sites\/38\/2024\/06\/H70-2231-2ET-FF_ID1546_2.jpg\",\"contentUrl\":\"https:\/\/shop.bertsch-holzbau.eu\/holzlandkoehler\/wp-content\/uploads\/sites\/38\/2024\/06\/H70-2231-2ET-FF_ID1546_2.jpg\",\"width\":1920,\"height\":1080},{\"@type\":\"BreadcrumbList\",\"@id\":\"https:\/\/shop.bertsch-holzbau.eu\/holzlandkoehler\/de\/produkt\/h70-2231-2et-ff\/#breadcrumb\",\"itemListElement\":[{\"@type\":\"ListItem\",\"position\":1,\"name\":\"Strona g\u0142\u00f3wna\",\"item\":\"https:\/\/shop.bertsch-holzbau.eu\/holzlandkoehler\/de\/\"},{\"@type\":\"ListItem\",\"position\":2,\"name\":\"Shop\",\"item\":\"https:\/\/shop.bertsch-holzbau.eu\/holzlandkoehler\/de\/shop\/\"},{\"@type\":\"ListItem\",\"position\":3,\"name\":\"H70-2231-2ET-FF\"}]},{\"@type\":\"WebSite\",\"@id\":\"https:\/\/shop.bertsch-holzbau.eu\/holzlandkoehler\/de\/#website\",\"url\":\"https:\/\/shop.bertsch-holzbau.eu\/holzlandkoehler\/de\/\",\"name\":\"Holzland Koehler\",\"description\":\"Domy modu\u0142owe, domki z profili, ogrodowe, domy z bali\",\"publisher\":{\"@id\":\"https:\/\/shop.bertsch-holzbau.eu\/holzlandkoehler\/de\/#organization\"},\"potentialAction\":[{\"@type\":\"SearchAction\",\"target\":{\"@type\":\"EntryPoint\",\"urlTemplate\":\"https:\/\/shop.bertsch-holzbau.eu\/holzlandkoehler\/de\/?s={search_term_string}\"},\"query-input\":\"required name=search_term_string\"}],\"inLanguage\":\"de\"},{\"@type\":\"Organization\",\"@id\":\"https:\/\/shop.bertsch-holzbau.eu\/holzlandkoehler\/de\/#organization\",\"name\":\"Holzland Koehler\",\"url\":\"https:\/\/shop.bertsch-holzbau.eu\/holzlandkoehler\/de\/\",\"logo\":{\"@type\":\"ImageObject\",\"inLanguage\":\"de\",\"@id\":\"https:\/\/shop.bertsch-holzbau.eu\/holzlandkoehler\/de\/#\/schema\/logo\/image\/\",\"url\":\"https:\/\/shop.bertsch-holzbau.eu\/holzlandkoehler\/wp-content\/uploads\/sites\/38\/2022\/07\/logo-pl.png\",\"contentUrl\":\"https:\/\/shop.bertsch-holzbau.eu\/holzlandkoehler\/wp-content\/uploads\/sites\/38\/2022\/07\/logo-pl.png\",\"width\":2000,\"height\":482,\"caption\":\"Holzland Koehler\"},\"image\":{\"@id\":\"https:\/\/shop.bertsch-holzbau.eu\/holzlandkoehler\/de\/#\/schema\/logo\/image\/\"}}]}<\/script>\n<!-- \/ Yoast SEO plugin. -->","yoast_head_json":{"title":"H70-2231-2ET-FF - Holzland Koehler","robots":{"index":"index","follow":"follow","max-snippet":"max-snippet:-1","max-image-preview":"max-image-preview:large","max-video-preview":"max-video-preview:-1"},"canonical":"https:\/\/shop.bertsch-holzbau.eu\/holzlandkoehler\/de\/produkt\/h70-2231-2et-ff\/","og_locale":"de_DE","og_type":"article","og_title":"H70-2231-2ET-FF - Holzland Koehler","og_description":"Bauart Zuluna \/ Blockhaus Dachform Satteldach Wandst\u00e4rke 70 mm Wandau\u00dfenma\u00df (B\/T) 220 x 310 cm Seitenwandh\u00f6he 218 cm Firsth\u00f6he 252 cm Dach\u00fcberstand Vorne 28 cm Dach\u00fcberstand Hinten 20 cm Dach\u00fcberstand Links 20 cm Dach\u00fcberstand Rechts 20 cm Dachneigung 15 \u00b0 T\u00fcren 2 x ET 75 x 192 cm Fenster FF 100 x 50 cm Optionales [&hellip;]","og_url":"https:\/\/shop.bertsch-holzbau.eu\/holzlandkoehler\/de\/produkt\/h70-2231-2et-ff\/","og_site_name":"Holzland Koehler","article_modified_time":"2024-07-05T07:44:50+00:00","og_image":[{"width":800,"height":750,"url":"https:\/\/shop.bertsch-holzbau.eu\/holzlandkoehler\/wp-content\/uploads\/sites\/38\/2024\/06\/001546-01.jpeg","type":"image\/jpeg"}],"twitter_card":"summary_large_image","twitter_misc":{"Gesch\u00e4tzte Lesezeit":"2\u00a0Minuten"},"schema":{"@context":"https:\/\/schema.org","@graph":[{"@type":"WebPage","@id":"https:\/\/shop.bertsch-holzbau.eu\/holzlandkoehler\/de\/produkt\/h70-2231-2et-ff\/","url":"https:\/\/shop.bertsch-holzbau.eu\/holzlandkoehler\/de\/produkt\/h70-2231-2et-ff\/","name":"H70-2231-2ET-FF - Holzland Koehler","isPartOf":{"@id":"https:\/\/shop.bertsch-holzbau.eu\/holzlandkoehler\/de\/#website"},"primaryImageOfPage":{"@id":"https:\/\/shop.bertsch-holzbau.eu\/holzlandkoehler\/de\/produkt\/h70-2231-2et-ff\/#primaryimage"},"image":{"@id":"https:\/\/shop.bertsch-holzbau.eu\/holzlandkoehler\/de\/produkt\/h70-2231-2et-ff\/#primaryimage"},"thumbnailUrl":"https:\/\/shop.bertsch-holzbau.eu\/holzlandkoehler\/wp-content\/uploads\/sites\/38\/2024\/06\/H70-2231-2ET-FF_ID1546_2.jpg","datePublished":"2024-06-05T21:46:04+00:00","dateModified":"2024-07-05T07:44:50+00:00","breadcrumb":{"@id":"https:\/\/shop.bertsch-holzbau.eu\/holzlandkoehler\/de\/produkt\/h70-2231-2et-ff\/#breadcrumb"},"inLanguage":"de","potentialAction":[{"@type":"ReadAction","target":["https:\/\/shop.bertsch-holzbau.eu\/holzlandkoehler\/de\/produkt\/h70-2231-2et-ff\/"]}]},{"@type":"ImageObject","inLanguage":"de","@id":"https:\/\/shop.bertsch-holzbau.eu\/holzlandkoehler\/de\/produkt\/h70-2231-2et-ff\/#primaryimage","url":"https:\/\/shop.bertsch-holzbau.eu\/holzlandkoehler\/wp-content\/uploads\/sites\/38\/2024\/06\/H70-2231-2ET-FF_ID1546_2.jpg","contentUrl":"https:\/\/shop.bertsch-holzbau.eu\/holzlandkoehler\/wp-content\/uploads\/sites\/38\/2024\/06\/H70-2231-2ET-FF_ID1546_2.jpg","width":1920,"height":1080},{"@type":"BreadcrumbList","@id":"https:\/\/shop.bertsch-holzbau.eu\/holzlandkoehler\/de\/produkt\/h70-2231-2et-ff\/#breadcrumb","itemListElement":[{"@type":"ListItem","position":1,"name":"Strona g\u0142\u00f3wna","item":"https:\/\/shop.bertsch-holzbau.eu\/holzlandkoehler\/de\/"},{"@type":"ListItem","position":2,"name":"Shop","item":"https:\/\/shop.bertsch-holzbau.eu\/holzlandkoehler\/de\/shop\/"},{"@type":"ListItem","position":3,"name":"H70-2231-2ET-FF"}]},{"@type":"WebSite","@id":"https:\/\/shop.bertsch-holzbau.eu\/holzlandkoehler\/de\/#website","url":"https:\/\/shop.bertsch-holzbau.eu\/holzlandkoehler\/de\/","name":"Holzland Koehler","description":"Domy modu\u0142owe, domki z profili, ogrodowe, domy z bali","publisher":{"@id":"https:\/\/shop.bertsch-holzbau.eu\/holzlandkoehler\/de\/#organization"},"potentialAction":[{"@type":"SearchAction","target":{"@type":"EntryPoint","urlTemplate":"https:\/\/shop.bertsch-holzbau.eu\/holzlandkoehler\/de\/?s={search_term_string}"},"query-input":"required name=search_term_string"}],"inLanguage":"de"},{"@type":"Organization","@id":"https:\/\/shop.bertsch-holzbau.eu\/holzlandkoehler\/de\/#organization","name":"Holzland Koehler","url":"https:\/\/shop.bertsch-holzbau.eu\/holzlandkoehler\/de\/","logo":{"@type":"ImageObject","inLanguage":"de","@id":"https:\/\/shop.bertsch-holzbau.eu\/holzlandkoehler\/de\/#\/schema\/logo\/image\/","url":"https:\/\/shop.bertsch-holzbau.eu\/holzlandkoehler\/wp-content\/uploads\/sites\/38\/2022\/07\/logo-pl.png","contentUrl":"https:\/\/shop.bertsch-holzbau.eu\/holzlandkoehler\/wp-content\/uploads\/sites\/38\/2022\/07\/logo-pl.png","width":2000,"height":482,"caption":"Holzland Koehler"},"image":{"@id":"https:\/\/shop.bertsch-holzbau.eu\/holzlandkoehler\/de\/#\/schema\/logo\/image\/"}}]}},"_links":{"self":[{"href":"https:\/\/shop.bertsch-holzbau.eu\/holzlandkoehler\/de\/wp-json\/wp\/v2\/product\/37383"}],"collection":[{"href":"https:\/\/shop.bertsch-holzbau.eu\/holzlandkoehler\/de\/wp-json\/wp\/v2\/product"}],"about":[{"href":"https:\/\/shop.bertsch-holzbau.eu\/holzlandkoehler\/de\/wp-json\/wp\/v2\/types\/product"}],"wp:featuredmedia":[{"embeddable":true,"href":"https:\/\/shop.bertsch-holzbau.eu\/holzlandkoehler\/de\/wp-json\/wp\/v2\/media\/37785"}],"wp:attachment":[{"href":"https:\/\/shop.bertsch-holzbau.eu\/holzlandkoehler\/de\/wp-json\/wp\/v2\/media?parent=37383"}],"wp:term":[{"taxonomy":"product_cat","embeddable":true,"href":"https:\/\/shop.bertsch-holzbau.eu\/holzlandkoehler\/de\/wp-json\/wp\/v2\/product_cat?post=37383"},{"taxonomy":"product_tag","embeddable":true,"href":"https:\/\/shop.bertsch-holzbau.eu\/holzlandkoehler\/de\/wp-json\/wp\/v2\/product_tag?post=37383"}],"curies":[{"name":"wp","href":"https:\/\/api.w.org\/{rel}","templated":true}]}}