{"id":17420,"date":"2023-02-27T12:26:28","date_gmt":"2023-02-27T11:26:28","guid":{"rendered":"http:\/\/shop.bertsch-holzbau.eu\/holzlandkoehler\/?page_id=17420"},"modified":"2025-03-26T11:41:01","modified_gmt":"2025-03-26T10:41:01","slug":"transport","status":"publish","type":"page","link":"https:\/\/shop.bertsch-holzbau.eu\/holzlandkoehler\/transport\/","title":{"rendered":"Transport"},"content":{"rendered":"\n<p>Nasze produkty docieraj\u0105 na adres dostawy samochodem ci\u0119\u017carowym. Zamawiaj\u0105c transport upewnij si\u0119, \u017ce na adres docelowy mo\u017ce wjecha\u0107 pojazd o DMC 40 ton, 4m wysoko\u015bci, 16,5m d\u0142ugo\u015bci, 2,45m szeroko\u015bci. <\/p>\n\n\n\n<div class=\"wp-block-columns is-layout-flex wp-container-core-columns-is-layout-1 wp-block-columns-is-layout-flex\">\n<div class=\"wp-block-column is-layout-flow wp-block-column-is-layout-flow\">\n<figure class=\"wp-block-image size-full\"><img loading=\"lazy\" decoding=\"async\" width=\"640\" height=\"288\" src=\"https:\/\/shop.bertsch-holzbau.eu\/holzlandkoehler\/wp-content\/uploads\/sites\/38\/2023\/02\/image000000002001.jpg\" alt=\"\" class=\"wp-image-17621\" srcset=\"https:\/\/shop.bertsch-holzbau.eu\/holzlandkoehler\/wp-content\/uploads\/sites\/38\/2023\/02\/image000000002001.jpg 640w, https:\/\/shop.bertsch-holzbau.eu\/holzlandkoehler\/wp-content\/uploads\/sites\/38\/2023\/02\/image000000002001-300x135.jpg 300w, https:\/\/shop.bertsch-holzbau.eu\/holzlandkoehler\/wp-content\/uploads\/sites\/38\/2023\/02\/image000000002001-200x90.jpg 200w, https:\/\/shop.bertsch-holzbau.eu\/holzlandkoehler\/wp-content\/uploads\/sites\/38\/2023\/02\/image000000002001-600x270.jpg 600w\" sizes=\"(max-width: 640px) 100vw, 640px\" \/><\/figure>\n<\/div>\n\n\n\n<div class=\"wp-block-column is-layout-flow wp-block-column-is-layout-flow\">\n<figure class=\"wp-block-image size-full\"><img loading=\"lazy\" decoding=\"async\" width=\"640\" height=\"288\" src=\"https:\/\/shop.bertsch-holzbau.eu\/holzlandkoehler\/wp-content\/uploads\/sites\/38\/2023\/02\/image000003002001.jpg\" alt=\"\" class=\"wp-image-17622\" srcset=\"https:\/\/shop.bertsch-holzbau.eu\/holzlandkoehler\/wp-content\/uploads\/sites\/38\/2023\/02\/image000003002001.jpg 640w, https:\/\/shop.bertsch-holzbau.eu\/holzlandkoehler\/wp-content\/uploads\/sites\/38\/2023\/02\/image000003002001-300x135.jpg 300w, https:\/\/shop.bertsch-holzbau.eu\/holzlandkoehler\/wp-content\/uploads\/sites\/38\/2023\/02\/image000003002001-200x90.jpg 200w, https:\/\/shop.bertsch-holzbau.eu\/holzlandkoehler\/wp-content\/uploads\/sites\/38\/2023\/02\/image000003002001-600x270.jpg 600w\" sizes=\"(max-width: 640px) 100vw, 640px\" \/><\/figure>\n<\/div>\n\n\n\n<div class=\"wp-block-column is-layout-flow wp-block-column-is-layout-flow\">\n<figure class=\"wp-block-image size-full\"><img loading=\"lazy\" decoding=\"async\" width=\"640\" height=\"288\" src=\"https:\/\/shop.bertsch-holzbau.eu\/holzlandkoehler\/wp-content\/uploads\/sites\/38\/2023\/02\/image000001002001.jpg\" alt=\"\" class=\"wp-image-17623\" srcset=\"https:\/\/shop.bertsch-holzbau.eu\/holzlandkoehler\/wp-content\/uploads\/sites\/38\/2023\/02\/image000001002001.jpg 640w, https:\/\/shop.bertsch-holzbau.eu\/holzlandkoehler\/wp-content\/uploads\/sites\/38\/2023\/02\/image000001002001-300x135.jpg 300w, https:\/\/shop.bertsch-holzbau.eu\/holzlandkoehler\/wp-content\/uploads\/sites\/38\/2023\/02\/image000001002001-200x90.jpg 200w, https:\/\/shop.bertsch-holzbau.eu\/holzlandkoehler\/wp-content\/uploads\/sites\/38\/2023\/02\/image000001002001-600x270.jpg 600w\" sizes=\"(max-width: 640px) 100vw, 640px\" \/><\/figure>\n<\/div>\n<\/div>\n","protected":false},"excerpt":{"rendered":"<p>Nasze produkty docieraj\u0105 na adres dostawy samochodem ci\u0119\u017carowym. Zamawiaj\u0105c transport upewnij si\u0119, \u017ce na adres docelowy mo\u017ce wjecha\u0107 pojazd o DMC 40 ton, 4m wysoko\u015bci, 16,5m d\u0142ugo\u015bci, 2,45m szeroko\u015bci.<\/p>\n","protected":false},"author":1,"featured_media":0,"parent":0,"menu_order":0,"comment_status":"closed","ping_status":"closed","template":"templates\/transport.php","meta":{"footnotes":""},"yoast_head":"<!-- This site is optimized with the Yoast SEO plugin v22.5 - https:\/\/yoast.com\/wordpress\/plugins\/seo\/ -->\n<title>Transport domk\u00f3w zam\u00f3wionych przez internet \u2013 Zuluna<\/title>\n<meta name=\"robots\" content=\"index, follow, max-snippet:-1, max-image-preview:large, max-video-preview:-1\" \/>\n<link rel=\"canonical\" href=\"https:\/\/shop.bertsch-holzbau.eu\/holzlandkoehler\/transport\/\" \/>\n<meta property=\"og:locale\" content=\"pl_PL\" \/>\n<meta property=\"og:type\" content=\"article\" \/>\n<meta property=\"og:title\" content=\"Transport domk\u00f3w zam\u00f3wionych przez internet \u2013 Zuluna\" \/>\n<meta property=\"og:description\" content=\"Nasze produkty docieraj\u0105 na adres dostawy samochodem ci\u0119\u017carowym. Zamawiaj\u0105c transport upewnij si\u0119, \u017ce na adres docelowy mo\u017ce wjecha\u0107 pojazd o DMC 40 ton, 4m wysoko\u015bci, 16,5m d\u0142ugo\u015bci, 2,45m szeroko\u015bci.\" \/>\n<meta property=\"og:url\" content=\"https:\/\/shop.bertsch-holzbau.eu\/holzlandkoehler\/transport\/\" \/>\n<meta property=\"og:site_name\" content=\"Holzland Koehler\" \/>\n<meta property=\"article:modified_time\" content=\"2025-03-26T10:41:01+00:00\" \/>\n<meta property=\"og:image\" content=\"http:\/\/shop.bertsch-holzbau.eu\/holzlandkoehler\/wp-content\/uploads\/sites\/38\/2023\/02\/image000000002001.jpg\" \/>\n<meta name=\"twitter:card\" content=\"summary_large_image\" \/>\n<meta name=\"twitter:label1\" content=\"Szacowany czas czytania\" \/>\n\t<meta name=\"twitter:data1\" content=\"1 minuta\" \/>\n<script type=\"application\/ld+json\" class=\"yoast-schema-graph\">{\"@context\":\"https:\/\/schema.org\",\"@graph\":[{\"@type\":\"WebPage\",\"@id\":\"https:\/\/shop.bertsch-holzbau.eu\/holzlandkoehler\/transport\/\",\"url\":\"https:\/\/shop.bertsch-holzbau.eu\/holzlandkoehler\/transport\/\",\"name\":\"Transport domk\u00f3w zam\u00f3wionych przez internet \u2013 Zuluna\",\"isPartOf\":{\"@id\":\"https:\/\/shop.bertsch-holzbau.eu\/holzlandkoehler\/#website\"},\"primaryImageOfPage\":{\"@id\":\"https:\/\/shop.bertsch-holzbau.eu\/holzlandkoehler\/transport\/#primaryimage\"},\"image\":{\"@id\":\"https:\/\/shop.bertsch-holzbau.eu\/holzlandkoehler\/transport\/#primaryimage\"},\"thumbnailUrl\":\"http:\/\/shop.bertsch-holzbau.eu\/holzlandkoehler\/wp-content\/uploads\/sites\/38\/2023\/02\/image000000002001.jpg\",\"datePublished\":\"2023-02-27T11:26:28+00:00\",\"dateModified\":\"2025-03-26T10:41:01+00:00\",\"breadcrumb\":{\"@id\":\"https:\/\/shop.bertsch-holzbau.eu\/holzlandkoehler\/transport\/#breadcrumb\"},\"inLanguage\":\"pl-PL\",\"potentialAction\":[{\"@type\":\"ReadAction\",\"target\":[\"https:\/\/shop.bertsch-holzbau.eu\/holzlandkoehler\/transport\/\"]}]},{\"@type\":\"ImageObject\",\"inLanguage\":\"pl-PL\",\"@id\":\"https:\/\/shop.bertsch-holzbau.eu\/holzlandkoehler\/transport\/#primaryimage\",\"url\":\"https:\/\/shop.bertsch-holzbau.eu\/holzlandkoehler\/wp-content\/uploads\/sites\/38\/2023\/02\/image000000002001.jpg\",\"contentUrl\":\"https:\/\/shop.bertsch-holzbau.eu\/holzlandkoehler\/wp-content\/uploads\/sites\/38\/2023\/02\/image000000002001.jpg\",\"width\":640,\"height\":288},{\"@type\":\"BreadcrumbList\",\"@id\":\"https:\/\/shop.bertsch-holzbau.eu\/holzlandkoehler\/transport\/#breadcrumb\",\"itemListElement\":[{\"@type\":\"ListItem\",\"position\":1,\"name\":\"Strona g\u0142\u00f3wna\",\"item\":\"https:\/\/shop.bertsch-holzbau.eu\/holzlandkoehler\/\"},{\"@type\":\"ListItem\",\"position\":2,\"name\":\"Transport\"}]},{\"@type\":\"WebSite\",\"@id\":\"https:\/\/shop.bertsch-holzbau.eu\/holzlandkoehler\/#website\",\"url\":\"https:\/\/shop.bertsch-holzbau.eu\/holzlandkoehler\/\",\"name\":\"Holzland Koehler\",\"description\":\"Domy modu\u0142owe, domki z profili, ogrodowe, domy z bali\",\"publisher\":{\"@id\":\"https:\/\/shop.bertsch-holzbau.eu\/holzlandkoehler\/#organization\"},\"potentialAction\":[{\"@type\":\"SearchAction\",\"target\":{\"@type\":\"EntryPoint\",\"urlTemplate\":\"https:\/\/shop.bertsch-holzbau.eu\/holzlandkoehler\/?s={search_term_string}\"},\"query-input\":\"required name=search_term_string\"}],\"inLanguage\":\"pl-PL\"},{\"@type\":\"Organization\",\"@id\":\"https:\/\/shop.bertsch-holzbau.eu\/holzlandkoehler\/#organization\",\"name\":\"Holzland Koehler\",\"url\":\"https:\/\/shop.bertsch-holzbau.eu\/holzlandkoehler\/\",\"logo\":{\"@type\":\"ImageObject\",\"inLanguage\":\"pl-PL\",\"@id\":\"https:\/\/shop.bertsch-holzbau.eu\/holzlandkoehler\/#\/schema\/logo\/image\/\",\"url\":\"https:\/\/shop.bertsch-holzbau.eu\/holzlandkoehler\/wp-content\/uploads\/sites\/38\/2022\/07\/logo-pl.png\",\"contentUrl\":\"https:\/\/shop.bertsch-holzbau.eu\/holzlandkoehler\/wp-content\/uploads\/sites\/38\/2022\/07\/logo-pl.png\",\"width\":2000,\"height\":482,\"caption\":\"Holzland Koehler\"},\"image\":{\"@id\":\"https:\/\/shop.bertsch-holzbau.eu\/holzlandkoehler\/#\/schema\/logo\/image\/\"}}]}<\/script>\n<!-- \/ Yoast SEO plugin. -->","yoast_head_json":{"title":"Transport domk\u00f3w zam\u00f3wionych przez internet \u2013 Zuluna","robots":{"index":"index","follow":"follow","max-snippet":"max-snippet:-1","max-image-preview":"max-image-preview:large","max-video-preview":"max-video-preview:-1"},"canonical":"https:\/\/shop.bertsch-holzbau.eu\/holzlandkoehler\/transport\/","og_locale":"pl_PL","og_type":"article","og_title":"Transport domk\u00f3w zam\u00f3wionych przez internet \u2013 Zuluna","og_description":"Nasze produkty docieraj\u0105 na adres dostawy samochodem ci\u0119\u017carowym. Zamawiaj\u0105c transport upewnij si\u0119, \u017ce na adres docelowy mo\u017ce wjecha\u0107 pojazd o DMC 40 ton, 4m wysoko\u015bci, 16,5m d\u0142ugo\u015bci, 2,45m szeroko\u015bci.","og_url":"https:\/\/shop.bertsch-holzbau.eu\/holzlandkoehler\/transport\/","og_site_name":"Holzland Koehler","article_modified_time":"2025-03-26T10:41:01+00:00","og_image":[{"url":"http:\/\/shop.bertsch-holzbau.eu\/holzlandkoehler\/wp-content\/uploads\/sites\/38\/2023\/02\/image000000002001.jpg"}],"twitter_card":"summary_large_image","twitter_misc":{"Szacowany czas czytania":"1 minuta"},"schema":{"@context":"https:\/\/schema.org","@graph":[{"@type":"WebPage","@id":"https:\/\/shop.bertsch-holzbau.eu\/holzlandkoehler\/transport\/","url":"https:\/\/shop.bertsch-holzbau.eu\/holzlandkoehler\/transport\/","name":"Transport domk\u00f3w zam\u00f3wionych przez internet \u2013 Zuluna","isPartOf":{"@id":"https:\/\/shop.bertsch-holzbau.eu\/holzlandkoehler\/#website"},"primaryImageOfPage":{"@id":"https:\/\/shop.bertsch-holzbau.eu\/holzlandkoehler\/transport\/#primaryimage"},"image":{"@id":"https:\/\/shop.bertsch-holzbau.eu\/holzlandkoehler\/transport\/#primaryimage"},"thumbnailUrl":"http:\/\/shop.bertsch-holzbau.eu\/holzlandkoehler\/wp-content\/uploads\/sites\/38\/2023\/02\/image000000002001.jpg","datePublished":"2023-02-27T11:26:28+00:00","dateModified":"2025-03-26T10:41:01+00:00","breadcrumb":{"@id":"https:\/\/shop.bertsch-holzbau.eu\/holzlandkoehler\/transport\/#breadcrumb"},"inLanguage":"pl-PL","potentialAction":[{"@type":"ReadAction","target":["https:\/\/shop.bertsch-holzbau.eu\/holzlandkoehler\/transport\/"]}]},{"@type":"ImageObject","inLanguage":"pl-PL","@id":"https:\/\/shop.bertsch-holzbau.eu\/holzlandkoehler\/transport\/#primaryimage","url":"https:\/\/shop.bertsch-holzbau.eu\/holzlandkoehler\/wp-content\/uploads\/sites\/38\/2023\/02\/image000000002001.jpg","contentUrl":"https:\/\/shop.bertsch-holzbau.eu\/holzlandkoehler\/wp-content\/uploads\/sites\/38\/2023\/02\/image000000002001.jpg","width":640,"height":288},{"@type":"BreadcrumbList","@id":"https:\/\/shop.bertsch-holzbau.eu\/holzlandkoehler\/transport\/#breadcrumb","itemListElement":[{"@type":"ListItem","position":1,"name":"Strona g\u0142\u00f3wna","item":"https:\/\/shop.bertsch-holzbau.eu\/holzlandkoehler\/"},{"@type":"ListItem","position":2,"name":"Transport"}]},{"@type":"WebSite","@id":"https:\/\/shop.bertsch-holzbau.eu\/holzlandkoehler\/#website","url":"https:\/\/shop.bertsch-holzbau.eu\/holzlandkoehler\/","name":"Holzland Koehler","description":"Domy modu\u0142owe, domki z profili, ogrodowe, domy z bali","publisher":{"@id":"https:\/\/shop.bertsch-holzbau.eu\/holzlandkoehler\/#organization"},"potentialAction":[{"@type":"SearchAction","target":{"@type":"EntryPoint","urlTemplate":"https:\/\/shop.bertsch-holzbau.eu\/holzlandkoehler\/?s={search_term_string}"},"query-input":"required name=search_term_string"}],"inLanguage":"pl-PL"},{"@type":"Organization","@id":"https:\/\/shop.bertsch-holzbau.eu\/holzlandkoehler\/#organization","name":"Holzland Koehler","url":"https:\/\/shop.bertsch-holzbau.eu\/holzlandkoehler\/","logo":{"@type":"ImageObject","inLanguage":"pl-PL","@id":"https:\/\/shop.bertsch-holzbau.eu\/holzlandkoehler\/#\/schema\/logo\/image\/","url":"https:\/\/shop.bertsch-holzbau.eu\/holzlandkoehler\/wp-content\/uploads\/sites\/38\/2022\/07\/logo-pl.png","contentUrl":"https:\/\/shop.bertsch-holzbau.eu\/holzlandkoehler\/wp-content\/uploads\/sites\/38\/2022\/07\/logo-pl.png","width":2000,"height":482,"caption":"Holzland Koehler"},"image":{"@id":"https:\/\/shop.bertsch-holzbau.eu\/holzlandkoehler\/#\/schema\/logo\/image\/"}}]}},"_links":{"self":[{"href":"https:\/\/shop.bertsch-holzbau.eu\/holzlandkoehler\/wp-json\/wp\/v2\/pages\/17420"}],"collection":[{"href":"https:\/\/shop.bertsch-holzbau.eu\/holzlandkoehler\/wp-json\/wp\/v2\/pages"}],"about":[{"href":"https:\/\/shop.bertsch-holzbau.eu\/holzlandkoehler\/wp-json\/wp\/v2\/types\/page"}],"author":[{"embeddable":true,"href":"https:\/\/shop.bertsch-holzbau.eu\/holzlandkoehler\/wp-json\/wp\/v2\/users\/1"}],"replies":[{"embeddable":true,"href":"https:\/\/shop.bertsch-holzbau.eu\/holzlandkoehler\/wp-json\/wp\/v2\/comments?post=17420"}],"version-history":[{"count":2,"href":"https:\/\/shop.bertsch-holzbau.eu\/holzlandkoehler\/wp-json\/wp\/v2\/pages\/17420\/revisions"}],"predecessor-version":[{"id":17624,"href":"https:\/\/shop.bertsch-holzbau.eu\/holzlandkoehler\/wp-json\/wp\/v2\/pages\/17420\/revisions\/17624"}],"wp:attachment":[{"href":"https:\/\/shop.bertsch-holzbau.eu\/holzlandkoehler\/wp-json\/wp\/v2\/media?parent=17420"}],"curies":[{"name":"wp","href":"https:\/\/api.w.org\/{rel}","templated":true}]}}