{"id":33115,"date":"2024-04-10T00:35:30","date_gmt":"2024-04-09T22:35:30","guid":{"rendered":"http:\/\/shop.bertsch-holzbau.eu\/holzwalter\/produkt\/mhh-4030-f-2\/"},"modified":"2024-07-23T10:37:12","modified_gmt":"2024-07-23T08:37:12","slug":"mhh-4030-f-2","status":"publish","type":"product","link":"https:\/\/shop.bertsch-holzbau.eu\/holzwalter\/de\/produkt\/mhh-4030-f-2\/","title":{"rendered":"MHH-4030-F"},"content":{"rendered":"<table class=\"alt\">\n<tbody>\n<tr>\n<td>Bauart<\/td>\n<td>Zuluna \/ Modulbau<\/td>\n<\/tr>\n<tr>\n<td>Wandschalung<\/td>\n<td>Trapez Fichte<\/td>\n<\/tr>\n<tr>\n<td>Dachform<\/td>\n<td>Flachdach<\/td>\n<\/tr>\n<tr>\n<td>Wandst\u00e4rke<\/td>\n<td>15 mm<\/td>\n<\/tr>\n<tr>\n<td>Wandau\u00dfenma\u00df (B\/T)<\/td>\n<td>400 x 300 cm<\/td>\n<\/tr>\n<tr>\n<td>Wandh\u00f6he Vorne<\/td>\n<td>246 cm<\/td>\n<\/tr>\n<tr>\n<td>Dach\u00fcberstand Umlaufend<\/td>\n<td>25 cm<\/td>\n<\/tr>\n<tr>\n<td>Dachneigung<\/td>\n<td>1 \u00b0<\/td>\n<\/tr>\n<tr>\n<td>T\u00fcren<\/td>\n<td>DT 150 x 194 cm<\/td>\n<\/tr>\n<tr>\n<td>Fenster<\/td>\n<td>2 x EF 80 x 40 cm<\/td>\n<\/tr>\n<tr>\n<td>Optionales Zubeh\u00f6r<\/td>\n<td>\n<ul class=\"accessories\">\n<li>Boden\/Fundamentrahmen: FR15-4030<\/li>\n<\/ul>\n<ul class=\"accessories\">\n<li>1 x Fallrohrset: F1<\/li>\n<\/ul>\n<ul class=\"accessories\">\n<li>1 x EPDM Folie: EPDM-0041<\/li>\n<\/ul>\n<\/td>\n<\/tr>\n<tr>\n<td>Objekt ID<\/td>\n<td>1001<\/td>\n<\/tr>\n<\/tbody>\n<\/table>\n","protected":false},"excerpt":{"rendered":"<p>Bauart Zuluna \/ Modulbau Wandschalung Trapez Fichte Dachform Flachdach Wandst\u00e4rke 15 mm Wandau\u00dfenma\u00df (B\/T) 400 x 300 cm Wandh\u00f6he Vorne 246 cm Dach\u00fcberstand Umlaufend 25 cm Dachneigung 1 \u00b0 T\u00fcren DT 150 x 194 cm Fenster 2 x EF 80 x 40 cm Optionales Zubeh\u00f6r Boden\/Fundamentrahmen: FR15-4030 1 x Fallrohrset: F1 1 x EPDM Folie: [&hellip;]<\/p>\n","protected":false},"featured_media":38286,"template":"","meta":[],"product_cat":[878,877,913],"product_tag":[],"yoast_head":"<!-- This site is optimized with the Yoast SEO plugin v22.5 - https:\/\/yoast.com\/wordpress\/plugins\/seo\/ -->\n<title>MHH-4030-F - Holz Walter<\/title>\n<meta name=\"robots\" content=\"index, follow, max-snippet:-1, max-image-preview:large, max-video-preview:-1\" \/>\n<link rel=\"canonical\" href=\"https:\/\/shop.bertsch-holzbau.eu\/holzwalter\/de\/produkt\/mhh-4030-f-2\/\" \/>\n<meta property=\"og:locale\" content=\"de_DE\" \/>\n<meta property=\"og:type\" content=\"article\" \/>\n<meta property=\"og:title\" content=\"MHH-4030-F - Holz Walter\" \/>\n<meta property=\"og:description\" content=\"Bauart Zuluna \/ Modulbau Wandschalung Trapez Fichte Dachform Flachdach Wandst\u00e4rke 15 mm Wandau\u00dfenma\u00df (B\/T) 400 x 300 cm Wandh\u00f6he Vorne 246 cm Dach\u00fcberstand Umlaufend 25 cm Dachneigung 1 \u00b0 T\u00fcren DT 150 x 194 cm Fenster 2 x EF 80 x 40 cm Optionales Zubeh\u00f6r Boden\/Fundamentrahmen: FR15-4030 1 x Fallrohrset: F1 1 x EPDM Folie: [&hellip;]\" \/>\n<meta property=\"og:url\" content=\"https:\/\/shop.bertsch-holzbau.eu\/holzwalter\/de\/produkt\/mhh-4030-f-2\/\" \/>\n<meta property=\"og:site_name\" content=\"Holz Walter\" \/>\n<meta property=\"article:modified_time\" content=\"2024-07-23T08:37:12+00:00\" \/>\n<meta property=\"og:image\" content=\"https:\/\/shop.bertsch-holzbau.eu\/holzwalter\/wp-content\/uploads\/sites\/30\/2024\/05\/2.webp\" \/>\n\t<meta property=\"og:image:width\" content=\"994\" \/>\n\t<meta property=\"og:image:height\" content=\"663\" \/>\n\t<meta property=\"og:image:type\" content=\"image\/webp\" \/>\n<meta name=\"twitter:card\" content=\"summary_large_image\" \/>\n<meta name=\"twitter:label1\" content=\"Gesch\u00e4tzte Lesezeit\" \/>\n\t<meta name=\"twitter:data1\" content=\"1\u00a0Minute\" \/>\n<script type=\"application\/ld+json\" class=\"yoast-schema-graph\">{\"@context\":\"https:\/\/schema.org\",\"@graph\":[{\"@type\":\"WebPage\",\"@id\":\"https:\/\/shop.bertsch-holzbau.eu\/holzwalter\/de\/produkt\/mhh-4030-f-2\/\",\"url\":\"https:\/\/shop.bertsch-holzbau.eu\/holzwalter\/de\/produkt\/mhh-4030-f-2\/\",\"name\":\"MHH-4030-F - Holz Walter\",\"isPartOf\":{\"@id\":\"https:\/\/shop.bertsch-holzbau.eu\/holzwalter\/de\/#website\"},\"primaryImageOfPage\":{\"@id\":\"https:\/\/shop.bertsch-holzbau.eu\/holzwalter\/de\/produkt\/mhh-4030-f-2\/#primaryimage\"},\"image\":{\"@id\":\"https:\/\/shop.bertsch-holzbau.eu\/holzwalter\/de\/produkt\/mhh-4030-f-2\/#primaryimage\"},\"thumbnailUrl\":\"https:\/\/shop.bertsch-holzbau.eu\/holzwalter\/wp-content\/uploads\/sites\/30\/2024\/04\/MHH-4030-F_ID1001_2.webp\",\"datePublished\":\"2024-04-09T22:35:30+00:00\",\"dateModified\":\"2024-07-23T08:37:12+00:00\",\"breadcrumb\":{\"@id\":\"https:\/\/shop.bertsch-holzbau.eu\/holzwalter\/de\/produkt\/mhh-4030-f-2\/#breadcrumb\"},\"inLanguage\":\"de\",\"potentialAction\":[{\"@type\":\"ReadAction\",\"target\":[\"https:\/\/shop.bertsch-holzbau.eu\/holzwalter\/de\/produkt\/mhh-4030-f-2\/\"]}]},{\"@type\":\"ImageObject\",\"inLanguage\":\"de\",\"@id\":\"https:\/\/shop.bertsch-holzbau.eu\/holzwalter\/de\/produkt\/mhh-4030-f-2\/#primaryimage\",\"url\":\"https:\/\/shop.bertsch-holzbau.eu\/holzwalter\/wp-content\/uploads\/sites\/30\/2024\/04\/MHH-4030-F_ID1001_2.webp\",\"contentUrl\":\"https:\/\/shop.bertsch-holzbau.eu\/holzwalter\/wp-content\/uploads\/sites\/30\/2024\/04\/MHH-4030-F_ID1001_2.webp\",\"width\":1920,\"height\":1080},{\"@type\":\"BreadcrumbList\",\"@id\":\"https:\/\/shop.bertsch-holzbau.eu\/holzwalter\/de\/produkt\/mhh-4030-f-2\/#breadcrumb\",\"itemListElement\":[{\"@type\":\"ListItem\",\"position\":1,\"name\":\"Strona g\u0142\u00f3wna\",\"item\":\"https:\/\/shop.bertsch-holzbau.eu\/holzwalter\/de\/\"},{\"@type\":\"ListItem\",\"position\":2,\"name\":\"Shop\",\"item\":\"https:\/\/shop.bertsch-holzbau.eu\/holzwalter\/de\/shop\/\"},{\"@type\":\"ListItem\",\"position\":3,\"name\":\"MHH-4030-F\"}]},{\"@type\":\"WebSite\",\"@id\":\"https:\/\/shop.bertsch-holzbau.eu\/holzwalter\/de\/#website\",\"url\":\"https:\/\/shop.bertsch-holzbau.eu\/holzwalter\/de\/\",\"name\":\"Holz Walter\",\"description\":\"Domy modu\u0142owe, domki z profili, ogrodowe, domy z bali\",\"publisher\":{\"@id\":\"https:\/\/shop.bertsch-holzbau.eu\/holzwalter\/de\/#organization\"},\"potentialAction\":[{\"@type\":\"SearchAction\",\"target\":{\"@type\":\"EntryPoint\",\"urlTemplate\":\"https:\/\/shop.bertsch-holzbau.eu\/holzwalter\/de\/?s={search_term_string}\"},\"query-input\":\"required name=search_term_string\"}],\"inLanguage\":\"de\"},{\"@type\":\"Organization\",\"@id\":\"https:\/\/shop.bertsch-holzbau.eu\/holzwalter\/de\/#organization\",\"name\":\"Holz Walter\",\"url\":\"https:\/\/shop.bertsch-holzbau.eu\/holzwalter\/de\/\",\"logo\":{\"@type\":\"ImageObject\",\"inLanguage\":\"de\",\"@id\":\"https:\/\/shop.bertsch-holzbau.eu\/holzwalter\/de\/#\/schema\/logo\/image\/\",\"url\":\"https:\/\/shop.bertsch-holzbau.eu\/holzwalter\/wp-content\/uploads\/sites\/30\/2022\/07\/logo-pl.png\",\"contentUrl\":\"https:\/\/shop.bertsch-holzbau.eu\/holzwalter\/wp-content\/uploads\/sites\/30\/2022\/07\/logo-pl.png\",\"width\":2000,\"height\":482,\"caption\":\"Holz Walter\"},\"image\":{\"@id\":\"https:\/\/shop.bertsch-holzbau.eu\/holzwalter\/de\/#\/schema\/logo\/image\/\"}}]}<\/script>\n<!-- \/ Yoast SEO plugin. -->","yoast_head_json":{"title":"MHH-4030-F - Holz Walter","robots":{"index":"index","follow":"follow","max-snippet":"max-snippet:-1","max-image-preview":"max-image-preview:large","max-video-preview":"max-video-preview:-1"},"canonical":"https:\/\/shop.bertsch-holzbau.eu\/holzwalter\/de\/produkt\/mhh-4030-f-2\/","og_locale":"de_DE","og_type":"article","og_title":"MHH-4030-F - Holz Walter","og_description":"Bauart Zuluna \/ Modulbau Wandschalung Trapez Fichte Dachform Flachdach Wandst\u00e4rke 15 mm Wandau\u00dfenma\u00df (B\/T) 400 x 300 cm Wandh\u00f6he Vorne 246 cm Dach\u00fcberstand Umlaufend 25 cm Dachneigung 1 \u00b0 T\u00fcren DT 150 x 194 cm Fenster 2 x EF 80 x 40 cm Optionales Zubeh\u00f6r Boden\/Fundamentrahmen: FR15-4030 1 x Fallrohrset: F1 1 x EPDM Folie: [&hellip;]","og_url":"https:\/\/shop.bertsch-holzbau.eu\/holzwalter\/de\/produkt\/mhh-4030-f-2\/","og_site_name":"Holz Walter","article_modified_time":"2024-07-23T08:37:12+00:00","og_image":[{"width":994,"height":663,"url":"https:\/\/shop.bertsch-holzbau.eu\/holzwalter\/wp-content\/uploads\/sites\/30\/2024\/05\/2.webp","type":"image\/webp"}],"twitter_card":"summary_large_image","twitter_misc":{"Gesch\u00e4tzte Lesezeit":"1\u00a0Minute"},"schema":{"@context":"https:\/\/schema.org","@graph":[{"@type":"WebPage","@id":"https:\/\/shop.bertsch-holzbau.eu\/holzwalter\/de\/produkt\/mhh-4030-f-2\/","url":"https:\/\/shop.bertsch-holzbau.eu\/holzwalter\/de\/produkt\/mhh-4030-f-2\/","name":"MHH-4030-F - Holz Walter","isPartOf":{"@id":"https:\/\/shop.bertsch-holzbau.eu\/holzwalter\/de\/#website"},"primaryImageOfPage":{"@id":"https:\/\/shop.bertsch-holzbau.eu\/holzwalter\/de\/produkt\/mhh-4030-f-2\/#primaryimage"},"image":{"@id":"https:\/\/shop.bertsch-holzbau.eu\/holzwalter\/de\/produkt\/mhh-4030-f-2\/#primaryimage"},"thumbnailUrl":"https:\/\/shop.bertsch-holzbau.eu\/holzwalter\/wp-content\/uploads\/sites\/30\/2024\/04\/MHH-4030-F_ID1001_2.webp","datePublished":"2024-04-09T22:35:30+00:00","dateModified":"2024-07-23T08:37:12+00:00","breadcrumb":{"@id":"https:\/\/shop.bertsch-holzbau.eu\/holzwalter\/de\/produkt\/mhh-4030-f-2\/#breadcrumb"},"inLanguage":"de","potentialAction":[{"@type":"ReadAction","target":["https:\/\/shop.bertsch-holzbau.eu\/holzwalter\/de\/produkt\/mhh-4030-f-2\/"]}]},{"@type":"ImageObject","inLanguage":"de","@id":"https:\/\/shop.bertsch-holzbau.eu\/holzwalter\/de\/produkt\/mhh-4030-f-2\/#primaryimage","url":"https:\/\/shop.bertsch-holzbau.eu\/holzwalter\/wp-content\/uploads\/sites\/30\/2024\/04\/MHH-4030-F_ID1001_2.webp","contentUrl":"https:\/\/shop.bertsch-holzbau.eu\/holzwalter\/wp-content\/uploads\/sites\/30\/2024\/04\/MHH-4030-F_ID1001_2.webp","width":1920,"height":1080},{"@type":"BreadcrumbList","@id":"https:\/\/shop.bertsch-holzbau.eu\/holzwalter\/de\/produkt\/mhh-4030-f-2\/#breadcrumb","itemListElement":[{"@type":"ListItem","position":1,"name":"Strona g\u0142\u00f3wna","item":"https:\/\/shop.bertsch-holzbau.eu\/holzwalter\/de\/"},{"@type":"ListItem","position":2,"name":"Shop","item":"https:\/\/shop.bertsch-holzbau.eu\/holzwalter\/de\/shop\/"},{"@type":"ListItem","position":3,"name":"MHH-4030-F"}]},{"@type":"WebSite","@id":"https:\/\/shop.bertsch-holzbau.eu\/holzwalter\/de\/#website","url":"https:\/\/shop.bertsch-holzbau.eu\/holzwalter\/de\/","name":"Holz Walter","description":"Domy modu\u0142owe, domki z profili, ogrodowe, domy z bali","publisher":{"@id":"https:\/\/shop.bertsch-holzbau.eu\/holzwalter\/de\/#organization"},"potentialAction":[{"@type":"SearchAction","target":{"@type":"EntryPoint","urlTemplate":"https:\/\/shop.bertsch-holzbau.eu\/holzwalter\/de\/?s={search_term_string}"},"query-input":"required name=search_term_string"}],"inLanguage":"de"},{"@type":"Organization","@id":"https:\/\/shop.bertsch-holzbau.eu\/holzwalter\/de\/#organization","name":"Holz Walter","url":"https:\/\/shop.bertsch-holzbau.eu\/holzwalter\/de\/","logo":{"@type":"ImageObject","inLanguage":"de","@id":"https:\/\/shop.bertsch-holzbau.eu\/holzwalter\/de\/#\/schema\/logo\/image\/","url":"https:\/\/shop.bertsch-holzbau.eu\/holzwalter\/wp-content\/uploads\/sites\/30\/2022\/07\/logo-pl.png","contentUrl":"https:\/\/shop.bertsch-holzbau.eu\/holzwalter\/wp-content\/uploads\/sites\/30\/2022\/07\/logo-pl.png","width":2000,"height":482,"caption":"Holz Walter"},"image":{"@id":"https:\/\/shop.bertsch-holzbau.eu\/holzwalter\/de\/#\/schema\/logo\/image\/"}}]}},"_links":{"self":[{"href":"https:\/\/shop.bertsch-holzbau.eu\/holzwalter\/de\/wp-json\/wp\/v2\/product\/33115"}],"collection":[{"href":"https:\/\/shop.bertsch-holzbau.eu\/holzwalter\/de\/wp-json\/wp\/v2\/product"}],"about":[{"href":"https:\/\/shop.bertsch-holzbau.eu\/holzwalter\/de\/wp-json\/wp\/v2\/types\/product"}],"wp:featuredmedia":[{"embeddable":true,"href":"https:\/\/shop.bertsch-holzbau.eu\/holzwalter\/de\/wp-json\/wp\/v2\/media\/38286"}],"wp:attachment":[{"href":"https:\/\/shop.bertsch-holzbau.eu\/holzwalter\/de\/wp-json\/wp\/v2\/media?parent=33115"}],"wp:term":[{"taxonomy":"product_cat","embeddable":true,"href":"https:\/\/shop.bertsch-holzbau.eu\/holzwalter\/de\/wp-json\/wp\/v2\/product_cat?post=33115"},{"taxonomy":"product_tag","embeddable":true,"href":"https:\/\/shop.bertsch-holzbau.eu\/holzwalter\/de\/wp-json\/wp\/v2\/product_tag?post=33115"}],"curies":[{"name":"wp","href":"https:\/\/api.w.org\/{rel}","templated":true}]}}