{"id":15531,"date":"2022-08-22T14:40:05","date_gmt":"2022-08-22T12:40:05","guid":{"rendered":"http:\/\/shop.bertsch-holzbau.eu\/holzwalter\/?post_type=product&#038;p=15531"},"modified":"2025-06-10T12:06:57","modified_gmt":"2025-06-10T10:06:57","slug":"h45-4839-dt-df","status":"publish","type":"product","link":"https:\/\/shop.bertsch-holzbau.eu\/holzwalter\/produkt\/h45-4839-dt-df\/","title":{"rendered":"H45-4839-DT-DF"},"content":{"rendered":"<table class=\"alt\">\n<tbody>\n<tr>\n<td>Typ Systemu<\/td>\n<td>Zuluna \/\u00a0Domy z Bali<\/td>\n<\/tr>\n<tr>\n<td>Kszta\u0142t dachu<\/td>\n<td>Dach Dwuspadowy<\/td>\n<\/tr>\n<tr>\n<td>Grubo\u015b\u0107<\/td>\n<td>45 mm<\/td>\n<\/tr>\n<tr>\n<td>Wymiary \u015bciany (Sz\/D)<\/td>\n<td>485 x 390 cm<\/td>\n<\/tr>\n<tr>\n<td>Wysoko\u015b\u0107 \u015bciany bocznej<\/td>\n<td>207 cm<\/td>\n<\/tr>\n<tr>\n<td>Wysoko\u015b\u0107 maksymalna<\/td>\n<td>287 cm<\/td>\n<\/tr>\n<tr>\n<td>Powierzchnia dachu<\/td>\n<td>30 m\u00b2<\/td>\n<\/tr>\n<tr>\n<td>Wypust dachu \/ Prz\u00f3d<\/td>\n<td>120 cm<\/td>\n<\/tr>\n<tr>\n<td>Wypust dachu \/ Ty\u0142<\/td>\n<td>20 cm<\/td>\n<\/tr>\n<tr>\n<td>Wypust dachu \/ Lewo<\/td>\n<td>25 cm<\/td>\n<\/tr>\n<tr>\n<td>Wypust dachu \/ Prawo<\/td>\n<td>25 cm<\/td>\n<\/tr>\n<tr>\n<td>K\u0105t dachu<\/td>\n<td>18 \u00b0<\/td>\n<\/tr>\n<tr>\n<td>Drzwi<\/td>\n<td>DT 150 x 194 cm<\/td>\n<\/tr>\n<tr>\n<td>Okna<\/td>\n<td>DF 110 x 92 cm<\/td>\n<\/tr>\n<tr>\n<td>Opcjonalne Akcesoria<\/td>\n<td>\n<ul class=\"accessories\">\n<li>Pod\u0142oga \/ Rama fundamentowa: FR45-4839<\/li>\n<\/ul>\n<ul class=\"accessories\">\n<li>1 x Rynna: 423B<\/li>\n<\/ul>\n<ul class=\"accessories\">\n<li>12 x Gont Prostok\u0105tny<\/li>\n<li>12 x Gont \u0141uska<\/li>\n<\/ul>\n<\/td>\n<\/tr>\n<tr>\n<td>ID Obiektu<\/td>\n<td>100<\/td>\n<\/tr>\n<tr>\n<td>Warianty ID Obiektu<\/td>\n<td>101<\/td>\n<\/tr>\n<\/tbody>\n<\/table>\n","protected":false},"excerpt":{"rendered":"<p>Typ Systemu Zuluna \/\u00a0Domy z Bali Kszta\u0142t dachu Dach Dwuspadowy Grubo\u015b\u0107 45 mm Wymiary \u015bciany (Sz\/D) 485 x 390 cm Wysoko\u015b\u0107 \u015bciany bocznej 207 cm Wysoko\u015b\u0107 maksymalna 287 cm Powierzchnia dachu 30 m\u00b2 Wypust dachu \/ Prz\u00f3d 120 cm Wypust dachu \/ Ty\u0142 20 cm Wypust dachu \/ Lewo 25 cm Wypust dachu \/ Prawo [&hellip;]<\/p>\n","protected":false},"featured_media":38476,"template":"","meta":[],"product_cat":[220,195],"product_tag":[],"yoast_head":"<!-- This site is optimized with the Yoast SEO plugin v22.5 - https:\/\/yoast.com\/wordpress\/plugins\/seo\/ -->\n<title>H45-4839-DT-DF - Holz Walter<\/title>\n<meta name=\"robots\" content=\"index, follow, max-snippet:-1, max-image-preview:large, max-video-preview:-1\" \/>\n<link rel=\"canonical\" href=\"https:\/\/shop.bertsch-holzbau.eu\/holzwalter\/produkt\/h45-4839-dt-df\/\" \/>\n<meta property=\"og:locale\" content=\"pl_PL\" \/>\n<meta property=\"og:type\" content=\"article\" \/>\n<meta property=\"og:title\" content=\"H45-4839-DT-DF - Holz Walter\" \/>\n<meta property=\"og:description\" content=\"Typ Systemu Zuluna \/\u00a0Domy z Bali Kszta\u0142t dachu Dach Dwuspadowy Grubo\u015b\u0107 45 mm Wymiary \u015bciany (Sz\/D) 485 x 390 cm Wysoko\u015b\u0107 \u015bciany bocznej 207 cm Wysoko\u015b\u0107 maksymalna 287 cm Powierzchnia dachu 30 m\u00b2 Wypust dachu \/ Prz\u00f3d 120 cm Wypust dachu \/ Ty\u0142 20 cm Wypust dachu \/ Lewo 25 cm Wypust dachu \/ Prawo [&hellip;]\" \/>\n<meta property=\"og:url\" content=\"https:\/\/shop.bertsch-holzbau.eu\/holzwalter\/produkt\/h45-4839-dt-df\/\" \/>\n<meta property=\"og:site_name\" content=\"Holz Walter\" \/>\n<meta property=\"article:modified_time\" content=\"2025-06-10T10:06:57+00:00\" \/>\n<meta property=\"og:image\" content=\"https:\/\/shop.bertsch-holzbau.eu\/holzwalter\/wp-content\/uploads\/sites\/30\/2022\/08\/H45-4839-DT-DF_ID100_2.webp\" \/>\n\t<meta property=\"og:image:width\" content=\"1920\" \/>\n\t<meta property=\"og:image:height\" content=\"1080\" \/>\n\t<meta property=\"og:image:type\" content=\"image\/webp\" \/>\n<meta name=\"twitter:card\" content=\"summary_large_image\" \/>\n<meta name=\"twitter:label1\" content=\"Szacowany czas czytania\" \/>\n\t<meta name=\"twitter:data1\" content=\"1 minuta\" \/>\n<script type=\"application\/ld+json\" class=\"yoast-schema-graph\">{\"@context\":\"https:\/\/schema.org\",\"@graph\":[{\"@type\":\"WebPage\",\"@id\":\"https:\/\/shop.bertsch-holzbau.eu\/holzwalter\/produkt\/h45-4839-dt-df\/\",\"url\":\"https:\/\/shop.bertsch-holzbau.eu\/holzwalter\/produkt\/h45-4839-dt-df\/\",\"name\":\"H45-4839-DT-DF - Holz Walter\",\"isPartOf\":{\"@id\":\"https:\/\/shop.bertsch-holzbau.eu\/holzwalter\/#website\"},\"primaryImageOfPage\":{\"@id\":\"https:\/\/shop.bertsch-holzbau.eu\/holzwalter\/produkt\/h45-4839-dt-df\/#primaryimage\"},\"image\":{\"@id\":\"https:\/\/shop.bertsch-holzbau.eu\/holzwalter\/produkt\/h45-4839-dt-df\/#primaryimage\"},\"thumbnailUrl\":\"https:\/\/shop.bertsch-holzbau.eu\/holzwalter\/wp-content\/uploads\/sites\/30\/2022\/08\/H45-4839-DT-DF_ID100_2.webp\",\"datePublished\":\"2022-08-22T12:40:05+00:00\",\"dateModified\":\"2025-06-10T10:06:57+00:00\",\"breadcrumb\":{\"@id\":\"https:\/\/shop.bertsch-holzbau.eu\/holzwalter\/produkt\/h45-4839-dt-df\/#breadcrumb\"},\"inLanguage\":\"pl-PL\",\"potentialAction\":[{\"@type\":\"ReadAction\",\"target\":[\"https:\/\/shop.bertsch-holzbau.eu\/holzwalter\/produkt\/h45-4839-dt-df\/\"]}]},{\"@type\":\"ImageObject\",\"inLanguage\":\"pl-PL\",\"@id\":\"https:\/\/shop.bertsch-holzbau.eu\/holzwalter\/produkt\/h45-4839-dt-df\/#primaryimage\",\"url\":\"https:\/\/shop.bertsch-holzbau.eu\/holzwalter\/wp-content\/uploads\/sites\/30\/2022\/08\/H45-4839-DT-DF_ID100_2.webp\",\"contentUrl\":\"https:\/\/shop.bertsch-holzbau.eu\/holzwalter\/wp-content\/uploads\/sites\/30\/2022\/08\/H45-4839-DT-DF_ID100_2.webp\",\"width\":1920,\"height\":1080},{\"@type\":\"BreadcrumbList\",\"@id\":\"https:\/\/shop.bertsch-holzbau.eu\/holzwalter\/produkt\/h45-4839-dt-df\/#breadcrumb\",\"itemListElement\":[{\"@type\":\"ListItem\",\"position\":1,\"name\":\"Strona g\u0142\u00f3wna\",\"item\":\"https:\/\/shop.bertsch-holzbau.eu\/holzwalter\/\"},{\"@type\":\"ListItem\",\"position\":2,\"name\":\"Sklep\",\"item\":\"https:\/\/shop.bertsch-holzbau.eu\/holzwalter\/sklep\/\"},{\"@type\":\"ListItem\",\"position\":3,\"name\":\"H45-4839-DT-DF\"}]},{\"@type\":\"WebSite\",\"@id\":\"https:\/\/shop.bertsch-holzbau.eu\/holzwalter\/#website\",\"url\":\"https:\/\/shop.bertsch-holzbau.eu\/holzwalter\/\",\"name\":\"Holz Walter\",\"description\":\"Domy modu\u0142owe, domki z profili, ogrodowe, domy z bali\",\"publisher\":{\"@id\":\"https:\/\/shop.bertsch-holzbau.eu\/holzwalter\/#organization\"},\"potentialAction\":[{\"@type\":\"SearchAction\",\"target\":{\"@type\":\"EntryPoint\",\"urlTemplate\":\"https:\/\/shop.bertsch-holzbau.eu\/holzwalter\/?s={search_term_string}\"},\"query-input\":\"required name=search_term_string\"}],\"inLanguage\":\"pl-PL\"},{\"@type\":\"Organization\",\"@id\":\"https:\/\/shop.bertsch-holzbau.eu\/holzwalter\/#organization\",\"name\":\"Holz Walter\",\"url\":\"https:\/\/shop.bertsch-holzbau.eu\/holzwalter\/\",\"logo\":{\"@type\":\"ImageObject\",\"inLanguage\":\"pl-PL\",\"@id\":\"https:\/\/shop.bertsch-holzbau.eu\/holzwalter\/#\/schema\/logo\/image\/\",\"url\":\"https:\/\/shop.bertsch-holzbau.eu\/holzwalter\/wp-content\/uploads\/sites\/30\/2022\/07\/logo-pl.png\",\"contentUrl\":\"https:\/\/shop.bertsch-holzbau.eu\/holzwalter\/wp-content\/uploads\/sites\/30\/2022\/07\/logo-pl.png\",\"width\":2000,\"height\":482,\"caption\":\"Holz Walter\"},\"image\":{\"@id\":\"https:\/\/shop.bertsch-holzbau.eu\/holzwalter\/#\/schema\/logo\/image\/\"}}]}<\/script>\n<!-- \/ Yoast SEO plugin. -->","yoast_head_json":{"title":"H45-4839-DT-DF - Holz Walter","robots":{"index":"index","follow":"follow","max-snippet":"max-snippet:-1","max-image-preview":"max-image-preview:large","max-video-preview":"max-video-preview:-1"},"canonical":"https:\/\/shop.bertsch-holzbau.eu\/holzwalter\/produkt\/h45-4839-dt-df\/","og_locale":"pl_PL","og_type":"article","og_title":"H45-4839-DT-DF - Holz Walter","og_description":"Typ Systemu Zuluna \/\u00a0Domy z Bali Kszta\u0142t dachu Dach Dwuspadowy Grubo\u015b\u0107 45 mm Wymiary \u015bciany (Sz\/D) 485 x 390 cm Wysoko\u015b\u0107 \u015bciany bocznej 207 cm Wysoko\u015b\u0107 maksymalna 287 cm Powierzchnia dachu 30 m\u00b2 Wypust dachu \/ Prz\u00f3d 120 cm Wypust dachu \/ Ty\u0142 20 cm Wypust dachu \/ Lewo 25 cm Wypust dachu \/ Prawo [&hellip;]","og_url":"https:\/\/shop.bertsch-holzbau.eu\/holzwalter\/produkt\/h45-4839-dt-df\/","og_site_name":"Holz Walter","article_modified_time":"2025-06-10T10:06:57+00:00","og_image":[{"width":1920,"height":1080,"url":"https:\/\/shop.bertsch-holzbau.eu\/holzwalter\/wp-content\/uploads\/sites\/30\/2022\/08\/H45-4839-DT-DF_ID100_2.webp","type":"image\/webp"}],"twitter_card":"summary_large_image","twitter_misc":{"Szacowany czas czytania":"1 minuta"},"schema":{"@context":"https:\/\/schema.org","@graph":[{"@type":"WebPage","@id":"https:\/\/shop.bertsch-holzbau.eu\/holzwalter\/produkt\/h45-4839-dt-df\/","url":"https:\/\/shop.bertsch-holzbau.eu\/holzwalter\/produkt\/h45-4839-dt-df\/","name":"H45-4839-DT-DF - Holz Walter","isPartOf":{"@id":"https:\/\/shop.bertsch-holzbau.eu\/holzwalter\/#website"},"primaryImageOfPage":{"@id":"https:\/\/shop.bertsch-holzbau.eu\/holzwalter\/produkt\/h45-4839-dt-df\/#primaryimage"},"image":{"@id":"https:\/\/shop.bertsch-holzbau.eu\/holzwalter\/produkt\/h45-4839-dt-df\/#primaryimage"},"thumbnailUrl":"https:\/\/shop.bertsch-holzbau.eu\/holzwalter\/wp-content\/uploads\/sites\/30\/2022\/08\/H45-4839-DT-DF_ID100_2.webp","datePublished":"2022-08-22T12:40:05+00:00","dateModified":"2025-06-10T10:06:57+00:00","breadcrumb":{"@id":"https:\/\/shop.bertsch-holzbau.eu\/holzwalter\/produkt\/h45-4839-dt-df\/#breadcrumb"},"inLanguage":"pl-PL","potentialAction":[{"@type":"ReadAction","target":["https:\/\/shop.bertsch-holzbau.eu\/holzwalter\/produkt\/h45-4839-dt-df\/"]}]},{"@type":"ImageObject","inLanguage":"pl-PL","@id":"https:\/\/shop.bertsch-holzbau.eu\/holzwalter\/produkt\/h45-4839-dt-df\/#primaryimage","url":"https:\/\/shop.bertsch-holzbau.eu\/holzwalter\/wp-content\/uploads\/sites\/30\/2022\/08\/H45-4839-DT-DF_ID100_2.webp","contentUrl":"https:\/\/shop.bertsch-holzbau.eu\/holzwalter\/wp-content\/uploads\/sites\/30\/2022\/08\/H45-4839-DT-DF_ID100_2.webp","width":1920,"height":1080},{"@type":"BreadcrumbList","@id":"https:\/\/shop.bertsch-holzbau.eu\/holzwalter\/produkt\/h45-4839-dt-df\/#breadcrumb","itemListElement":[{"@type":"ListItem","position":1,"name":"Strona g\u0142\u00f3wna","item":"https:\/\/shop.bertsch-holzbau.eu\/holzwalter\/"},{"@type":"ListItem","position":2,"name":"Sklep","item":"https:\/\/shop.bertsch-holzbau.eu\/holzwalter\/sklep\/"},{"@type":"ListItem","position":3,"name":"H45-4839-DT-DF"}]},{"@type":"WebSite","@id":"https:\/\/shop.bertsch-holzbau.eu\/holzwalter\/#website","url":"https:\/\/shop.bertsch-holzbau.eu\/holzwalter\/","name":"Holz Walter","description":"Domy modu\u0142owe, domki z profili, ogrodowe, domy z bali","publisher":{"@id":"https:\/\/shop.bertsch-holzbau.eu\/holzwalter\/#organization"},"potentialAction":[{"@type":"SearchAction","target":{"@type":"EntryPoint","urlTemplate":"https:\/\/shop.bertsch-holzbau.eu\/holzwalter\/?s={search_term_string}"},"query-input":"required name=search_term_string"}],"inLanguage":"pl-PL"},{"@type":"Organization","@id":"https:\/\/shop.bertsch-holzbau.eu\/holzwalter\/#organization","name":"Holz Walter","url":"https:\/\/shop.bertsch-holzbau.eu\/holzwalter\/","logo":{"@type":"ImageObject","inLanguage":"pl-PL","@id":"https:\/\/shop.bertsch-holzbau.eu\/holzwalter\/#\/schema\/logo\/image\/","url":"https:\/\/shop.bertsch-holzbau.eu\/holzwalter\/wp-content\/uploads\/sites\/30\/2022\/07\/logo-pl.png","contentUrl":"https:\/\/shop.bertsch-holzbau.eu\/holzwalter\/wp-content\/uploads\/sites\/30\/2022\/07\/logo-pl.png","width":2000,"height":482,"caption":"Holz Walter"},"image":{"@id":"https:\/\/shop.bertsch-holzbau.eu\/holzwalter\/#\/schema\/logo\/image\/"}}]}},"_links":{"self":[{"href":"https:\/\/shop.bertsch-holzbau.eu\/holzwalter\/wp-json\/wp\/v2\/product\/15531"}],"collection":[{"href":"https:\/\/shop.bertsch-holzbau.eu\/holzwalter\/wp-json\/wp\/v2\/product"}],"about":[{"href":"https:\/\/shop.bertsch-holzbau.eu\/holzwalter\/wp-json\/wp\/v2\/types\/product"}],"wp:featuredmedia":[{"embeddable":true,"href":"https:\/\/shop.bertsch-holzbau.eu\/holzwalter\/wp-json\/wp\/v2\/media\/38476"}],"wp:attachment":[{"href":"https:\/\/shop.bertsch-holzbau.eu\/holzwalter\/wp-json\/wp\/v2\/media?parent=15531"}],"wp:term":[{"taxonomy":"product_cat","embeddable":true,"href":"https:\/\/shop.bertsch-holzbau.eu\/holzwalter\/wp-json\/wp\/v2\/product_cat?post=15531"},{"taxonomy":"product_tag","embeddable":true,"href":"https:\/\/shop.bertsch-holzbau.eu\/holzwalter\/wp-json\/wp\/v2\/product_tag?post=15531"}],"curies":[{"name":"wp","href":"https:\/\/api.w.org\/{rel}","templated":true}]}}