{"id":33086,"date":"2022-08-22T12:18:07","date_gmt":"2022-08-22T10:18:07","guid":{"rendered":"http:\/\/shop.bertsch-holzbau.eu\/holzwidmann\/produkt\/123-kiosk-p\/"},"modified":"2024-09-16T13:07:37","modified_gmt":"2024-09-16T11:07:37","slug":"123-kiosk-p","status":"publish","type":"product","link":"https:\/\/shop.bertsch-holzbau.eu\/holzwidmann\/de\/produkt\/123-kiosk-p\/","title":{"rendered":"123 KIOSK P"},"content":{"rendered":"<table class=\"alt\">\n<tbody>\n<tr>\n<td>Bauart<\/td>\n<td><\/td>\n<\/tr>\n<tr>\n<td>Dachform<\/td>\n<td>Pultdach<\/td>\n<\/tr>\n<tr>\n<td>Wandst\u00e4rke<\/td>\n<td>19 mm<\/td>\n<\/tr>\n<tr>\n<td>Wandau\u00dfenma\u00df (B\/T)<\/td>\n<td>300 x 250 cm<\/td>\n<\/tr>\n<tr>\n<td>Wandh\u00f6he Vorne<\/td>\n<td>245 cm<\/td>\n<\/tr>\n<tr>\n<td>Wandh\u00f6he Hinten<\/td>\n<td>202 cm<\/td>\n<\/tr>\n<tr>\n<td>Umbauter Raum<\/td>\n<td>17 m\u00b3<\/td>\n<\/tr>\n<tr>\n<td>Wandfl\u00e4che<\/td>\n<td>24 m\u00b2<\/td>\n<\/tr>\n<tr>\n<td>Dachfl\u00e4che<\/td>\n<td>11 m\u00b2<\/td>\n<\/tr>\n<tr>\n<td>Dach\u00fcberstand Vorne<\/td>\n<td>30 cm<\/td>\n<\/tr>\n<tr>\n<td>Dach\u00fcberstand Hinten<\/td>\n<td>15 cm<\/td>\n<\/tr>\n<tr>\n<td>Dach\u00fcberstand Links<\/td>\n<td>30 cm<\/td>\n<\/tr>\n<tr>\n<td>Dach\u00fcberstand Rechts<\/td>\n<td>30 cm<\/td>\n<\/tr>\n<tr>\n<td>Dachneigung<\/td>\n<td>10 \u00b0<\/td>\n<\/tr>\n<tr>\n<td>T\u00fcren<\/td>\n<td>ET 79 x 181 cm<\/td>\n<\/tr>\n<tr>\n<td>Optionales Zubeh\u00f6r<\/td>\n<td>\n<ul class=\"accessories\">\n<li>Verkaufsstand, Fundamentrahmen, Stahl, justierbar, feuerverzinkt: STZ-FR01a<\/li>\n<\/ul>\n<ul class=\"accessories\">\n<li>Verkaufsstand, Elektroanschl., Sicherung, 2er Steckdose, Schalter, Leuchtstofflampe, Verkabelung: STZ-E01a<\/li>\n<\/ul>\n<ul class=\"accessories\">\n<li>Verkaufsstand, Verkaufstheke innen, fertig montiert zum Hochklappen: STZ-AB01a<\/li>\n<\/ul>\n<ul class=\"accessories\">\n<li>Aufpreis f\u00fcr Dreifachverriegelung T\u00fcre (nur f\u00fcr Verkaufsstand): STZ-T3<\/li>\n<\/ul>\n<ul class=\"accessories\">\n<li>Verkaufsstand, Dacheindeckung Plane Pultdach mit \u00d6sen u. Haken vormontiert: STZ-DE02-P<\/li>\n<\/ul>\n<ul class=\"accessories\">\n<li>Verkaufsstand, Aufpreis f\u00fcr Version mit T\u00fcr hinten: ET-H<\/li>\n<\/ul>\n<ul class=\"accessories\">\n<li>Verkaufsstand, deckende Farbbehandlung\/ Lasur mit &#8220;Standard&#8221; f\u00fcr Haus au\u00dfen, ohne ET, VK: STZ-FL<\/li>\n<\/ul>\n<ul class=\"accessories\">\n<li>Verkaufsstand, deckende Farbbehandlung\/Lasur mit &#8220;Standard&#8221; f\u00fcr ET, VK beidseitig: STZ-FLTV<\/li>\n<\/ul>\n<\/td>\n<\/tr>\n<tr>\n<td>Objekt ID<\/td>\n<td>53<\/td>\n<\/tr>\n<\/tbody>\n<\/table>\n","protected":false},"excerpt":{"rendered":"<p>Bauart Dachform Pultdach Wandst\u00e4rke 19 mm Wandau\u00dfenma\u00df (B\/T) 300 x 250 cm Wandh\u00f6he Vorne 245 cm Wandh\u00f6he Hinten 202 cm Umbauter Raum 17 m\u00b3 Wandfl\u00e4che 24 m\u00b2 Dachfl\u00e4che 11 m\u00b2 Dach\u00fcberstand Vorne 30 cm Dach\u00fcberstand Hinten 15 cm Dach\u00fcberstand Links 30 cm Dach\u00fcberstand Rechts 30 cm Dachneigung 10 \u00b0 T\u00fcren ET 79 x 181 cm [&hellip;]<\/p>\n","protected":false},"featured_media":38667,"template":"","meta":[],"product_cat":[878,877],"product_tag":[],"yoast_head":"<!-- This site is optimized with the Yoast SEO plugin v22.5 - https:\/\/yoast.com\/wordpress\/plugins\/seo\/ -->\n<title>123 KIOSK P - Holz Widmann<\/title>\n<meta name=\"robots\" content=\"index, follow, max-snippet:-1, max-image-preview:large, max-video-preview:-1\" \/>\n<link rel=\"canonical\" href=\"https:\/\/shop.bertsch-holzbau.eu\/holzwidmann\/de\/produkt\/123-kiosk-p\/\" \/>\n<meta property=\"og:locale\" content=\"de_DE\" \/>\n<meta property=\"og:type\" content=\"article\" \/>\n<meta property=\"og:title\" content=\"123 KIOSK P - Holz Widmann\" \/>\n<meta property=\"og:description\" content=\"Bauart Dachform Pultdach Wandst\u00e4rke 19 mm Wandau\u00dfenma\u00df (B\/T) 300 x 250 cm Wandh\u00f6he Vorne 245 cm Wandh\u00f6he Hinten 202 cm Umbauter Raum 17 m\u00b3 Wandfl\u00e4che 24 m\u00b2 Dachfl\u00e4che 11 m\u00b2 Dach\u00fcberstand Vorne 30 cm Dach\u00fcberstand Hinten 15 cm Dach\u00fcberstand Links 30 cm Dach\u00fcberstand Rechts 30 cm Dachneigung 10 \u00b0 T\u00fcren ET 79 x 181 cm [&hellip;]\" \/>\n<meta property=\"og:url\" content=\"https:\/\/shop.bertsch-holzbau.eu\/holzwidmann\/de\/produkt\/123-kiosk-p\/\" \/>\n<meta property=\"og:site_name\" content=\"Holz Widmann\" \/>\n<meta property=\"article:modified_time\" content=\"2024-09-16T11:07:37+00:00\" \/>\n<meta property=\"og:image\" content=\"https:\/\/shop.bertsch-holzbau.eu\/holzwidmann\/wp-content\/uploads\/sites\/43\/2024\/05\/000053-01-scaled-1.webp\" \/>\n\t<meta property=\"og:image:width\" content=\"2560\" \/>\n\t<meta property=\"og:image:height\" content=\"1917\" \/>\n\t<meta property=\"og:image:type\" content=\"image\/webp\" \/>\n<meta name=\"twitter:card\" content=\"summary_large_image\" \/>\n<meta name=\"twitter:label1\" content=\"Gesch\u00e4tzte Lesezeit\" \/>\n\t<meta name=\"twitter:data1\" content=\"1\u00a0Minute\" \/>\n<script type=\"application\/ld+json\" class=\"yoast-schema-graph\">{\"@context\":\"https:\/\/schema.org\",\"@graph\":[{\"@type\":\"WebPage\",\"@id\":\"https:\/\/shop.bertsch-holzbau.eu\/holzwidmann\/de\/produkt\/123-kiosk-p\/\",\"url\":\"https:\/\/shop.bertsch-holzbau.eu\/holzwidmann\/de\/produkt\/123-kiosk-p\/\",\"name\":\"123 KIOSK P - Holz Widmann\",\"isPartOf\":{\"@id\":\"https:\/\/shop.bertsch-holzbau.eu\/holzwidmann\/de\/#website\"},\"primaryImageOfPage\":{\"@id\":\"https:\/\/shop.bertsch-holzbau.eu\/holzwidmann\/de\/produkt\/123-kiosk-p\/#primaryimage\"},\"image\":{\"@id\":\"https:\/\/shop.bertsch-holzbau.eu\/holzwidmann\/de\/produkt\/123-kiosk-p\/#primaryimage\"},\"thumbnailUrl\":\"https:\/\/shop.bertsch-holzbau.eu\/holzwidmann\/wp-content\/uploads\/sites\/43\/2022\/08\/123-KIOSK-P_ID53_2.webp\",\"datePublished\":\"2022-08-22T10:18:07+00:00\",\"dateModified\":\"2024-09-16T11:07:37+00:00\",\"breadcrumb\":{\"@id\":\"https:\/\/shop.bertsch-holzbau.eu\/holzwidmann\/de\/produkt\/123-kiosk-p\/#breadcrumb\"},\"inLanguage\":\"de\",\"potentialAction\":[{\"@type\":\"ReadAction\",\"target\":[\"https:\/\/shop.bertsch-holzbau.eu\/holzwidmann\/de\/produkt\/123-kiosk-p\/\"]}]},{\"@type\":\"ImageObject\",\"inLanguage\":\"de\",\"@id\":\"https:\/\/shop.bertsch-holzbau.eu\/holzwidmann\/de\/produkt\/123-kiosk-p\/#primaryimage\",\"url\":\"https:\/\/shop.bertsch-holzbau.eu\/holzwidmann\/wp-content\/uploads\/sites\/43\/2022\/08\/123-KIOSK-P_ID53_2.webp\",\"contentUrl\":\"https:\/\/shop.bertsch-holzbau.eu\/holzwidmann\/wp-content\/uploads\/sites\/43\/2022\/08\/123-KIOSK-P_ID53_2.webp\",\"width\":1920,\"height\":1080},{\"@type\":\"BreadcrumbList\",\"@id\":\"https:\/\/shop.bertsch-holzbau.eu\/holzwidmann\/de\/produkt\/123-kiosk-p\/#breadcrumb\",\"itemListElement\":[{\"@type\":\"ListItem\",\"position\":1,\"name\":\"Strona g\u0142\u00f3wna\",\"item\":\"https:\/\/shop.bertsch-holzbau.eu\/holzwidmann\/de\/\"},{\"@type\":\"ListItem\",\"position\":2,\"name\":\"Shop\",\"item\":\"https:\/\/shop.bertsch-holzbau.eu\/holzwidmann\/de\/shop\/\"},{\"@type\":\"ListItem\",\"position\":3,\"name\":\"123 KIOSK P\"}]},{\"@type\":\"WebSite\",\"@id\":\"https:\/\/shop.bertsch-holzbau.eu\/holzwidmann\/de\/#website\",\"url\":\"https:\/\/shop.bertsch-holzbau.eu\/holzwidmann\/de\/\",\"name\":\"Holz Widmann\",\"description\":\"Domy modu\u0142owe, domki z profili, ogrodowe, domy z bali\",\"publisher\":{\"@id\":\"https:\/\/shop.bertsch-holzbau.eu\/holzwidmann\/de\/#organization\"},\"potentialAction\":[{\"@type\":\"SearchAction\",\"target\":{\"@type\":\"EntryPoint\",\"urlTemplate\":\"https:\/\/shop.bertsch-holzbau.eu\/holzwidmann\/de\/?s={search_term_string}\"},\"query-input\":\"required name=search_term_string\"}],\"inLanguage\":\"de\"},{\"@type\":\"Organization\",\"@id\":\"https:\/\/shop.bertsch-holzbau.eu\/holzwidmann\/de\/#organization\",\"name\":\"Holz Widmann\",\"url\":\"https:\/\/shop.bertsch-holzbau.eu\/holzwidmann\/de\/\",\"logo\":{\"@type\":\"ImageObject\",\"inLanguage\":\"de\",\"@id\":\"https:\/\/shop.bertsch-holzbau.eu\/holzwidmann\/de\/#\/schema\/logo\/image\/\",\"url\":\"https:\/\/shop.bertsch-holzbau.eu\/holzwidmann\/wp-content\/uploads\/sites\/43\/2022\/07\/logo-pl.png\",\"contentUrl\":\"https:\/\/shop.bertsch-holzbau.eu\/holzwidmann\/wp-content\/uploads\/sites\/43\/2022\/07\/logo-pl.png\",\"width\":2000,\"height\":482,\"caption\":\"Holz Widmann\"},\"image\":{\"@id\":\"https:\/\/shop.bertsch-holzbau.eu\/holzwidmann\/de\/#\/schema\/logo\/image\/\"}}]}<\/script>\n<!-- \/ Yoast SEO plugin. -->","yoast_head_json":{"title":"123 KIOSK P - Holz Widmann","robots":{"index":"index","follow":"follow","max-snippet":"max-snippet:-1","max-image-preview":"max-image-preview:large","max-video-preview":"max-video-preview:-1"},"canonical":"https:\/\/shop.bertsch-holzbau.eu\/holzwidmann\/de\/produkt\/123-kiosk-p\/","og_locale":"de_DE","og_type":"article","og_title":"123 KIOSK P - Holz Widmann","og_description":"Bauart Dachform Pultdach Wandst\u00e4rke 19 mm Wandau\u00dfenma\u00df (B\/T) 300 x 250 cm Wandh\u00f6he Vorne 245 cm Wandh\u00f6he Hinten 202 cm Umbauter Raum 17 m\u00b3 Wandfl\u00e4che 24 m\u00b2 Dachfl\u00e4che 11 m\u00b2 Dach\u00fcberstand Vorne 30 cm Dach\u00fcberstand Hinten 15 cm Dach\u00fcberstand Links 30 cm Dach\u00fcberstand Rechts 30 cm Dachneigung 10 \u00b0 T\u00fcren ET 79 x 181 cm [&hellip;]","og_url":"https:\/\/shop.bertsch-holzbau.eu\/holzwidmann\/de\/produkt\/123-kiosk-p\/","og_site_name":"Holz Widmann","article_modified_time":"2024-09-16T11:07:37+00:00","og_image":[{"width":2560,"height":1917,"url":"https:\/\/shop.bertsch-holzbau.eu\/holzwidmann\/wp-content\/uploads\/sites\/43\/2024\/05\/000053-01-scaled-1.webp","type":"image\/webp"}],"twitter_card":"summary_large_image","twitter_misc":{"Gesch\u00e4tzte Lesezeit":"1\u00a0Minute"},"schema":{"@context":"https:\/\/schema.org","@graph":[{"@type":"WebPage","@id":"https:\/\/shop.bertsch-holzbau.eu\/holzwidmann\/de\/produkt\/123-kiosk-p\/","url":"https:\/\/shop.bertsch-holzbau.eu\/holzwidmann\/de\/produkt\/123-kiosk-p\/","name":"123 KIOSK P - Holz Widmann","isPartOf":{"@id":"https:\/\/shop.bertsch-holzbau.eu\/holzwidmann\/de\/#website"},"primaryImageOfPage":{"@id":"https:\/\/shop.bertsch-holzbau.eu\/holzwidmann\/de\/produkt\/123-kiosk-p\/#primaryimage"},"image":{"@id":"https:\/\/shop.bertsch-holzbau.eu\/holzwidmann\/de\/produkt\/123-kiosk-p\/#primaryimage"},"thumbnailUrl":"https:\/\/shop.bertsch-holzbau.eu\/holzwidmann\/wp-content\/uploads\/sites\/43\/2022\/08\/123-KIOSK-P_ID53_2.webp","datePublished":"2022-08-22T10:18:07+00:00","dateModified":"2024-09-16T11:07:37+00:00","breadcrumb":{"@id":"https:\/\/shop.bertsch-holzbau.eu\/holzwidmann\/de\/produkt\/123-kiosk-p\/#breadcrumb"},"inLanguage":"de","potentialAction":[{"@type":"ReadAction","target":["https:\/\/shop.bertsch-holzbau.eu\/holzwidmann\/de\/produkt\/123-kiosk-p\/"]}]},{"@type":"ImageObject","inLanguage":"de","@id":"https:\/\/shop.bertsch-holzbau.eu\/holzwidmann\/de\/produkt\/123-kiosk-p\/#primaryimage","url":"https:\/\/shop.bertsch-holzbau.eu\/holzwidmann\/wp-content\/uploads\/sites\/43\/2022\/08\/123-KIOSK-P_ID53_2.webp","contentUrl":"https:\/\/shop.bertsch-holzbau.eu\/holzwidmann\/wp-content\/uploads\/sites\/43\/2022\/08\/123-KIOSK-P_ID53_2.webp","width":1920,"height":1080},{"@type":"BreadcrumbList","@id":"https:\/\/shop.bertsch-holzbau.eu\/holzwidmann\/de\/produkt\/123-kiosk-p\/#breadcrumb","itemListElement":[{"@type":"ListItem","position":1,"name":"Strona g\u0142\u00f3wna","item":"https:\/\/shop.bertsch-holzbau.eu\/holzwidmann\/de\/"},{"@type":"ListItem","position":2,"name":"Shop","item":"https:\/\/shop.bertsch-holzbau.eu\/holzwidmann\/de\/shop\/"},{"@type":"ListItem","position":3,"name":"123 KIOSK P"}]},{"@type":"WebSite","@id":"https:\/\/shop.bertsch-holzbau.eu\/holzwidmann\/de\/#website","url":"https:\/\/shop.bertsch-holzbau.eu\/holzwidmann\/de\/","name":"Holz Widmann","description":"Domy modu\u0142owe, domki z profili, ogrodowe, domy z bali","publisher":{"@id":"https:\/\/shop.bertsch-holzbau.eu\/holzwidmann\/de\/#organization"},"potentialAction":[{"@type":"SearchAction","target":{"@type":"EntryPoint","urlTemplate":"https:\/\/shop.bertsch-holzbau.eu\/holzwidmann\/de\/?s={search_term_string}"},"query-input":"required name=search_term_string"}],"inLanguage":"de"},{"@type":"Organization","@id":"https:\/\/shop.bertsch-holzbau.eu\/holzwidmann\/de\/#organization","name":"Holz Widmann","url":"https:\/\/shop.bertsch-holzbau.eu\/holzwidmann\/de\/","logo":{"@type":"ImageObject","inLanguage":"de","@id":"https:\/\/shop.bertsch-holzbau.eu\/holzwidmann\/de\/#\/schema\/logo\/image\/","url":"https:\/\/shop.bertsch-holzbau.eu\/holzwidmann\/wp-content\/uploads\/sites\/43\/2022\/07\/logo-pl.png","contentUrl":"https:\/\/shop.bertsch-holzbau.eu\/holzwidmann\/wp-content\/uploads\/sites\/43\/2022\/07\/logo-pl.png","width":2000,"height":482,"caption":"Holz Widmann"},"image":{"@id":"https:\/\/shop.bertsch-holzbau.eu\/holzwidmann\/de\/#\/schema\/logo\/image\/"}}]}},"_links":{"self":[{"href":"https:\/\/shop.bertsch-holzbau.eu\/holzwidmann\/de\/wp-json\/wp\/v2\/product\/33086"}],"collection":[{"href":"https:\/\/shop.bertsch-holzbau.eu\/holzwidmann\/de\/wp-json\/wp\/v2\/product"}],"about":[{"href":"https:\/\/shop.bertsch-holzbau.eu\/holzwidmann\/de\/wp-json\/wp\/v2\/types\/product"}],"wp:featuredmedia":[{"embeddable":true,"href":"https:\/\/shop.bertsch-holzbau.eu\/holzwidmann\/de\/wp-json\/wp\/v2\/media\/38667"}],"wp:attachment":[{"href":"https:\/\/shop.bertsch-holzbau.eu\/holzwidmann\/de\/wp-json\/wp\/v2\/media?parent=33086"}],"wp:term":[{"taxonomy":"product_cat","embeddable":true,"href":"https:\/\/shop.bertsch-holzbau.eu\/holzwidmann\/de\/wp-json\/wp\/v2\/product_cat?post=33086"},{"taxonomy":"product_tag","embeddable":true,"href":"https:\/\/shop.bertsch-holzbau.eu\/holzwidmann\/de\/wp-json\/wp\/v2\/product_tag?post=33086"}],"curies":[{"name":"wp","href":"https:\/\/api.w.org\/{rel}","templated":true}]}}